{"id":97,"date":"2024-07-27T18:49:01","date_gmt":"2024-07-27T18:49:01","guid":{"rendered":"https:\/\/concisa.net.ve\/2024\/?page_id=97"},"modified":"2024-10-10T02:33:53","modified_gmt":"2024-10-10T02:33:53","slug":"teg-fechas-importantes","status":"publish","type":"page","link":"https:\/\/concisa.net.ve\/2024\/teg-fechas-importantes\/","title":{"rendered":"TEG 2024 &#8211; Fechas Importantes"},"content":{"rendered":"<p><span style=\"display: block; font-size: 20px; padding: 10px; margin-left: 0; -webkit-border-radius: 4px; border-radius: 4px; color: white; text-shadow: 2px 2px black; background-image: linear-gradient(135deg, #f15029, #f15029, #f15029, #c33a11, #000000, #0d5995, #1574c4, #1574c4, #1574c4);\">Fechas Importantes<\/span><\/p>\n<table style=\"margin: 0px auto; width: 100%;\" border=\"0\">\n<body><\/p>\n<tr><\/tr>\n<tr>\n<td style=\"text-align: left;\">Fecha del evento<\/td>\n<td style=\"text-align: right;\">18 al 20 de noviembre de 2024<\/td>\n<\/tr>\n<tr>\n<td style=\"text-align: left;\"><del><span style=\"color: #ff0000\">Fecha l\u00edmite para env\u00edo de TEGs<\/span><\/del><\/td>\n<td style=\"text-align: right;\">04 de octubre de 2024<\/td>\n<\/tr>\n<tr>\n<td style=\"text-align: left;\">Fecha extendida para env\u00edo de TEGs<\/td>\n<td style=\"text-align: right;\">18 de octubre de 2024<\/td>\n<\/tr>\n<tr>\n<td style=\"text-align: left;\">Notificaci\u00f3n de decisi\u00f3n<\/td>\n<td style=\"text-align: right;\">01 de noviembre de 2024<\/td>\n<\/tr>\n<td style=\"text-align: left;\">Premiaci\u00f3n<\/td>\n<td style=\"text-align: right;\">A definir<\/td>\n<\/tr>\n<\/tbody>\n<\/table>\n","protected":false},"excerpt":{"rendered":"<p>Fechas Importantes Fecha del evento 18 al 20 de noviembre de 2024 Fecha l\u00edmite para env\u00edo de TEGs 04 de octubre de 2024 Fecha extendida para env\u00edo de TEGs 18 de octubre de 2024&#46;&#46;&#46;<\/p>\n","protected":false},"author":1,"featured_media":0,"parent":0,"menu_order":0,"comment_status":"closed","ping_status":"closed","template":"","meta":{"footnotes":""},"class_list":["post-97","page","type-page","status-publish","hentry"],"_links":{"self":[{"href":"https:\/\/concisa.net.ve\/2024\/wp-json\/wp\/v2\/pages\/97","targetHints":{"allow":["GET"]}}],"collection":[{"href":"https:\/\/concisa.net.ve\/2024\/wp-json\/wp\/v2\/pages"}],"about":[{"href":"https:\/\/concisa.net.ve\/2024\/wp-json\/wp\/v2\/types\/page"}],"author":[{"embeddable":true,"href":"https:\/\/concisa.net.ve\/2024\/wp-json\/wp\/v2\/users\/1"}],"replies":[{"embeddable":true,"href":"https:\/\/concisa.net.ve\/2024\/wp-json\/wp\/v2\/comments?post=97"}],"version-history":[{"count":1,"href":"https:\/\/concisa.net.ve\/2024\/wp-json\/wp\/v2\/pages\/97\/revisions"}],"predecessor-version":[{"id":98,"href":"https:\/\/concisa.net.ve\/2024\/wp-json\/wp\/v2\/pages\/97\/revisions\/98"}],"wp:attachment":[{"href":"https:\/\/concisa.net.ve\/2024\/wp-json\/wp\/v2\/media?parent=97"}],"curies":[{"name":"wp","href":"https:\/\/api.w.org\/{rel}","templated":true}]}}