{"id":88,"date":"2024-07-27T18:10:38","date_gmt":"2024-07-27T18:10:38","guid":{"rendered":"https:\/\/concisa.net.ve\/2024\/?page_id=88"},"modified":"2024-07-27T18:21:17","modified_gmt":"2024-07-27T18:21:17","slug":"teg-informacion","status":"publish","type":"page","link":"https:\/\/concisa.net.ve\/2024\/teg-informacion\/","title":{"rendered":"TEG 2024 &#8211; Informaci\u00f3n"},"content":{"rendered":"<p><span style=\"display: block; font-size: 20px; padding: 10px; margin-left: 0; -webkit-border-radius: 4px; border-radius: 4px; color: white; text-shadow: 2px 2px black; background-image: linear-gradient(135deg, #f15029, #f15029, #f15029, #c33a11, #000000, #0d5995, #1574c4, #1574c4, #1574c4);\">Informaci\u00f3n<\/span><\/p>\n<p>El VIII Concurso Nacional de Trabajos Especiales de Grado de la <a href=\"https:\/\/www.svc.net.ve\" target=\"_blank\" rel=\"noopener noreferrer\">SVC<\/a> (TEG pregrado) es un evento que se realizar\u00e1 en el marco de <a href=\"https:\/\/concisa.net.ve\/2024\" rel=\"noopener noreferrer\">EVI-CoNCISa 2024<\/a>. El objetivo del concurso es promover y transmitir el trabajo final de grado de estudiantes que hayan terminado recientemente sus carreras en Computaci\u00f3n, Inform\u00e1tica y Sistemas.<\/p>\n<p>Podr\u00e1n participar estudiantes que hayan defendido un TEG en el per\u00edodo comprendido entre el 01\/08\/2022 y el 31\/07\/2024 en los programas de las carreras mencionadas. Los trabajos enviados pueden ser individuales o grupales. Se aceptar\u00e1 la postulaci\u00f3n de uno o m\u00e1s TEG por instituci\u00f3n y por per\u00edodo anual (2022-2023, 2023-2024). Las contribuciones ser\u00e1n revisadas por un Comit\u00e9 Evaluador, quien elegir\u00e1 los tres mejores trabajos entre todos los postulados.<\/p>\n<p>Los trabajos premiados ser\u00e1n presentados oralmente en una sesi\u00f3n especial que tendr\u00e1 lugar en el marco de EVI-CoNCISa 2024, que se realizar\u00e1 en la <a href=\"http:\/\/www.ciens.ucv.ve\" target=\"_blank\" rel=\"noopener noreferrer\">Facultad de Ciencias<\/a>, <a href=\"http:\/\/www.ucv.ve\" target=\"_blank\" rel=\"noopener noreferrer\">Universidad Central de Venezuela<\/a>, Ciudad Universitaria de Caracas, del 18 al 20 de noviembre de 2024. Adicionalmente, se publicar\u00e1 un resumen de una p\u00e1gina de los TEGs premiados en las memorias de CoNCISa 2024.<br \/>\n<\/br><\/p>\n<p><span style=\"display: block; font-size: 20px; padding: 10px; margin-left: 0; -webkit-border-radius: 4px; border-radius: 4px; color: white; text-shadow: 2px 2px black; background-image: linear-gradient(135deg, #f15029, #f15029, #f15029, #c33a11, #000000, #0d5995, #1574c4, #1574c4, #1574c4);\">Premio<\/span><\/p>\n<p>Certificado digital de reconocimiento para los autores y los tutores. Adicionalmente, para los autores, membres\u00eda gratuita a la <a href=\"https:\/\/www.svc.net.ve\" target=\"_blank\" rel=\"noopener noreferrer\">SVC<\/a> para los a\u00f1os 2024 y 2025, inscripci\u00f3n en dos tutoriales de EVI 2024, e inscripci\u00f3n como asistente a CoNCISa 2024.<\/p>\n","protected":false},"excerpt":{"rendered":"<p>Informaci\u00f3n El VIII Concurso Nacional de Trabajos Especiales de Grado de la SVC (TEG pregrado) es un evento que se realizar\u00e1 en el marco de EVI-CoNCISa 2024. El objetivo del concurso es promover y&#46;&#46;&#46;<\/p>\n","protected":false},"author":1,"featured_media":0,"parent":0,"menu_order":0,"comment_status":"closed","ping_status":"closed","template":"","meta":{"footnotes":""},"class_list":["post-88","page","type-page","status-publish","hentry"],"_links":{"self":[{"href":"https:\/\/concisa.net.ve\/2024\/wp-json\/wp\/v2\/pages\/88","targetHints":{"allow":["GET"]}}],"collection":[{"href":"https:\/\/concisa.net.ve\/2024\/wp-json\/wp\/v2\/pages"}],"about":[{"href":"https:\/\/concisa.net.ve\/2024\/wp-json\/wp\/v2\/types\/page"}],"author":[{"embeddable":true,"href":"https:\/\/concisa.net.ve\/2024\/wp-json\/wp\/v2\/users\/1"}],"replies":[{"embeddable":true,"href":"https:\/\/concisa.net.ve\/2024\/wp-json\/wp\/v2\/comments?post=88"}],"version-history":[{"count":1,"href":"https:\/\/concisa.net.ve\/2024\/wp-json\/wp\/v2\/pages\/88\/revisions"}],"predecessor-version":[{"id":89,"href":"https:\/\/concisa.net.ve\/2024\/wp-json\/wp\/v2\/pages\/88\/revisions\/89"}],"wp:attachment":[{"href":"https:\/\/concisa.net.ve\/2024\/wp-json\/wp\/v2\/media?parent=88"}],"curies":[{"name":"wp","href":"https:\/\/api.w.org\/{rel}","templated":true}]}}