{"id":58,"date":"2024-05-17T23:10:55","date_gmt":"2024-05-17T23:10:55","guid":{"rendered":"https:\/\/concisa.net.ve\/2024\/?page_id=58"},"modified":"2024-09-06T20:12:57","modified_gmt":"2024-09-06T20:12:57","slug":"evi-fechas-importantes","status":"publish","type":"page","link":"https:\/\/concisa.net.ve\/2024\/evi-fechas-importantes\/","title":{"rendered":"EVI 2024 &#8211; Fechas Importantes"},"content":{"rendered":"<p><span style=\"display: block; font-size: 20px; padding: 7px; margin-left: 0pt; -webkit-border-radius: 4px; border-radius: 4px; color: white; text-shadow: 3px 3px black; background-image: linear-gradient(135deg, #094357, #094357, #094357, #094357, #094357, #094357, #094357, #094357, #1373c3, #94dcf4, #1373c3, #042744);\">Fechas Importantes<\/span><\/p>\n<table style=\"margin: 0px auto; width: 100%;\" border=\"0\">\n<body><\/p>\n<tr><\/tr>\n<tr>\n<td style=\"text-align: left;\">Fecha del evento (EVI)<\/td>\n<td style=\"text-align: right;\">18 al 20 de noviembre de 2024<\/td>\n<\/tr>\n<tr>\n<td style=\"text-align: left;\"><del><span style=\"color: #ff0000\">Fecha l\u00edmite para env\u00edo de propuestas de tutoriales<\/span><\/del><\/td>\n<td style=\"text-align: right;\"><del><span style=\"color: #ff0000\">14 de agosto de 2024<\/span><\/del><\/td>\n<\/tr>\n<tr>\n<td style=\"text-align: left;\">Fecha extendida para env\u00edo de propuestas de tutoriales (fecha firme)<\/td>\n<td style=\"text-align: right;\">19 de septiembre de 2024<\/td>\n<\/tr>\n<tr>\n<td style=\"text-align: left;\">Fecha de notificaci\u00f3n de decisi\u00f3n<\/td>\n<td style=\"text-align: right;\">14 de octubre de 2024<\/td>\n<\/tr>\n<\/tbody>\n<\/table>\n","protected":false},"excerpt":{"rendered":"<p>Fechas Importantes Fecha del evento (EVI) 18 al 20 de noviembre de 2024 Fecha l\u00edmite para env\u00edo de propuestas de tutoriales 14 de agosto de 2024 Fecha extendida para env\u00edo de propuestas de tutoriales&#46;&#46;&#46;<\/p>\n","protected":false},"author":1,"featured_media":0,"parent":0,"menu_order":0,"comment_status":"closed","ping_status":"closed","template":"","meta":{"footnotes":""},"class_list":["post-58","page","type-page","status-publish","hentry"],"_links":{"self":[{"href":"https:\/\/concisa.net.ve\/2024\/wp-json\/wp\/v2\/pages\/58","targetHints":{"allow":["GET"]}}],"collection":[{"href":"https:\/\/concisa.net.ve\/2024\/wp-json\/wp\/v2\/pages"}],"about":[{"href":"https:\/\/concisa.net.ve\/2024\/wp-json\/wp\/v2\/types\/page"}],"author":[{"embeddable":true,"href":"https:\/\/concisa.net.ve\/2024\/wp-json\/wp\/v2\/users\/1"}],"replies":[{"embeddable":true,"href":"https:\/\/concisa.net.ve\/2024\/wp-json\/wp\/v2\/comments?post=58"}],"version-history":[{"count":1,"href":"https:\/\/concisa.net.ve\/2024\/wp-json\/wp\/v2\/pages\/58\/revisions"}],"predecessor-version":[{"id":61,"href":"https:\/\/concisa.net.ve\/2024\/wp-json\/wp\/v2\/pages\/58\/revisions\/61"}],"wp:attachment":[{"href":"https:\/\/concisa.net.ve\/2024\/wp-json\/wp\/v2\/media?parent=58"}],"curies":[{"name":"wp","href":"https:\/\/api.w.org\/{rel}","templated":true}]}}