{"id":56,"date":"2024-05-17T23:03:30","date_gmt":"2024-05-17T23:03:30","guid":{"rendered":"https:\/\/concisa.net.ve\/2024\/?page_id=56"},"modified":"2024-09-06T20:11:12","modified_gmt":"2024-09-06T20:11:12","slug":"evi-propuesta-tutoriales","status":"publish","type":"page","link":"https:\/\/concisa.net.ve\/2024\/evi-propuesta-tutoriales\/","title":{"rendered":"EVI 2024 &#8211; Propuesta de Tutoriales"},"content":{"rendered":"<p><span style=\"display: block; font-size: 20px; padding: 10px; margin-left: 0; -webkit-border-radius: 4px; border-radius: 4px; color: white; text-shadow: 2px 2px black; background-image: linear-gradient(135deg, #f15029, #f15029, #f15029, #c33a11, #000000, #0d5995, #1574c4, #1574c4, #1574c4);\">Llamado a Talleres y Tutoriales<\/span><\/p>\n<p>Se invita a expertos de reconocida trayectoria, a proponer talleres y tutoriales, de medio d\u00eda (4 horas) o d\u00eda completo (8 horas), que presenten resultados de investigaci\u00f3n, el estado del arte de un tema determinado o la introducci\u00f3n a un tema de inter\u00e9s industrial o acad\u00e9mico. La propuesta de tutorial debe ser enviada en un PDF que incluya:<\/p>\n<ul>\n<li style=\"margin-top: -10px;\">T\u00edtulo del tutorial<\/li>\n<li>Contenido<\/li>\n<li>Duraci\u00f3n (4 horas o 8 horas)<\/li>\n<li>P\u00fablico objetivo<\/li>\n<li>Equipos requeridos<\/li>\n<li>Breve resumen curricular de los presentadores.<\/li>\n<\/ul>\n<p>Puede utilizar la siguiente <a href=\"https:\/\/www.concisa.net.ve\/2022\/wp-content\/uploads\/sites\/9\/2022\/09\/plantilla-tutorial-EVI2022-v1.1.doc\" target=\"_blank\" rel=\"noopener noreferrer\">plantilla<\/a> para elaborar su propuesta.<br \/>\n&nbsp;<\/p>\n<p><span style=\"display: block; font-size: 20px; padding: 10px; margin-left: 0; -webkit-border-radius: 4px; border-radius: 4px; color: white; text-shadow: 2px 2px black; background-image: linear-gradient(135deg, #f15029, #f15029, #f15029, #c33a11, #000000, #0d5995, #1574c4, #1574c4, #1574c4);\">Env\u00edo de Propuestas de Talleres y Tutoriales<\/span><\/p>\n<p>Las propuestas deben ser enviadas en PDF a trav\u00e9s de <a href=\"https:\/\/cmt3.research.microsoft.com\/CoNCISa2024\" target=\"_blank\" rel=\"noopener noreferrer\">Microsoft CMT<\/a> (Conference Management Toolkit). Si usted a\u00fan no tiene cuenta en Microsoft CMT, puede crear una haciendo clic <a href=\"https:\/\/cmt3.research.microsoft.com\/User\/Register\" target=\"_blank\" rel=\"noopener noreferrer\">aqu\u00ed<\/a>.<br \/>\n&nbsp;<\/p>\n<p><!-- Commented by Eric\n<span style=\"display: block; font-size: 20px; padding: 10px; margin-left: 0; -webkit-border-radius: 4px; border-radius: 4px; color: white; text-shadow: 2px 2px black; background-image: linear-gradient(135deg, #f15029, #f15029, #f15029, #c33a11, #000000, #0d5995, #1574c4, #1574c4, #1574c4);\">Llamado a Tutoriales (Versi\u00f3n PDF)<\/span>\nEl llamado a tutoriales vence el mi\u00e9rcoles 14 de agosto de 2024. Pueden descargar la versi\u00f3n PDF del llamado a tutoriales en el siguiente <a href=\"https:\/\/concisa.net.ve\/2024\/wp-content\/uploads\/sites\/9\/2024\/10\/EVI-CoNCISa-2022-CFP-v2.1.pdf\" target=\"_blank\" rel=\"noopener noreferrer\">enlace<\/a>.\n    Commented by Eric --><\/p>\n<p><span style=\"display: block; font-size: 20px; padding: 10px; margin-left: 0; -webkit-border-radius: 4px; border-radius: 4px; color: white; text-shadow: 2px 2px black; background-image: linear-gradient(135deg, #f15029, #f15029, #f15029, #c33a11, #000000, #0d5995, #1574c4, #1574c4, #1574c4);\">Tercer Llamado a Tutoriales (Versi\u00f3n PDF)<\/span><br \/>\nEl llamado a tutoriales vence el jueves 19 de septiembre de 2024 (fecha firme). Pueden descargar la versi\u00f3n PDF del tercer llamado a tutoriales en el siguiente <a href=\"http:\/\/concisa.net.ve\/2024\/wp-content\/uploads\/sites\/10\/2024\/09\/EVI-CoNCISa-2024-tercer-CFP-v0.1-1.pdf\" target=\"_blank\" rel=\"noopener noreferrer\">enlace<\/a>.<\/p>\n","protected":false},"excerpt":{"rendered":"<p>Llamado a Talleres y Tutoriales Se invita a expertos de reconocida trayectoria, a proponer talleres y tutoriales, de medio d\u00eda (4 horas) o d\u00eda completo (8 horas), que presenten resultados de investigaci\u00f3n, el estado&#46;&#46;&#46;<\/p>\n","protected":false},"author":1,"featured_media":0,"parent":0,"menu_order":0,"comment_status":"closed","ping_status":"closed","template":"","meta":{"footnotes":""},"class_list":["post-56","page","type-page","status-publish","hentry"],"_links":{"self":[{"href":"https:\/\/concisa.net.ve\/2024\/wp-json\/wp\/v2\/pages\/56","targetHints":{"allow":["GET"]}}],"collection":[{"href":"https:\/\/concisa.net.ve\/2024\/wp-json\/wp\/v2\/pages"}],"about":[{"href":"https:\/\/concisa.net.ve\/2024\/wp-json\/wp\/v2\/types\/page"}],"author":[{"embeddable":true,"href":"https:\/\/concisa.net.ve\/2024\/wp-json\/wp\/v2\/users\/1"}],"replies":[{"embeddable":true,"href":"https:\/\/concisa.net.ve\/2024\/wp-json\/wp\/v2\/comments?post=56"}],"version-history":[{"count":1,"href":"https:\/\/concisa.net.ve\/2024\/wp-json\/wp\/v2\/pages\/56\/revisions"}],"predecessor-version":[{"id":57,"href":"https:\/\/concisa.net.ve\/2024\/wp-json\/wp\/v2\/pages\/56\/revisions\/57"}],"wp:attachment":[{"href":"https:\/\/concisa.net.ve\/2024\/wp-json\/wp\/v2\/media?parent=56"}],"curies":[{"name":"wp","href":"https:\/\/api.w.org\/{rel}","templated":true}]}}