{"id":41,"date":"2024-04-17T18:42:31","date_gmt":"2024-04-17T18:42:31","guid":{"rendered":"https:\/\/concisa.net.ve\/2024\/?page_id=41"},"modified":"2024-04-18T01:05:24","modified_gmt":"2024-04-18T01:05:24","slug":"concisa-comite-organizador","status":"publish","type":"page","link":"https:\/\/concisa.net.ve\/2024\/concisa-comite-organizador\/","title":{"rendered":"CoNCISa 2024 &#8211; Comit\u00e9 Organizador"},"content":{"rendered":"<p><span style=\"display: block; font-size: 20px; padding: 10px; margin-left: 0; -webkit-border-radius: 4px; border-radius: 4px; color: white; text-shadow: 2px 2px black; background-image: linear-gradient(135deg, #f15029, #f15029, #f15029, #c33a11, #000000, #0d5995, #1574c4, #1574c4, #1574c4);\">Comit\u00e9 Organizador<\/span><br \/>\n&nbsp;<\/p>\n<h5>Comit\u00e9 Principal<\/h5>\n<p>Yosly Hern\u00e1ndez (Universidad Central de Venezuela \u2013 Venezuela)<br \/>\nJes\u00fas P\u00e9rez (Universidad de Los Andes \u2013 Venezuela)<br \/>\nAndr\u00e9s Sanoja (Universidad Central de Venezuela \u2013 Venezuela)<br \/>\n&nbsp;<\/p>\n<h5>Comit\u00e9 de Finanzas<\/h5>\n<p>Rosseline Rodr\u00edguez (Universidad Sim\u00f3n Bol\u00edvar \u2013 Venezuela)<br \/>\nLeonid Tineo (Universidad Sim\u00f3n Bol\u00edvar \u2013 Venezuela)<br \/>\n&nbsp;<\/p>\n<h5>Comit\u00e9 de Publicidad y Log\u00edstica<\/h5>\n<p>Jaime Parada (Universidad Central de Venezuela \u2013 Venezuela)<br \/>\nPaul Quijada (Universidad Central de Venezuela \u2013 Venezuela)<br \/>\n&nbsp;<\/p>\n<h5>Comit\u00e9 Cultural y Tur\u00edstico<\/h5>\n<p>Keyla Rivas (Universidad Central de Venezuela \u2013 Venezuela)<br \/>\n&nbsp;<\/p>\n<h5>Comit\u00e9 de Inscripciones<\/h5>\n<p>Franklin Sandoval (Universidad Central de Venezuela \u2013 Venezuela)<br \/>\nConcettina Di Vasta (Universidad Central de Venezuela \u2013 Venezuela)<br \/>\n&nbsp;<\/p>\n<h5>Comit\u00e9 de Publicaciones<\/h5>\n<p>Eric Gamess (Jacksonville State University \u2013 USA)<br \/>\nJes\u00fas P\u00e9rez (Universidad de Los Andes \u2013 Venezuela)<\/p>\n","protected":false},"excerpt":{"rendered":"<p>Comit\u00e9 Organizador &nbsp; Comit\u00e9 Principal Yosly Hern\u00e1ndez (Universidad Central de Venezuela \u2013 Venezuela) Jes\u00fas P\u00e9rez (Universidad de Los Andes \u2013 Venezuela) Andr\u00e9s Sanoja (Universidad Central de Venezuela \u2013 Venezuela) &nbsp; Comit\u00e9 de Finanzas Rosseline&#46;&#46;&#46;<\/p>\n","protected":false},"author":1,"featured_media":0,"parent":0,"menu_order":0,"comment_status":"closed","ping_status":"closed","template":"","meta":{"footnotes":""},"class_list":["post-41","page","type-page","status-publish","hentry"],"_links":{"self":[{"href":"https:\/\/concisa.net.ve\/2024\/wp-json\/wp\/v2\/pages\/41","targetHints":{"allow":["GET"]}}],"collection":[{"href":"https:\/\/concisa.net.ve\/2024\/wp-json\/wp\/v2\/pages"}],"about":[{"href":"https:\/\/concisa.net.ve\/2024\/wp-json\/wp\/v2\/types\/page"}],"author":[{"embeddable":true,"href":"https:\/\/concisa.net.ve\/2024\/wp-json\/wp\/v2\/users\/1"}],"replies":[{"embeddable":true,"href":"https:\/\/concisa.net.ve\/2024\/wp-json\/wp\/v2\/comments?post=41"}],"version-history":[{"count":1,"href":"https:\/\/concisa.net.ve\/2024\/wp-json\/wp\/v2\/pages\/41\/revisions"}],"predecessor-version":[{"id":42,"href":"https:\/\/concisa.net.ve\/2024\/wp-json\/wp\/v2\/pages\/41\/revisions\/42"}],"wp:attachment":[{"href":"https:\/\/concisa.net.ve\/2024\/wp-json\/wp\/v2\/media?parent=41"}],"curies":[{"name":"wp","href":"https:\/\/api.w.org\/{rel}","templated":true}]}}