{"id":38,"date":"2024-04-17T17:26:02","date_gmt":"2024-04-17T17:26:02","guid":{"rendered":"https:\/\/concisa.net.ve\/2024\/?page_id=38"},"modified":"2024-11-01T20:46:05","modified_gmt":"2024-11-01T20:46:05","slug":"concisa-comite-programa","status":"publish","type":"page","link":"https:\/\/concisa.net.ve\/2024\/concisa-comite-programa\/","title":{"rendered":"CoNCISa 2024 &#8211; Comit\u00e9 de Programa"},"content":{"rendered":"<p><span style=\"display: block; font-size: 20px; padding: 10px; margin-left: 0; -webkit-border-radius: 4px; border-radius: 4px; color: white; text-shadow: 2px 2px black; background-image: linear-gradient(135deg, #f15029, #f15029, #f15029, #c33a11, #000000, #0d5995, #1574c4, #1574c4, #1574c4);\">Comit\u00e9 de Programa<\/span><br \/>\n&nbsp;<\/p>\n<h5>Presidentes del Comit\u00e9 de Programa<\/h5>\n<table style=\"margin: 0px auto; width: 100%;\" border=\"0\">\n<body><\/p>\n<tr><\/tr>\n<tr>\n<td style=\"text-align: left;\">Yosly Hern\u00e1ndez<\/td>\n<td style=\"text-align: right;\">Universidad Central de Venezuela \u2013 Venezuela<\/td>\n<\/tr>\n<tr>\n<td style=\"text-align: left;\">Jes\u00fas P\u00e9rez<\/td>\n<td style=\"text-align: right;\">Universidad de Los Andes \u2013 Venezuela<\/span><\/td>\n<\/tr>\n<\/tbody>\n<\/table>\n<p>&nbsp;<\/p>\n<h5>Miembros del Comit\u00e9 de Programa<\/h5>\n<table style=\"margin: 0px auto; width: 100%;\" border=\"0\">\n<body><\/p>\n<tr>\n<td style=\"text-align: left;\">Junior Altamiranda<\/td>\n<td style=\"text-align: right;\">Universidad de Los Andes \u2013 Venezuela<\/td>\n<\/tr>\n<tr>\n<td style=\"text-align: left;\">Alejandro Amaro<\/td>\n<td style=\"text-align: right;\">Universidad Nacional Experimental de la Gran Caracas \u2013 Venezuela<\/td>\n<\/tr>\n<tr>\n<td style=\"text-align: left;\">Yudith Cardinale<\/td>\n<td style=\"text-align: right;\">Universidad Sim\u00f3n Bol\u00edvar \u2013 Venezuela<\/td>\n<\/tr>\n<tr>\n<td style=\"text-align: left;\">C\u00e9sar Collazos<\/td>\n<td style=\"text-align: right;\">Universidad del Cauca \u2013 Colombia<\/td>\n<\/tr>\n<tr>\n<td style=\"text-align: left;\">Eric Gamess<\/td>\n<td style=\"text-align: right;\">Jacksonville State University \u2013 USA<\/td>\n<\/tr>\n<tr>\n<td style=\"text-align: left;\">Luis Hern\u00e1ndez<\/td>\n<td style=\"text-align: right;\">Universidad Central de Venezuela \u2013 Venezuela<\/td>\n<\/tr>\n<tr>\n<td style=\"text-align: left;\">Vanessa Legu\u00edzamo<\/td>\n<td style=\"text-align: right;\">Universidad Central de Venezuela \u2013 Venezuela<\/td>\n<\/tr>\n<tr>\n<td style=\"text-align: left;\">Jon\u00e1s Montilva<\/td>\n<td style=\"text-align: right;\">Universidad de Los Andes \u2013 Venezuela<\/td>\n<\/tr>\n<tr>\n<td style=\"text-align: left;\">Dinarle Ortega<\/td>\n<td style=\"text-align: right;\">Universidad Cat\u00f3lica Andr\u00e9s Bello \u2013 Venezuela<\/td>\n<\/tr>\n<tr>\n<td style=\"text-align: left;\">Jaime Parada<\/td>\n<td style=\"text-align: right;\">Universidad Central de Venezuela \u2013 Venezuela<\/td>\n<\/tr>\n<tr>\n<td style=\"text-align: left;\">Robinson Rivas<\/td>\n<td style=\"text-align: right;\">Universidad Central de Venezuela \u2013 Venezuela<\/td>\n<\/tr>\n<tr>\n<td style=\"text-align: left;\">Franklin Sandoval<\/td>\n<td style=\"text-align: right;\">Universidad Central de Venezuela \u2013 Venezuela<\/td>\n<\/tr>\n<tr>\n<td style=\"text-align: left;\">Andr\u00e9s Sanoja<\/td>\n<td style=\"text-align: right;\">Universidad Central de Venezuela \u2013 Venezuela<\/td>\n<\/tr>\n<tr>\n<td style=\"text-align: left;\">Eugenio Scalise<\/td>\n<td style=\"text-align: right;\">Universidad Central de Venezuela \u2013 Venezuela<\/td>\n<\/tr>\n<tr>\n<td style=\"text-align: left;\">Leonid Tineo<\/td>\n<td style=\"text-align: right;\">Universidad Sim\u00f3n Bol\u00edvar \u2013 Venezuela<\/td>\n<\/tr>\n<\/tbody>\n<\/table>\n","protected":false},"excerpt":{"rendered":"<p>Comit\u00e9 de Programa &nbsp; Presidentes del Comit\u00e9 de Programa Yosly Hern\u00e1ndez Universidad Central de Venezuela \u2013 Venezuela Jes\u00fas P\u00e9rez Universidad de Los Andes \u2013 Venezuela &nbsp; Miembros del Comit\u00e9 de Programa Junior Altamiranda Universidad&#46;&#46;&#46;<\/p>\n","protected":false},"author":1,"featured_media":0,"parent":0,"menu_order":0,"comment_status":"closed","ping_status":"closed","template":"","meta":{"footnotes":""},"class_list":["post-38","page","type-page","status-publish","hentry"],"_links":{"self":[{"href":"https:\/\/concisa.net.ve\/2024\/wp-json\/wp\/v2\/pages\/38","targetHints":{"allow":["GET"]}}],"collection":[{"href":"https:\/\/concisa.net.ve\/2024\/wp-json\/wp\/v2\/pages"}],"about":[{"href":"https:\/\/concisa.net.ve\/2024\/wp-json\/wp\/v2\/types\/page"}],"author":[{"embeddable":true,"href":"https:\/\/concisa.net.ve\/2024\/wp-json\/wp\/v2\/users\/1"}],"replies":[{"embeddable":true,"href":"https:\/\/concisa.net.ve\/2024\/wp-json\/wp\/v2\/comments?post=38"}],"version-history":[{"count":1,"href":"https:\/\/concisa.net.ve\/2024\/wp-json\/wp\/v2\/pages\/38\/revisions"}],"predecessor-version":[{"id":39,"href":"https:\/\/concisa.net.ve\/2024\/wp-json\/wp\/v2\/pages\/38\/revisions\/39"}],"wp:attachment":[{"href":"https:\/\/concisa.net.ve\/2024\/wp-json\/wp\/v2\/media?parent=38"}],"curies":[{"name":"wp","href":"https:\/\/api.w.org\/{rel}","templated":true}]}}