{"id":2,"date":"2024-04-02T01:32:01","date_gmt":"2024-04-02T01:32:01","guid":{"rendered":"http:\/\/concisa.net.ve\/2024\/?page_id=2"},"modified":"2024-11-15T03:57:57","modified_gmt":"2024-11-15T03:57:57","slug":"sample-page","status":"publish","type":"page","link":"https:\/\/concisa.net.ve\/2024\/","title":{"rendered":"Inicio"},"content":{"rendered":"<p><font color=\"WHITE\"><marquee direction=\"left\" size=\"10\" face=\"Trebuchet MS\" style=\"background:#E62020\"><strong>Ya pueden inscribirse para los tutoriales de EVI 2024<\/strong><\/marquee><\/font><\/p>\n<p><!--\n<font color=\"WHITE\"><marquee direction=\"left\" size=\"10\" face=\"Trebuchet MS\" style=\"background:#E62020\"><strong>El llamado a trabajos de CoNCISa 2024 ha sido extendido (Fecha firme: Jueves 19 de septiembre de 2024)<\/strong><\/marquee><\/font>\n--><\/p>\n<p><span style=\"display: block; font-size: 20px; padding: 10px; margin-left: 0; -webkit-border-radius: 4px; border-radius: 4px; color: white; text-shadow: 2px 2px black; background-image: linear-gradient(135deg, #f15029, #f15029, #f15029, #c33a11, #000000, #0d5995, #1574c4, #1574c4, #1574c4);\">CoNCISa 2024<br \/>\n18 al 20 de noviembre de 2024<\/span><\/p>\n<p>CoNCISa 2024 es la d\u00e9cima Conferencia Nacional de Computaci\u00f3n, Inform\u00e1tica y Sistemas. Es uno de los principales eventos anuales de la <a href=\"https:\/\/www.svc.net.ve\" target=\"_blank\" rel=\"noopener noreferrer\">SVC<\/a> (Sociedad Venezolana de Computaci\u00f3n). Adicionalmente cuenta con el respaldo acad\u00e9mico del <a href=\"https:\/\/www.clei.org\" target=\"_blank\" rel=\"noopener noreferrer\">CLEI<\/a> (Centro Latinoamericano de Estudios en Inform\u00e1tica).<\/p>\n<p>El objetivo principal de CoNCISa 2024 es consolidar el intercambio sobre experiencias de investigaci\u00f3n, acad\u00e9micas y tecnol\u00f3gicas, para impulsar el desarrollo del \u00e1rea y crear lazos estrechos de cooperaci\u00f3n a nivel nacional e internacional entre la academia y la industria del software.<\/p>\n<p>CoNCISa 2024 se realizar\u00e1 en la <a href=\"http:\/\/www.ciens.ucv.ve\" target=\"_blank\" rel=\"noopener noreferrer\">Facultad de Ciencias<\/a> de la <a href=\"http:\/\/www.ucv.ve\" target=\"_blank\" rel=\"noopener noreferrer\">UCV<\/a> (Universidad Central de Venezuela) del 18 al 20 de noviembre de 2024, conjuntamente con <a href=\"https:\/\/www.concisa.net.ve\/2024\/evi-informacion\">EVI 2024<\/a> (Escuela Venezolana de Inform\u00e1tica). En esta oportunidad, la participaci\u00f3n se realizar\u00e1 presencialmente o virtualmente.<br \/>\n&nbsp;<\/p>\n<p><span style=\"display: block; font-size: 20px; padding: 10px; margin-left: 0; -webkit-border-radius: 4px; border-radius: 4px; color: white; text-shadow: 2px 2px black; background-image: linear-gradient(135deg, #f15029, #f15029, #f15029, #c33a11, #000000, #0d5995, #1574c4, #1574c4, #1574c4);\">EVI 2024<br \/>\n18 al 20 de noviembre de 2024<\/span><\/p>\n<p>EVI 2024 es la d\u00e9cima edici\u00f3n de la Escuela Venezolana de Inform\u00e1tica. Es uno de los principales eventos anuales de la <a href=\"https:\/\/www.svc.net.ve\" target=\"_blank\" rel=\"noopener noreferrer\">SVC<\/a> (Sociedad Venezolana de Computaci\u00f3n). Adicionalmente cuenta con el respaldo acad\u00e9mico del <a href=\"https:\/\/www.clei.org\" target=\"_blank\" rel=\"noopener noreferrer\">CLEI<\/a> (Centro Latinoamericano de Estudios en Inform\u00e1tica).<\/p>\n<p>En este evento, se dictar\u00e1n cursos avanzados en diferentes dominios de las ciencias computacionales, por expertos nacionales e internacionales. Son cursos que cubren temas de inter\u00e9s para la disciplina Inform\u00e1tica, y que son complementarios a los temas que figuran en los curr\u00edculos de las carreras del \u00e1rea en el pa\u00eds. Se estructura en cursos tutoriales de medio d\u00eda (4 horas) o de d\u00eda completo (8 horas), en modalidad presencial.<\/p>\n<p>EVI 2024 se realizar\u00e1 en la <a href=\"http:\/\/www.ciens.ucv.ve\" target=\"_blank\" rel=\"noopener noreferrer\">Facultad de Ciencias<\/a> de la <a href=\"http:\/\/www.ucv.ve\" target=\"_blank\" rel=\"noopener noreferrer\">UCV<\/a> (Universidad Central de Venezuela) del 18 al 20 de noviembre de 2024, conjuntamente con <a href=\"https:\/\/www.concisa.net.ve\/2024\/concisa-informacion\">CoNCISa 2024<\/a> (Conferencia Nacional de Computaci\u00f3n, Inform\u00e1tica y Sistemas).<br \/>\n&nbsp;<\/p>\n<p><span style=\"display: block; font-size: 20px; padding: 10px; margin-left: 0; -webkit-border-radius: 4px; border-radius: 4px; color: white; text-shadow: 2px 2px black; background-image: linear-gradient(135deg, #f15029, #f15029, #f15029, #c33a11, #000000, #0d5995, #1574c4, #1574c4, #1574c4);\">Patrocinadores<\/span><\/p>\n<p>La \u201cSociedad Venezolana de Computaci\u00f3n\u201d agradece los siguientes patrocinadores por su generoso aporte para la realizaci\u00f3n de la X Conferencia Nacional de Computaci\u00f3n, Inform\u00e1tica y Sistemas (<a href=\"https:\/\/www.concisa.net.ve\/2024\/concisa-informacion\">CoNCISa 2024<\/a>) y la X Escuela Venezolana de Inform\u00e1tica (<a href=\"https:\/\/www.concisa.net.ve\/2024\/evi-informacion\">EVI 2024<\/a>).<\/p>\n<p><img decoding=\"async\" style=\"border: none; background-color: #ffffff; display: block; margin-left: auto; margin-right: auto;\" src=\"https:\/\/www.concisa.net.ve\/2024\/wp-content\/uploads\/sites\/10\/2024\/06\/patrocinadores01.png\" alt=\"\" width=\"250\" \/><\/p>\n","protected":false},"excerpt":{"rendered":"<p>Ya pueden inscribirse para los tutoriales de EVI 2024 CoNCISa 2024 18 al 20 de noviembre de 2024 CoNCISa 2024 es la d\u00e9cima Conferencia Nacional de Computaci\u00f3n, Inform\u00e1tica y Sistemas. Es uno de los&#46;&#46;&#46;<\/p>\n","protected":false},"author":1,"featured_media":0,"parent":0,"menu_order":0,"comment_status":"closed","ping_status":"open","template":"","meta":{"footnotes":""},"class_list":["post-2","page","type-page","status-publish","hentry"],"_links":{"self":[{"href":"https:\/\/concisa.net.ve\/2024\/wp-json\/wp\/v2\/pages\/2","targetHints":{"allow":["GET"]}}],"collection":[{"href":"https:\/\/concisa.net.ve\/2024\/wp-json\/wp\/v2\/pages"}],"about":[{"href":"https:\/\/concisa.net.ve\/2024\/wp-json\/wp\/v2\/types\/page"}],"author":[{"embeddable":true,"href":"https:\/\/concisa.net.ve\/2024\/wp-json\/wp\/v2\/users\/1"}],"replies":[{"embeddable":true,"href":"https:\/\/concisa.net.ve\/2024\/wp-json\/wp\/v2\/comments?post=2"}],"version-history":[{"count":1,"href":"https:\/\/concisa.net.ve\/2024\/wp-json\/wp\/v2\/pages\/2\/revisions"}],"predecessor-version":[{"id":5,"href":"https:\/\/concisa.net.ve\/2024\/wp-json\/wp\/v2\/pages\/2\/revisions\/5"}],"wp:attachment":[{"href":"https:\/\/concisa.net.ve\/2024\/wp-json\/wp\/v2\/media?parent=2"}],"curies":[{"name":"wp","href":"https:\/\/api.w.org\/{rel}","templated":true}]}}