{"id":155,"date":"2024-11-17T19:36:58","date_gmt":"2024-11-17T19:36:58","guid":{"rendered":"https:\/\/concisa.net.ve\/2024\/?page_id=155"},"modified":"2024-11-19T20:20:15","modified_gmt":"2024-11-19T20:20:15","slug":"concisa-memorias","status":"publish","type":"page","link":"https:\/\/concisa.net.ve\/2024\/concisa-memorias\/","title":{"rendered":"CoNCISa 2024 &#8211; Memorias"},"content":{"rendered":"<p><span style=\"display: block; font-size: 20px; padding: 10px; margin-left: 0; -webkit-border-radius: 4px; border-radius: 4px; color: white; text-shadow: 2px 2px black; background-image: linear-gradient(135deg, #f15029, #f15029, #f15029, #c33a11, #000000, #0d5995, #1574c4, #1574c4, #1574c4);\">Contribuci\u00f3n por Separada (Sesi\u00f3n de Art\u00edculos Cortos)<\/span><\/p>\n<p>En la siguiente tabla, se encuentran las contribuciones de CoNCISa 2024 para la Sesi\u00f3n de Art\u00edculos Cortos.<\/p>\n<table style=\"margin: 0px auto; width: 100%;\" border=\"0\">\n<body><\/p>\n<tr><\/tr>\n<tr>\n<td style=\"text-align: center; width: 10%;\"><strong>N\u00famero<\/strong><\/td>\n<td style=\"text-align: center; width: 80%;\"><strong>T\u00edtulo de la Contribuci\u00f3n<\/strong><\/td>\n<td style=\"text-align: center; width: 10%;\"><strong>P\u00e1ginas<\/strong><\/td>\n<\/tr>\n<tr>\n<td style=\"text-align: center;\">1.1<\/td>\n<td style=\"text-align: left;\">\n<strong>Modelo para la Construcci\u00f3n de Pol\u00edticas P\u00fablicas con el Uso de Tecnolog\u00edas Emergentes bajo el Enfoque 4.5<\/strong> <br \/>\n\u00c1ngel Gil, Marcelita Arroyo, Jes\u00fas Garc\u00eda<\/td>\n<td style=\"text-align: center;\"><a href=\"https:\/\/concisa.net.ve\/memorias\/CoNCISa2024\/CoNCISa2024-p002-005.pdf\" target=\"_blank\" rel=\"noopener noreferrer\">2-5<\/a><\/td>\n<\/tr>\n<tr>\n<td style=\"text-align: center;\">1.2<\/td>\n<td style=\"text-align: left;\">\n<strong>Pautas L\u00f3gicas para el Dise\u00f1o Computacional de Sistemas Cr\u00edticos Basadas en el Paradigma de Fitch y Muckin<\/strong> <br \/>\nMiguel Torrealba<\/td>\n<td style=\"text-align: center;\"><a href=\"https:\/\/concisa.net.ve\/memorias\/CoNCISa2024\/CoNCISa2024-p006-009.pdf\" target=\"_blank\" rel=\"noopener noreferrer\">6-9<\/a><\/td>\n<\/tr>\n<tr>\n<td style=\"text-align: center;\">1.3<\/td>\n<td style=\"text-align: left;\">\n<strong>Proceso de An\u00e1lisis del Dominio para Arquitecturas de Referencias IMFS &#038; VCD Modelado con SPEM<\/strong> <br \/>\nAleidys Arraiz, Yusneyi Carballo<\/td>\n<td style=\"text-align: center;\"><a href=\"https:\/\/concisa.net.ve\/memorias\/CoNCISa2024\/CoNCISa2024-p010-015.pdf\" target=\"_blank\" rel=\"noopener noreferrer\">10-15<\/a><\/td>\n<\/tr>\n<\/tbody>\n<\/table>\n<p>&nbsp;<br \/>\n&nbsp;<\/p>\n<p><span style=\"display: block; font-size: 20px; padding: 10px; margin-left: 0; -webkit-border-radius: 4px; border-radius: 4px; color: white; text-shadow: 2px 2px black; background-image: linear-gradient(135deg, #f15029, #f15029, #f15029, #c33a11, #000000, #0d5995, #1574c4, #1574c4, #1574c4);\">Contribuci\u00f3n por Separada (Sesi\u00f3n de Art\u00edculos Largos)<\/span><\/p>\n<p>En la siguiente tabla, se encuentran las contribuciones de CoNCISa 2024 para la Sesi\u00f3n de Art\u00edculos Largos.<\/p>\n<table style=\"margin: 0px auto; width: 100%;\" border=\"0\">\n<body><\/p>\n<tr>\n<td style=\"text-align: center; width: 10%;\"><strong>N\u00famero<\/strong><\/td>\n<td style=\"text-align: center; width: 80%;\"><strong>T\u00edtulo de la Contribuci\u00f3n<\/strong><\/td>\n<td style=\"text-align: center; width: 10%;\"><strong>P\u00e1ginas<\/strong><\/td>\n<\/tr>\n<tr>\n<td style=\"text-align: center;\">2.1<\/td>\n<td style=\"text-align: left;\">\n<strong>Customizing Software Development Methods: A Process Model Approach<\/strong> <br \/>\nJudith Barrios, Jon\u00e1s Montilva<\/td>\n<td style=\"text-align: center;\"><a href=\"https:\/\/concisa.net.ve\/memorias\/CoNCISa2024\/CoNCISa2024-p017-024.pdf\" target=\"_blank\" rel=\"noopener noreferrer\">17-24<\/a><\/td>\n<\/tr>\n<tr>\n<td style=\"text-align: center;\">2.2<\/td>\n<td style=\"text-align: left;\">\n<strong>Estrategias para Impulsar el Ecosistema Emprendedor Tecnol\u00f3gico Venezolano: An\u00e1lisis DOFA Ampliado<\/strong> <br \/>\nJos\u00e9 Fern\u00e1ndez, Yusneyi Carballo<\/td>\n<td style=\"text-align: center;\"><a href=\"https:\/\/concisa.net.ve\/memorias\/CoNCISa2024\/CoNCISa2024-p025-031.pdf\" target=\"_blank\" rel=\"noopener noreferrer\">25-31<\/a><\/td>\n<\/tr>\n<tr>\n<td style=\"text-align: center;\">2.3<\/td>\n<td style=\"text-align: left;\">\n<strong>Importancia de la Catalogaci\u00f3n Digital en la Conservaci\u00f3n del Patrimonio Natural: Ficoflora Venezuela, Un Caso de Estudio<\/strong> <br \/>\nYusneyi Carballo, Santiago G\u00f3mez<\/td>\n<td style=\"text-align: center;\"><a href=\"https:\/\/concisa.net.ve\/memorias\/CoNCISa2024\/CoNCISa2024-p032-043.pdf\" target=\"_blank\" rel=\"noopener noreferrer\">32-43<\/a><\/td>\n<\/tr>\n<tr>\n<td style=\"text-align: center;\">2.4<\/td>\n<td style=\"text-align: left;\">\n<strong>An\u00e1lisis de Sentimientos Migratorios en Publicaciones de Venezolanos en Medios Sociales<\/strong> <br \/>\nLivia Borjas, Mauricio Morales, Miguel Zamora<\/td>\n<td style=\"text-align: center;\"><a href=\"https:\/\/concisa.net.ve\/memorias\/CoNCISa2024\/CoNCISa2024-p044-053.pdf\" target=\"_blank\" rel=\"noopener noreferrer\">44-53<\/a><\/td>\n<\/tr>\n<\/tbody>\n<\/table>\n<p>&nbsp;<br \/>\n&nbsp;<\/p>\n<p><span style=\"display: block; font-size: 20px; padding: 10px; margin-left: 0; -webkit-border-radius: 4px; border-radius: 4px; color: white; text-shadow: 2px 2px black; background-image: linear-gradient(135deg, #f15029, #f15029, #f15029, #c33a11, #000000, #0d5995, #1574c4, #1574c4, #1574c4);\">Archivos Adicionales<\/span><\/p>\n<p>En la siguiente tabla, se encuentran algunos archivos adicionales de las memorias de CoNCISa 2024.<\/p>\n<table style=\"margin: 0px auto; width: 100%;\" border=\"0\">\n<body><\/p>\n<tr><\/tr>\n<tr>\n<td style=\"text-align: left; width: 90%;\"><strong>Informaci\u00f3n<\/strong><\/td>\n<td style=\"text-align: center; width: 10%;\"><strong>Archivo<\/strong><\/td>\n<\/tr>\n<tr>\n<td style=\"text-align: left;\"><strong>Volumen Completo<\/strong><\/td>\n<td style=\"text-align: center;\"><strong><a href=\"https:\/\/concisa.net.ve\/memorias\/CoNCISa2024\/CoNCISa2024-full-proceedings.pdf\" target=\"_blank\" rel=\"noopener noreferrer\">enlace<\/a><\/strong><\/td>\n<\/tr>\n<tr>\n<td style=\"text-align: left;\"><strong>Cubierta<\/strong><\/td>\n<td style=\"text-align: center;\"><strong><a href=\"https:\/\/concisa.net.ve\/memorias\/CoNCISa2024\/CoNCISa2024-front-cover.pdf\" target=\"_blank\" rel=\"noopener noreferrer\">enlace<\/a><\/strong><\/td>\n<\/tr>\n<tr>\n<td style=\"text-align: left;\"><strong>Primera P\u00e1gina<\/strong><\/td>\n<td style=\"text-align: center;\"><strong><a href=\"https:\/\/concisa.net.ve\/memorias\/CoNCISa2024\/CoNCISa2024-first-page.pdf\" target=\"_blank\" rel=\"noopener noreferrer\">enlace<\/a><\/strong><\/td>\n<\/tr>\n<tr>\n<td style=\"text-align: left;\"><strong>Comit\u00e9 de Programa<\/strong><\/td>\n<td style=\"text-align: center;\"><strong><a href=\"https:\/\/concisa.net.ve\/memorias\/CoNCISa2024\/CoNCISa2024-program-committee.pdf\" target=\"_blank\" rel=\"noopener noreferrer\">enlace<\/a><\/strong><\/td>\n<\/tr>\n<tr>\n<td style=\"text-align: left;\"><strong>Comit\u00e9 Organizador<\/strong><\/td>\n<td style=\"text-align: center;\"><strong><a href=\"https:\/\/concisa.net.ve\/memorias\/CoNCISa2024\/CoNCISa2024-organizing-committee.pdf\" target=\"_blank\" rel=\"noopener noreferrer\">enlace<\/a><\/strong><\/td>\n<\/tr>\n<tr>\n<td style=\"text-align: left;\"><strong>Tabla de Contenido<\/strong><\/td>\n<td style=\"text-align: center;\"><strong><a href=\"https:\/\/concisa.net.ve\/memorias\/CoNCISa2024\/CoNCISa2024-ToC.pdf\" target=\"_blank\" rel=\"noopener noreferrer\">enlace<\/a><\/strong><\/td>\n<\/tr>\n<tr>\n<td style=\"text-align: left;\"><strong>\u00cdndice de Autores<\/strong><\/td>\n<td style=\"text-align: center;\"><strong><a href=\"https:\/\/concisa.net.ve\/memorias\/CoNCISa2024\/CoNCISa2024-authors.pdf\" target=\"_blank\" rel=\"noopener noreferrer\">enlace<\/a><\/strong><\/td>\n<\/tr>\n<\/tbody>\n<\/table>\n","protected":false},"excerpt":{"rendered":"<p>Contribuci\u00f3n por Separada (Sesi\u00f3n de Art\u00edculos Cortos) En la siguiente tabla, se encuentran las contribuciones de CoNCISa 2024 para la Sesi\u00f3n de Art\u00edculos Cortos. N\u00famero T\u00edtulo de la Contribuci\u00f3n P\u00e1ginas 1.1 Modelo para la&#46;&#46;&#46;<\/p>\n","protected":false},"author":1,"featured_media":0,"parent":0,"menu_order":0,"comment_status":"closed","ping_status":"closed","template":"","meta":{"footnotes":""},"class_list":["post-155","page","type-page","status-publish","hentry"],"_links":{"self":[{"href":"https:\/\/concisa.net.ve\/2024\/wp-json\/wp\/v2\/pages\/155","targetHints":{"allow":["GET"]}}],"collection":[{"href":"https:\/\/concisa.net.ve\/2024\/wp-json\/wp\/v2\/pages"}],"about":[{"href":"https:\/\/concisa.net.ve\/2024\/wp-json\/wp\/v2\/types\/page"}],"author":[{"embeddable":true,"href":"https:\/\/concisa.net.ve\/2024\/wp-json\/wp\/v2\/users\/1"}],"replies":[{"embeddable":true,"href":"https:\/\/concisa.net.ve\/2024\/wp-json\/wp\/v2\/comments?post=155"}],"version-history":[{"count":1,"href":"https:\/\/concisa.net.ve\/2024\/wp-json\/wp\/v2\/pages\/155\/revisions"}],"predecessor-version":[{"id":156,"href":"https:\/\/concisa.net.ve\/2024\/wp-json\/wp\/v2\/pages\/155\/revisions\/156"}],"wp:attachment":[{"href":"https:\/\/concisa.net.ve\/2024\/wp-json\/wp\/v2\/media?parent=155"}],"curies":[{"name":"wp","href":"https:\/\/api.w.org\/{rel}","templated":true}]}}