{"id":147,"date":"2024-11-11T03:49:47","date_gmt":"2024-11-11T03:49:47","guid":{"rendered":"https:\/\/concisa.net.ve\/2024\/?page_id=147"},"modified":"2024-11-11T04:58:57","modified_gmt":"2024-11-11T04:58:57","slug":"concisa-instrucciones-version-final","status":"publish","type":"page","link":"https:\/\/concisa.net.ve\/2024\/concisa-instrucciones-version-final\/","title":{"rendered":"CoNCISa 2024 &#8211; Instrucciones Versi\u00f3n Final Contribuciones"},"content":{"rendered":"<p><span style=\"display: block; font-size: 20px; padding: 10px; margin-left: 0; -webkit-border-radius: 4px; border-radius: 4px; color: white; text-shadow: 2px 2px black; background-image: linear-gradient(135deg, #f15029, #f15029, #f15029, #c33a11, #000000, #0d5995, #1574c4, #1574c4, #1574c4);\">Instrucciones Versi\u00f3n Final Contribuciones<\/span><\/p>\n<p>Esta p\u00e1gina web contiene instrucciones para los autores de contribuciones aceptadas en CoNCISa 2024, acerca de c\u00f3mo preparar y presentar la versi\u00f3n final de sus contribuciones.<\/p>\n<p>Las contribuciones aceptadas en la d\u00e9cima Conferencia Nacional de Computaci\u00f3n, Inform\u00e1tica y Sistemas (CoNCISa 2024) ser\u00e1n publicadas en las memorias y en la p\u00e1gina web de la conferencia. Es importante que los autores de las contribuciones aceptadas sigan los pasos especificados a continuaci\u00f3n:<\/p>\n<p style=\"padding-left: 30px;\">\n<a href=\"https:\/\/concisa.net.ve\/2024\/concisa-instrucciones-version-final#paso1\"><strong>Paso 1<\/strong>: Hacer mejoras a su contribuci\u00f3n de acuerdo a las recomendaciones de los revisores.<\/a><br \/>\n<a href=\"https:\/\/concisa.net.ve\/2024\/concisa-instrucciones-version-final#paso2\"><strong>Paso 2<\/strong>: Formatear la versi\u00f3n final de su contribuci\u00f3n de acuerdo a las plantillas de la conferencia.<\/a><br \/>\n<a href=\"https:\/\/concisa.net.ve\/2024\/concisa-instrucciones-version-final#paso3\"><strong>Paso 3<\/strong>: Generar el PDF de su contribuci\u00f3n.<\/a><br \/>\n<a href=\"https:\/\/concisa.net.ve\/2024\/concisa-instrucciones-version-final#paso4\"><strong>Paso 4<\/strong>: Enviar la versi\u00f3n final de su contribuci\u00f3n al editor de las memorias.<\/a><\/p>\n<p>El no cumplir con todos los elementos requeridos para el 14 de noviembre de 2024, dar\u00e1 lugar a la eliminaci\u00f3n de la contribuci\u00f3n del programa t\u00e9cnico de la conferencia.<\/p>\n<hr>\n<p><a name=\"paso1\"><\/a><br \/>\n<strong>Paso 1<\/strong> &#8211; Hacer mejoras a su contribuci\u00f3n de acuerdo a las recomendaciones de los revisores<\/p>\n<p>Aplicar las recomendaciones de los revisores. Las recomendaciones son muy importantes y permiten mejorar la calidad de la publicaci\u00f3n sustancialmente. Para CoNCISa 2024, se permitieron art\u00edculos cortos (de 4 a 5 p\u00e1ginas) y art\u00edculos largos (de 6 a 12 p\u00e1ginas). Verificar que su contribuci\u00f3n est\u00e9 dentro del n\u00famero de p\u00e1ginas permitido.<\/p>\n<hr>\n<p><a name=\"paso2\"><\/a><br \/>\n<strong>Paso 2<\/strong> &#8211; Formatear la versi\u00f3n final de su contribuci\u00f3n de acuerdo a las plantillas de la conferencia<\/p>\n<p>Las instrucciones de formateo provistas en esta secci\u00f3n deben ser seguidas estrictamente para que su contribuci\u00f3n sea incluida en las memorias de la conferencia. Instrucciones Generales:<\/p>\n<ol>\n<li>Debe utilizar las plantillas provistas por la conferencia. Para obtener las plantillas, haga clic <a href=\"https:\/\/concisa.net.ve\/2024\/concisa-llamado-articulos\/#plantillas\">aqu\u00ed.<\/a><\/li>\n<li>El n\u00famero de p\u00e1ginas de una contribuci\u00f3n debe estar dentro del rango permitido, como especificado en el <a href=\"https:\/\/concisa.net.ve\/2024\/concisa-llamado-articulos\">Llamado a Art\u00edculos (CFP)<\/a>. El formato es carta (8.5\u201d x 11\u201d), en doble columna, interlineado simple, sin numeraci\u00f3n de p\u00e1ginas.<\/li>\n<li>Si el trabajo est\u00e1 escrito en ingl\u00e9s, en la parte inicial debe constar de dos secciones en el siguiente orden: (1) Abstract y (2) Keywords. Utilizar la palabra <strong>Abstract<\/strong> para el resumen y <strong>Keywords<\/strong> para las palabras clave. Note que solamente se requiere de un t\u00edtulo, un resumen y una lista de palabras clave, todos en ingl\u00e9s. Es decir que no se debe traducir estos elementos al espa\u00f1ol.<\/li>\n<li>Si el trabajo est\u00e1 escrito en espa\u00f1ol, en la parte inicial debe constar de dos secciones en el siguiente orden: (1) Resumen y (2) Palabras Clave. Utilizar la palabra <strong>Resumen<\/strong> para el resumen y <strong>Palabras Clave<\/strong> para las palabras clave. Note que solamente se requiere de un t\u00edtulo, un resumen y una lista de palabras clave, todos en espa\u00f1ol. Es decir que no se debe traducir estos elementos al ingl\u00e9s.<\/li>\n<li>El resumen no debe contener caracteres especiales, f\u00f3rmulas, figuras, tablas, listas de balas, listas numeradas, citaciones a referencias, etc. Debe ser un texto plano, que consista en un parr\u00e1fo o varios parr\u00e1fos.<\/li>\n<li>Las palabras clave deben ser separadas con punto y coma.<\/li>\n<li>Los t\u00edtulos de las figuras deben ser centrados por debajo de \u00e9stas. La numeraci\u00f3n de las figuras se hace con n\u00fameros ar\u00e1bicos (Figura 1, Figura 2, Figura 3, etc.). En las citaciones de las figuras y en los t\u00edtulos de las figuras, la \u201cF\u201d de \u201cFigura\u201d se debe escribir en may\u00fasculas. Utilizar la palabra \u201cFigura\u201d (o \u201cFigure\u201d para las contribuciones en ingl\u00e9s), no utilizar \u201cGr\u00e1fica\u201d, \u201cDibujo\u201d u otra palabra. No utilizar la abreviaci\u00f3n &#8220;Fig.&#8221; sino &#8220;Figura&#8221; (o &#8220;Figure&#8221; para las contribuciones en ingl\u00e9s). No finalice el t\u00edtulo de una figura por un punto.<\/li>\n<li>Los t\u00edtulos de las tablas deben ser centrados por encima de \u00e9stas. La numeraci\u00f3n de las tablas se hace con n\u00fameros romanos (Tabla I, Tabla II, Tabla III, etc.). En las citaciones de las tablas y en los t\u00edtulos de las tablas, la \u201cT\u201d de \u201cTabla\u201d se debe escribir en may\u00fasculas. Utilizar la palabra \u201cTabla\u201d (o \u201cTable\u201d para las contribuciones en ingl\u00e9s), no utilizar \u201cCuadro\u201d, \u201cRecuadro\u201d, u otra palabra. No finalice el t\u00edtulo de una tabla por un punto.<\/li>\n<li>Las figuras de los trabajos deben ser de alta calidad, de tal forma que no se vean pixeladas. El texto dentro de las figuras debe ser suficientemente grande para que se pueda leer f\u00e1cilmente. No se debe encerrar las figuras en un recuadro. Al producir el PDF de su contribuci\u00f3n, es importante configurar las opciones de su software para que las figuras sean generadas con una resoluci\u00f3n de al menos 600 DPI.<\/li>\n<li>Los t\u00edtulos de las figuras y de las tablas deben ser cortos. Es decir que no se debe hacer la descripci\u00f3n de las figuras y de las tablas dentro de los t\u00edtulos de \u00e9stas. Para eso est\u00e1 el texto de la contribuci\u00f3n. En el caso que la figura o la tabla no sea propia, la citaci\u00f3n de la fuente de \u00e9sta se debe hacer en el texto del trabajo, no en su t\u00edtulo.<\/li>\n<li>Las referencias bibliogr\u00e1ficas deber\u00edan estar citadas expl\u00edcitamente en el trabajo. Cada cita es un n\u00famero entre corchetes ([1], [2], [3], etc.), apareciendo de forma ascendente, secuencialmente en el texto, y que remita a la correspondiente referencia. Para mayores detalles sobre el formato y el tipo de referencias, consultar las <a href=\"https:\/\/concisa.net.ve\/2024\/concisa-llamado-articulos#plantillas\">plantillas<\/a>.<\/li>\n<li>Utilizar el estilo de IEEE para las referencias bibliogr\u00e1ficas. Para cada autor, debe poner la inicial del nombre y el apellido (e.g., E. Kennedy, G. Lopez). En el caso de una publicaci\u00f3n en una conferencia, debe verificar que haya puesto la ciudad y pa\u00eds de celebraci\u00f3n, el mes y a\u00f1o de celebraci\u00f3n. En caso de un art\u00edculo de revista, cotejar que su referencia tenga el volumen, el n\u00famero, el mes y a\u00f1o de publicaci\u00f3n, y el rango de p\u00e1ginas.<\/li>\n<li>No colocar n\u00famero de p\u00e1ginas a su manuscrito.<\/li>\n<li>No poner hiperenlaces en su archivo PDF (s\u00ed puede poner referencias a p\u00e1ginas web, pero estas referencias no deben ser enlazadas). Eso es, verifique que no tenga URLs en azul en su manuscrito.<\/li>\n<li>No aplicar configuraciones de seguridad a su archivo PDF.<\/li>\n<li>En caso que un trabajo incluya material con copyright, es obligaci\u00f3n de los autores obtener la autorizaci\u00f3n por escrito de los due\u00f1os antes de enviar la versi\u00f3n final de la contribuci\u00f3n.<\/li>\n<li>Para que fuese m\u00e1s justa, la evaluaci\u00f3n de los trabajos se hizo a ciegas. Para la versi\u00f3n final de su trabajo, se debe agregar la informaci\u00f3n de los autores (nombres, afiliaciones, y emails). La afiliaci\u00f3n debe ser concisa.<\/li>\n<li>Las iniciales de las palabras importantes de todos los t\u00edtulos de la contribuci\u00f3n deben estar en may\u00fascula. Eso aplica a todos los t\u00edtulos, incluyendo: (1) el t\u00edtulo mismo de la contribuci\u00f3n, (2) el t\u00edtulo de las secciones y de las subsecciones, (3) el t\u00edtulo de las figuras, (4) el t\u00edtulo de las tablas, y (5) el t\u00edtulo de todas las referencias bibliogr\u00e1ficas. Un t\u00edtulo correcto ser\u00eda: <strong>La Historia del Lenguaje C++ desde sus Inicios<\/strong><\/li>\n<li>Si tiene agradecimientos, estos deben ir al final de la contribuci\u00f3n, antes de la secci\u00f3n de referencia. La secci\u00f3n de agradecimientos no es numerada, as\u00ed que verifique que no tenga n\u00famero antes del t\u00edtulo de la secci\u00f3n. Para el t\u00edtulo, usar la palabla <strong>Acknowledgment<\/strong> si su trabajo est\u00e1 en ingl\u00e9s y <strong>Agradecimientos<\/strong> si su trabajo est\u00e1n en espa\u00f1ol.<\/li>\n<\/ol>\n<hr>\n<p><a name=\"paso3\"><\/a><br \/>\n<strong>Paso 3<\/strong> &#8211; Generar el PDF de su contribuci\u00f3n<\/p>\n<p>El \u00fanico formato aceptado para las contribuciones de CoNCISa es el formato PDF. Genere el archivo correspondiente. Verifique que el archivo PDF no tenga hiperenlaces, tenga el n\u00famero de p\u00e1ginas adecuado, y que la estructura de la contribuci\u00f3n (diagramaci\u00f3n) no haya sido cambiada por la conversi\u00f3n a PDF. Coteje que sus figuras y tablas sean de alta resoluci\u00f3n, que haya utilizado el formato del IEEE para sus referencias bibliogr\u00e1ficas y que las citaciones a estas \u00faltimas se haya realizado exitosamente. Acu\u00e9rdese que el t\u00edtulo de las figuras debe estar centrado por debajo de las mismas, y que el t\u00edtulo de las tablas debe estar centrado por encima de las mismas.<\/p>\n<hr>\n<p><a name=\"paso4\"><\/a><br \/>\n<strong>Paso 4<\/strong> &#8211; Enviar la versi\u00f3n final de su contribuci\u00f3n al editor de las memorias<\/p>\n<p>Debe enviar la versi\u00f3n final de su contribuci\u00f3n para el 14 de noviembre de 2024. En su correo electr\u00f3nico, debe adjuntar el archivo editable (formato DOCX) y el PDF correspondiente.<\/p>\n<p>Antes de proceder a enviar la versi\u00f3n final de su contribuci\u00f3n, realice una verificaci\u00f3n adicional de la misma: (1) la contribuci\u00f3n no debe tener n\u00famero de p\u00e1ginas, (2) las figuras y tablas deben ser de alta resoluci\u00f3n y el texto dentro de estas debe ser f\u00e1cilmente legible, (3) el estilo de las referencias bibliogr\u00e1ficas es el del IEEE, (4) la generaci\u00f3n de las citaciones de las referencias bibliogr\u00e1ficas se realiz\u00f3 en forma exitosa, (5) la contribuci\u00f3n debe tener el n\u00famero adecuado de p\u00e1ginas, y (6) el archivo PDF debe estar libre de hiperenlaces.<\/p>\n<p>Si aun tiene dudas, puede consultar las memorias de la conferencia en a\u00f1os anteriores (<a href=\"https:\/\/concisa.net.ve\/2022\/concisa-memorias\">CoNCISa 2022<\/a> y <a href=\"https:\/\/concisa.net.ve\/2020\/concisa-memorias\">CoNCISa 2020<\/a>).<\/p>\n","protected":false},"excerpt":{"rendered":"<p>Instrucciones Versi\u00f3n Final Contribuciones Esta p\u00e1gina web contiene instrucciones para los autores de contribuciones aceptadas en CoNCISa 2024, acerca de c\u00f3mo preparar y presentar la versi\u00f3n final de sus contribuciones. Las contribuciones aceptadas en&#46;&#46;&#46;<\/p>\n","protected":false},"author":1,"featured_media":0,"parent":0,"menu_order":0,"comment_status":"closed","ping_status":"closed","template":"","meta":{"footnotes":""},"class_list":["post-147","page","type-page","status-publish","hentry"],"_links":{"self":[{"href":"https:\/\/concisa.net.ve\/2024\/wp-json\/wp\/v2\/pages\/147","targetHints":{"allow":["GET"]}}],"collection":[{"href":"https:\/\/concisa.net.ve\/2024\/wp-json\/wp\/v2\/pages"}],"about":[{"href":"https:\/\/concisa.net.ve\/2024\/wp-json\/wp\/v2\/types\/page"}],"author":[{"embeddable":true,"href":"https:\/\/concisa.net.ve\/2024\/wp-json\/wp\/v2\/users\/1"}],"replies":[{"embeddable":true,"href":"https:\/\/concisa.net.ve\/2024\/wp-json\/wp\/v2\/comments?post=147"}],"version-history":[{"count":1,"href":"https:\/\/concisa.net.ve\/2024\/wp-json\/wp\/v2\/pages\/147\/revisions"}],"predecessor-version":[{"id":148,"href":"https:\/\/concisa.net.ve\/2024\/wp-json\/wp\/v2\/pages\/147\/revisions\/148"}],"wp:attachment":[{"href":"https:\/\/concisa.net.ve\/2024\/wp-json\/wp\/v2\/media?parent=147"}],"curies":[{"name":"wp","href":"https:\/\/api.w.org\/{rel}","templated":true}]}}