{"id":135,"date":"2024-11-03T22:41:30","date_gmt":"2024-11-03T22:41:30","guid":{"rendered":"https:\/\/concisa.net.ve\/2024\/?page_id=135"},"modified":"2024-11-19T16:09:08","modified_gmt":"2024-11-19T16:09:08","slug":"concisa-ponencias","status":"publish","type":"page","link":"https:\/\/concisa.net.ve\/2024\/concisa-ponencias\/","title":{"rendered":"CoNCISa 2024 &#8211; Ponencias"},"content":{"rendered":"<p><span style=\"display: block; font-size: 20px; padding: 10px; margin-left: 0; -webkit-border-radius: 4px; border-radius: 4px; color: white; text-shadow: 2px 2px black; background-image: linear-gradient(135deg, #f15029, #f15029, #f15029, #c33a11, #000000, #0d5995, #1574c4, #1574c4, #1574c4);\">Programaci\u00f3n Ponencias<\/span><\/p>\n<p>Para CoNCISa 2024, se aceptaron dos tipos de contribuciones: art\u00edculos cortos y art\u00edculos largos. En la tabla a continuaci\u00f3n, se encuentra la programaci\u00f3n de los trabajos aceptados. La presentaci\u00f3n de los trabajos se har\u00e1 en el Auditorio Tov\u00edas Lasser, de la Facultad de Ciencias, de la UCV. Para ver la programaci\u00f3n general de EVI\/CoNCISa 2024, haga clic <a href=\"https:\/\/concisa.net.ve\/2024\/concisa-programa-general\">aqu\u00ed<\/a>.<br \/>\n<\/br><\/p>\n<h5>Martes 19 de Noviembre de 2024<\/h5>\n<table style=\"margin: 0px auto; width: 100%;\" border=\"0\">\n<body><\/p>\n<tr><\/tr>\n<tr>\n<td style=\"text-align: center;\"><strong>Identificador<\/strong> <br \/> <strong>Contribuci\u00f3n<\/strong><\/td>\n<td style=\"text-align: center;\"><strong>T\u00edtulo de la Contribuci\u00f3n<\/strong><\/td>\n<td style=\"text-align: center;\"><strong>Tipo Contribuci\u00f3n<\/strong><\/td>\n<td style=\"text-align: center;\"><strong>Horario<\/strong><\/td>\n<\/tr>\n<tr>\n<td style=\"text-align: center;\">P13<\/td>\n<td style=\"text-align: left;\">\n<strong>Proceso de An\u00e1lisis del Dominio para Arquitecturas de Referencias IMFS &#038; VCD Modelado con SPEM<\/strong> <br \/>\nAleidys Arraiz, Yusneyi Carballo<\/td>\n<td style=\"text-align: center;\">Art\u00edculo Corto<\/td>\n<td style=\"text-align: center;\">02:00-02:20<\/td>\n<\/tr>\n<tr>\n<td style=\"text-align: center;\">P10<\/td>\n<td style=\"text-align: left;\">\n<strong>Pautas L\u00f3gicas para el Dise\u00f1o Computacional de Sistemas Cr\u00edticos Basadas en el Paradigma de Fitch y Muckin<\/strong> <br \/>\nMiguel Torrealba<\/td>\n<td style=\"text-align: center;\">Art\u00edculo Corto<\/td>\n<td style=\"text-align: center;\">02:20-02:40<\/td>\n<\/tr>\n<tr>\n<td style=\"text-align: center;\">P02<\/td>\n<td style=\"text-align: left;\">\n<strong>Importancia de la Catalogaci\u00f3n Digital en la Conservaci\u00f3n del Patrimonio Natural: Ficoflora Venezuela, Un Caso de Estudio<\/strong> <br \/>\nYusneyi Carballo, Santiago G\u00f3mez<\/td>\n<td style=\"text-align: center;\">Art\u00edculo Largo<\/td>\n<td style=\"text-align: center;\">02:40-03:00<\/td>\n<\/tr>\n<tr>\n<td style=\"text-align: center;\">P17<\/td>\n<td style=\"text-align: left;\">\n<strong>An\u00e1lisis de Sentimientos Migratorios en Publicaciones de Venezolanos en Medios Sociales<\/strong> <br \/>\nLivia Borjas, Mauricio Morales, Miguel Zamora<\/td>\n<td style=\"text-align: center;\">Art\u00edculo Largo<\/td>\n<td style=\"text-align: center;\">03:00-03:20<\/td>\n<\/tr>\n<tr>\n<td style=\"text-align: center;\">P03<\/td>\n<td style=\"text-align: left;\">\n<strong>Modelo para la Construcci\u00f3n de Pol\u00edticas P\u00fablicas con el Uso de Tecnolog\u00edas Emergentes bajo el Enfoque 4.5<\/strong> <br \/>\n\u00c1ngel Gil, Marcelita Arroyo, Jes\u00fas Garc\u00eda<\/td>\n<td style=\"text-align: center;\">Art\u00edculo Corto<\/td>\n<td style=\"text-align: center;\">03:20-03:40<\/td>\n<\/tr>\n<tr>\n<td style=\"text-align: center;\">P06<\/td>\n<td style=\"text-align: left;\">\n<strong>Estrategias para Impulsar el Ecosistema Emprendedor Tecnol\u00f3gico Venezolano: An\u00e1lisis DOFA Ampliado<\/strong> <br \/>\nJos\u00e9 Fern\u00e1ndez, Yusneyi Carballo<\/td>\n<td style=\"text-align: center;\">Art\u00edculo Largo<\/td>\n<td style=\"text-align: center;\">03:40-04:00<\/td>\n<\/tr>\n<tr>\n<td style=\"text-align: center;\">P12<\/td>\n<td style=\"text-align: left;\">\n<strong>Customizing Software Development Methods: A Process Model Approach<\/strong> <br \/>\nJudith Barrios, Jon\u00e1s Montilva<\/td>\n<td style=\"text-align: center;\">Art\u00edculo Largo<\/td>\n<td style=\"text-align: center;\">04:00-04:20<\/td>\n<\/tr>\n<\/tbody>\n<\/table>\n","protected":false},"excerpt":{"rendered":"<p>Programaci\u00f3n Ponencias Para CoNCISa 2024, se aceptaron dos tipos de contribuciones: art\u00edculos cortos y art\u00edculos largos. En la tabla a continuaci\u00f3n, se encuentra la programaci\u00f3n de los trabajos aceptados. La presentaci\u00f3n de los trabajos&#46;&#46;&#46;<\/p>\n","protected":false},"author":1,"featured_media":0,"parent":0,"menu_order":0,"comment_status":"closed","ping_status":"closed","template":"","meta":{"footnotes":""},"class_list":["post-135","page","type-page","status-publish","hentry"],"_links":{"self":[{"href":"https:\/\/concisa.net.ve\/2024\/wp-json\/wp\/v2\/pages\/135","targetHints":{"allow":["GET"]}}],"collection":[{"href":"https:\/\/concisa.net.ve\/2024\/wp-json\/wp\/v2\/pages"}],"about":[{"href":"https:\/\/concisa.net.ve\/2024\/wp-json\/wp\/v2\/types\/page"}],"author":[{"embeddable":true,"href":"https:\/\/concisa.net.ve\/2024\/wp-json\/wp\/v2\/users\/1"}],"replies":[{"embeddable":true,"href":"https:\/\/concisa.net.ve\/2024\/wp-json\/wp\/v2\/comments?post=135"}],"version-history":[{"count":1,"href":"https:\/\/concisa.net.ve\/2024\/wp-json\/wp\/v2\/pages\/135\/revisions"}],"predecessor-version":[{"id":136,"href":"https:\/\/concisa.net.ve\/2024\/wp-json\/wp\/v2\/pages\/135\/revisions\/136"}],"wp:attachment":[{"href":"https:\/\/concisa.net.ve\/2024\/wp-json\/wp\/v2\/media?parent=135"}],"curies":[{"name":"wp","href":"https:\/\/api.w.org\/{rel}","templated":true}]}}