{"id":128,"date":"2024-11-03T22:21:09","date_gmt":"2024-11-03T22:21:09","guid":{"rendered":"https:\/\/concisa.net.ve\/2024\/?page_id=128"},"modified":"2024-11-17T19:32:10","modified_gmt":"2024-11-17T19:32:10","slug":"concisa-programa-general","status":"publish","type":"page","link":"https:\/\/concisa.net.ve\/2024\/concisa-programa-general\/","title":{"rendered":"CoNCISa 2024 &#8211; Programa General"},"content":{"rendered":"<p><span style=\"display: block; font-size: 20px; padding: 10px; margin-left: 0; -webkit-border-radius: 4px; border-radius: 4px; color: white; text-shadow: 2px 2px black; background-image: linear-gradient(135deg, #f15029, #f15029, #f15029, #c33a11, #000000, #0d5995, #1574c4, #1574c4, #1574c4);\">Programa General EVI\/CoNCISa 2024<\/span><\/p>\n<p>Abajo, est\u00e1 el programa general de EVI\/CoNCISa 2024. Este programa a\u00fan est\u00e1 sujeto a cambios. Para la programaci\u00f3n de las ponencias de CoNCISa 2024, haga clic <a href=\"https:\/\/concisa.net.ve\/2024\/concisa-ponencias\">aqu\u00ed<\/a>. Para m\u00e1s informaci\u00f3n sobre los tutoriales de EVI 2024, haga clic <a href=\"https:\/\/concisa.net.ve\/2024\/evi-tutoriales-ofertados\">aqu\u00ed<\/a>.<br \/>\n<\/br><\/p>\n<p style=\"text-align: center;\"><a href=\"http:\/\/concisa.net.ve\/2024\/wp-content\/uploads\/sites\/10\/2024\/11\/Programa-EVI-CoNCISa-2024-11-18-v0.1.png\"><img decoding=\"async\" class=\"aligncenter size-full wp-image-447\" style=\"border: none; background-color: #ffffff;\" src=\"http:\/\/concisa.net.ve\/2024\/wp-content\/uploads\/sites\/10\/2024\/11\/Programa-EVI-CoNCISa-2024-11-18-v0.1.png\"><\/a><\/p>\n<p><\/br><\/p>\n<p style=\"text-align: center;\"><a href=\"http:\/\/concisa.net.ve\/2024\/wp-content\/uploads\/sites\/10\/2024\/11\/Programa-EVI-CoNCISa-2024-11-19-v0.2.png\"><img decoding=\"async\" class=\"aligncenter size-full wp-image-447\" style=\"border: none; background-color: #ffffff;\" src=\"http:\/\/concisa.net.ve\/2024\/wp-content\/uploads\/sites\/10\/2024\/11\/Programa-EVI-CoNCISa-2024-11-19-v0.2.png\"><\/a><\/p>\n<p><\/br><\/p>\n<p style=\"text-align: center;\"><a href=\"http:\/\/concisa.net.ve\/2024\/wp-content\/uploads\/sites\/10\/2024\/11\/Programa-EVI-CoNCISa-2024-11-20-v0.1.png\"><img decoding=\"async\" class=\"aligncenter size-full wp-image-447\" style=\"border: none; background-color: #ffffff;\" src=\"http:\/\/concisa.net.ve\/2024\/wp-content\/uploads\/sites\/10\/2024\/11\/Programa-EVI-CoNCISa-2024-11-20-v0.1.png\"><\/a><\/p>\n","protected":false},"excerpt":{"rendered":"<p>Programa General EVI\/CoNCISa 2024 Abajo, est\u00e1 el programa general de EVI\/CoNCISa 2024. Este programa a\u00fan est\u00e1 sujeto a cambios. Para la programaci\u00f3n de las ponencias de CoNCISa 2024, haga clic aqu\u00ed. Para m\u00e1s informaci\u00f3n&#46;&#46;&#46;<\/p>\n","protected":false},"author":1,"featured_media":0,"parent":0,"menu_order":0,"comment_status":"closed","ping_status":"closed","template":"","meta":{"footnotes":""},"class_list":["post-128","page","type-page","status-publish","hentry"],"_links":{"self":[{"href":"https:\/\/concisa.net.ve\/2024\/wp-json\/wp\/v2\/pages\/128","targetHints":{"allow":["GET"]}}],"collection":[{"href":"https:\/\/concisa.net.ve\/2024\/wp-json\/wp\/v2\/pages"}],"about":[{"href":"https:\/\/concisa.net.ve\/2024\/wp-json\/wp\/v2\/types\/page"}],"author":[{"embeddable":true,"href":"https:\/\/concisa.net.ve\/2024\/wp-json\/wp\/v2\/users\/1"}],"replies":[{"embeddable":true,"href":"https:\/\/concisa.net.ve\/2024\/wp-json\/wp\/v2\/comments?post=128"}],"version-history":[{"count":1,"href":"https:\/\/concisa.net.ve\/2024\/wp-json\/wp\/v2\/pages\/128\/revisions"}],"predecessor-version":[{"id":129,"href":"https:\/\/concisa.net.ve\/2024\/wp-json\/wp\/v2\/pages\/128\/revisions\/129"}],"wp:attachment":[{"href":"https:\/\/concisa.net.ve\/2024\/wp-json\/wp\/v2\/media?parent=128"}],"curies":[{"name":"wp","href":"https:\/\/api.w.org\/{rel}","templated":true}]}}