{"id":2,"date":"2022-07-16T18:04:31","date_gmt":"2022-07-16T18:04:31","guid":{"rendered":"https:\/\/www.concisa.net.ve\/2022\/?page_id=2"},"modified":"2022-11-12T23:26:14","modified_gmt":"2022-11-12T23:26:14","slug":"sample-page","status":"publish","type":"page","link":"https:\/\/concisa.net.ve\/2022\/","title":{"rendered":"Inicio"},"content":{"rendered":"<p><!--\n<font color=\"WHITE\"><marquee direction=\"left\" size=\"10\" face=\"Trebuchet MS\" style=\"background:#E62020\"><strong>El llamado a trabajos cortos de CoNCISa 2022 ha sido extendido (Fecha firme: Viernes 28 de octubre de 2022)<\/strong><\/marquee><\/font>\n--><\/p>\n<p><font color=\"WHITE\"><marquee direction=\"left\" size=\"10\" face=\"Trebuchet MS\" style=\"background:#E62020\"><strong>Ya pueden registrar los tutoriales de EVI 2022<\/strong><\/marquee><\/font><\/p>\n<p><svg version=\"1.1\" xmlns=\"http:\/\/www.w3.org\/2000\/svg\" xmlns:xlink=\"http:\/\/www.w3.org\/1999\/xlink\" viewBox=\"-64 -17 1408 363\">\n  <image width=\"1280\" height=\"330\" xlink:href=\"https:\/\/concisa.net.ve\/2022\/wp-content\/uploads\/sites\/9\/2022\/09\/logo-4-universities.png\"><\/image>\n  <a xlink:href=\"http:\/\/www.ucab.edu.ve target=\"_blank\" rel=\"noopener\">\n    <rect x=\"644\" y=\"4\" fill=\"#fff\" opacity=\"0\" width=\"124\" height=\"174\"><\/rect>\n  <\/a>\n  <a xlink:href=\"http:\/\/www.uc.edu.ve\" target=\"_blank\" rel=\"noopener\">\n    <rect x=\"26\" y=\"17\" fill=\"#fff\" opacity=\"0\" width=\"225\" height=\"291\"><\/rect>\n  <\/a>\n  <a xlink:href=\"http:\/\/www.ucv.ve\" target=\"_blank\" rel=\"noopener\">\n    <rect x=\"314\" y=\"20\" fill=\"#fff\" opacity=\"0\" width=\"286\" height=\"282\"><\/rect>\n  <\/a>\n  <a xlink:href=\"http:\/\/www.usb.ve\" target=\"_blank\" rel=\"noopener\">\n    <rect x=\"669\" y=\"24\" fill=\"#fff\" opacity=\"0\" width=\"306\" height=\"289\"><\/rect>\n  <\/a>\n  <a xlink:href=\"http:\/\/www.ucab.edu.ve\" target=\"_blank\" rel=\"noopener\">\n    <rect x=\"1050\" y=\"21\" fill=\"#fff\" opacity=\"0\" width=\"213\" height=\"291\"><\/rect>\n  <\/a>\n<\/svg><\/p>\n<p><span style=\"display: block; font-size: 20px; padding: 7px; margin-left: 0pt; -webkit-border-radius: 4px; border-radius: 4px; color: white; text-shadow: 3px 3px black; background-image: linear-gradient(135deg, #094357, #094357, #094357, #094357, #094357, #094357, #094357, #094357, #1373c3, #94dcf4, #1373c3, #042744);\">CoNCISa 2022<br \/>\n16 al 18 de noviembre de 2022<\/span><\/p>\n<p>CoNCISa 2022 es la novena Conferencia Nacional de Computaci\u00f3n, Inform\u00e1tica y Sistemas. Es uno de los principales eventos anuales de la <a href=\"https:\/\/www.svc.net.ve\" target=\"_blank\" rel=\"noopener noreferrer\">SVC<\/a> (Sociedad Venezolana de Computaci\u00f3n). Adicionalmente cuenta con el respaldo acad\u00e9mico del <a href=\"https:\/\/www.clei.org\" target=\"_blank\" rel=\"noopener noreferrer\">CLEI<\/a> (Centro Latinoamericano de Estudios en Inform\u00e1tica). El objetivo principal de CoNCISa 2022 es consolidar el intercambio sobre experiencias de investigaci\u00f3n, acad\u00e9micas y tecnol\u00f3gicas, para impulsar el desarrollo del \u00e1rea y crear lazos estrechos de cooperaci\u00f3n a nivel nacional e internacional entre la academia y la industria del software.<\/p>\n<p>CoNCISa 2022 se realizar\u00e1 en la <a href=\"http:\/\/www.ciens.ucv.ve\" target=\"_blank\" rel=\"noopener noreferrer\">Facultad de Ciencias<\/a> de la <a href=\"http:\/\/www.ucv.ve\" target=\"_blank\" rel=\"noopener noreferrer\">UCV<\/a> (Universidad Central de Venezuela) del 16 al 18 de noviembre de 2022, conjuntamente con <a href=\"https:\/\/www.concisa.net.ve\/2022\/evi-informacion\">EVI 2022<\/a> (Escuela Venezolana de Inform\u00e1tica) y AsoVAC 2022. En esta oportunidad, la participaci\u00f3n se realiza mediante la inscripci\u00f3n de un resumen de una investigaci\u00f3n desarrollada en cualquier \u00e1rea de la Computaci\u00f3n, cuya presentaci\u00f3n ser\u00e1 en sesiones orales presenciales y virtuales.<br \/>\n&nbsp;<\/p>\n<p><span style=\"display: block; font-size: 20px; padding: 7px; margin-left: 0pt; -webkit-border-radius: 4px; border-radius: 4px; color: white; text-shadow: 3px 3px black; background-image: linear-gradient(135deg, #094357, #094357, #094357, #094357, #094357, #094357, #094357, #094357, #1373c3, #94dcf4, #1373c3, #042744);\">EVI 2022<br \/>\n14 al 15 de noviembre de 2022<\/span><\/p>\n<p>EVI 2022 es la novena edici\u00f3n de la Escuela Venezolana de Inform\u00e1tica. Es uno de los principales eventos anuales de la <a href=\"https:\/\/www.svc.net.ve\" target=\"_blank\" rel=\"noopener noreferrer\">SVC<\/a> (Sociedad Venezolana de Computaci\u00f3n). Adicionalmente cuenta con el respaldo acad\u00e9mico del <a href=\"https:\/\/www.clei.org\" target=\"_blank\" rel=\"noopener noreferrer\">CLEI<\/a> (Centro Latinoamericano de Estudios en Inform\u00e1tica).<\/p>\n<p>En este evento, se dictar\u00e1n cursos avanzados en diferentes dominios de las ciencias computacionales, por expertos nacionales e internacionales. Son cursos que cubren temas de inter\u00e9s para la disciplina Inform\u00e1tica, y que son complementarios a los temas que figuran en los curr\u00edculos de las carreras del \u00e1rea en el pa\u00eds. Se estructura en cursos tutoriales de medio d\u00eda (4 horas) o de d\u00eda completo (8 horas), en modalidad presencial y virtual.<\/p>\n<p>EVI 2022 se realizar\u00e1 en la <a href=\"http:\/\/www.ciens.ucv.ve\" target=\"_blank\" rel=\"noopener noreferrer\">Facultad de Ciencias<\/a> de la <a href=\"http:\/\/www.ucv.ve\" target=\"_blank\" rel=\"noopener noreferrer\">UCV<\/a> (Universidad Central de Venezuela) del 14 al 15 de noviembre de 2022, conjuntamente con <a href=\"https:\/\/www.concisa.net.ve\/2022\/concisa-informacion\">CoNCISa 2022<\/a> (Conferencia Nacional de Computaci\u00f3n, Inform\u00e1tica y Sistemas) y AsoVAC 2022.<br \/>\n&nbsp;<\/p>\n","protected":false},"excerpt":{"rendered":"<p>Ya pueden registrar los tutoriales de EVI 2022<\/p>\n","protected":false},"author":1,"featured_media":0,"parent":0,"menu_order":0,"comment_status":"closed","ping_status":"open","template":"","meta":{"footnotes":""},"class_list":["post-2","page","type-page","status-publish","hentry"],"_links":{"self":[{"href":"https:\/\/concisa.net.ve\/2022\/wp-json\/wp\/v2\/pages\/2","targetHints":{"allow":["GET"]}}],"collection":[{"href":"https:\/\/concisa.net.ve\/2022\/wp-json\/wp\/v2\/pages"}],"about":[{"href":"https:\/\/concisa.net.ve\/2022\/wp-json\/wp\/v2\/types\/page"}],"author":[{"embeddable":true,"href":"https:\/\/concisa.net.ve\/2022\/wp-json\/wp\/v2\/users\/1"}],"replies":[{"embeddable":true,"href":"https:\/\/concisa.net.ve\/2022\/wp-json\/wp\/v2\/comments?post=2"}],"version-history":[{"count":1,"href":"https:\/\/concisa.net.ve\/2022\/wp-json\/wp\/v2\/pages\/2\/revisions"}],"predecessor-version":[{"id":72,"href":"https:\/\/concisa.net.ve\/2022\/wp-json\/wp\/v2\/pages\/2\/revisions\/72"}],"wp:attachment":[{"href":"https:\/\/concisa.net.ve\/2022\/wp-json\/wp\/v2\/media?parent=2"}],"curies":[{"name":"wp","href":"https:\/\/api.w.org\/{rel}","templated":true}]}}