{"id":197,"date":"2022-11-16T16:15:40","date_gmt":"2022-11-16T16:15:40","guid":{"rendered":"https:\/\/concisa.net.ve\/2022\/?page_id=197"},"modified":"2022-11-16T16:19:31","modified_gmt":"2022-11-16T16:19:31","slug":"pst-comite-cientifico","status":"publish","type":"page","link":"https:\/\/concisa.net.ve\/2022\/pst-comite-cientifico\/","title":{"rendered":"PST 2022 &#8211; Comit\u00e9 Cient\u00edfico"},"content":{"rendered":"<p><span style=\"display: block; font-size: 20px; padding: 7px; margin-left: 0pt; -webkit-border-radius: 4px; border-radius: 4px; color: white; text-shadow: 3px 3px black; background-image: linear-gradient(135deg, #094357, #094357, #094357, #094357, #094357, #094357, #094357, #094357, #1373c3, #94dcf4, #1373c3, #042744);\">Presidente del Comit\u00e9 Cient\u00edfico<\/span><\/p>\n<table style=\"margin: 0px auto; width: 100%;\" border=\"0\">\n<body><\/p>\n<tr><\/tr>\n<tr>\n<td style=\"text-align: left;\">Yusneyi Carballo<\/td>\n<td style=\"text-align: right;\">Universidad Central de Venezuela \u2013 Venezuela<\/td>\n<\/tr>\n<\/tbody>\n<\/table>\n<p>&nbsp;<\/p>\n<p><span style=\"display: block; font-size: 20px; padding: 7px; margin-left: 0pt; -webkit-border-radius: 4px; border-radius: 4px; color: white; text-shadow: 3px 3px black; background-image: linear-gradient(135deg, #094357, #094357, #094357, #094357, #094357, #094357, #094357, #094357, #1373c3, #94dcf4, #1373c3, #042744);\">Miembros del Comit\u00e9 Cient\u00edfico<\/span><\/p>\n<table style=\"margin: 0px auto; width: 100%;\" border=\"0\">\n<body><\/p>\n<tr><\/tr>\n<tr>\n<td style=\"text-align: left;\">Iris Albarr\u00e1n<\/td>\n<td style=\"text-align: right;\">IUT Regi\u00f3n Capital \u201cDr. Federico Rivero Placio\u201d \u2013 Venezuela<\/td>\n<\/tr>\n<tr>\n<td style=\"text-align: left;\">Aleidys Arraiz<\/td>\n<td style=\"text-align: right;\">Universidad Polit\u00e9cnica Territorial del Estado Aragua \u2013 Venezuela<\/td>\n<\/tr>\n<tr>\n<td style=\"text-align: left;\">Dinarte Ortega<\/td>\n<td style=\"text-align: right;\">Universidad Cat\u00f3lica Andr\u00e9s Bello \u2013 Venezuela<\/td>\n<\/tr>\n<\/tbody>\n<\/table>\n<p>&nbsp;<\/p>\n","protected":false},"excerpt":{"rendered":"<p>Presidente del Comit\u00e9 Cient\u00edfico Yusneyi Carballo Universidad Central de Venezuela \u2013 Venezuela &nbsp; Miembros del Comit\u00e9 Cient\u00edfico Iris Albarr\u00e1n IUT Regi\u00f3n Capital \u201cDr. Federico Rivero Placio\u201d \u2013 Venezuela Aleidys Arraiz Universidad Polit\u00e9cnica Territorial del&#46;&#46;&#46;<\/p>\n","protected":false},"author":1,"featured_media":0,"parent":0,"menu_order":0,"comment_status":"closed","ping_status":"closed","template":"","meta":{"footnotes":""},"class_list":["post-197","page","type-page","status-publish","hentry"],"_links":{"self":[{"href":"https:\/\/concisa.net.ve\/2022\/wp-json\/wp\/v2\/pages\/197","targetHints":{"allow":["GET"]}}],"collection":[{"href":"https:\/\/concisa.net.ve\/2022\/wp-json\/wp\/v2\/pages"}],"about":[{"href":"https:\/\/concisa.net.ve\/2022\/wp-json\/wp\/v2\/types\/page"}],"author":[{"embeddable":true,"href":"https:\/\/concisa.net.ve\/2022\/wp-json\/wp\/v2\/users\/1"}],"replies":[{"embeddable":true,"href":"https:\/\/concisa.net.ve\/2022\/wp-json\/wp\/v2\/comments?post=197"}],"version-history":[{"count":1,"href":"https:\/\/concisa.net.ve\/2022\/wp-json\/wp\/v2\/pages\/197\/revisions"}],"predecessor-version":[{"id":198,"href":"https:\/\/concisa.net.ve\/2022\/wp-json\/wp\/v2\/pages\/197\/revisions\/198"}],"wp:attachment":[{"href":"https:\/\/concisa.net.ve\/2022\/wp-json\/wp\/v2\/media?parent=197"}],"curies":[{"name":"wp","href":"https:\/\/api.w.org\/{rel}","templated":true}]}}