{"id":194,"date":"2022-11-16T15:56:35","date_gmt":"2022-11-16T15:56:35","guid":{"rendered":"https:\/\/concisa.net.ve\/2022\/?page_id=194"},"modified":"2024-07-27T19:09:18","modified_gmt":"2024-07-27T19:09:18","slug":"teg-comite-cientifico","status":"publish","type":"page","link":"https:\/\/concisa.net.ve\/2022\/teg-comite-cientifico\/","title":{"rendered":"TEG 2022 &#8211; Comit\u00e9 Cient\u00edfico"},"content":{"rendered":"<p><span style=\"display: block; font-size: 20px; padding: 7px; margin-left: 0pt; -webkit-border-radius: 4px; border-radius: 4px; color: white; text-shadow: 3px 3px black; background-image: linear-gradient(135deg, #094357, #094357, #094357, #094357, #094357, #094357, #094357, #094357, #1373c3, #94dcf4, #1373c3, #042744);\">Presidente del Comit\u00e9 Cient\u00edfico<\/span><\/p>\n<table style=\"margin: 0px auto; width: 100%;\" border=\"0\">\n<body><\/p>\n<tr><\/tr>\n<tr>\n<td style=\"text-align: left;\">Yusneyi Carballo<\/td>\n<td style=\"text-align: right;\">Universidad Central de Venezuela \u2013 Venezuela<\/td>\n<\/tr>\n<\/tbody>\n<\/table>\n<p>&nbsp;<\/p>\n<p><span style=\"display: block; font-size: 20px; padding: 7px; margin-left: 0pt; -webkit-border-radius: 4px; border-radius: 4px; color: white; text-shadow: 3px 3px black; background-image: linear-gradient(135deg, #094357, #094357, #094357, #094357, #094357, #094357, #094357, #094357, #1373c3, #94dcf4, #1373c3, #042744);\">Miembros del Comit\u00e9 Cient\u00edfico<\/span><\/p>\n<table style=\"margin: 0px auto; width: 100%;\" border=\"0\">\n<body><\/p>\n<tr><\/tr>\n<tr>\n<td style=\"text-align: left;\">Rhadam\u00e9s Carmona<\/td>\n<td style=\"text-align: right;\">Universidad Central de Venezuela \u2013 Venezuela<\/td>\n<\/tr>\n<tr>\n<td style=\"text-align: left;\">Patricia Guerrero<\/td>\n<td style=\"text-align: right;\">Universidad de Carabobo \u2013 Venezuela<\/td>\n<\/tr>\n<tr>\n<td style=\"text-align: left;\">Yosly Hern\u00e1ndez<\/td>\n<td style=\"text-align: right;\">Universidad Central de Venezuela \u2013 Venezuela<\/td>\n<\/tr>\n<tr>\n<td style=\"text-align: left;\">Vanessa Legu\u00edzamo<\/td>\n<td style=\"text-align: right;\">Universidad Central de Venezuela \u2013 Venezuela<\/td>\n<\/tr>\n<tr>\n<td style=\"text-align: left;\">Nora Monta\u00f1o<\/td>\n<td style=\"text-align: right;\">Universidad Central de Venezuela \u2013 Venezuela<\/td>\n<\/tr>\n<tr>\n<td style=\"text-align: left;\">Ana Morales<\/td>\n<td style=\"text-align: right;\">Universidad Central de Venezuela \u2013 Venezuela<\/td>\n<\/tr>\n<tr>\n<td style=\"text-align: left;\">Francisco Moreno<\/td>\n<td style=\"text-align: right;\">Universidad Central de Venezuela \u2013 Venezuela<\/td>\n<\/tr>\n<tr>\n<td style=\"text-align: left;\">Antonio Russoniello<\/td>\n<td style=\"text-align: right;\">Universidad Central de Venezuela \u2013 Venezuela<\/td>\n<\/tr>\n<tr>\n<td style=\"text-align: left;\">Nancy Zambrano<\/td>\n<td style=\"text-align: right;\">Universidad Central de Venezuela \u2013 Venezuela<\/td>\n<\/tr>\n<\/tbody>\n<\/table>\n<p>&nbsp;<\/p>\n","protected":false},"excerpt":{"rendered":"<p>Presidente del Comit\u00e9 Cient\u00edfico Yusneyi Carballo Universidad Central de Venezuela \u2013 Venezuela &nbsp; Miembros del Comit\u00e9 Cient\u00edfico Rhadam\u00e9s Carmona Universidad Central de Venezuela \u2013 Venezuela Patricia Guerrero Universidad de Carabobo \u2013 Venezuela Yosly Hern\u00e1ndez&#46;&#46;&#46;<\/p>\n","protected":false},"author":1,"featured_media":0,"parent":0,"menu_order":0,"comment_status":"closed","ping_status":"closed","template":"","meta":{"footnotes":""},"class_list":["post-194","page","type-page","status-publish","hentry"],"_links":{"self":[{"href":"https:\/\/concisa.net.ve\/2022\/wp-json\/wp\/v2\/pages\/194","targetHints":{"allow":["GET"]}}],"collection":[{"href":"https:\/\/concisa.net.ve\/2022\/wp-json\/wp\/v2\/pages"}],"about":[{"href":"https:\/\/concisa.net.ve\/2022\/wp-json\/wp\/v2\/types\/page"}],"author":[{"embeddable":true,"href":"https:\/\/concisa.net.ve\/2022\/wp-json\/wp\/v2\/users\/1"}],"replies":[{"embeddable":true,"href":"https:\/\/concisa.net.ve\/2022\/wp-json\/wp\/v2\/comments?post=194"}],"version-history":[{"count":1,"href":"https:\/\/concisa.net.ve\/2022\/wp-json\/wp\/v2\/pages\/194\/revisions"}],"predecessor-version":[{"id":195,"href":"https:\/\/concisa.net.ve\/2022\/wp-json\/wp\/v2\/pages\/194\/revisions\/195"}],"wp:attachment":[{"href":"https:\/\/concisa.net.ve\/2022\/wp-json\/wp\/v2\/media?parent=194"}],"curies":[{"name":"wp","href":"https:\/\/api.w.org\/{rel}","templated":true}]}}