{"id":188,"date":"2022-11-12T21:57:57","date_gmt":"2022-11-12T21:57:57","guid":{"rendered":"https:\/\/concisa.net.ve\/2022\/?page_id=188"},"modified":"2022-11-12T23:34:07","modified_gmt":"2022-11-12T23:34:07","slug":"evi-registro-tutoriales","status":"publish","type":"page","link":"https:\/\/concisa.net.ve\/2022\/evi-registro-tutoriales\/","title":{"rendered":"EVI 2022 &#8211; Registro Tutoriales"},"content":{"rendered":"<p><span style=\"display: block; font-size: 20px; padding: 7px; margin-left: 0pt; -webkit-border-radius: 4px; border-radius: 4px; color: white; text-shadow: 3px 3px black; background-image: linear-gradient(135deg, #094357, #094357, #094357, #094357, #094357, #094357, #094357, #094357, #1373c3, #94dcf4, #1373c3, #042744);\">Registro Tutoriales<\/span><\/p>\n<p>Durante EVI 2022, habr\u00e1 tutoriales de 4 horas y otros de 8 horas. La programaci\u00f3n de los tutoriales se puede ver haciendo clic <a href=\"https:\/\/concisa.net.ve\/2022\/evi-tutoriales-ofertados\">aqu\u00ed<\/a>. Los tutoriales ser\u00e1n ofertados sin costo. Ahora, si usted necesita una constancia de asistencia, habr\u00e1 un cobro m\u00ednimo para la emisi\u00f3n y\/o impresi\u00f3n de la constancia (certificado).<\/p>\n<p>Si usted lo desea as\u00ed, puede registrar varios tutoriales. En este caso, est\u00e9 seguro que no registra tutoriales que se solapen. Para registrar un tutorial, debe llenar un formulario de Google (Google Form). La informaci\u00f3n se encuentra a continuaci\u00f3n.<\/p>\n<ul>\n<li><strong>EVI01: <a href=\"https:\/\/concisa.net.ve\/2022\/evi-tutoriales#evi01\">T\u00f3picos y Tendencias en Esteganograf\u00eda<\/a><\/strong><br \/>\n        <strong>Fecha:<\/strong> Lunes 14 de noviembre de 2022 (08:00 AM a 12:00 M)<br \/>\n        <strong>Google Form:<\/strong> <a href=\"https:\/\/docs.google.com\/forms\/d\/e\/1FAIpQLSe9COj9bI9t-eU3ShmM8if4Srrumiq_Q8chxVeWSF3RKZrKoQ\/viewform?usp=sf_link\" target=\"_blank\" rel=\"noopener\">enlace<\/a><\/li>\n<li><strong>EVI02: <a href=\"https:\/\/concisa.net.ve\/2022\/evi-tutoriales#evi02\">Programaci\u00f3n de un Videojuego y un Agente que lo Juega<\/a><\/strong><br \/>\n        <strong>Fecha:<\/strong> Lunes 14 de noviembre de 2022 (08:00 AM a 12:00 M)<br \/>\n        <strong>Google Form:<\/strong> <a href=\"https:\/\/docs.google.com\/forms\/d\/e\/1FAIpQLScfyz_uEx8CR2QPF-KucS-MZSX11DnWEe1608ZrfTD9lz1f7g\/viewform\" target=\"_blank\" rel=\"noopener\">enlace<\/a><\/li>\n<li><strong>EVI03: <a href=\"https:\/\/concisa.net.ve\/2022\/evi-tutoriales#evi03\">Seguridad B\u00e1sica y Principios de An\u00e1lisis Forense en Inform\u00e1tica (Parte 1 &#038; Parte 2)<\/a><\/strong><br \/>\n        <strong>Fecha Parte 1:<\/strong> Lunes 14 de noviembre de 2022 (08:00 AM a 12:00 M)<br \/>\n        <strong>Fecha Parte 2:<\/strong> Martes 15 de noviembre de 2022 (09:00 AM a 01:00 PM)<br \/>\n        <strong>Google Form:<\/strong> <a href=\"https:\/\/docs.google.com\/forms\/d\/e\/1FAIpQLSf3hoBLjVUtNkFT-dyuQh8Rkog9v_9FslpPDnQJ_e4zN5jvGQ\/viewform?usp=sf_link\" target=\"_blank\" rel=\"noopener\">enlace<\/a><\/li>\n<li><strong>EVI04: <a href=\"https:\/\/concisa.net.ve\/2022\/evi-tutoriales#evi04\">Miner\u00eda de Datos con Inteligencia Artificial &#8211; Perspectivas Presentes y Futuras (Parte 1 &#038; Parte 2)<\/a><\/strong><br \/>\n \t<strong>Fecha Parte 1:<\/strong> Lunes 14 de noviembre de 2022 (09:00 AM a 01:00 PM)<br \/>\n \t<strong>Fecha Parte 2:<\/strong> Martes 15 de noviembre de 2022 (09:00 AM a 01:00 PM)<br \/>\n        <strong>Google Form:<\/strong> <a href=\"https:\/\/docs.google.com\/forms\/d\/e\/1FAIpQLSe1Mnkk-ekM9zmwMXn6X-AZOym9r_qYTrmwRb8FKbOxr-tqiw\/viewform?usp=sf_link\" target=\"_blank\" rel=\"noopener\">enlace<\/a><\/li>\n<li><strong>EVI05: <a href=\"https:\/\/concisa.net.ve\/2022\/evi-tutoriales#evi05\">Una Aventura al Internet de las Cosas con los M\u00f3dulos Wi-Fi ESP8266 y ESP32<\/a><\/strong><br \/>\n \t<strong>Fecha:<\/strong> Lunes 14 de noviembre de 2022 (02:00 PM a 06:00 PM)<br \/>\n        <strong>Google Form:<\/strong> <a href=\"https:\/\/docs.google.com\/forms\/d\/e\/1FAIpQLScMLzqOMWcwMKJIc46oNIYkL7fZrhAVXg3FYcjzwq3Nw0J5wA\/viewform?usp=sf_link\" target=\"_blank\" rel=\"noopener\">enlace<\/a><\/li>\n<li><strong>EVI06: <a href=\"https:\/\/concisa.net.ve\/2022\/evi-tutoriales#evi06\">Computaci\u00f3n Gr\u00e1fica &#8211; Un Recorrido Divertido<\/a><\/strong><br \/>\n \t<strong>Fecha:<\/strong> Lunes 14 de noviembre de 2022 (02:00 PM a 06:00 PM)<br \/>\n        <strong>Google Form:<\/strong> <a href=\"https:\/\/docs.google.com\/forms\/d\/e\/1FAIpQLSdd_27oMMgtv4HXDpqQjrLdU12mRjup8llGJZxmpJd8Lr4quQ\/viewform?usp=sf_link\" target=\"_blank\" rel=\"noopener\">enlace<\/a><\/li>\n<li><strong>EVI07: <a href=\"https:\/\/concisa.net.ve\/2022\/evi-tutoriales#evi07\">Uso de la Herramienta GNU Privacy Guard para Criptograf\u00eda, Firmas Digitales y Correo Electr\u00f3nico Cifrado<\/a><\/strong> <br \/>\n \t<strong>Fecha:<\/strong> Lunes 14 de noviembre de 2022 (02:00 PM a 06:00 PM)<br \/>\n        <strong>Google Form:<\/strong> <a href=\"https:\/\/docs.google.com\/forms\/d\/e\/1FAIpQLSeIEvVcNil2PbQgRjj-_1Iv91YK3vDhGu6sgp9t2HcAe3sWkA\/viewform?usp=sf_link\" target=\"_blank\" rel=\"noopener\">enlace<\/a><\/li>\n<li><strong>EVI08: <a href=\"https:\/\/concisa.net.ve\/2022\/evi-tutoriales#evi08\">Direcci\u00f3n de Proyectos de Software con SCRUM<\/a><\/strong><br \/>\n \t<strong>Fecha:<\/strong> Martes 15 de noviembre de 2022 (08:00 AM a 12:00 M)<br \/>\n        <strong>Google Form:<\/strong> <a href=\"https:\/\/docs.google.com\/forms\/d\/e\/1FAIpQLSeySWnRIKPq-xgAFUJ9mOx85geQpfx9rL0L6-6TpPt0bf0mZQ\/viewform?usp=sf_link\" target=\"_blank\" rel=\"noopener\">enlace<\/a><\/li>\n<li><strong>EVI09: <a href=\"https:\/\/concisa.net.ve\/2022\/evi-tutoriales#evi09\">Introducci\u00f3n al Mundo de la Programaci\u00f3n L\u00f3gica<\/a><\/strong><br \/>\n \t<strong>Fecha:<\/strong> Martes 15 de noviembre de 2022 (08:00 AM a 12:00 M)<br \/>\n        <strong>Google Form:<\/strong> <a href=\"https:\/\/docs.google.com\/forms\/d\/e\/1FAIpQLSfmAiSHTWAqZhdfe0urNiiDZNZKCgr091i0HdzEgjC2SyotHw\/viewform?usp=sf_link\" target=\"_blank\" rel=\"noopener\">enlace<\/a><\/li>\n<li><strong>EVI10: <a href=\"https:\/\/concisa.net.ve\/2022\/evi-tutoriales#evi10\">Construyendo tu NFT<\/a><\/strong> <br \/>\n \t<strong>Fecha:<\/strong> Martes 15 de noviembre de 2022 (01:00 PM a 05:00 PM)<br \/>\n        <strong>Google Form:<\/strong> <a href=\"https:\/\/docs.google.com\/forms\/d\/e\/1FAIpQLSdEqbRyxRkz0DNHPMhtxIXNwNHbfhP6AMMbsF0jEpWjJhg76w\/viewform?usp=sf_link\" target=\"_blank\" rel=\"noopener\">enlace<\/a><\/li>\n<\/ul>\n","protected":false},"excerpt":{"rendered":"<p>Registro Tutoriales Durante EVI 2022, habr\u00e1 tutoriales de 4 horas y otros de 8 horas. La programaci\u00f3n de los tutoriales se puede ver haciendo clic aqu\u00ed. Los tutoriales ser\u00e1n ofertados sin costo. Ahora, si&#46;&#46;&#46;<\/p>\n","protected":false},"author":1,"featured_media":0,"parent":0,"menu_order":0,"comment_status":"closed","ping_status":"closed","template":"","meta":{"footnotes":""},"class_list":["post-188","page","type-page","status-publish","hentry"],"_links":{"self":[{"href":"https:\/\/concisa.net.ve\/2022\/wp-json\/wp\/v2\/pages\/188","targetHints":{"allow":["GET"]}}],"collection":[{"href":"https:\/\/concisa.net.ve\/2022\/wp-json\/wp\/v2\/pages"}],"about":[{"href":"https:\/\/concisa.net.ve\/2022\/wp-json\/wp\/v2\/types\/page"}],"author":[{"embeddable":true,"href":"https:\/\/concisa.net.ve\/2022\/wp-json\/wp\/v2\/users\/1"}],"replies":[{"embeddable":true,"href":"https:\/\/concisa.net.ve\/2022\/wp-json\/wp\/v2\/comments?post=188"}],"version-history":[{"count":1,"href":"https:\/\/concisa.net.ve\/2022\/wp-json\/wp\/v2\/pages\/188\/revisions"}],"predecessor-version":[{"id":189,"href":"https:\/\/concisa.net.ve\/2022\/wp-json\/wp\/v2\/pages\/188\/revisions\/189"}],"wp:attachment":[{"href":"https:\/\/concisa.net.ve\/2022\/wp-json\/wp\/v2\/media?parent=188"}],"curies":[{"name":"wp","href":"https:\/\/api.w.org\/{rel}","templated":true}]}}