{"id":186,"date":"2022-11-12T20:02:02","date_gmt":"2022-11-12T20:02:02","guid":{"rendered":"https:\/\/concisa.net.ve\/2022\/?page_id=186"},"modified":"2024-11-17T20:00:44","modified_gmt":"2024-11-17T20:00:44","slug":"concisa-memorias","status":"publish","type":"page","link":"https:\/\/concisa.net.ve\/2022\/concisa-memorias\/","title":{"rendered":"CoNCISa 2022 &#8211; Memorias"},"content":{"rendered":"<p><span style=\"display: block; font-size: 20px; padding: 7px; margin-left: 0pt; -webkit-border-radius: 4px; border-radius: 4px; color: white; text-shadow: 3px 3px black; background-image: linear-gradient(135deg, #094357, #094357, #094357, #094357, #094357, #094357, #094357, #094357, #1373c3, #94dcf4, #1373c3, #042744);\">Contribuci\u00f3n por Separada<\/span><\/p>\n<p>En la siguiente tabla, se encuentran las contribuciones de CoNCISa 2022 (Sesi\u00f3n de Investigaci\u00f3n &#8211; Art\u00edculos Cortos).<\/p>\n<table style=\"margin: 0px auto; width: 100%;\" border=\"0\">\n<body><\/p>\n<tr><\/tr>\n<tr>\n<td style=\"text-align: center; width: 10%;\"><strong>N\u00famero<\/strong><\/td>\n<td style=\"text-align: center; width: 80%;\"><strong>T\u00edtulo de la Contribuci\u00f3n<\/strong><\/td>\n<td style=\"text-align: center; width: 10%;\"><strong>P\u00e1ginas<\/strong><\/td>\n<\/tr>\n<tr>\n<td style=\"text-align: center;\">1<\/td>\n<td style=\"text-align: left;\">\n<strong>Notaci\u00f3n Forsyth-Edwards Modificada para Representaci\u00f3n Digital Portable de Estados de Juego de Rithmomachia<\/strong> <br \/>\nJulio Le\u00f3n, Miguel Astor<\/td>\n<td style=\"text-align: center;\"><a href=\"https:\/\/concisa.net.ve\/memorias\/CoNCISa2022\/CoNCISa2022-p002-005.pdf\" target=\"_blank\" rel=\"noopener noreferrer\">2-5<\/a><\/td>\n<\/tr>\n<tr>\n<td style=\"text-align: center;\">2<\/td>\n<td style=\"text-align: left;\">\n<strong>Revisi\u00f3n de T\u00e9cnicas y Tecnolog\u00edas para la Construcci\u00f3n del Producto M\u00ednimo Viable en el Contexto del Emprendimiento Universitario<\/strong> <br \/>\nMercy Ospina, Yusneyi Carballo<\/td>\n<td style=\"text-align: center;\"><a href=\"https:\/\/concisa.net.ve\/memorias\/CoNCISa2022\/CoNCISa2022-p006-010.pdf\" target=\"_blank\" rel=\"noopener noreferrer\">6-10<\/a><\/td>\n<\/tr>\n<tr>\n<td style=\"text-align: center;\">3<\/td>\n<td style=\"text-align: left;\">\n<strong>Aplicaci\u00f3n del Proceso IMFS &#038; VCD para Arquitecturas de Referencia de Sistemas Integrados de Salud<\/strong> <br \/>\nAleidys Arraiz, Yusneyi Carballo<\/td>\n<td style=\"text-align: center;\"><a href=\"https:\/\/concisa.net.ve\/memorias\/CoNCISa2022\/CoNCISa2022-p011-014.pdf\" target=\"_blank\" rel=\"noopener noreferrer\">11-14<\/a><\/td>\n<\/tr>\n<tr>\n<td style=\"text-align: center;\">4<\/td>\n<td style=\"text-align: left;\">\n<strong>Modelo Conceptual para Definir una Estrategia de SQA de Sistemas Generativos Impulsados por IA<\/strong> <br \/>\nFrancisco Da Ponte, Camilo P\u00e9rez, Mar\u00eda P\u00e9rez<\/td>\n<td style=\"text-align: center;\"><a href=\"https:\/\/concisa.net.ve\/memorias\/CoNCISa2022\/CoNCISa2022-p015-019.pdf\" target=\"_blank\" rel=\"noopener noreferrer\">15-19<\/a><\/td>\n<\/tr>\n<tr>\n<td style=\"text-align: center;\">5<\/td>\n<td style=\"text-align: left;\">\n<strong>Procesamiento de Lenguaje Natural para la B\u00fasqueda Sem\u00e1ntica en Repositorios Acad\u00e9micos<\/strong> <br \/>\nHeider Delgado, Franky Uzc\u00e1tegui<\/td>\n<td style=\"text-align: center;\"><a href=\"https:\/\/concisa.net.ve\/memorias\/CoNCISa2022\/CoNCISa2022-p020-023.pdf\" target=\"_blank\" rel=\"noopener noreferrer\">20-23<\/a><\/td>\n<\/tr>\n<tr>\n<td style=\"text-align: center;\">6<\/td>\n<td style=\"text-align: left;\">\n<strong>Instanciaci\u00f3n del ISO\/IEC 25010 para Evaluar la Calidad en Herramientas de An\u00e1lisis de Datos para Empresas de Log\u00edstica que Generan Datos de Geolocalizaci\u00f3n<\/strong> <br \/>\nLeonardo Perdomo, Mar\u00eda P\u00e9rez<\/td>\n<td style=\"text-align: center;\"><a href=\"https:\/\/concisa.net.ve\/memorias\/CoNCISa2022\/CoNCISa2022-p024-027.pdf\" target=\"_blank\" rel=\"noopener noreferrer\">24-27<\/a><\/td>\n<\/tr>\n<tr>\n<td style=\"text-align: center;\">7<\/td>\n<td style=\"text-align: left;\">\n<strong>Propuesta de Arquitectura Orientada a Calidad para PostgreSQLf<\/strong> <br \/>\nLivia Borjas, Carlos L\u00f3pez, Adolfredo Malav\u00e9<\/td>\n<td style=\"text-align: center;\"><a href=\"https:\/\/concisa.net.ve\/memorias\/CoNCISa2022\/CoNCISa2022-p028-031.pdf\" target=\"_blank\" rel=\"noopener noreferrer\">28-31<\/a><\/td>\n<\/tr>\n<\/tbody>\n<\/table>\n<p>&nbsp;<br \/>\n&nbsp;<\/p>\n<p><span style=\"display: block; font-size: 20px; padding: 7px; margin-left: 0pt; -webkit-border-radius: 4px; border-radius: 4px; color: white; text-shadow: 3px 3px black; background-image: linear-gradient(135deg, #094357, #094357, #094357, #094357, #094357, #094357, #094357, #094357, #1373c3, #94dcf4, #1373c3, #042744);\">Archivos Adicionales<\/span><\/p>\n<p>En esta tabla, se encuentran algunos archivos adicionales de las memorias de CoNCISa 2022.<\/p>\n<table style=\"margin: 0px auto; width: 100%;\" border=\"0\">\n<body><\/p>\n<tr>\n<td style=\"text-align: left; width: 90%;\"><strong>Informaci\u00f3n<\/strong><\/td>\n<td style=\"text-align: center; width: 10%;\"><strong>Archivo<\/strong><\/td>\n<\/tr>\n<tr>\n<td style=\"text-align: left;\"><strong>Volumen Completo<\/strong><\/td>\n<td style=\"text-align: center;\"><strong><a href=\"https:\/\/concisa.net.ve\/memorias\/CoNCISa2022\/CoNCISa2022-full-proceedings.pdf\" target=\"_blank\" rel=\"noopener noreferrer\">enlace<\/a><\/strong><\/td>\n<\/tr>\n<tr>\n<td style=\"text-align: left;\"><strong>Cubierta<\/strong><\/td>\n<td style=\"text-align: center;\"><strong><a href=\"https:\/\/concisa.net.ve\/memorias\/CoNCISa2022\/CoNCISa2022-front-cover.pdf\" target=\"_blank\" rel=\"noopener noreferrer\">enlace<\/a><\/strong><\/td>\n<\/tr>\n<tr>\n<td style=\"text-align: left;\"><strong>Primera P\u00e1gina<\/strong><\/td>\n<td style=\"text-align: center;\"><strong><a href=\"https:\/\/concisa.net.ve\/memorias\/CoNCISa2022\/CoNCISa2022-first-page.pdf\" target=\"_blank\" rel=\"noopener noreferrer\">enlace<\/a><\/strong><\/td>\n<\/tr>\n<tr>\n<td style=\"text-align: left;\"><strong>Comit\u00e9 de Programa<\/strong><\/td>\n<td style=\"text-align: center;\"><strong><a href=\"https:\/\/concisa.net.ve\/memorias\/CoNCISa2022\/CoNCISa2022-program-committee.pdf\" target=\"_blank\" rel=\"noopener noreferrer\">enlace<\/a><\/strong><\/td>\n<\/tr>\n<tr>\n<td style=\"text-align: left;\"><strong>Comit\u00e9 Organizador<\/strong><\/td>\n<td style=\"text-align: center;\"><strong><a href=\"https:\/\/concisa.net.ve\/memorias\/CoNCISa2022\/CoNCISa2022-organizing-committee.pdf\" target=\"_blank\" rel=\"noopener noreferrer\">enlace<\/a><\/strong><\/td>\n<\/tr>\n<tr>\n<td style=\"text-align: left;\"><strong>Tabla de Contenido<\/strong><\/td>\n<td style=\"text-align: center;\"><strong><a href=\"https:\/\/concisa.net.ve\/memorias\/CoNCISa2022\/CoNCISa2022-ToC.pdf\" target=\"_blank\" rel=\"noopener noreferrer\">enlace<\/a><\/strong><\/td>\n<\/tr>\n<tr>\n<td style=\"text-align: left;\"><strong>\u00cdndice de Autores<\/strong><\/td>\n<td style=\"text-align: center;\"><strong><a href=\"https:\/\/concisa.net.ve\/memorias\/CoNCISa2022\/CoNCISa2022-authors.pdf\" target=\"_blank\" rel=\"noopener noreferrer\">enlace<\/a><\/strong><\/td>\n<\/tr>\n<\/tbody>\n<\/table>\n","protected":false},"excerpt":{"rendered":"<p>Contribuci\u00f3n por Separada En la siguiente tabla, se encuentran las contribuciones de CoNCISa 2022 (Sesi\u00f3n de Investigaci\u00f3n &#8211; Art\u00edculos Cortos). N\u00famero T\u00edtulo de la Contribuci\u00f3n P\u00e1ginas 1 Notaci\u00f3n Forsyth-Edwards Modificada para Representaci\u00f3n Digital Portable&#46;&#46;&#46;<\/p>\n","protected":false},"author":1,"featured_media":0,"parent":0,"menu_order":0,"comment_status":"closed","ping_status":"closed","template":"","meta":{"footnotes":""},"class_list":["post-186","page","type-page","status-publish","hentry"],"_links":{"self":[{"href":"https:\/\/concisa.net.ve\/2022\/wp-json\/wp\/v2\/pages\/186","targetHints":{"allow":["GET"]}}],"collection":[{"href":"https:\/\/concisa.net.ve\/2022\/wp-json\/wp\/v2\/pages"}],"about":[{"href":"https:\/\/concisa.net.ve\/2022\/wp-json\/wp\/v2\/types\/page"}],"author":[{"embeddable":true,"href":"https:\/\/concisa.net.ve\/2022\/wp-json\/wp\/v2\/users\/1"}],"replies":[{"embeddable":true,"href":"https:\/\/concisa.net.ve\/2022\/wp-json\/wp\/v2\/comments?post=186"}],"version-history":[{"count":1,"href":"https:\/\/concisa.net.ve\/2022\/wp-json\/wp\/v2\/pages\/186\/revisions"}],"predecessor-version":[{"id":187,"href":"https:\/\/concisa.net.ve\/2022\/wp-json\/wp\/v2\/pages\/186\/revisions\/187"}],"wp:attachment":[{"href":"https:\/\/concisa.net.ve\/2022\/wp-json\/wp\/v2\/media?parent=186"}],"curies":[{"name":"wp","href":"https:\/\/api.w.org\/{rel}","templated":true}]}}