{"id":176,"date":"2022-11-09T15:13:16","date_gmt":"2022-11-09T15:13:16","guid":{"rendered":"https:\/\/concisa.net.ve\/2022\/?page_id=176"},"modified":"2022-11-16T23:48:58","modified_gmt":"2022-11-16T23:48:58","slug":"concisa-ponencias","status":"publish","type":"page","link":"https:\/\/concisa.net.ve\/2022\/concisa-ponencias\/","title":{"rendered":"CoNCISa 2022 &#8211; Ponencias"},"content":{"rendered":"<p><span style=\"display: block; font-size: 20px; padding: 7px; margin-left: 0pt; -webkit-border-radius: 4px; border-radius: 4px; color: white; text-shadow: 3px 3px black; background-image: linear-gradient(135deg, #094357, #094357, #094357, #094357, #094357, #094357, #094357, #094357, #1373c3, #94dcf4, #1373c3, #042744);\">Programaci\u00f3n Ponencias<\/span><\/p>\n<p>Para CoNCISa 2022, se acept\u00f3 un solo tipo de contribuci\u00f3n que consiste en art\u00edculos cortos (con un m\u00e1ximo de 4 p\u00e1ginas). En la tabla a continuaci\u00f3n, se encuentra la programaci\u00f3n de los trabajos aceptados. La presentaci\u00f3n de los trabajos se har\u00e1 en el Auditorio Manuel Bemporad, de la Escuela de Computaci\u00f3n, de la UCV. Para ver la programaci\u00f3n general de EVI\/CoNCISa 2022, haga clic <a href=\"https:\/\/concisa.net.ve\/2022\/concisa-programa-general\">aqu\u00ed<\/a>.<\/p>\n<h5>Jueves 17 de Noviembre de 2022<\/h5>\n<table style=\"margin: 0px auto; width: 100%;\" border=\"0\">\n<body><\/p>\n<tr><\/tr>\n<tr>\n<td style=\"text-align: center;\"><strong>Identificador<\/strong> <br \/> <strong>Contribuci\u00f3n<\/strong><\/td>\n<td style=\"text-align: center;\"><strong>T\u00edtulo de la Contribuci\u00f3n<\/strong><\/td>\n<td style=\"text-align: center;\"><strong>Tipo Contribuci\u00f3n<\/strong><\/td>\n<td style=\"text-align: center;\"><strong>Horario<\/strong><\/td>\n<\/tr>\n<tr>\n<td style=\"text-align: center;\">6517<\/td>\n<td style=\"text-align: left;\">\n<strong>Notaci\u00f3n Forsyth-Edwards Modificada para Representaci\u00f3n Digital Portable de Estados de Juego de Rithmomachia<\/strong> <br \/>\nJulio Le\u00f3n, Miguel Astor<\/td>\n<td style=\"text-align: center;\">Art\u00edculo Corto<\/td>\n<td style=\"text-align: center;\">14:30-14:50<\/td>\n<\/tr>\n<tr>\n<td style=\"text-align: center;\">2504<\/td>\n<td style=\"text-align: left;\">\n<strong>Revisi\u00f3n de T\u00e9cnicas y Tecnolog\u00edas para la Construcci\u00f3n del Producto M\u00ednimo Viable en el Contexto del Emprendimiento Universitario<\/strong> <br \/>\nMercy Ospina, Yusneyi Carballo<\/td>\n<td style=\"text-align: center;\">Art\u00edculo Corto<\/td>\n<td style=\"text-align: center;\">14:50-15:10<\/td>\n<\/tr>\n<tr>\n<td style=\"text-align: center;\">0138<\/td>\n<td style=\"text-align: left;\">\n<strong>Aplicaci\u00f3n del Proceso IMFS &#038; VCD para Arquitecturas de Referencia de Sistemas Integrados de Salud<\/strong> <br \/>\nAleidys Arraiz, Yusneyi Carballo<\/td>\n<td style=\"text-align: center;\">Art\u00edculo Corto<\/td>\n<td style=\"text-align: center;\">15:10-15:30<\/td>\n<\/tr>\n<tr>\n<td style=\"text-align: center;\">0694<\/td>\n<td style=\"text-align: left;\">\n<strong>Modelo Conceptual para Definir una Estrategia de SQA de Sistemas Generativos Impulsados por IA<\/strong> <br \/>\nFrancisco Da Ponte, Camilo P\u00e9rez, Mar\u00eda P\u00e9rez<\/td>\n<td style=\"text-align: center;\">Art\u00edculo Corto<\/td>\n<td style=\"text-align: center;\">15:30-15:50<\/td>\n<\/tr>\n<tr>\n<td style=\"text-align: center;\">2037<\/td>\n<td style=\"text-align: left;\">\n<strong>Procesamiento de Lenguaje Natural para la B\u00fasqueda Sem\u00e1ntica en Repositorios Acad\u00e9micos<\/strong> <br \/>\nHeider Delgado, Franky Uzc\u00e1tegui<\/td>\n<td style=\"text-align: center;\">Art\u00edculo Corto<\/td>\n<td style=\"text-align: center;\">15:50-16:10<\/td>\n<\/tr>\n<tr>\n<td style=\"text-align: center;\">4748<\/td>\n<td style=\"text-align: left;\">\n<strong>Instanciaci\u00f3n del ISO\/IEC 25010 para Evaluar la Calidad en Herramientas de An\u00e1lisis de Datos para Empresas de Log\u00edstica que Generan Datos de Geolocalizaci\u00f3n<\/strong> <br \/>\nLeonardo Perdomo, Mar\u00eda P\u00e9rez<\/td>\n<td style=\"text-align: center;\">Art\u00edculo Corto<\/td>\n<td style=\"text-align: center;\">16:10-16:30<\/td>\n<\/tr>\n<tr>\n<td style=\"text-align: center;\">7775<\/td>\n<td style=\"text-align: left;\">\n<strong>Propuesta de Arquitectura Orientada a Calidad para PostgreSQLf<\/strong> <br \/>\nLivia Borjas, Carlos L\u00f3pez, Adolfredo Malav\u00e9<\/td>\n<td style=\"text-align: center;\">Art\u00edculo Corto<\/td>\n<td style=\"text-align: center;\">16:30-16:50<\/td>\n<\/tr>\n<\/tbody>\n<\/table>\n","protected":false},"excerpt":{"rendered":"<p>Programaci\u00f3n Ponencias Para CoNCISa 2022, se acept\u00f3 un solo tipo de contribuci\u00f3n que consiste en art\u00edculos cortos (con un m\u00e1ximo de 4 p\u00e1ginas). En la tabla a continuaci\u00f3n, se encuentra la programaci\u00f3n de los&#46;&#46;&#46;<\/p>\n","protected":false},"author":1,"featured_media":0,"parent":0,"menu_order":0,"comment_status":"closed","ping_status":"closed","template":"","meta":{"footnotes":""},"class_list":["post-176","page","type-page","status-publish","hentry"],"_links":{"self":[{"href":"https:\/\/concisa.net.ve\/2022\/wp-json\/wp\/v2\/pages\/176","targetHints":{"allow":["GET"]}}],"collection":[{"href":"https:\/\/concisa.net.ve\/2022\/wp-json\/wp\/v2\/pages"}],"about":[{"href":"https:\/\/concisa.net.ve\/2022\/wp-json\/wp\/v2\/types\/page"}],"author":[{"embeddable":true,"href":"https:\/\/concisa.net.ve\/2022\/wp-json\/wp\/v2\/users\/1"}],"replies":[{"embeddable":true,"href":"https:\/\/concisa.net.ve\/2022\/wp-json\/wp\/v2\/comments?post=176"}],"version-history":[{"count":1,"href":"https:\/\/concisa.net.ve\/2022\/wp-json\/wp\/v2\/pages\/176\/revisions"}],"predecessor-version":[{"id":177,"href":"https:\/\/concisa.net.ve\/2022\/wp-json\/wp\/v2\/pages\/176\/revisions\/177"}],"wp:attachment":[{"href":"https:\/\/concisa.net.ve\/2022\/wp-json\/wp\/v2\/media?parent=176"}],"curies":[{"name":"wp","href":"https:\/\/api.w.org\/{rel}","templated":true}]}}