{"id":171,"date":"2022-11-09T13:50:50","date_gmt":"2022-11-09T13:50:50","guid":{"rendered":"https:\/\/concisa.net.ve\/2022\/?page_id=171"},"modified":"2022-11-18T21:12:30","modified_gmt":"2022-11-18T21:12:30","slug":"concisa-programa-general","status":"publish","type":"page","link":"https:\/\/concisa.net.ve\/2022\/concisa-programa-general\/","title":{"rendered":"CoNCISa 2022 &#8211; Programa General"},"content":{"rendered":"<p><span style=\"display: block; font-size: 20px; padding: 7px; margin-left: 0pt; -webkit-border-radius: 4px; border-radius: 4px; color: white; text-shadow: 3px 3px black; background-image: linear-gradient(135deg, #094357, #094357, #094357, #094357, #094357, #094357, #094357, #094357, #1373c3, #94dcf4, #1373c3, #042744);\">Programa General EVI\/CoNCISa 2022<\/span><\/p>\n<p>Abajo, est\u00e1 el programa general de EVI\/CoNCISa 2022. Este programa a\u00fan est\u00e1 sujeto a cambios. Para la programaci\u00f3n de las ponencias de CoNCISa 2022, haga clic <a href=\"https:\/\/concisa.net.ve\/2022\/concisa-ponencias\">aqu\u00ed<\/a>. Para m\u00e1s informaci\u00f3n sobre los tutoriales de EVI 2022, haga clic <a href=\"https:\/\/concisa.net.ve\/2022\/evi-tutoriales-ofertados\">aqu\u00ed<\/a>.<\/p>\n<p>La plenaria del d\u00eda mi\u00e9rcoles 16 de noviembre de 2022 est\u00e1 a cargo del Dr. Jes\u00fas Rivas, investigador del Instituto Nacional de Astrof\u00edsica, \u00d3ptica y Electr\u00f3nica (INAOE) de M\u00e9xico. El t\u00edtulo de la plenaria es &#8220;La Inteligencia Artificial y el Estudio de Estados Afectivos (Computaci\u00f3n Afectiva)&#8221;.<\/p>\n<p>La plenaria del d\u00eda jueves 17 de noviembre de 2022 est\u00e1 a cargo del Dr. Jos\u00e9 Carrasco, investigador del Barcelona Supercomputing Center de Espa\u00f1a. El t\u00edtulo de la plenaria es &#8220;La inteligencia Artificial en las Ciudades del Presente&#8221;.<\/p>\n<p>Note que las actividades de los d\u00edas mi\u00e9rcoles 16, jueves 17 y viernes 18 de noviembre de 2022 se realizar\u00e1n en el Auditorio Manuel Bemporad de la Escuela de Computaci\u00f3n de la Universidad Central de Venezuela.<\/p>\n<p style=\"text-align: center;\"><a href=\"http:\/\/concisa.net.ve\/2022\/wp-content\/uploads\/sites\/9\/2022\/11\/Programa-EVI-CoNCISa-v1.0.png\"><img decoding=\"async\" class=\"aligncenter size-full wp-image-447\" style=\"border: none; background-color: #ffffff;\" src=\"http:\/\/concisa.net.ve\/2022\/wp-content\/uploads\/sites\/9\/2022\/11\/Programa-EVI-CoNCISa-v1.0.png\"><\/a><\/p>\n","protected":false},"excerpt":{"rendered":"<p>Programa General EVI\/CoNCISa 2022 Abajo, est\u00e1 el programa general de EVI\/CoNCISa 2022. Este programa a\u00fan est\u00e1 sujeto a cambios. Para la programaci\u00f3n de las ponencias de CoNCISa 2022, haga clic aqu\u00ed. Para m\u00e1s informaci\u00f3n&#46;&#46;&#46;<\/p>\n","protected":false},"author":1,"featured_media":0,"parent":0,"menu_order":0,"comment_status":"closed","ping_status":"closed","template":"","meta":{"footnotes":""},"class_list":["post-171","page","type-page","status-publish","hentry"],"_links":{"self":[{"href":"https:\/\/concisa.net.ve\/2022\/wp-json\/wp\/v2\/pages\/171","targetHints":{"allow":["GET"]}}],"collection":[{"href":"https:\/\/concisa.net.ve\/2022\/wp-json\/wp\/v2\/pages"}],"about":[{"href":"https:\/\/concisa.net.ve\/2022\/wp-json\/wp\/v2\/types\/page"}],"author":[{"embeddable":true,"href":"https:\/\/concisa.net.ve\/2022\/wp-json\/wp\/v2\/users\/1"}],"replies":[{"embeddable":true,"href":"https:\/\/concisa.net.ve\/2022\/wp-json\/wp\/v2\/comments?post=171"}],"version-history":[{"count":1,"href":"https:\/\/concisa.net.ve\/2022\/wp-json\/wp\/v2\/pages\/171\/revisions"}],"predecessor-version":[{"id":172,"href":"https:\/\/concisa.net.ve\/2022\/wp-json\/wp\/v2\/pages\/171\/revisions\/172"}],"wp:attachment":[{"href":"https:\/\/concisa.net.ve\/2022\/wp-json\/wp\/v2\/media?parent=171"}],"curies":[{"name":"wp","href":"https:\/\/api.w.org\/{rel}","templated":true}]}}