{"id":164,"date":"2022-11-04T22:40:16","date_gmt":"2022-11-04T22:40:16","guid":{"rendered":"https:\/\/concisa.net.ve\/2022\/?page_id=164"},"modified":"2022-11-16T16:22:55","modified_gmt":"2022-11-16T16:22:55","slug":"evi-tutoriales-ofertados","status":"publish","type":"page","link":"https:\/\/concisa.net.ve\/2022\/evi-tutoriales-ofertados\/","title":{"rendered":"EVI 2022 &#8211; Tutoriales Ofertados"},"content":{"rendered":"<p><span style=\"display: block; font-size: 20px; padding: 7px; margin-left: 0pt; -webkit-border-radius: 4px; border-radius: 4px; color: white; text-shadow: 3px 3px black; background-image: linear-gradient(135deg, #094357, #094357, #094357, #094357, #094357, #094357, #094357, #094357, #1373c3, #94dcf4, #1373c3, #042744);\">Tutoriales Ofertados<\/span><\/p>\n<p>Para ver la programaci\u00f3n general de EVI\/CoNCISa 2022, por favor hago click <a href=\"https:\/\/concisa.net.ve\/2022\/concisa-programa-general\">aqu\u00ed<\/a>. Durante EVI 2022, habr\u00e1 tutoriales de 4 horas y otros de 8 horas. <!-- Los tutoriales ser\u00e1n ofertados sin costo. --> Para postularse como asistente a un tutorial o a varios tutoriales, siga los pasos especificados <a href=\"https:\/\/concisa.net.ve\/2022\/evi-registro-tutoriales\">aqu\u00ed<\/a>. La programac\u00f3n de los tutoriales es la siguiente:<\/p>\n<h4 style=\"font-size: 130%\">Lunes 14 de noviembre de 2022 &#8211; Ma\u00f1ana<\/h4>\n<ul>\n<li><strong>EVI01: <a href=\"https:\/\/concisa.net.ve\/2022\/evi-tutoriales#evi01\">T\u00f3picos y Tendencias en Esteganograf\u00eda<\/a><\/strong> <br \/>\n \t<strong>Hora:<\/strong> 08:00 AM a 12:00 M<\/li>\n<li><strong>EVI02: <a href=\"https:\/\/concisa.net.ve\/2022\/evi-tutoriales#evi02\">Programaci\u00f3n de un Videojuego y un Agente que lo Juega<\/a><\/strong> <br \/>\n \t<strong>Hora:<\/strong> 08:00 AM a 12:00 M<\/li>\n<li><strong>EVI03: <a href=\"https:\/\/concisa.net.ve\/2022\/evi-tutoriales#evi03\">Seguridad B\u00e1sica y Principios de An\u00e1lisis Forense en Inform\u00e1tica (Parte 1)<\/a><\/strong> <br \/>\n \t<strong>Hora:<\/strong> 08:00 AM a 12:00 M<\/li>\n<li><strong>EVI04: <a href=\"https:\/\/concisa.net.ve\/2022\/evi-tutoriales#evi04\">Miner\u00eda de Datos con Inteligencia Artificial &#8211; Perspectivas Presentes y Futuras (Parte 1)<\/a><\/strong> <br \/>\n \t<strong>Hora:<\/strong> 09:00 AM a 01:00 PM<\/li>\n<\/ul>\n<h4 style=\"font-size: 130%\">Lunes 14 de noviembre de 2022 &#8211; Tarde<\/h4>\n<ul>\n<li><strong>EVI05: <a href=\"https:\/\/concisa.net.ve\/2022\/evi-tutoriales#evi05\">Una Aventura al Internet de las Cosas con los M\u00f3dulos Wi-Fi ESP8266 y ESP32<\/a><\/strong> <br \/>\n \t<strong>Hora:<\/strong> 02:00 PM a 06:00 PM<\/li>\n<li><strong>EVI06: <a href=\"https:\/\/concisa.net.ve\/2022\/evi-tutoriales#evi06\">Computaci\u00f3n Gr\u00e1fica &#8211; Un Recorrido Divertido<\/a><\/strong> <br \/>\n \t<strong>Hora:<\/strong> 02:00 PM a 06:00 PM<\/li>\n<li><strong>EVI07: <a href=\"https:\/\/concisa.net.ve\/2022\/evi-tutoriales#evi07\">Uso de la Herramienta GNU Privacy Guard para Criptograf\u00eda, Firmas Digitales y Correo Electr\u00f3nico Cifrado<\/a><\/strong> <br \/>\n \t<strong>Hora:<\/strong> 02:00 PM a 06:00 PM<\/li>\n<\/ul>\n<h4 style=\"font-size: 130%\">Martes 15 de noviembre de 2022 &#8211; Ma\u00f1ana<\/h4>\n<ul>\n<li><strong>EVI08: <a href=\"https:\/\/concisa.net.ve\/2022\/evi-tutoriales#evi08\">Direcci\u00f3n de Proyectos de Software con SCRUM<\/a><\/strong> <br \/>\n \t<strong>Hora:<\/strong> 08:00 AM a 12:00 M<\/li>\n<li><strong>EVI09: <a href=\"https:\/\/concisa.net.ve\/2022\/evi-tutoriales#evi09\">Introducci\u00f3n al Mundo de la Programaci\u00f3n L\u00f3gica<\/a><\/strong> <br \/>\n \t<strong>Hora:<\/strong> 08:00 AM a 12:00 M<\/li>\n<li><strong>EVI03: <a href=\"https:\/\/concisa.net.ve\/2022\/evi-tutoriales#evi03\">Seguridad B\u00e1sica y Principios de An\u00e1lisis Forense en Inform\u00e1tica (Parte 2)<\/a><\/strong> <br \/>\n \t<strong>Hora:<\/strong> 09:00 AM a 01:00 PM <\/li>\n<li><strong>EVI04: <a href=\"https:\/\/concisa.net.ve\/2022\/evi-tutoriales#evi04\">Miner\u00eda de Datos con Inteligencia Artificial &#8211; Perspectivas Presentes y Futuras (Parte 2)<\/a><\/strong> <br \/>\n \t<strong>Hora:<\/strong> 09:00 AM a 01:00 PM<\/li>\n<\/ul>\n<h4 style=\"font-size: 130%\">Martes 15 de noviembre de 2022 &#8211; Tarde<\/h4>\n<ul>\n<li><strong>EVI10: <a href=\"https:\/\/concisa.net.ve\/2022\/evi-tutoriales#evi10\">Construyendo tu NFT<\/a><\/strong> <br \/>\n \t<strong>Hora:<\/strong> 01:00 PM a 05:00 PM<\/li>\n<\/ul>\n<p>&nbsp;<\/p>\n<p><span style=\"display: block; font-size: 20px; padding: 7px; margin-left: 0pt; -webkit-border-radius: 4px; border-radius: 4px; color: white; text-shadow: 3px 3px black; background-image: linear-gradient(135deg, #094357, #094357, #094357, #094357, #094357, #094357, #094357, #094357, #1373c3, #94dcf4, #1373c3, #042744);\">Informaci\u00f3n de los Tutoriales<\/span><\/p>\n<p><a name=\"evi01\"><\/a><br \/>\n<span style=\"font-weight:bold;font-size:110%\">EVI01: T\u00f3picos y Tendencias en Esteganograf\u00eda<\/span><br \/>\n<strong>Tutorialista:<\/strong> Miguel Astor (Universidad Central de Venezuela, Venezuela)<br \/>\n<strong>Fecha:<\/strong> Lunes 14 de noviembre de 2022 (08:00 AM a 12:00 M)<br \/>\n<strong>Duraci\u00f3n:<\/strong> 4 horas<br \/>\n<strong>Aula:<\/strong> Laboratorio ICARO, Escuela de Computaci\u00f3n, UCV<br \/>\n<strong>Contenido:<\/strong> (1) <u>Introducci\u00f3n a la Blockchain:<\/u> Historia de la esteganograf\u00eda, Relaci\u00f3n entre esteganograf\u00eda y criptograf\u00eda, (2) <u>Tipos de Esteganograf\u00eda Moderna:<\/u> Esteganograf\u00eda ling\u00fc\u00edstica, audiovisual, sistemas de archivo esteganogr\u00e1ficos, esteganograf\u00eda de protocolos, (3) <u>Esteganograf\u00eda B\u00e1sica con Linux:<\/u> Ocultando un archivo dentro de otro con la terminal, Ocultando datos dentro de archivos binarios con estructuras conocidas, Ocultando una imagen dentro de otra con GIMP, y (4) <u>T\u00f3picos en Esteganograf\u00eda de Protocolos:<\/u> Funcionamiento general, Casos de estudio, y (5) <u>Tendencias en Esteganograf\u00eda:<\/u> Uso de esteganograf\u00eda en malware, Stegosploit, Estegoan\u00e1lisis.<\/p>\n<p><a name=\"evi02\"><\/a><br \/>\n<span style=\"font-weight:bold;font-size:110%\">EVI02: Programaci\u00f3n de un Videojuego y un Agente que lo Juega<\/span><br \/>\n<strong>Tutorialistas:<\/strong> Jes\u00fas P\u00e9rez (Universidad de Los Andes, Venezuela), Alejandro Mujica (Universidad de Los Andes, Venezuela)<br \/>\n<strong>Fecha:<\/strong> Lunes 14 de noviembre de 2022 (08:00 AM a 12:00 M)<br \/>\n<strong>Duraci\u00f3n:<\/strong> 4 horas<br \/>\n<strong>Aula:<\/strong> Laboratorio de Postgrado, Escuela de Computaci\u00f3n, UCV<br \/>\n<strong>Contenido:<\/strong> (1) <u>Introducci\u00f3n a la Programaci\u00f3n de Videojuegos<\/u>: Videojuegos, Patrones de dise\u00f1o para videojuegos, Videojuegos en 2D, Componentes b\u00e1sicos de los videojuegos 2D, Herramientas para desarrollo de videojuegos en 2D, Juegos de puzzles, (2) <u>Introducci\u00f3n al Aprendizaje por Refuerzo<\/u>: Elementos del aprendizaje por refuerzo, Aprendizaje por refuerzo en los videojuegos, Introducci\u00f3n a los Procesos de Decisi\u00f3n de Markov, Propiedad de Markov, Ejemplo con multi-armed bandits, Implementaci\u00f3n de una pol\u00edtica greedy, Exploraci\u00f3n vs explotaci\u00f3n, Introducci\u00f3n a la Programaci\u00f3n Din\u00e1mica, Ecuaci\u00f3n de Bellman, y (3) <u>Caso de Estudio:<\/u> Definici\u00f3n del juego, M\u00e1quina de estados, Estados del juego, Construcci\u00f3n de la pantalla inicial, Construcci\u00f3n de un entorno cargado desde un archivo, Entidades, Personaje principal, Manejo de entradas, Estatuas, Detecci\u00f3n del estado de finalizaci\u00f3n, Implementaci\u00f3n del agente.<\/p>\n<p><a name=\"evi03\"><\/a><br \/>\n<span style=\"font-weight:bold;font-size:110%\">EVI03: Seguridad B\u00e1sica y Principios de An\u00e1lisis Forense en Inform\u00e1tica<\/span><br \/>\n<strong>Tutorialista:<\/strong> Wilmer Pereira (Instituto Tecnol\u00f3gico Aut\u00f3nomo de M\u00e9xico, M\u00e9xico)<br \/>\n<strong>Fecha Parte 1:<\/strong> Lunes 14 de noviembre de 2022 (08:00 AM a 12:00 M)<br \/>\n<strong>Fecha Parte 2:<\/strong> Martes 15 de noviembre de 2022 (09:00 AM a 01:00 PM)<br \/>\n<strong>Duraci\u00f3n:<\/strong> 8 horas<br \/>\n<strong>Aula:<\/strong> Aula A5-56, M\u00f3dulo 5, UCAB<br \/>\n<strong>Nota:<\/strong> Taller virtual. Los participantes pueden participar viniendo al aula mencionado arriba o desde su casa. Enviaremos el enlace de la videoconferencia a los registrados a este tutorial para que participen desde su casa si as\u00ed lo desean<br \/>\n<strong>Contenido:<\/strong> (1) <u>Seguridad B\u00e1sica:<\/u> Servicios de seguridad, Criptograf\u00eda, Algoritmos de clave sim\u00e9trica y clave p\u00fablica, Funci\u00f3n de hash y firma digital, Mecanismos de autentificaci\u00f3n, Estrategias de seguridad en redes, Red privada virtual, Cortafuegos, Sistemas de detecci\u00f3n de intrusos, Amenazas y tipos de ataques, y (2) <u>Principios de An\u00e1lisis Forense:<\/u> Cadena de custodia, Auditabilidad y trazabilidad, Sistemas de archivos, Adquisici\u00f3n de evidencia, Escena del crimen, Datos vol\u00e1tiles y no vol\u00e1tiles, Herramientas de captura para Linux y Windows, An\u00e1lisis de evidencia, Herramientas de capturas de archivos borrados,<br \/>\nExploraci\u00f3n y dragado de informaci\u00f3n, Herramientas para Linux y Windows.<\/p>\n<p><a name=\"evi04\"><\/a><br \/>\n<span style=\"font-weight:bold;font-size:110%\">EVI04: Miner\u00eda de Datos con Inteligencia Artificial &#8211; Perspectivas Presentes y Futuras<\/span><br \/>\n<strong>Tutorialista:<\/strong> Livia Borjas (Universidad Cat\u00f3lica Andr\u00e9s Bello Guayana, Venezuela)<br \/>\n<strong>Fecha Parte 1:<\/strong> Lunes 14 de noviembre de 2022 (09:00 AM a 01:00 PM)<br \/>\n<strong>Fecha Parte 2:<\/strong> Martes 15 de noviembre de 2022 (09:00 PM a 01:00 PM)<br \/>\n<strong>Duraci\u00f3n:<\/strong> 8 horas<br \/>\n<strong>Aula:<\/strong> Laboratorio de Tecnolog\u00edas Aut\u00f3nomas, Edificio de Laboratorios, UCAB<br \/>\n<strong>Nota:<\/strong> Taller virtual. Los participantes pueden participar viniendo al aula mencionado arriba o desde su casa. Enviaremos el enlace de la videoconferencia a los registrados a este tutorial para que participen desde su casa si as\u00ed lo desean<br \/>\n<strong>Contenido:<\/strong> (1) Conceptos, (2) Metodolog\u00edas, (3) Aplicaciones de la Miner\u00eda de Opini\u00f3n y An\u00e1lisis de Sentimientos, (4) Revisi\u00f3n del Estado del Arte, (5) Proyecto \u201c\u00c9xodos Opini\u00f3n &#038; Sentimiento\u201d, (6) Proyecto Diagn\u00f3stica, (7) Laboratorio Pr\u00e1ctico: Casos de Estudios, y (8) Conclusiones y Retos Futuros.<\/p>\n<p><a name=\"evi05\"><\/a><br \/>\n<span style=\"font-weight:bold;font-size:110%\">EVI05: Una Aventura al Internet de las Cosas con los M\u00f3dulos Wi-Fi ESP8266 y ESP32<\/span><br \/>\n<strong>Tutorialista:<\/strong> Manuel Pe\u00f1a (Universidad Cat\u00f3lica Andr\u00e9s Bello, Venezuela)<br \/>\n<strong>Fecha:<\/strong> Lunes 14 de noviembre de 2022 (02:00 PM a 06:00 PM)<br \/>\n<strong>Duraci\u00f3n:<\/strong> 4 horas<br \/>\n<strong>Aula:<\/strong> Sala Huawei, Edificio Laboratorios, Planta Baja, UCAB<br \/>\n<strong>Contenido:<\/strong> (1) Introducci\u00f3n al Internet de las cosas, (2) Caracter\u00edsticas y funciones del Espressif ESP8266 y el ESP32, (3) Protocolo MQTT, Br\u00f3ker, Subscriptor y Publicador, (4) IDE Arduino para m\u00f3dulos ESP v\u00eda USB y OTA, y (5) Pruebas y demostraci\u00f3n de funcionamiento.<\/p>\n<p><a name=\"evi06\"><\/a><br \/>\n<span style=\"font-weight:bold;font-size:110%\">EVI06: Computaci\u00f3n Gr\u00e1fica &#8211; Un Recorrido Divertido<\/span><br \/>\n<strong>Tutorialista:<\/strong> Jorge Rodr\u00edguez (Universidad de Carabobo, Venezuela)<br \/>\n<strong>Fecha:<\/strong> Lunes 14 de noviembre de 2022 (02:00 PM a 06:00 PM)<br \/>\n<strong>Duraci\u00f3n:<\/strong> 4 horas<br \/>\n<strong>Aula:<\/strong> Laboratorio de Postgrado, Escuela de Computaci\u00f3n, UCV<br \/>\n<strong>Contenido:<\/strong> (1) Saliendo de la oscuridad: Modelo de iluminaci\u00f3n local, (2) Dibujando en el espacio: Representaci\u00f3n y rendering de objetos 3D, (3) Tapizando superficies: Mapeo de texturas, (4) Fotografiando la imaginaci\u00f3n: Modelos de iluminaci\u00f3n global, (5) Esculpiendo con matem\u00e1ticas: Geometr\u00eda constructiva de s\u00f3lidos, (6) Pintando en la niebla: Modelos basados en part\u00edculas, (7) Domando los polinomios: Curvas y superficies param\u00e9tricas, (8) Apretando superficies que no existen: Modelos basados en f\u00edsica, y (9) Visualizando la Big-data: T\u00e9cnicas de visualizaci\u00f3n de vol\u00famenes.<\/p>\n<p><a name=\"evi07\"><\/a><br \/>\n<span style=\"font-weight:bold;font-size:110%\">EVI07: Uso de la Herramienta GNU Privacy Guard para Criptograf\u00eda, Firmas Digitales y Correo Electr\u00f3nico Cifrado<\/span><br \/>\n<strong>Tutorialista:<\/strong> Miguel Astor (Universidad Central de Venezuela, Venezuela)<br \/>\n<strong>Fecha:<\/strong> Lunes 14 de noviembre de 2022 (02:00 PM a 06:00 PM)<br \/>\n<strong>Duraci\u00f3n:<\/strong> 4 horas<br \/>\n<strong>Aula:<\/strong> Laboratorio ICARO, Escuela de Computaci\u00f3n, UCV<br \/>\n<strong>Contenido:<\/strong> (1) <u>Introducci\u00f3n a la Criptograf\u00eda:<\/u> Tipos de criptograf\u00eda, Criptograf\u00eda sim\u00e9trica y asim\u00e9trica, Algoritmos criptogr\u00e1ficos, Est\u00e1ndar OpenPGP, (2) <u>T\u00f3picos de Criptograf\u00eda Asim\u00e9trica:<\/u> Historia de la criptograf\u00eda asim\u00e9trica, Usos de la criptograf\u00eda asim\u00e9trica, Cifrado, Creaci\u00f3n y verificaci\u00f3n de firmas digitales, Identificaci\u00f3n, (3) <u>Algoritmos de Criptograf\u00eda Asim\u00e9trica<\/u>: Diffie-Hellman, RSA, (4) <u>Uso de GPG<\/u>: Creaci\u00f3n de llaveros, Creaci\u00f3n de pares de claves p\u00fablica\/privada, Cifrado sim\u00e9trico, Cifrado asim\u00e9trico, Firmado y verificaci\u00f3n de archivos, Manipulaci\u00f3n de claves, Servidores de claves, Red de confianza, y (5) <u>Correo Electr\u00f3nico Seguro<\/u>: Integraci\u00f3n de Thunderbird con GPG, Firmado de correos salientes, Verificaci\u00f3n de correos entrantes, Cifrado y descifrado de correos.<\/p>\n<p><a name=\"evi08\"><\/a><br \/>\n<span style=\"font-weight:bold;font-size:110%\">EVI08: Direcci\u00f3n de Proyectos de Software con SCRUM<\/span><br \/>\n<strong>Tutorialista:<\/strong> Aleidys Arraiz (Universidad Polit\u00e9cnica Territorial del Estado Aragua, Venezuela)<br \/>\n<strong>Fecha:<\/strong> Martes 15 de noviembre de 2022 (08:00 AM a 12:00 M)<br \/>\n<strong>Duraci\u00f3n:<\/strong> 4 horas<br \/>\n<strong>Aula:<\/strong> Auditorio Manuel Bemporad, Escuela de Computaci\u00f3n, UCV<br \/>\n<strong>Contenido:<\/strong> (1) Definici\u00f3n del proyecto, (2) Fases o etapas del ciclo de vida del producto y proyecto, (3) Creaci\u00f3n del producto y proyecto, (4) Metodolog\u00edas y est\u00e1ndares en direcci\u00f3n de proyectos, (5) Definici\u00f3n de SCRUM, (6) Roles de SCRUM, (7) Artefactos de SCRUM, (8) Priorizaci\u00f3n y roadmaps, (9) Ciclo de vida de SCRUM, y (10) Herramientas de gesti\u00f3n de proyectos con SCRUM.<\/p>\n<p><a name=\"evi09\"><\/a><br \/>\n<span style=\"font-weight:bold;font-size:110%\">EVI09: Introducci\u00f3n al Mundo de la Programaci\u00f3n L\u00f3gica<\/span><br \/>\n<strong>Tutorialista:<\/strong> Ricardo Monascal (Universidad Sim\u00f3n Bol\u00edvar, Venezuela)<br \/>\n<strong>Fecha:<\/strong> Martes 15 de noviembre de 2022 (08:00 AM a 12:00 M)<br \/>\n<strong>Duraci\u00f3n:<\/strong> 4 horas<br \/>\n<strong>Aula:<\/strong> Laboratorio del N\u00facleo de Emprendimiento, Escuela de Computaci\u00f3n, UCV<br \/>\n<strong>Contenido:<\/strong> (1) Breve revisi\u00f3n hist\u00f3rica de la evoluci\u00f3n de los lenguajes de programaci\u00f3n, (2) Bases te\u00f3ricas de la programaci\u00f3n l\u00f3gica, (3) SWI-Prolog, (4) Hechos, reglas y consultas, (5) Aritm\u00e9tica, (6) Manejo de Listas, (7) Tipos estructurados, y (8) Cut (interrupci\u00f3n de b\u00fasqueda) y fail.<\/p>\n<p><a name=\"evi10\"><\/a><br \/>\n<span style=\"font-weight:bold;font-size:110%\">EVI10: Construyendo tu NFT<\/span><br \/>\n<strong>Tutorialistas:<\/strong> Ganesh Molero (GI Group Latam C.A.), Jos\u00e9 Fern\u00e1ndez (Universidad Central de Venezuela, Venezuela), Jhonatan Hernandez (Consultor Independiente, Venezuela)<br \/>\n<strong>Fecha:<\/strong> Martes 15 de noviembre de 2022 (01:00 PM a 05:00 PM)<br \/>\n<strong>Duraci\u00f3n:<\/strong> 4 horas<br \/>\n<strong>Aula:<\/strong> Laboratorio del N\u00facleo de Emprendimiento, Escuela de Computaci\u00f3n, UCV<br \/>\n<strong>Contenido:<\/strong> (1) <u>Contexto NFT:<\/u> T\u00e9rminos b\u00e1sicos iniciales, Famosos NFTs art\u00edsticos, \u00bfQu\u00e9 son los NFTs para el arte?, (2) <u>Proceso NFT:<\/u> \u00bfC\u00f3mo funcionan los NFTs?, Creaci\u00f3n de NFTs &#8211; Procesos para el artista, y (3) <u>Contratos Inteligentes:<\/u> T\u00e9rminos b\u00e1sicos, Introducci\u00f3n a Dexes, Servicios de Chainlink, Historia de Hacks en Solidity, Volatilidad de la web3.<\/p>\n","protected":false},"excerpt":{"rendered":"<p>Tutoriales Ofertados Para ver la programaci\u00f3n general de EVI\/CoNCISa 2022, por favor hago click aqu\u00ed. Durante EVI 2022, habr\u00e1 tutoriales de 4 horas y otros de 8 horas. Para postularse como asistente a un&#46;&#46;&#46;<\/p>\n","protected":false},"author":1,"featured_media":0,"parent":0,"menu_order":0,"comment_status":"closed","ping_status":"closed","template":"","meta":{"footnotes":""},"class_list":["post-164","page","type-page","status-publish","hentry"],"_links":{"self":[{"href":"https:\/\/concisa.net.ve\/2022\/wp-json\/wp\/v2\/pages\/164","targetHints":{"allow":["GET"]}}],"collection":[{"href":"https:\/\/concisa.net.ve\/2022\/wp-json\/wp\/v2\/pages"}],"about":[{"href":"https:\/\/concisa.net.ve\/2022\/wp-json\/wp\/v2\/types\/page"}],"author":[{"embeddable":true,"href":"https:\/\/concisa.net.ve\/2022\/wp-json\/wp\/v2\/users\/1"}],"replies":[{"embeddable":true,"href":"https:\/\/concisa.net.ve\/2022\/wp-json\/wp\/v2\/comments?post=164"}],"version-history":[{"count":1,"href":"https:\/\/concisa.net.ve\/2022\/wp-json\/wp\/v2\/pages\/164\/revisions"}],"predecessor-version":[{"id":166,"href":"https:\/\/concisa.net.ve\/2022\/wp-json\/wp\/v2\/pages\/164\/revisions\/166"}],"wp:attachment":[{"href":"https:\/\/concisa.net.ve\/2022\/wp-json\/wp\/v2\/media?parent=164"}],"curies":[{"name":"wp","href":"https:\/\/api.w.org\/{rel}","templated":true}]}}