{"id":147,"date":"2022-09-20T23:53:10","date_gmt":"2022-09-20T23:53:10","guid":{"rendered":"https:\/\/concisa.net.ve\/2022\/?page_id=147"},"modified":"2022-11-10T00:12:27","modified_gmt":"2022-11-10T00:12:27","slug":"concisa-comite-programa","status":"publish","type":"page","link":"https:\/\/concisa.net.ve\/2022\/concisa-comite-programa\/","title":{"rendered":"CoNCISa 2022 &#8211; Comit\u00e9 de Programa"},"content":{"rendered":"<p><span style=\"display: block; font-size: 20px; padding: 7px; margin-left: 0pt; -webkit-border-radius: 4px; border-radius: 4px; color: white; text-shadow: 3px 3px black; background-image: linear-gradient(135deg, #094357, #094357, #094357, #094357, #094357, #094357, #094357, #094357, #1373c3, #94dcf4, #1373c3, #042744);\">Comit\u00e9 de Programa<\/span><\/p>\n<h5>Presidentes del Comit\u00e9 de Programa<\/h5>\n<table style=\"margin: 0px auto; width: 100%;\" border=\"0\">\n<body><\/p>\n<tr><\/tr>\n<tr>\n<td style=\"text-align: left;\">Ana Morales<\/td>\n<td style=\"text-align: right;\">Universidad Central de Venezuela \u2013 Venezuela<\/td>\n<\/tr>\n<tr>\n<td style=\"text-align: left;\">Dinarle Ortega<\/td>\n<td style=\"text-align: right;\">Universidad Cat\u00f3lica Andr\u00e9s Bello \u2013 Venezuela<\/span><\/td>\n<\/tr>\n<tr>\n<td style=\"text-align: left;\">Eric Gamess<\/td>\n<td style=\"text-align: right;\">Jacksonville State University \u2013 USA<\/td>\n<\/tr>\n<\/tbody>\n<\/table>\n<p>&nbsp;<\/p>\n<h5>Miembros del Comit\u00e9 de Programa<\/h5>\n<table style=\"margin: 0px auto; width: 100%;\" border=\"0\">\n<body><\/p>\n<tr><\/tr>\n<tr>\n<td style=\"text-align: left;\">Carlos Acosta<\/td>\n<td style=\"text-align: right;\">Universidad Central de Venezuela \u2013 Venezuela<\/td>\n<\/tr>\n<tr>\n<td style=\"text-align: left;\">Yusneyi Carballo<\/td>\n<td style=\"text-align: right;\">Universidad Central de Venezuela \u2013 Venezuela<\/td>\n<\/tr>\n<tr>\n<td style=\"text-align: left;\">Patricia Guerrero<\/td>\n<td style=\"text-align: right;\">Universidad de Carabobo \u2013 Venezuela<\/td>\n<\/tr>\n<tr>\n<td style=\"text-align: left;\">Luis Hern\u00e1ndez<\/td>\n<td style=\"text-align: right;\">Universidad Central de Venezuela \u2013 Venezuela<\/td>\n<\/tr>\n<tr>\n<td style=\"text-align: left;\">Yosly Hern\u00e1ndez<\/td>\n<td style=\"text-align: right;\">Universidad Central de Venezuela \u2013 Venezuela<\/td>\n<\/tr>\n<tr>\n<td style=\"text-align: left;\">Mirella Herrera<\/td>\n<td style=\"text-align: right;\">Universidad de Carabobo \u2013 Venezuela<\/td>\n<\/tr>\n<tr>\n<td style=\"text-align: left;\">Merci Ospina<\/td>\n<td style=\"text-align: right;\">Universidad Central de Venezuela \u2013 Venezuela<\/td>\n<\/tr>\n<tr>\n<td style=\"text-align: left;\">Wilmer Pereira<\/td>\n<td style=\"text-align: right;\">Instituto Tecnol\u00f3gico Aut\u00f3nomo de M\u00e9xico \u2013 M\u00e9xico<\/td>\n<\/tr>\n<tr>\n<td style=\"text-align: left;\">Jes\u00fas P\u00e9rez<\/td>\n<td style=\"text-align: right;\">Universidad de Los Andes \u2013 Venezuela<\/td>\n<\/tr>\n<tr>\n<td style=\"text-align: left;\">Mar\u00eda P\u00e9rez<\/td>\n<td style=\"text-align: right;\">Universidad Sim\u00f3n Bol\u00edvar \u2013 Venezuela<\/td>\n<\/tr>\n<tr>\n<td style=\"text-align: left;\">Niriaska Perozo<\/td>\n<td style=\"text-align: right;\">Universidad Centroccidental Lisandro Alvarado \u2013 Venezuela<\/td>\n<\/tr>\n<tr>\n<td style=\"text-align: left;\">Jorge Rodr\u00edguez<\/td>\n<td style=\"text-align: right;\">Universidad de Carabobo \u2013 Venezuela<\/td>\n<\/tr>\n<tr>\n<td style=\"text-align: left;\">Franklin Sandoval<\/td>\n<td style=\"text-align: right;\">Universidad Central de Venezuela \u2013 Venezuela<\/td>\n<\/tr>\n<tr>\n<td style=\"text-align: left;\">Andr\u00e9s Sanoja<\/td>\n<td style=\"text-align: right;\">Universidad Central de Venezuela \u2013 Venezuela<\/td>\n<\/tr>\n<tr>\n<td style=\"text-align: left;\">Leonid Tineo<\/td>\n<td style=\"text-align: right;\">Universidad Sim\u00f3n Bol\u00edvar \u2013 Venezuela<\/td>\n<\/tr>\n<\/tbody>\n<\/table>\n","protected":false},"excerpt":{"rendered":"<p>Comit\u00e9 de Programa Presidentes del Comit\u00e9 de Programa Ana Morales Universidad Central de Venezuela \u2013 Venezuela Dinarle Ortega Universidad Cat\u00f3lica Andr\u00e9s Bello \u2013 Venezuela Eric Gamess Jacksonville State University \u2013 USA &nbsp; Miembros del&#46;&#46;&#46;<\/p>\n","protected":false},"author":1,"featured_media":0,"parent":0,"menu_order":0,"comment_status":"closed","ping_status":"closed","template":"","meta":{"footnotes":""},"class_list":["post-147","page","type-page","status-publish","hentry"],"_links":{"self":[{"href":"https:\/\/concisa.net.ve\/2022\/wp-json\/wp\/v2\/pages\/147","targetHints":{"allow":["GET"]}}],"collection":[{"href":"https:\/\/concisa.net.ve\/2022\/wp-json\/wp\/v2\/pages"}],"about":[{"href":"https:\/\/concisa.net.ve\/2022\/wp-json\/wp\/v2\/types\/page"}],"author":[{"embeddable":true,"href":"https:\/\/concisa.net.ve\/2022\/wp-json\/wp\/v2\/users\/1"}],"replies":[{"embeddable":true,"href":"https:\/\/concisa.net.ve\/2022\/wp-json\/wp\/v2\/comments?post=147"}],"version-history":[{"count":1,"href":"https:\/\/concisa.net.ve\/2022\/wp-json\/wp\/v2\/pages\/147\/revisions"}],"predecessor-version":[{"id":148,"href":"https:\/\/concisa.net.ve\/2022\/wp-json\/wp\/v2\/pages\/147\/revisions\/148"}],"wp:attachment":[{"href":"https:\/\/concisa.net.ve\/2022\/wp-json\/wp\/v2\/media?parent=147"}],"curies":[{"name":"wp","href":"https:\/\/api.w.org\/{rel}","templated":true}]}}