{"id":133,"date":"2022-09-20T02:01:16","date_gmt":"2022-09-20T02:01:16","guid":{"rendered":"https:\/\/concisa.net.ve\/2022\/?page_id=133"},"modified":"2022-10-11T17:28:17","modified_gmt":"2022-10-11T17:28:17","slug":"evi-propuesta-tutoriales","status":"publish","type":"page","link":"https:\/\/concisa.net.ve\/2022\/evi-propuesta-tutoriales\/","title":{"rendered":"EVI 2022 &#8211; Propuesta de Tutoriales"},"content":{"rendered":"<p><span style=\"display: block; font-size: 20px; padding: 7px; margin-left: 0pt; -webkit-border-radius: 4px; border-radius: 4px; color: white; text-shadow: 3px 3px black; background-image: linear-gradient(135deg, #094357, #094357, #094357, #094357, #094357, #094357, #094357, #094357, #1373c3, #94dcf4, #1373c3, #042744);\">Llamado a Talleres y Tutoriales<\/span><\/p>\n<p>Se invita a expertos de reconocida trayectoria, a proponer talleres y tutoriales, de medio d\u00eda (4 horas) o d\u00eda completo (8 horas), que presenten resultados de investigaci\u00f3n, el estado del arte de un tema determinado o la introducci\u00f3n a un tema de inter\u00e9s industrial o acad\u00e9mico. La propuesta de tutorial debe ser enviada en un PDF que incluya:<\/p>\n<ul>\n<li style=\"margin-top: -10px;\">T\u00edtulo del tutorial<\/li>\n<li>Contenido<\/li>\n<li>Duraci\u00f3n (4 horas o 8 horas)<\/li>\n<li>P\u00fablico objetivo<\/li>\n<li>Equipos requeridos<\/li>\n<li>Modalidad (presencial o virtual)<\/li>\n<li>Breve resumen curricular de los presentadores.<\/li>\n<\/ul>\n<p>Puede utilizar la siguiente <a href=\"https:\/\/www.concisa.net.ve\/2022\/wp-content\/uploads\/sites\/9\/2022\/09\/plantilla-tutorial-EVI2022-v1.1.doc\" target=\"_blank\" rel=\"noopener noreferrer\">plantilla<\/a> para elaborar su propuesta.<br \/>\n&nbsp;<\/p>\n<p><span style=\"display: block; font-size: 20px; padding: 7px; margin-left: 0pt; -webkit-border-radius: 4px; border-radius: 4px; color: white; text-shadow: 3px 3px black; background-image: linear-gradient(135deg, #094357, #094357, #094357, #094357, #094357, #094357, #094357, #094357, #1373c3, #94dcf4, #1373c3, #042744);\">Env\u00edo de Propuestas de Talleres y Tutoriales<\/span><\/p>\n<p>Las propuestas deben ser enviadas a trav\u00e9s de EasyChair haciendo clic <a href=\"https:\/\/easychair.org\/conferences\/?conf=evi2022\" target=\"_blank\" rel=\"noopener noreferrer\">aqu\u00ed<\/a>.<br \/>\n&nbsp;<\/p>\n<p><span style=\"display: block; font-size: 20px; padding: 7px; margin-left: 0pt; -webkit-border-radius: 4px; border-radius: 4px; color: white; text-shadow: 3px 3px black; background-image: linear-gradient(135deg, #094357, #094357, #094357, #094357, #094357, #094357, #094357, #094357, #1373c3, #94dcf4, #1373c3, #042744);\">Segundo y \u00daltimo Llamado a Tutoriales (Versi\u00f3n PDF)<\/span><br \/>\nEl llamado a tutoriales vence el viernes 14 de octubre de 2022. Pueden descargar la versi\u00f3n PDF del llamado a tutoriales en el siguiente <a href=\"https:\/\/concisa.net.ve\/2022\/wp-content\/uploads\/sites\/9\/2022\/10\/EVI-CoNCISa-2022-CFP-v2.1.pdf\" target=\"_blank\" rel=\"noopener noreferrer\">enlace<\/a>.<br \/>\n&nbsp;<\/p>\n","protected":false},"excerpt":{"rendered":"<p>Llamado a Talleres y Tutoriales Se invita a expertos de reconocida trayectoria, a proponer talleres y tutoriales, de medio d\u00eda (4 horas) o d\u00eda completo (8 horas), que presenten resultados de investigaci\u00f3n, el estado&#46;&#46;&#46;<\/p>\n","protected":false},"author":1,"featured_media":0,"parent":0,"menu_order":0,"comment_status":"closed","ping_status":"closed","template":"","meta":{"footnotes":""},"class_list":["post-133","page","type-page","status-publish","hentry"],"_links":{"self":[{"href":"https:\/\/concisa.net.ve\/2022\/wp-json\/wp\/v2\/pages\/133","targetHints":{"allow":["GET"]}}],"collection":[{"href":"https:\/\/concisa.net.ve\/2022\/wp-json\/wp\/v2\/pages"}],"about":[{"href":"https:\/\/concisa.net.ve\/2022\/wp-json\/wp\/v2\/types\/page"}],"author":[{"embeddable":true,"href":"https:\/\/concisa.net.ve\/2022\/wp-json\/wp\/v2\/users\/1"}],"replies":[{"embeddable":true,"href":"https:\/\/concisa.net.ve\/2022\/wp-json\/wp\/v2\/comments?post=133"}],"version-history":[{"count":1,"href":"https:\/\/concisa.net.ve\/2022\/wp-json\/wp\/v2\/pages\/133\/revisions"}],"predecessor-version":[{"id":134,"href":"https:\/\/concisa.net.ve\/2022\/wp-json\/wp\/v2\/pages\/133\/revisions\/134"}],"wp:attachment":[{"href":"https:\/\/concisa.net.ve\/2022\/wp-json\/wp\/v2\/media?parent=133"}],"curies":[{"name":"wp","href":"https:\/\/api.w.org\/{rel}","templated":true}]}}