{"id":129,"date":"2022-09-20T01:53:12","date_gmt":"2022-09-20T01:53:12","guid":{"rendered":"https:\/\/concisa.net.ve\/2022\/?page_id=129"},"modified":"2024-08-16T18:02:54","modified_gmt":"2024-08-16T18:02:54","slug":"concisa-fechas-importantes","status":"publish","type":"page","link":"https:\/\/concisa.net.ve\/2022\/concisa-fechas-importantes\/","title":{"rendered":"CoNCISa 2022 &#8211; Fechas Importantes"},"content":{"rendered":"<p><span style=\"display: block; font-size: 20px; padding: 7px; margin-left: 0pt; -webkit-border-radius: 4px; border-radius: 4px; color: white; text-shadow: 3px 3px black; background-image: linear-gradient(135deg, #094357, #094357, #094357, #094357, #094357, #094357, #094357, #094357, #1373c3, #94dcf4, #1373c3, #042744);\">Fechas Importantes<\/span><\/p>\n<table style=\"margin: 0px auto; width: 100%;\" border=\"0\">\n<body><\/p>\n<tr><\/tr>\n<tr>\n<td style=\"text-align: left;\">Fecha del evento<\/td>\n<td style=\"text-align: right;\">14 al 18 de noviembre de 2022<\/td>\n<\/tr>\n<tr>\n<td style=\"text-align: left;\"><del><span style=\"color: #ff0000\">Fecha l\u00edmite para env\u00edo de trabajos<\/span><\/del><\/td>\n<td style=\"text-align: right;\"><del><span style=\"color: #ff0000\">23 de octubre de 2022<\/span><\/del><\/td>\n<\/tr>\n<tr>\n<td style=\"text-align: left;\">Fecha extendida para env\u00edo de trabajos (fecha firme)<\/td>\n<td style=\"text-align: right;\">28 de octubre de 2022<\/td>\n<\/tr>\n<tr>\n<td style=\"text-align: left;\">Notificaci\u00f3n de decisi\u00f3n<\/td>\n<td style=\"text-align: right;\">06 de noviembre de 2022<\/td>\n<\/tr>\n<tr>\n<td style=\"text-align: left;\">Presentaci\u00f3n<\/td>\n<td style=\"text-align: right;\">17 de noviembre de 2022<\/td>\n<\/tr>\n<\/tbody>\n<\/table>\n","protected":false},"excerpt":{"rendered":"<p>Fechas Importantes Fecha del evento 14 al 18 de noviembre de 2022 Fecha l\u00edmite para env\u00edo de trabajos 23 de octubre de 2022 Fecha extendida para env\u00edo de trabajos (fecha firme) 28 de octubre&#46;&#46;&#46;<\/p>\n","protected":false},"author":1,"featured_media":0,"parent":0,"menu_order":0,"comment_status":"closed","ping_status":"closed","template":"","meta":{"footnotes":""},"class_list":["post-129","page","type-page","status-publish","hentry"],"_links":{"self":[{"href":"https:\/\/concisa.net.ve\/2022\/wp-json\/wp\/v2\/pages\/129","targetHints":{"allow":["GET"]}}],"collection":[{"href":"https:\/\/concisa.net.ve\/2022\/wp-json\/wp\/v2\/pages"}],"about":[{"href":"https:\/\/concisa.net.ve\/2022\/wp-json\/wp\/v2\/types\/page"}],"author":[{"embeddable":true,"href":"https:\/\/concisa.net.ve\/2022\/wp-json\/wp\/v2\/users\/1"}],"replies":[{"embeddable":true,"href":"https:\/\/concisa.net.ve\/2022\/wp-json\/wp\/v2\/comments?post=129"}],"version-history":[{"count":1,"href":"https:\/\/concisa.net.ve\/2022\/wp-json\/wp\/v2\/pages\/129\/revisions"}],"predecessor-version":[{"id":130,"href":"https:\/\/concisa.net.ve\/2022\/wp-json\/wp\/v2\/pages\/129\/revisions\/130"}],"wp:attachment":[{"href":"https:\/\/concisa.net.ve\/2022\/wp-json\/wp\/v2\/media?parent=129"}],"curies":[{"name":"wp","href":"https:\/\/api.w.org\/{rel}","templated":true}]}}