{"id":127,"date":"2022-09-19T18:32:16","date_gmt":"2022-09-19T18:32:16","guid":{"rendered":"https:\/\/concisa.net.ve\/2022\/?page_id=127"},"modified":"2024-08-16T16:15:48","modified_gmt":"2024-08-16T16:15:48","slug":"concisa-llamado-articulos","status":"publish","type":"page","link":"https:\/\/concisa.net.ve\/2022\/concisa-llamado-articulos\/","title":{"rendered":"CoNCISa 2022 &#8211; Llamado a Art\u00edculos"},"content":{"rendered":"<p><span style=\"display: block; font-size: 20px; padding: 7px; margin-left: 0pt; -webkit-border-radius: 4px; border-radius: 4px; color: white; text-shadow: 3px 3px black; background-image: linear-gradient(135deg, #094357, #094357, #094357, #094357, #094357, #094357, #094357, #094357, #1373c3, #94dcf4, #1373c3, #042744);\">Llamado a Art\u00edculos<\/span><\/p>\n<p>La <a href=\"https:\/\/www.svc.net.ve\" target=\"_blank\" rel=\"noopener noreferrer\">Sociedad Venezolana de Computaci\u00f3n<\/a> (SVC) promueve la formaci\u00f3n y el desarrollo cient\u00edfico-tecnol\u00f3gico en el \u00e1rea de inform\u00e1tica en nuestro pa\u00eds, a trav\u00e9s de eventos cient\u00edficos y educativos de alto nivel como lo son la <a href=\"https:\/\/www.concisa.net.ve\/2022\/evi-informacion\">Escuela Venezolana de Inform\u00e1tica<\/a> (EVI) y la <a href=\"https:\/\/www.concisa.net.ve\/2022\/concisa-informacion\">Conferencia Nacional de Computaci\u00f3n, Inform\u00e1tica y Sistemas<\/a> (CoNCISa).<\/p>\n<p>Para el llamado a art\u00edculos de CoNCISa 2022, se considerar\u00e1n trabajos de investigaci\u00f3n originales en todas las \u00e1reas de computaci\u00f3n, inform\u00e1tica y sistemas que no hayan sido publicados o experiencias acad\u00e9micas y tecnol\u00f3gicas no publicadas. Se aceptar\u00e1 un tipo de contribuci\u00f3n que consiste en art\u00edculos cortos (con un m\u00e1ximo de 4 p\u00e1ginas) destinados a: (1) reportar avances de investigaci\u00f3n, o investigaciones cient\u00edficas y aplicadas culminadas, o (2) generar discusi\u00f3n sobre temas de inter\u00e9s cient\u00edfico. Los art\u00edculos enviados ser\u00e1n sujetos a revisi\u00f3n rigurosa en base a criterios est\u00e1ndares de claridad, pertinencia, importancia y originalidad.<\/p>\n<p>Los trabajos aceptados podr\u00e1n ser presentados en alguna de las dos siguientes modalidades: (1) presencialmente en el marco del evento el cual se realizar\u00e1 en los espacios de la <a href=\"http:\/\/www.ciens.ucv.ve\" target=\"_blank\" rel=\"noopener noreferrer\">Facultad de Ciencias<\/a> de la <a href=\"http:\/\/www.ucv.ve\" target=\"_blank\" rel=\"noopener noreferrer\">Universidad Central de Venezuela<\/a> (UCV), Ciudad Universitaria de Caracas, Venezuela, o (2) virtualmente. Todas las presentaciones se realizar\u00e1n el d\u00eda 17 de noviembre de 2022. Adicionalmente, se publicar\u00e1n los trabajos seleccionados en las memorias de la conferencia y en el sitio web de CoNCISa.<br \/>\n&nbsp;<\/p>\n<p><span style=\"display: block; font-size: 20px; padding: 7px; margin-left: 0pt; -webkit-border-radius: 4px; border-radius: 4px; color: white; text-shadow: 3px 3px black; background-image: linear-gradient(135deg, #094357, #094357, #094357, #094357, #094357, #094357, #094357, #094357, #1373c3, #94dcf4, #1373c3, #042744);\">Informaci\u00f3n para el Env\u00edo de Trabajos<\/span><\/p>\n<p>Los trabajos aceptados ser\u00e1n publicados en las memorias de la conferencia y en el sitio web de CoNCISa. Para que la evaluaci\u00f3n de los trabajos sea m\u00e1s justa, esta se har\u00e1 a ciegas. Los trabajos est\u00e1n limitados a 4 p\u00e1ginas que describan el contexto del trabajo, justificaci\u00f3n, importancia, objetivos, metodolog\u00eda, pruebas, resultados, logros alcanzados, conclusiones y bibliograf\u00eda. Para cada trabajo acceptado, al menos uno de los autores debe hacer una presentaci\u00f3n oral en la modalidad seleccionada. S\u00f3lo se aceptar\u00e1n y enviar\u00e1n a revisi\u00f3n por \u00e1rbitros aquellos trabajos que cumplan con las condiciones se\u00f1aladas.<\/p>\n<p>Los trabajos deben ser escritos en castellano o ingl\u00e9s y deben ser enviados en PDF a trav\u00e9s de <a href=\"https:\/\/www.easychair.org\/conferences\/?conf=concisa2022\" target=\"_blank\" rel=\"noopener noreferrer\">EasyChair<\/a>. Los trabajos postulados deben respetar el formato establecido por CoNCISa (ver plantillas m\u00e1s abajo). Tambi\u00e9n, se debe tomar en cuenta lo siguiente:<\/p>\n<ul>\n<li>El n\u00famero de p\u00e1ginas de una contribuci\u00f3n debe estar dentro del rango permitido (m\u00e1ximo 4 p\u00e1ginas). El formato es carta (8.5&#8221; x 11&#8221;), en doble columna, sin numeraci\u00f3n de p\u00e1ginas.<\/li>\n<li>Si el trabajo est\u00e1 escrito en espa\u00f1ol, en la parte inicial debe constar de dos secciones en el siguiente orden: (1) Resumen y (2) Palabras Clave. Si el trabajo est\u00e1 escrito en ingl\u00e9s, en la parte inicial debe constar de dos secciones en el siguiente orden: (1) Abstract y (2) Keywords.<\/li>\n<li>El resumen no debe contener caracteres especiales, f\u00f3rmulas, figuras, tablas, listas de balas, listas numeradas, citaciones a referencias, etc. Debe ser un texto plano, que consista en un parr\u00e1fo o varios parr\u00e1fos.<\/li>\n<li>Las referencias bibliogr\u00e1ficas deber\u00edan estar citadas expl\u00edcitamente en el trabajo. Cada cita es un n\u00famero entre corchetes ([1], [2], [3], etc.), apareciendo de forma ascendente, secuencialmente en el texto, y que remita a la correspondiente referencia. Para mayores detalles sobre el formato y el tipo de referencias, consultar las plantillas.<\/li>\n<li>Como el proceso de evaluaci\u00f3n de los trabajos se hace a ciegas, los trabajos (archivos PDF) subidos en <a href=\"https:\/\/www.easychair.org\/conferences\/?conf=concisa2022\" target=\"_blank\" rel=\"noopener noreferrer\">EasyChair<\/a> no deben tener datos que permitan identificar a los autores. Por ende, los autores deben eliminar de las contribuciones a ser evaluadas informaci\u00f3n como: nombres, apellidos, emails, afiliaciones, enlaces a p\u00e1ginas web donde aparecen los datos de los autores, agradecimientos que pudieran llevar a inferir los autores, etc. Eso es, el trabajo enviado a evaluaci\u00f3n debe iniciar por el t\u00edtulo de la contribuci\u00f3n, el resumen, y la lista de palabras clave. En caso que el trabajo sea aceptado para ser publicado en las memorias y el sitio web de CoNCISa, la publicaci\u00f3n final (<i>camera ready<\/i>) s\u00ed tendr\u00e1 estos datos.<\/li>\n<li>Los t\u00edtulos de las figuras deben ser centrados por debajo de \u00e9stas. La numeraci\u00f3n de las figuras se hace con n\u00fameros ar\u00e1bicos (Figura 1, Figura 2, Figura 3, etc.). En las citaciones de las figuras y en los t\u00edtulos de las figuras, la &#8220;F&#8221; de &#8220;Figura&#8221; se debe escribir en may\u00fasculas. Utilizar la palabra \u201cFigura\u201d (o \u201cFigure\u201d para las contribuciones en ingl\u00e9s), no utilizar \u201cGr\u00e1fica\u201d u otra palabra. No finalice el t\u00edtulo de una figura por un punto.<\/li>\n<li>Los t\u00edtulos de las tablas deben ser centrados por encima de \u00e9stas. La numeraci\u00f3n de las tablas se hace con n\u00fameros romanos (Tabla I, Tabla II, Tabla III, etc.). En las citaciones de las tablas y en los t\u00edtulos de las tablas, la &#8220;T&#8221; de &#8220;Tabla&#8221; se debe escribir en may\u00fasculas. Utilizar la palabra \u201cTabla\u201d (o \u201cTable\u201d para las contribuciones en ingl\u00e9s), no utilizar \u201cCuadro\u201d, \u201cRecuadro\u201d, u otra palabra. No finalice el t\u00edtulo de una tabla por un punto.<\/li>\n<li>Las figuras de los trabajos deben ser de alta calidad, de tal forma que no se vean pixeladas. El texto dentro de las figuras debe ser suficientemente grande para que se pueda leer f\u00e1cilmente. No se debe encerrar las figuras en un recuadro. Al producir el PDF de su contribuci\u00f3n, es importante configurar las opciones de su software para que las figuras sean generadas con una resoluci\u00f3n de al menos 600 DPI.<\/li>\n<li>Los t\u00edtulos de las figuras y de las tablas deben ser cortos. Es decir que no se debe hacer la descripci\u00f3n de las figuras y de las tablas dentro de los t\u00edtulos de \u00e9stas. Para eso est\u00e1 el texto de la contribuci\u00f3n. En el caso que la figura o la tabla no sea propia, la citaci\u00f3n de la fuente de \u00e9sta se debe hacer en el texto del trabajo, no en su t\u00edtulo.<\/li>\n<li>En caso que un trabajo incluya material con <i>copyright<\/i>, es necesario que los autores obtengan la autorizaci\u00f3n de los due\u00f1os por escrito antes de someter la contribuci\u00f3n a evaluaci\u00f3n a CoNCISa.<\/li>\n<\/ul>\n<p>Aquellos autores que hagan m\u00faltiples env\u00edos deben asegurarse que cada trabajo tenga suficiente contenido original. Las contribuciones enviadas a CoNCISa 2022 ser\u00e1n evaluadas por especialistas de reconocida trayectoria cient\u00edfica y profesional. Los trabajos que sobrepasen el n\u00famero m\u00e1ximo de p\u00e1ginas ser\u00e1n rechazados sin revisar.<\/p>\n<p>En caso que a\u00fan no tenga cuenta en EasyChair, la puede crear a trav\u00e9s de este <a href=\"https:\/\/easychair.org\/account\/signup\" target=\"_blank\" rel=\"noopener noreferrer\">enlace<\/a>.<\/p>\n<p><strong>Nota<\/strong>: Si usted tiene problemas para cargar sus trabajos en EasyChair, por favor contactar a <a href=\"mailto: concisa2022@easychair.org\">concisa2022@easychair.org<\/a>.<\/p>\n<p><a name=\"plantillas\"><\/a><br \/>\n<span style=\"display: block; font-size: 20px; padding: 7px; margin-left: 0pt; -webkit-border-radius: 4px; border-radius: 4px; color: white; text-shadow: 3px 3px black; background-image: linear-gradient(135deg, #094357, #094357, #094357, #094357, #094357, #094357, #094357, #094357, #1373c3, #94dcf4, #1373c3, #042744);\">CoNCISa &#8211; Plantillas<\/span><\/p>\n<table style=\"margin: 0px auto; width: 100%;\" border=\"0\">\n<body><\/p>\n<tr><\/tr>\n<tr>\n<td style=\"text-align: left;\">Microsoft Word (Editable)<\/td>\n<td style=\"text-align: right;\"><a href=\"https:\/\/concisa.net.ve\/2022\/wp-content\/uploads\/sites\/9\/2022\/09\/template-CoNCISa-v2.2-word.docx\" target=\"_blank\" rel=\"noopener noreferrer\">Archivo .DOCX<\/a><\/td>\n<\/tr>\n<tr>\n<td style=\"text-align: left;\">Microsoft Word (PDF)<\/td>\n<td style=\"text-align: right;\"><a href=\"https:\/\/concisa.net.ve\/2022\/wp-content\/uploads\/sites\/9\/2022\/09\/template-CoNCISa-v2.2-word.pdf\" target=\"_blank\" rel=\"noopener noreferrer\">Archivo .PDF<\/a><\/td>\n<\/tr>\n<\/tbody>\n<\/table>\n<p>&nbsp;<\/p>\n<p><!-- Commented by Eric\n<span style=\"display: block; font-size: 20px; padding: 7px; margin-left: 0pt; -webkit-border-radius: 4px; border-radius: 4px; color: white; text-shadow: 3px 3px black; background-image: linear-gradient(135deg, #094357, #094357, #094357, #094357, #094357, #094357, #094357, #094357, #1373c3, #94dcf4, #1373c3, #042744);\">Llamado a Art\u00edculos (Versi\u00f3n PDF)<\/span>\nEl llamado a art\u00edculos vence el domingo 23 de octubre de 2022. Pueden descargar la versi\u00f3n PDF del llamado a art\u00edculos en el siguiente <a href=\"https:\/\/concisa.net.ve\/2022\/wp-content\/uploads\/sites\/9\/2022\/10\/EVI-CoNCISa-2022-CFP-v2.1.pdf\" target=\"_blank\" rel=\"noopener noreferrer\">enlace<\/a>.\n&nbsp;\n    Commented by Eric --><\/p>\n<p><span style=\"display: block; font-size: 20px; padding: 7px; margin-left: 0pt; -webkit-border-radius: 4px; border-radius: 4px; color: white; text-shadow: 3px 3px black; background-image: linear-gradient(135deg, #094357, #094357, #094357, #094357, #094357, #094357, #094357, #094357, #1373c3, #94dcf4, #1373c3, #042744);\">Segundo Llamado a Art\u00edculos (Versi\u00f3n PDF)<\/span><br \/>\nEl llamado a art\u00edculos ha sido extendido hasta el viernes 28 de octubre de 2022. Pueden descargar la versi\u00f3n PDF del segundo llamado a art\u00edculos en el siguiente <a href=\"https:\/\/concisa.net.ve\/2022\/wp-content\/uploads\/sites\/9\/2022\/10\/EVI-CoNCISa-2022-CFP-v2.1.pdf\" target=\"_blank\" rel=\"noopener noreferrer\">enlace<\/a>.<br \/>\n&nbsp;<\/p>\n<p><!-- Commented by Eric\n<span style=\"display: block; font-size: 20px; padding: 7px; margin-left: 0pt; -webkit-border-radius: 4px; border-radius: 4px; color: white; text-shadow: 3px 3px black; background-image: linear-gradient(45deg, #f3532c, #f3532c, #042744, #1373c3, #94dcf4, #1373c3, #042744);\">Tercer y \u00daltimo Llamado a Art\u00edculos (Versi\u00f3n PDF)<\/span>\nEl llamado a art\u00edculos ha sido extendido hasta el domingo 13 de septiembre de 2020. Pueden descargar la versi\u00f3n PDF del tercer llamado a art\u00edculo en el siguiente <a href=\"https:\/\/www.concisa.net.ve\/2020\/wp-content\/uploads\/sites\/8\/2020\/08\/tercer-CFP-SCTC-EVI-CoNCISa-2020-v0.7.pdf\" target=\"_blank\" rel=\"noopener noreferrer\">enlace<\/a>.\n    Commented by Eric --><\/p>\n","protected":false},"excerpt":{"rendered":"<p>Llamado a Art\u00edculos La Sociedad Venezolana de Computaci\u00f3n (SVC) promueve la formaci\u00f3n y el desarrollo cient\u00edfico-tecnol\u00f3gico en el \u00e1rea de inform\u00e1tica en nuestro pa\u00eds, a trav\u00e9s de eventos cient\u00edficos y educativos de alto nivel&#46;&#46;&#46;<\/p>\n","protected":false},"author":1,"featured_media":0,"parent":0,"menu_order":0,"comment_status":"closed","ping_status":"closed","template":"","meta":{"footnotes":""},"class_list":["post-127","page","type-page","status-publish","hentry"],"_links":{"self":[{"href":"https:\/\/concisa.net.ve\/2022\/wp-json\/wp\/v2\/pages\/127","targetHints":{"allow":["GET"]}}],"collection":[{"href":"https:\/\/concisa.net.ve\/2022\/wp-json\/wp\/v2\/pages"}],"about":[{"href":"https:\/\/concisa.net.ve\/2022\/wp-json\/wp\/v2\/types\/page"}],"author":[{"embeddable":true,"href":"https:\/\/concisa.net.ve\/2022\/wp-json\/wp\/v2\/users\/1"}],"replies":[{"embeddable":true,"href":"https:\/\/concisa.net.ve\/2022\/wp-json\/wp\/v2\/comments?post=127"}],"version-history":[{"count":1,"href":"https:\/\/concisa.net.ve\/2022\/wp-json\/wp\/v2\/pages\/127\/revisions"}],"predecessor-version":[{"id":128,"href":"https:\/\/concisa.net.ve\/2022\/wp-json\/wp\/v2\/pages\/127\/revisions\/128"}],"wp:attachment":[{"href":"https:\/\/concisa.net.ve\/2022\/wp-json\/wp\/v2\/media?parent=127"}],"curies":[{"name":"wp","href":"https:\/\/api.w.org\/{rel}","templated":true}]}}