{"id":117,"date":"2022-09-18T15:22:13","date_gmt":"2022-09-18T15:22:13","guid":{"rendered":"https:\/\/concisa.net.ve\/2022\/?page_id=117"},"modified":"2022-10-12T20:41:09","modified_gmt":"2022-10-12T20:41:09","slug":"pst-informacion","status":"publish","type":"page","link":"https:\/\/concisa.net.ve\/2022\/pst-informacion\/","title":{"rendered":"PST 2022 &#8211; Informaci\u00f3n"},"content":{"rendered":"<p><span style=\"display: block; font-size: 20px; padding: 7px; margin-left: 0pt; -webkit-border-radius: 4px; border-radius: 4px; color: white; text-shadow: 3px 3px black; background-image: linear-gradient(135deg, #094357, #094357, #094357, #094357, #094357, #094357, #094357, #094357, #1373c3, #94dcf4, #1373c3, #042744);\">Informaci\u00f3n<\/span><\/p>\n<p>El IV Concurso Nacional de Proyectos Socio-Tecnol\u00f3gicos de la <a href=\"https:\/\/www.svc.net.ve\" target=\"_blank\" rel=\"noopener noreferrer\">SVC<\/a> (PST), dedicado a los trabajos realizados en las instituciones que gestionan el Programa Nacional de Formaci\u00f3n en Inform\u00e1tica (PNFI), se realizar\u00e1 en el marco de EVI-CoNCISa 2022. El objetivo del concurso es promover, reconocer y divulgar el trabajo final de los estudiantes que hayan culminado recientemente cualquiera de los trayectos del PNFI. El PNFI se gestiona en varias instituciones de educaci\u00f3n universitaria que incluyen a los Institutos Universitarios de Tecnolog\u00eda (IUTs), los Colegios Universitarios, y las Universidades Nacionales Experimentales (UNEs).<\/p>\n<p>Se recibir\u00e1n postulaciones de proyectos de segundo, tercer y cuarto a\u00f1o del PNFI, que se hayan culminado en el per\u00edodo comprendido entre el 01\/08\/2020 y el 31\/07\/2022, en cualquiera de las instituciones universitarias mencionadas. Este a\u00f1o, no hay l\u00edmite en el n\u00famero de postulaciones de PSTs por instituci\u00f3n. Las contribuciones ser\u00e1n revisadas por un Comit\u00e9 Evaluador, quien elegir\u00e1 los tres mejores trabajos entre todos los postulados.<\/p>\n<p>Los PSTs premiados ser\u00e1n presentados oralmente en una sesi\u00f3n especial que tendr\u00e1 lugar en el marco de EVI-CoNCISa 2022, que se realizar\u00e1 en la <a href=\"http:\/\/www.ciens.ucv.ve\" target=\"_blank\" rel=\"noopener noreferrer\">Facultad de Ciencias<\/a> de la <a href=\"http:\/\/www.ucv.ve\" target=\"_blank\" rel=\"noopener noreferrer\">Universidad Central de Venezuela<\/a>, Ciudad Universitaria de Caracas, del 14 al 18 de noviembre de 2022. Adicionalmente, se publicar\u00e1 un resumen de una p\u00e1gina de los PSTs premiados en las memorias de CoNCISa 2022.<br \/>\n<\/br><\/p>\n<p><span style=\"display: block; font-size: 20px; padding: 7px; margin-left: 0pt; -webkit-border-radius: 4px; border-radius: 4px; color: white; text-shadow: 3px 3px black; background-image: linear-gradient(135deg, #094357, #094357, #094357, #094357, #094357, #094357, #094357, #094357, #1373c3, #94dcf4, #1373c3, #042744);\">Premio<\/span><br \/>\nCertificado digital de reconocimiento para los autores y los tutores. Adicionalmente, para los autores, membres\u00eda gratuita a la <a href=\"https:\/\/www.svc.net.ve\" target=\"_blank\" rel=\"noopener noreferrer\">SVC<\/a> para los a\u00f1os 2023 y 2024, inscripci\u00f3n en dos tutoriales de EVI 2022, e inscripci\u00f3n como asistente a CoNCISa 2022.<\/p>\n","protected":false},"excerpt":{"rendered":"<p>Informaci\u00f3n El IV Concurso Nacional de Proyectos Socio-Tecnol\u00f3gicos de la SVC (PST), dedicado a los trabajos realizados en las instituciones que gestionan el Programa Nacional de Formaci\u00f3n en Inform\u00e1tica (PNFI), se realizar\u00e1 en el&#46;&#46;&#46;<\/p>\n","protected":false},"author":1,"featured_media":0,"parent":0,"menu_order":0,"comment_status":"closed","ping_status":"closed","template":"","meta":{"footnotes":""},"class_list":["post-117","page","type-page","status-publish","hentry"],"_links":{"self":[{"href":"https:\/\/concisa.net.ve\/2022\/wp-json\/wp\/v2\/pages\/117","targetHints":{"allow":["GET"]}}],"collection":[{"href":"https:\/\/concisa.net.ve\/2022\/wp-json\/wp\/v2\/pages"}],"about":[{"href":"https:\/\/concisa.net.ve\/2022\/wp-json\/wp\/v2\/types\/page"}],"author":[{"embeddable":true,"href":"https:\/\/concisa.net.ve\/2022\/wp-json\/wp\/v2\/users\/1"}],"replies":[{"embeddable":true,"href":"https:\/\/concisa.net.ve\/2022\/wp-json\/wp\/v2\/comments?post=117"}],"version-history":[{"count":1,"href":"https:\/\/concisa.net.ve\/2022\/wp-json\/wp\/v2\/pages\/117\/revisions"}],"predecessor-version":[{"id":118,"href":"https:\/\/concisa.net.ve\/2022\/wp-json\/wp\/v2\/pages\/117\/revisions\/118"}],"wp:attachment":[{"href":"https:\/\/concisa.net.ve\/2022\/wp-json\/wp\/v2\/media?parent=117"}],"curies":[{"name":"wp","href":"https:\/\/api.w.org\/{rel}","templated":true}]}}