{"id":104,"date":"2022-09-16T20:32:11","date_gmt":"2022-09-16T20:32:11","guid":{"rendered":"https:\/\/concisa.net.ve\/2022\/?page_id=104"},"modified":"2022-10-07T21:22:38","modified_gmt":"2022-10-07T21:22:38","slug":"teg-informacion","status":"publish","type":"page","link":"https:\/\/concisa.net.ve\/2022\/teg-informacion\/","title":{"rendered":"TEG 2022 &#8211; Informaci\u00f3n"},"content":{"rendered":"<p><span style=\"display: block; font-size: 20px; padding: 7px; margin-left: 0pt; -webkit-border-radius: 4px; border-radius: 4px; color: white; text-shadow: 3px 3px black; background-image: linear-gradient(135deg, #094357, #094357, #094357, #094357, #094357, #094357, #094357, #094357, #1373c3, #94dcf4, #1373c3, #042744);\">Informaci\u00f3n<\/span><br \/>\nEl VII Concurso Nacional de Trabajos Especiales de Grado de la <a href=\"https:\/\/www.svc.net.ve\" target=\"_blank\" rel=\"noopener noreferrer\">SVC<\/a> (TEG pregrado) es un evento que se realizar\u00e1 en el marco de EVI-CoNCISa 2022. El objetivo del concurso es promover y transmitir el trabajo final de grado de estudiantes que hayan terminado recientemente sus carreras en Computaci\u00f3n, Inform\u00e1tica y Sistemas.<\/p>\n<p>Podr\u00e1n participar estudiantes que hayan defendido un TEG en el per\u00edodo comprendido entre el 01\/08\/2020 y el 31\/07\/2022 en los programas de las carreras mencionadas. Los trabajos enviados pueden ser individuales o grupales. Este a\u00f1o, no hay l\u00edmite en el n\u00famero de postulaciones de TEGs por instituci\u00f3n. Las contribuciones ser\u00e1n revisadas por un Comit\u00e9 Evaluador, quien elegir\u00e1 los tres mejores trabajos entre todos los postulados.<\/p>\n<p>Los trabajos premiados ser\u00e1n presentados oralmente en una sesi\u00f3n especial que tendr\u00e1 lugar en el marco de EVI-CoNCISa 2022, que se realizar\u00e1 en la <a href=\"http:\/\/www.ciens.ucv.ve\" target=\"_blank\" rel=\"noopener noreferrer\">Facultad de Ciencias<\/a>, <a href=\"http:\/\/www.ucv.ve\" target=\"_blank\" rel=\"noopener noreferrer\">Universidad Central de Venezuela<\/a>, Ciudad Universitaria de Caracas, del 14 al 18 de noviembre de 2022. Adicionalmente, se publicar\u00e1 un resumen de una p\u00e1gina de los TEGs premiados en las memorias de CoNCISa 2022.<br \/>\n<\/br><\/p>\n<p><span style=\"display: block; font-size: 20px; padding: 7px; margin-left: 0pt; -webkit-border-radius: 4px; border-radius: 4px; color: white; text-shadow: 3px 3px black; background-image: linear-gradient(135deg, #094357, #094357, #094357, #094357, #094357, #094357, #094357, #094357, #1373c3, #94dcf4, #1373c3, #042744);\">Premio<\/span><br \/>\nCertificado digital de reconocimiento para los autores y los tutores. Adicionalmente, para los autores, membres\u00eda gratuita a la <a href=\"https:\/\/www.svc.net.ve\" target=\"_blank\" rel=\"noopener noreferrer\">SVC<\/a> para los a\u00f1os 2023 y 2024, inscripci\u00f3n en dos tutoriales de EVI 2022, e inscripci\u00f3n como asistente a CoNCISa 2022.<\/p>\n","protected":false},"excerpt":{"rendered":"<p>Informaci\u00f3n El VII Concurso Nacional de Trabajos Especiales de Grado de la SVC (TEG pregrado) es un evento que se realizar\u00e1 en el marco de EVI-CoNCISa 2022. El objetivo del concurso es promover y&#46;&#46;&#46;<\/p>\n","protected":false},"author":1,"featured_media":0,"parent":0,"menu_order":0,"comment_status":"closed","ping_status":"closed","template":"","meta":{"footnotes":""},"class_list":["post-104","page","type-page","status-publish","hentry"],"_links":{"self":[{"href":"https:\/\/concisa.net.ve\/2022\/wp-json\/wp\/v2\/pages\/104","targetHints":{"allow":["GET"]}}],"collection":[{"href":"https:\/\/concisa.net.ve\/2022\/wp-json\/wp\/v2\/pages"}],"about":[{"href":"https:\/\/concisa.net.ve\/2022\/wp-json\/wp\/v2\/types\/page"}],"author":[{"embeddable":true,"href":"https:\/\/concisa.net.ve\/2022\/wp-json\/wp\/v2\/users\/1"}],"replies":[{"embeddable":true,"href":"https:\/\/concisa.net.ve\/2022\/wp-json\/wp\/v2\/comments?post=104"}],"version-history":[{"count":1,"href":"https:\/\/concisa.net.ve\/2022\/wp-json\/wp\/v2\/pages\/104\/revisions"}],"predecessor-version":[{"id":106,"href":"https:\/\/concisa.net.ve\/2022\/wp-json\/wp\/v2\/pages\/104\/revisions\/106"}],"wp:attachment":[{"href":"https:\/\/concisa.net.ve\/2022\/wp-json\/wp\/v2\/media?parent=104"}],"curies":[{"name":"wp","href":"https:\/\/api.w.org\/{rel}","templated":true}]}}