{"id":697,"date":"2020-10-21T15:55:49","date_gmt":"2020-10-21T15:55:49","guid":{"rendered":"http:\/\/www.concisa.net.ve\/2020\/?page_id=697"},"modified":"2020-11-04T01:55:04","modified_gmt":"2020-11-04T01:55:04","slug":"concisa-memorias","status":"publish","type":"page","link":"https:\/\/concisa.net.ve\/2020\/concisa-memorias\/","title":{"rendered":"CoNCISa 2020 &#8211; Memorias"},"content":{"rendered":"<p><span style=\"display: block; font-size: 20px; padding: 7px; margin-left: 0pt; -webkit-border-radius: 4px; border-radius: 4px; color: white; text-shadow: 3px 3px black; background-image: linear-gradient(45deg, #f3532c, #f3532c, #042744, #1373c3, #94dcf4, #1373c3, #042744);\">Contribuci\u00f3n por Separada (Sesi\u00f3n de Investigaci\u00f3n \u2013 Art\u00edculos Largos)<\/span><br \/>\nEn la siguiente tabla, se encuentran las contribuciones de CoNCISa 2020 de la Sesi\u00f3n de Investigaci\u00f3n (Art\u00edculos Largos).<\/p>\n<p>\n<table id=\"tablepress-13\" class=\"tablepress tablepress-id-13\">\n<tbody class=\"row-hover\">\n<tr class=\"row-1 odd\">\n\t<td class=\"column-1\"><strong>N\u00famero<\/strong><\/td><td class=\"column-2\"><td style=\"text-align: center;\"><strong>Contribuci\u00f3n<\/strong><\/td><\/td><td class=\"column-3\"><strong>P\u00e1ginas<\/strong><\/td>\n<\/tr>\n<tr class=\"row-2 even\">\n\t<td class=\"column-1\">1.1<\/td><td class=\"column-2\"><td style=\"text-align: left;\"><strong>RGBaGris: Decolorizaci\u00f3n de Im\u00e1genes en el Dominio Espectral Empleando CIELab<\/strong><br \/>\nIrena Cabanach, Esmitt Ram\u00edrez<\/td><\/td><td class=\"column-3\"><a href=\"http:\/\/concisa.net.ve\/memorias\/CoNCISa2020\/CoNCISa2020-p002-013.pdf\" target=\"_blank\" rel=\"noopener noreferrer\">2-13<\/a><\/td>\n<\/tr>\n<tr class=\"row-3 odd\">\n\t<td class=\"column-1\">1.2<\/td><td class=\"column-2\"><td style=\"text-align: left;\"><strong>Cachicamo: Un Videojuego de Plataformas para la Concienciaci\u00f3n en la Preservaci\u00f3n del Armadillo Gigante<\/strong><br \/>\nEdgar Bernal, Esmitt Ram\u00edrez<\/td><\/td><td class=\"column-3\"><a href=\"http:\/\/concisa.net.ve\/memorias\/CoNCISa2020\/CoNCISa2020-p014-024.pdf\" target=\"_blank\" rel=\"noopener noreferrer\">14-24<\/a><\/td>\n<\/tr>\n<tr class=\"row-4 even\">\n\t<td class=\"column-1\">1.3<\/td><td class=\"column-2\"><td style=\"text-align: left;\"><strong>An Approach to Model-based Fault Diagnosis of Manufacturing Processes and Machines using Probabilistic Boolean Networks<\/strong><br \/>\nPedro Rivera, Orestes Llanes<\/td><\/td><td class=\"column-3\"><a href=\"http:\/\/concisa.net.ve\/memorias\/CoNCISa2020\/CoNCISa2020-p025-033.pdf\" target=\"_blank\" rel=\"noopener noreferrer\">25-33<\/a><\/td>\n<\/tr>\n<tr class=\"row-5 odd\">\n\t<td class=\"column-1\">1.4<\/td><td class=\"column-2\"><td style=\"text-align: left;\"><strong>Series de Potencia como un Medio B\u00e1sico para Autenticar Multiagentes de Software: Una Simulaci\u00f3n Simple<\/strong><br \/>\nMiguel Torrealba<\/td><\/td><td class=\"column-3\"><a href=\"http:\/\/concisa.net.ve\/memorias\/CoNCISa2020\/CoNCISa2020-p034-044.pdf\" target=\"_blank\" rel=\"noopener noreferrer\">34-44<\/a><\/td>\n<\/tr>\n<tr class=\"row-6 even\">\n\t<td class=\"column-1\">1.5<\/td><td class=\"column-2\"><td style=\"text-align: left;\"><strong>Vehicle-to-Person Interaction: A Survey<\/strong><br \/>\nCarlos Palacio, Eric Gamess<\/td><\/td><td class=\"column-3\"><a href=\"http:\/\/concisa.net.ve\/memorias\/CoNCISa2020\/CoNCISa2020-p045-056.pdf\" target=\"_blank\" rel=\"noopener noreferrer\">45-56<\/a><\/td>\n<\/tr>\n<tr class=\"row-7 odd\">\n\t<td class=\"column-1\">1.6<\/td><td class=\"column-2\"><td style=\"text-align: left;\"><strong>Aprendizaje de Valores Universitarios a trav\u00e9s del Dise\u00f1o de Recursos Educativos Digitales<\/strong><br \/>\nYusneyi Carballo<\/td><\/td><td class=\"column-3\"><a href=\"http:\/\/concisa.net.ve\/memorias\/CoNCISa2020\/CoNCISa2020-p057-065.pdf\" target=\"_blank\" rel=\"noopener noreferrer\">57-65<\/a><\/td>\n<\/tr>\n<\/tbody>\n<\/table>\n<!-- #tablepress-13 from cache --><br \/>\n&nbsp;<\/p>\n<p><span style=\"display: block; font-size: 20px; padding: 7px; margin-left: 0pt; -webkit-border-radius: 4px; border-radius: 4px; color: white; text-shadow: 3px 3px black; background-image: linear-gradient(45deg, #f3532c, #f3532c, #042744, #1373c3, #94dcf4, #1373c3, #042744);\">Contribuci\u00f3n por Separada (Sesi\u00f3n de Investigaci\u00f3n \u2013 Art\u00edculos Cortos)<\/span><br \/>\nEn la siguiente tabla, se encuentran las contribuciones de CoNCISa 2020 de la Sesi\u00f3n de Investigaci\u00f3n (Art\u00edculos Cortos).<\/p>\n<p>\n<table id=\"tablepress-17\" class=\"tablepress tablepress-id-17\">\n<tbody class=\"row-hover\">\n<tr class=\"row-1 odd\">\n\t<td class=\"column-1\"><strong>N\u00famero<\/strong><\/td><td class=\"column-2\"><td style=\"text-align: center;\"><strong>Contribuci\u00f3n<\/strong><\/td><\/td><td class=\"column-3\"><strong>P\u00e1ginas<\/strong><\/td>\n<\/tr>\n<tr class=\"row-2 even\">\n\t<td class=\"column-1\">2.1<\/td><td class=\"column-2\"><td style=\"text-align: left;\"><strong>Analysis on Formality Classification in Conversational Bots<\/strong><br \/>\nJawil Ricauter, Federico Flaviani, Sebasti\u00e1n Alarc\u00f3n<\/td><\/td><td class=\"column-3\"><a href=\"http:\/\/concisa.net.ve\/memorias\/CoNCISa2020\/CoNCISa2020-p067-071.pdf\" target=\"_blank\" rel=\"noopener noreferrer\">67-71<\/a><\/td>\n<\/tr>\n<\/tbody>\n<\/table>\n<!-- #tablepress-17 from cache --><br \/>\n&nbsp;<\/p>\n<p><span style=\"display: block; font-size: 20px; padding: 7px; margin-left: 0pt; -webkit-border-radius: 4px; border-radius: 4px; color: white; text-shadow: 3px 3px black; background-image: linear-gradient(45deg, #f3532c, #f3532c, #042744, #1373c3, #94dcf4, #1373c3, #042744);\">Archivos Adicionales<\/span><\/p>\n<p>En esta tabla, se encuentran algunos archivos adicionales de las memorias de CoNCISa 2020.<\/p>\n\n<table id=\"tablepress-14\" class=\"tablepress tablepress-id-14\">\n<tbody class=\"row-hover\">\n<tr class=\"row-1 odd\">\n\t<td class=\"column-1\"><td style=\"text-align: left;\"><strong>Informaci\u00f3n<\/strong><\/td><\/td><td class=\"column-2\"><strong>Archivo<\/strong><\/td>\n<\/tr>\n<tr class=\"row-2 even\">\n\t<td class=\"column-1\"><td style=\"text-align: left;\">Volumen Completo<\/td><\/td><td class=\"column-2\"><a href=\"http:\/\/concisa.net.ve\/memorias\/CoNCISa2020\/CoNCISa2020-full-proceedings.pdf\" target=\"_blank\" rel=\"noopener noreferrer\">enlace<\/a><\/td>\n<\/tr>\n<tr class=\"row-3 odd\">\n\t<td class=\"column-1\"><td style=\"text-align: left;\">Cubierta<\/td><\/td><td class=\"column-2\"><a href=\"http:\/\/concisa.net.ve\/memorias\/CoNCISa2020\/CoNCISa2020-front-cover.pdf\" target=\"_blank\" rel=\"noopener noreferrer\">enlace<\/a><\/td>\n<\/tr>\n<tr class=\"row-4 even\">\n\t<td class=\"column-1\"><td style=\"text-align: left;\">Primera P\u00e1gina<\/td><\/td><td class=\"column-2\"><a href=\"http:\/\/concisa.net.ve\/memorias\/CoNCISa2020\/CoNCISa2020-first-page.pdf\" target=\"_blank\" rel=\"noopener noreferrer\">enlace<\/a><\/td>\n<\/tr>\n<tr class=\"row-5 odd\">\n\t<td class=\"column-1\"><td style=\"text-align: left;\">Comit\u00e9 de Programa<\/td><\/td><td class=\"column-2\"><a href=\"http:\/\/concisa.net.ve\/memorias\/CoNCISa2020\/CoNCISa2020-program-committee.pdf\" target=\"_blank\" rel=\"noopener noreferrer\">enlace<\/a><\/td>\n<\/tr>\n<tr class=\"row-6 even\">\n\t<td class=\"column-1\"><td style=\"text-align: left;\">Comit\u00e9 Organizador<\/td><\/td><td class=\"column-2\"><a href=\"http:\/\/concisa.net.ve\/memorias\/CoNCISa2020\/CoNCISa2020-organizing-committee.pdf\" target=\"_blank\" rel=\"noopener noreferrer\">enlace<\/a><\/td>\n<\/tr>\n<tr class=\"row-7 odd\">\n\t<td class=\"column-1\"><td style=\"text-align: left;\">Tabla de Contenido<\/td><\/td><td class=\"column-2\"><a href=\"http:\/\/concisa.net.ve\/memorias\/CoNCISa2020\/CoNCISa2020-ToC.pdf\" target=\"_blank\" rel=\"noopener noreferrer\">enlace<\/a><\/td>\n<\/tr>\n<tr class=\"row-8 even\">\n\t<td class=\"column-1\"><td style=\"text-align: left;\">\u00cdndice de Autores<\/td><\/td><td class=\"column-2\"><a href=\"http:\/\/concisa.net.ve\/memorias\/CoNCISa2020\/CoNCISa2020-authors.pdf\" target=\"_blank\" rel=\"noopener noreferrer\">enlace<\/a><\/td>\n<\/tr>\n<\/tbody>\n<\/table>\n<!-- #tablepress-14 from cache -->\n","protected":false},"excerpt":{"rendered":"<p>Contribuci\u00f3n por Separada (Sesi\u00f3n de Investigaci\u00f3n \u2013 Art\u00edculos Largos) En la siguiente tabla, se encuentran las contribuciones de CoNCISa 2020 de la Sesi\u00f3n de Investigaci\u00f3n (Art\u00edculos Largos). &nbsp; Contribuci\u00f3n por Separada (Sesi\u00f3n de Investigaci\u00f3n&#46;&#46;&#46;<\/p>\n","protected":false},"author":1,"featured_media":0,"parent":0,"menu_order":0,"comment_status":"closed","ping_status":"closed","template":"","meta":{"footnotes":""},"class_list":["post-697","page","type-page","status-publish","hentry"],"_links":{"self":[{"href":"https:\/\/concisa.net.ve\/2020\/wp-json\/wp\/v2\/pages\/697","targetHints":{"allow":["GET"]}}],"collection":[{"href":"https:\/\/concisa.net.ve\/2020\/wp-json\/wp\/v2\/pages"}],"about":[{"href":"https:\/\/concisa.net.ve\/2020\/wp-json\/wp\/v2\/types\/page"}],"author":[{"embeddable":true,"href":"https:\/\/concisa.net.ve\/2020\/wp-json\/wp\/v2\/users\/1"}],"replies":[{"embeddable":true,"href":"https:\/\/concisa.net.ve\/2020\/wp-json\/wp\/v2\/comments?post=697"}],"version-history":[{"count":10,"href":"https:\/\/concisa.net.ve\/2020\/wp-json\/wp\/v2\/pages\/697\/revisions"}],"predecessor-version":[{"id":764,"href":"https:\/\/concisa.net.ve\/2020\/wp-json\/wp\/v2\/pages\/697\/revisions\/764"}],"wp:attachment":[{"href":"https:\/\/concisa.net.ve\/2020\/wp-json\/wp\/v2\/media?parent=697"}],"curies":[{"name":"wp","href":"https:\/\/api.w.org\/{rel}","templated":true}]}}