{"id":662,"date":"2020-10-19T23:18:20","date_gmt":"2020-10-19T23:18:20","guid":{"rendered":"http:\/\/www.concisa.net.ve\/2020\/?page_id=662"},"modified":"2020-10-30T19:44:42","modified_gmt":"2020-10-30T19:44:42","slug":"concisa-programa-general","status":"publish","type":"page","link":"https:\/\/concisa.net.ve\/2020\/concisa-programa-general\/","title":{"rendered":"CoNCISa 2020 &#8211; Programa General"},"content":{"rendered":"<p><span style=\"display: block; font-size: 20px; padding: 7px; margin-left: 0pt; -webkit-border-radius: 4px; border-radius: 4px; color: white; text-shadow: 3px 3px black; background-image: linear-gradient(45deg, #f3532c, #f3532c, #042744, #1373c3, #94dcf4, #1373c3, #042744);\">Programa General EVI\/CoNCISa 2020<\/span><\/p>\n<p>Este es el programa general de EVI\/CoNCISa 2020. Este programa a\u00fan est\u00e1 sujeto a cambios. Para la programaci\u00f3n de las ponencias de los trabajos aceptados, haga clic <a href=\"http:\/\/www.concisa.net.ve\/2020\/concisa-ponencias\">aqu\u00ed<\/a>.<\/p>\n<p>La plenaria del d\u00eda Jueves 12 de noviembre de 2020 est\u00e1 a cargo de Yenny M\u00e9ndez, investigadora del Centro de Investigaci\u00f3n de Ciberseguridad de Chile. El t\u00edtulo de la plenaria es &#8220;\u00bfSeguridad Centrada en las Personas? Retos y Oportunidades&#8221;.<\/p>\n<p>El foro del d\u00eda jueves 12 de noviembre de 2020 est\u00e1 titulado &#8220;Foro Postgrado Online Interuniversitario&#8221;. A continuaci\u00f3n, se encuentra una breve rese\u00f1a sobre este foro: &#8220;En estos tiempos de escasa movilidad, el estudio en casa se ha perfilado como una alternativa dada sus innumerables ventajas. De hecho muchas plataformas como Coursera se han repotenciado y han aumentado su demanda exponencialmente. En este foro se pretende analizar y plantear los beneficios, retos y desaf\u00edos que tiene para el pa\u00eds y nuestros estudiantes, la conformaci\u00f3n de un programa de estudios de postgrado interuniversitario en l\u00ednea. Estar\u00e1n invitados los coordinadores de postgrado de las universidades p\u00fablicas y privadas m\u00e1s importantes del pa\u00eds para discutir sobre las ventajas y desventajas de esta modalidad&#8221;.<br \/>\n&nbsp;<\/p>\n<p style=\"text-align: center;\"><a href=\"http:\/\/www.concisa.net.ve\/wp-content\/uploads\/2020\/10\/Programa-EVI-CoNCISa-v0.9.png\"><img decoding=\"async\" class=\"aligncenter size-full wp-image-447\" style=\"border: none; background-color: #ffffff;\" src=\"http:\/\/www.concisa.net.ve\/wp-content\/uploads\/2020\/10\/Programa-EVI-CoNCISa-v1.4.png\"><\/a><\/p>\n","protected":false},"excerpt":{"rendered":"<p>Programa General EVI\/CoNCISa 2020 Este es el programa general de EVI\/CoNCISa 2020. Este programa a\u00fan est\u00e1 sujeto a cambios. Para la programaci\u00f3n de las ponencias de los trabajos aceptados, haga clic aqu\u00ed. La plenaria&#46;&#46;&#46;<\/p>\n","protected":false},"author":1,"featured_media":0,"parent":0,"menu_order":0,"comment_status":"closed","ping_status":"closed","template":"","meta":{"footnotes":""},"class_list":["post-662","page","type-page","status-publish","hentry"],"_links":{"self":[{"href":"https:\/\/concisa.net.ve\/2020\/wp-json\/wp\/v2\/pages\/662","targetHints":{"allow":["GET"]}}],"collection":[{"href":"https:\/\/concisa.net.ve\/2020\/wp-json\/wp\/v2\/pages"}],"about":[{"href":"https:\/\/concisa.net.ve\/2020\/wp-json\/wp\/v2\/types\/page"}],"author":[{"embeddable":true,"href":"https:\/\/concisa.net.ve\/2020\/wp-json\/wp\/v2\/users\/1"}],"replies":[{"embeddable":true,"href":"https:\/\/concisa.net.ve\/2020\/wp-json\/wp\/v2\/comments?post=662"}],"version-history":[{"count":17,"href":"https:\/\/concisa.net.ve\/2020\/wp-json\/wp\/v2\/pages\/662\/revisions"}],"predecessor-version":[{"id":794,"href":"https:\/\/concisa.net.ve\/2020\/wp-json\/wp\/v2\/pages\/662\/revisions\/794"}],"wp:attachment":[{"href":"https:\/\/concisa.net.ve\/2020\/wp-json\/wp\/v2\/media?parent=662"}],"curies":[{"name":"wp","href":"https:\/\/api.w.org\/{rel}","templated":true}]}}