{"id":621,"date":"2020-10-18T23:35:31","date_gmt":"2020-10-18T23:35:31","guid":{"rendered":"http:\/\/www.concisa.net.ve\/2020\/?page_id=621"},"modified":"2020-10-19T23:40:57","modified_gmt":"2020-10-19T23:40:57","slug":"concisa-ponencias","status":"publish","type":"page","link":"https:\/\/concisa.net.ve\/2020\/concisa-ponencias\/","title":{"rendered":"CoNCISa 2020 &#8211; Ponencias"},"content":{"rendered":"<p><span style=\"display: block; font-size: 20px; padding: 7px; margin-left: 0pt; -webkit-border-radius: 4px; border-radius: 4px; color: white; text-shadow: 3px 3px black; background-image: linear-gradient(45deg, #f3532c, #f3532c, #042744, #1373c3, #94dcf4, #1373c3, #042744);\">Programaci\u00f3n Ponencias<\/span><br \/>\nEn la tabla a continuaci\u00f3n, puede ver la programaci\u00f3n de los trabajos aceptados en CoNCISa 2020. Para los trabajos largos de la &#8220;Sesi\u00f3n de Investigaci\u00f3n&#8221;, la exposici\u00f3n ser\u00e1 de 15 minutos, m\u00e1s 5 minutos de preguntas. Para los trabajos cortos de la &#8220;Sesi\u00f3n de Investigaci\u00f3n&#8221;, la exposici\u00f3n ser\u00e1 de 10 minutos, m\u00e1s 5 minutos de preguntas. Para ver la programaci\u00f3n general de EVI\/CoNCISa 2020, haga clic <a href=\"http:\/\/www.concisa.net.ve\/2020\/concisa-programa-general\">aqu\u00ed<\/a>.<\/p>\n<h5>Jueves 19 de Noviembre de 2020<\/h5>\n\n<table id=\"tablepress-12\" class=\"tablepress tablepress-id-12\">\n<tbody class=\"row-hover\">\n<tr class=\"row-1 odd\">\n\t<td class=\"column-1\"><td style=\"text-align: center;\"><strong>Identificador Contribuci\u00f3n<\/strong><\/td><\/td><td class=\"column-2\"><td style=\"text-align: center;\"><strong>T\u00edtulo de la Contribuci\u00f3n<\/strong><\/td><\/td><td class=\"column-3\"><td style=\"text-align: center;\"><strong>Tipo Contribuci\u00f3n<\/strong><\/td><\/td><td class=\"column-4\"><td style=\"text-align: center;\"><strong>Horario<\/strong><\/td><\/td>\n<\/tr>\n<tr class=\"row-2 even\">\n\t<td class=\"column-1\"><td style=\"text-align: center;\">01<\/td><\/td><td class=\"column-2\"><td style=\"text-align: left;\"><strong>RGBaGris: Decolorizaci\u00f3n de Im\u00e1genes en el Dominio Espectral Empleando CIELab<\/strong> <br>Irena Cabanach, Esmitt Ram\u00edrez<\/td><\/td><td class=\"column-3\"><td style=\"text-align: center;\">Investigaci\u00f3n (Art\u00edculo Largo)<\/td><\/td><td class=\"column-4\"><td style=\"text-align: center;\">13:30-13:50<\/td><\/td>\n<\/tr>\n<tr class=\"row-3 odd\">\n\t<td class=\"column-1\"><td style=\"text-align: center;\">02<\/td><\/td><td class=\"column-2\"><td style=\"text-align: left;\"><strong>Cachicamo: Un Videojuego de Plataformas para la Concienciaci\u00f3n en la Preservaci\u00f3n del Armadillo Gigante<\/strong> <br>Edgar Bernal, Esmitt Ram\u00edrez<\/td><\/td><td class=\"column-3\"><td style=\"text-align: center;\">Investigaci\u00f3n (Art\u00edculo Largo)<\/td><\/td><td class=\"column-4\"><td style=\"text-align: center;\">13:50-14:10<\/td><\/td>\n<\/tr>\n<tr class=\"row-4 even\">\n\t<td class=\"column-1\"><td style=\"text-align: center;\">03<\/td><\/td><td class=\"column-2\"><td style=\"text-align: left;\"><strong>An Approach to Model-based Fault Diagnosis of Manufacturing Processes and Machines using Probabilistic Boolean Networks<\/strong> <br>Pedro Rivera, Orestes Llanes<\/td><\/td><td class=\"column-3\"><td style=\"text-align: center;\">Investigaci\u00f3n (Art\u00edculo Largo)<\/td><\/td><td class=\"column-4\"><td style=\"text-align: center;\">14:10-14:30<\/td><\/td>\n<\/tr>\n<tr class=\"row-5 odd\">\n\t<td class=\"column-1\"><td style=\"text-align: center;\">04<\/td><\/td><td class=\"column-2\"><td style=\"text-align: left;\"><strong> Series de Potencia como un Medio B\u00e1sico para Autenticar Multiagentes de Software: Una Simulaci\u00f3n Simple<\/strong> <br>Miguel Torrealba<\/td><\/td><td class=\"column-3\"><td style=\"text-align: center;\">Investigaci\u00f3n (Art\u00edculo Largo)<\/td><\/td><td class=\"column-4\"><td style=\"text-align: center;\">14:30-14:50<\/td><\/td>\n<\/tr>\n<tr class=\"row-6 even\">\n\t<td class=\"column-1\"><td style=\"text-align: center;\">05<\/td><\/td><td class=\"column-2\"><td style=\"text-align: left;\"><strong>Vehicle-to-Person Interaction: A Survey<\/strong> <br>Carlos Palacio, Eric Gamess<\/td><\/td><td class=\"column-3\"><td style=\"text-align: center;\">Investigaci\u00f3n (Art\u00edculo Largo)<\/td><\/td><td class=\"column-4\"><td style=\"text-align: center;\">14:50-15:10<\/td><\/td>\n<\/tr>\n<tr class=\"row-7 odd\">\n\t<td class=\"column-1\"><td style=\"text-align: center;\">06<\/td><\/td><td class=\"column-2\"><td style=\"text-align: left;\"><strong>Aprendizaje de Valores Universitarios a trav\u00e9s del Dise\u00f1o de Recursos Educativos Digitales<\/strong> <br>Yusneyi Carballo<\/td><\/td><td class=\"column-3\"><td style=\"text-align: center;\">Investigaci\u00f3n (Art\u00edculo Largo)<\/td><\/td><td class=\"column-4\"><td style=\"text-align: center;\">15:10-15:30<\/td><\/td>\n<\/tr>\n<tr class=\"row-8 even\">\n\t<td class=\"column-1\"><td style=\"text-align: center;\">07<\/td><\/td><td class=\"column-2\"><td style=\"text-align: left;\"><strong>Analysis on Formality Classification in Conversational Bots<\/strong> <br>Jawil Ricauter, Federico Flaviani, Sebasti\u00e1n Alarc\u00f3n<\/td><\/td><td class=\"column-3\"><td style=\"text-align: center;\">Investigaci\u00f3n (Art\u00edculo Corto)<\/td><\/td><td class=\"column-4\"><td style=\"text-align: center;\">15:30-15:45<\/td><\/td>\n<\/tr>\n<\/tbody>\n<\/table>\n<!-- #tablepress-12 from cache -->\n","protected":false},"excerpt":{"rendered":"<p>Programaci\u00f3n Ponencias En la tabla a continuaci\u00f3n, puede ver la programaci\u00f3n de los trabajos aceptados en CoNCISa 2020. Para los trabajos largos de la &#8220;Sesi\u00f3n de Investigaci\u00f3n&#8221;, la exposici\u00f3n ser\u00e1 de 15 minutos, m\u00e1s&#46;&#46;&#46;<\/p>\n","protected":false},"author":1,"featured_media":0,"parent":0,"menu_order":0,"comment_status":"closed","ping_status":"closed","template":"","meta":{"footnotes":""},"class_list":["post-621","page","type-page","status-publish","hentry"],"_links":{"self":[{"href":"https:\/\/concisa.net.ve\/2020\/wp-json\/wp\/v2\/pages\/621","targetHints":{"allow":["GET"]}}],"collection":[{"href":"https:\/\/concisa.net.ve\/2020\/wp-json\/wp\/v2\/pages"}],"about":[{"href":"https:\/\/concisa.net.ve\/2020\/wp-json\/wp\/v2\/types\/page"}],"author":[{"embeddable":true,"href":"https:\/\/concisa.net.ve\/2020\/wp-json\/wp\/v2\/users\/1"}],"replies":[{"embeddable":true,"href":"https:\/\/concisa.net.ve\/2020\/wp-json\/wp\/v2\/comments?post=621"}],"version-history":[{"count":9,"href":"https:\/\/concisa.net.ve\/2020\/wp-json\/wp\/v2\/pages\/621\/revisions"}],"predecessor-version":[{"id":679,"href":"https:\/\/concisa.net.ve\/2020\/wp-json\/wp\/v2\/pages\/621\/revisions\/679"}],"wp:attachment":[{"href":"https:\/\/concisa.net.ve\/2020\/wp-json\/wp\/v2\/media?parent=621"}],"curies":[{"name":"wp","href":"https:\/\/api.w.org\/{rel}","templated":true}]}}