{"id":606,"date":"2020-10-10T21:22:51","date_gmt":"2020-10-10T21:22:51","guid":{"rendered":"http:\/\/www.concisa.net.ve\/2020\/?page_id=606"},"modified":"2020-10-10T21:43:33","modified_gmt":"2020-10-10T21:43:33","slug":"concisa-registro-autor","status":"publish","type":"page","link":"https:\/\/concisa.net.ve\/2020\/concisa-registro-autor\/","title":{"rendered":"CoNCISa 2020 &#8211; Registro como Autor"},"content":{"rendered":"<p><span style=\"display: block; font-size: 20px; padding: 7px; margin-left: 0pt; -webkit-border-radius: 4px; border-radius: 4px; color: white; text-shadow: 3px 3px black; background-image: linear-gradient(45deg, #f3532c, #f3532c, #042744, #1373c3, #94dcf4, #1373c3, #042744);\">Registro como Autor<\/span><\/p>\n<p>Para registrarse como autor de un trabajo aceptado en CoNCISa 2020, usted debe seguir los pasos a continuaci\u00f3n. CoNCISa 2020 es un evento libre de costo. Eso es, no hay cargo para ning\u00fan tipo de registro, incluyendo el registro como autor. Si su trabajo tiene varios autores, solamente se debe registrar como autor la persona que presentar\u00e1 el trabajo durante la conferencia, usando tecnolog\u00edas de videoconferencia.<\/p>\n<p>Para registrarse como autor de un trabajo aceptado, usted debe tener una cuenta en el sistema de administraci\u00f3n de conferencias (<a href=\"http:\/\/69.31.134.207:8080\" target=\"_blank\" rel=\"noopener noreferrer\">ConfVen<\/a>). Si a\u00fan no tiene cuenta en ConfVen, deber\u00e1 crear su cuenta antes de proceder. Luego, podr\u00e1 registrarse como autor. El sistema es bastante amigable, y le enviar\u00e1 un email despu\u00e9s de cada paso que usted realizar\u00e1 en este. Si no le llegan los emails, por favor revise en su carpeta de spam.<\/p>\n<p>Es importante que el autor que presentar\u00e1 el trabajo durante la conferencia se registre, ya que se har\u00e1 la emisi\u00f3n del certificado como presentador bas\u00e1ndose en este registro.<\/p>\n<p>Si tiene alg\u00fan problema con su registro como autor, enviar un email a <a href=\"mailto: registro@svc.net.ve\">registro@svc.net.ve<\/a>.<\/p>\n","protected":false},"excerpt":{"rendered":"<p>Registro como Autor Para registrarse como autor de un trabajo aceptado en CoNCISa 2020, usted debe seguir los pasos a continuaci\u00f3n. CoNCISa 2020 es un evento libre de costo. Eso es, no hay cargo&#46;&#46;&#46;<\/p>\n","protected":false},"author":1,"featured_media":0,"parent":0,"menu_order":0,"comment_status":"closed","ping_status":"closed","template":"","meta":{"footnotes":""},"class_list":["post-606","page","type-page","status-publish","hentry"],"_links":{"self":[{"href":"https:\/\/concisa.net.ve\/2020\/wp-json\/wp\/v2\/pages\/606","targetHints":{"allow":["GET"]}}],"collection":[{"href":"https:\/\/concisa.net.ve\/2020\/wp-json\/wp\/v2\/pages"}],"about":[{"href":"https:\/\/concisa.net.ve\/2020\/wp-json\/wp\/v2\/types\/page"}],"author":[{"embeddable":true,"href":"https:\/\/concisa.net.ve\/2020\/wp-json\/wp\/v2\/users\/1"}],"replies":[{"embeddable":true,"href":"https:\/\/concisa.net.ve\/2020\/wp-json\/wp\/v2\/comments?post=606"}],"version-history":[{"count":7,"href":"https:\/\/concisa.net.ve\/2020\/wp-json\/wp\/v2\/pages\/606\/revisions"}],"predecessor-version":[{"id":614,"href":"https:\/\/concisa.net.ve\/2020\/wp-json\/wp\/v2\/pages\/606\/revisions\/614"}],"wp:attachment":[{"href":"https:\/\/concisa.net.ve\/2020\/wp-json\/wp\/v2\/media?parent=606"}],"curies":[{"name":"wp","href":"https:\/\/api.w.org\/{rel}","templated":true}]}}