{"id":6,"date":"2020-06-10T17:04:16","date_gmt":"2020-06-10T17:04:16","guid":{"rendered":"http:\/\/www.concisa.net.ve\/2020\/?page_id=6"},"modified":"2020-11-08T19:39:08","modified_gmt":"2020-11-08T19:39:08","slug":"concisa-informacion","status":"publish","type":"page","link":"https:\/\/concisa.net.ve\/2020\/concisa-informacion\/","title":{"rendered":"CoNCISa 2020 &#8211; Informaci\u00f3n"},"content":{"rendered":"<p><span style=\"display: block; font-size: 20px; padding: 7px; margin-left: 0pt; -webkit-border-radius: 4px; border-radius: 4px; color: white; text-shadow: 3px 3px black; background-image: linear-gradient(45deg, #f3532c, #f3532c, #042744, #1373c3, #94dcf4, #1373c3, #042744);\">Informaci\u00f3n<\/span><\/p>\n<p><font color=\"WHITE\"><marquee direction=\"left\" size=\"10\" face=\"Trebuchet MS\" style=\"background:#E62020\"><strong>Debido a la pandemia del COVID-19, SCTC\/EVI\/CoNCISa 2020 ser\u00e1n eventos totalmente virtuales<\/strong><\/marquee><\/font><\/p>\n<p>CoNCISa 2020 es la octava Conferencia Nacional de Computaci\u00f3n, Inform\u00e1tica y Sistemas. Es uno de los principales eventos anuales de la <a href=\"http:\/\/www.svc.net.ve\" target=\"_blank\" rel=\"noopener noreferrer\">SVC<\/a> (Sociedad Venezolana de Computaci\u00f3n). Adicionalmente cuenta con el respaldo acad\u00e9mico del <a href=\"http:\/\/www.clei.org\" target=\"_blank\" rel=\"noopener noreferrer\">CLEI<\/a> (Centro Latinoamericano de Estudios en Inform\u00e1tica).<\/p>\n<p>El objetivo principal de CoNCISa 2020 es consolidar el intercambio sobre experiencias de investigaci\u00f3n, acad\u00e9micas y tecnol\u00f3gicas, para impulsar el desarrollo del \u00e1rea y crear lazos estrechos de cooperaci\u00f3n a nivel nacional.<\/p>\n<p><del>CoNCISa 2020 se realizar\u00e1 en la <a href=\"http:\/\/www.ciens.ucv.ve\" target=\"_blank\" rel=\"noopener noreferrer\">Facultad de Ciencias<\/a> de la <a href=\"http:\/\/www.ucv.ve\" target=\"_blank\" rel=\"noopener noreferrer\">UCV<\/a> (Universidad Central de Venezuela) del 11 al 13 de noviembre de 2020, conjuntamente con el <a href=\"http:\/\/www.sctc.org.ve\/2020\" target=\"_blank\" rel=\"noopener noreferrer\">SCTC 2020<\/a> (Simposio Cient\u00edfico y Tecnol\u00f3gico en Computaci\u00f3n), y <a href=\"http:\/\/www.concisa.net.ve\/2020\/evi-informacion\">EVI 2020<\/a> (Escuela Venezolana de Inform\u00e1tica)<\/del>.<\/p>\n<p>Debido a la pandemia del COVID-19, CoNCISa 2020 se realizar\u00e1 en forma virtual del 11 al 13 de noviembre de 2020, conjuntamente con <a href=\"http:\/\/www.concisa.net.ve\/2020\/evi-informacion\">EVI 2020<\/a> (Escuela Venezolana de Inform\u00e1tica). CoNCISa 2020 es un evento totalmente libre de costo, pero requiere que usted se registre. Haga su registro a trav\u00e9s de <a href=\"http:\/\/69.31.134.207:8080\" target=\"_blank\" rel=\"noopener noreferrer\">ConfVen<\/a>.<\/p>\n","protected":false},"excerpt":{"rendered":"<p>Informaci\u00f3n Debido a la pandemia del COVID-19, SCTC\/EVI\/CoNCISa 2020 ser\u00e1n eventos totalmente virtuales CoNCISa 2020 es la octava Conferencia Nacional de Computaci\u00f3n, Inform\u00e1tica y Sistemas. Es uno de los principales eventos anuales de la&#46;&#46;&#46;<\/p>\n","protected":false},"author":1,"featured_media":0,"parent":0,"menu_order":0,"comment_status":"closed","ping_status":"closed","template":"","meta":{"footnotes":""},"class_list":["post-6","page","type-page","status-publish","hentry"],"_links":{"self":[{"href":"https:\/\/concisa.net.ve\/2020\/wp-json\/wp\/v2\/pages\/6","targetHints":{"allow":["GET"]}}],"collection":[{"href":"https:\/\/concisa.net.ve\/2020\/wp-json\/wp\/v2\/pages"}],"about":[{"href":"https:\/\/concisa.net.ve\/2020\/wp-json\/wp\/v2\/types\/page"}],"author":[{"embeddable":true,"href":"https:\/\/concisa.net.ve\/2020\/wp-json\/wp\/v2\/users\/1"}],"replies":[{"embeddable":true,"href":"https:\/\/concisa.net.ve\/2020\/wp-json\/wp\/v2\/comments?post=6"}],"version-history":[{"count":13,"href":"https:\/\/concisa.net.ve\/2020\/wp-json\/wp\/v2\/pages\/6\/revisions"}],"predecessor-version":[{"id":781,"href":"https:\/\/concisa.net.ve\/2020\/wp-json\/wp\/v2\/pages\/6\/revisions\/781"}],"wp:attachment":[{"href":"https:\/\/concisa.net.ve\/2020\/wp-json\/wp\/v2\/media?parent=6"}],"curies":[{"name":"wp","href":"https:\/\/api.w.org\/{rel}","templated":true}]}}