{"id":339,"date":"2020-06-24T20:39:12","date_gmt":"2020-06-24T20:39:12","guid":{"rendered":"http:\/\/www.concisa.net.ve\/2020\/?page_id=339"},"modified":"2020-10-30T00:12:48","modified_gmt":"2020-10-30T00:12:48","slug":"pst-comite-cientifico","status":"publish","type":"page","link":"https:\/\/concisa.net.ve\/2020\/pst-comite-cientifico\/","title":{"rendered":"PST 2020 &#8211; Comit\u00e9 Cient\u00edfico"},"content":{"rendered":"<p><span style=\"display: block; font-size: 20px; padding: 7px; margin-left: 0pt; -webkit-border-radius: 4px; border-radius: 4px; color: white; text-shadow: 3px 3px black; background-image: linear-gradient(45deg, #f3532c, #f3532c, #042744, #1373c3, #94dcf4, #1373c3, #042744);\">Comit\u00e9 Cient\u00edfico<\/span><\/p>\n<h5>Presidente del Comit\u00e9 Cient\u00edfico<\/h5>\n\n<table id=\"tablepress-11\" class=\"tablepress tablepress-id-11\">\n<tbody class=\"row-hover\">\n<tr class=\"row-1 odd\">\n\t<td class=\"column-1\"><td style=\"text-align: left;\">Yusneyi Carballo Barrera<\/td><\/td><td class=\"column-2\"><td style=\"text-align: right;\">Universidad Central de Venezuela \u2013 Venezuela<\/td><\/td>\n<\/tr>\n<\/tbody>\n<\/table>\n<!-- #tablepress-11 from cache -->\n<h5>Miembros del Comit\u00e9 Cient\u00edfico<\/h5>\n\n<table id=\"tablepress-16\" class=\"tablepress tablepress-id-16\">\n<tbody class=\"row-hover\">\n<tr class=\"row-1 odd\">\n\t<td class=\"column-1\"><td style=\"text-align: left;\">Aleidys Arraiz<\/td><\/td><td class=\"column-2\"><td style=\"text-align: right;\">Universidad Polit\u00e9cnica Territorial del Estado Aragua \u2013 Venezuela<\/td><\/td>\n<\/tr>\n<tr class=\"row-2 even\">\n\t<td class=\"column-1\"><td style=\"text-align: left;\">Mildred Luces<\/td><\/td><td class=\"column-2\"><td style=\"text-align: right;\">Universidad Nacional Experimental de la Gran Caracas \u2013 Venezuela<\/td><\/td>\n<\/tr>\n<tr class=\"row-3 odd\">\n\t<td class=\"column-1\"><td style=\"text-align: left;\">Alejandro Teruel<\/td><\/td><td class=\"column-2\"><td style=\"text-align: right;\">Universidad Sim\u00f3n Bol\u00edvar \u2013 Venezuela<\/td><\/td>\n<\/tr>\n<\/tbody>\n<\/table>\n<!-- #tablepress-16 from cache -->\n","protected":false},"excerpt":{"rendered":"<p>Comit\u00e9 Cient\u00edfico Presidente del Comit\u00e9 Cient\u00edfico Miembros del Comit\u00e9 Cient\u00edfico<\/p>\n","protected":false},"author":1,"featured_media":0,"parent":0,"menu_order":0,"comment_status":"closed","ping_status":"closed","template":"","meta":{"footnotes":""},"class_list":["post-339","page","type-page","status-publish","hentry"],"_links":{"self":[{"href":"https:\/\/concisa.net.ve\/2020\/wp-json\/wp\/v2\/pages\/339","targetHints":{"allow":["GET"]}}],"collection":[{"href":"https:\/\/concisa.net.ve\/2020\/wp-json\/wp\/v2\/pages"}],"about":[{"href":"https:\/\/concisa.net.ve\/2020\/wp-json\/wp\/v2\/types\/page"}],"author":[{"embeddable":true,"href":"https:\/\/concisa.net.ve\/2020\/wp-json\/wp\/v2\/users\/1"}],"replies":[{"embeddable":true,"href":"https:\/\/concisa.net.ve\/2020\/wp-json\/wp\/v2\/comments?post=339"}],"version-history":[{"count":2,"href":"https:\/\/concisa.net.ve\/2020\/wp-json\/wp\/v2\/pages\/339\/revisions"}],"predecessor-version":[{"id":745,"href":"https:\/\/concisa.net.ve\/2020\/wp-json\/wp\/v2\/pages\/339\/revisions\/745"}],"wp:attachment":[{"href":"https:\/\/concisa.net.ve\/2020\/wp-json\/wp\/v2\/media?parent=339"}],"curies":[{"name":"wp","href":"https:\/\/api.w.org\/{rel}","templated":true}]}}