{"id":279,"date":"2020-06-20T16:50:51","date_gmt":"2020-06-20T16:50:51","guid":{"rendered":"http:\/\/www.concisa.net.ve\/2020\/?page_id=279"},"modified":"2020-06-25T23:29:05","modified_gmt":"2020-06-25T23:29:05","slug":"pst-informacion","status":"publish","type":"page","link":"https:\/\/concisa.net.ve\/2020\/pst-informacion\/","title":{"rendered":"PST 2020 &#8211; Informaci\u00f3n"},"content":{"rendered":"\n<p><span style=\"display: block; font-size: 20px; padding: 7px; margin-left: 0pt; -webkit-border-radius: 4px; border-radius: 4px; color: white; text-shadow: 3px 3px black; background-image: linear-gradient(45deg, #f3532c, #f3532c, #042744, #1373c3, #94dcf4, #1373c3, #042744);\">Informaci\u00f3n<\/span><\/p>\n\n<p>El III Concurso Nacional de Proyectos Socio-Tecnol\u00f3gicos de la <a href=\"http:\/\/www.svc.net.ve\" target=\"_blank\" rel=\"noopener noreferrer\">SVC<\/a> (PST), dedicado a los trabajos realizados en las instituciones que gestionan el Programa Nacional de Formaci\u00f3n en Inform\u00e1tica (PNFI), se realizar\u00e1 en el marco de EVI-CoNCISa 2020. El objetivo del concurso es promover, reconocer y divulgar el trabajo final de los estudiantes que hayan culminado recientemente cualquiera de los trayectos del PNFI.<\/p>\n\n<p>El PNFI se gestiona en varias instituciones de educaci\u00f3n universitaria que incluyen a las Universidades Polit\u00e9cnicas Territoriales (UPT). Se recibir\u00e1n postulaciones de proyectos de segundo, tercer y cuarto a\u00f1o del PNFI, que se hayan culminado en el per\u00edodo comprendido del 01\/08\/2017 al 31\/07\/2020, en cualquiera de las instituciones universitarias mencionadas. Este a\u00f1o, no hay l\u00edmite en el n\u00famero de postulaciones de PSTs por instituci\u00f3n. Las contribuciones ser\u00e1n revisadas por un Comit\u00e9 Evaluador, quien elegir\u00e1 los tres mejores trabajos. Debido a la pandemia de la COVID-19, la premiaci\u00f3n ser\u00e1 h\u00edbrida, dejando la decisi\u00f3n a los ganadores de participar en forma presencial o a trav\u00e9s de tecnolog\u00edas de videoconferencia.<\/p>\n\n<p>Los PSTs premiados ser\u00e1n presentados oralmente en una sesi\u00f3n especial que tendr\u00e1 lugar en EVI-CoNCISa 2020, que se realizar\u00e1 en la Universidad Central de Venezuela, Ciudad Universitaria de Caracas, del 9 al 13 de noviembre de 2020. Adicionalmente, se publicar\u00e1 un resumen de una p\u00e1gina de los PSTs premiados en las memorias de CoNCISa 2020. Para recibir el premio es requisito presentar el trabajo, personalmente o usando tecnolog\u00edas de videoconferencia.<\/p>\n<br>\n\n<p><span style=\"display: block; font-size: 20px; padding: 7px; margin-left: 0pt; -webkit-border-radius: 4px; border-radius: 4px; color: white; text-shadow: 3px 3px black; background-image: linear-gradient(45deg, #f3532c, #f3532c, #042744, #1373c3, #94dcf4, #1373c3, #042744);\">Premio<\/span><\/p>\nAdem\u00e1s de las respectivas certificaciones, los ganadores tendr\u00e1n: placa acr\u00edlica conmemorativa, membres\u00eda gratuita a la <a href=\"http:\/\/www.svc.net.ve\/\" target=\"_blank\" rel=\"noopener noreferrer\">SVC<\/a> por los a\u00f1os 2021 y 2022, e inscripci\u00f3n asegurada en tres tutoriales de EVI 2020.\n\n\n\n<p><\/p>\n","protected":false},"excerpt":{"rendered":"<p>Informaci\u00f3n El III Concurso Nacional de Proyectos Socio-Tecnol\u00f3gicos de la SVC (PST), dedicado a los trabajos realizados en las instituciones que gestionan el Programa Nacional de Formaci\u00f3n en Inform\u00e1tica (PNFI), se realizar\u00e1 en el&#46;&#46;&#46;<\/p>\n","protected":false},"author":1,"featured_media":0,"parent":0,"menu_order":0,"comment_status":"closed","ping_status":"closed","template":"","meta":{"footnotes":""},"class_list":["post-279","page","type-page","status-publish","hentry"],"_links":{"self":[{"href":"https:\/\/concisa.net.ve\/2020\/wp-json\/wp\/v2\/pages\/279","targetHints":{"allow":["GET"]}}],"collection":[{"href":"https:\/\/concisa.net.ve\/2020\/wp-json\/wp\/v2\/pages"}],"about":[{"href":"https:\/\/concisa.net.ve\/2020\/wp-json\/wp\/v2\/types\/page"}],"author":[{"embeddable":true,"href":"https:\/\/concisa.net.ve\/2020\/wp-json\/wp\/v2\/users\/1"}],"replies":[{"embeddable":true,"href":"https:\/\/concisa.net.ve\/2020\/wp-json\/wp\/v2\/comments?post=279"}],"version-history":[{"count":24,"href":"https:\/\/concisa.net.ve\/2020\/wp-json\/wp\/v2\/pages\/279\/revisions"}],"predecessor-version":[{"id":371,"href":"https:\/\/concisa.net.ve\/2020\/wp-json\/wp\/v2\/pages\/279\/revisions\/371"}],"wp:attachment":[{"href":"https:\/\/concisa.net.ve\/2020\/wp-json\/wp\/v2\/media?parent=279"}],"curies":[{"name":"wp","href":"https:\/\/api.w.org\/{rel}","templated":true}]}}