{"id":25,"date":"2020-06-10T17:45:47","date_gmt":"2020-06-10T17:45:47","guid":{"rendered":"http:\/\/www.concisa.net.ve\/2020\/?page_id=25"},"modified":"2020-06-25T03:05:40","modified_gmt":"2020-06-25T03:05:40","slug":"concisa-comite-organizador","status":"publish","type":"page","link":"https:\/\/concisa.net.ve\/2020\/concisa-comite-organizador\/","title":{"rendered":"CoNCISa 2020 &#8211; Comit\u00e9 Organizador"},"content":{"rendered":"<p><span style=\"display: block; font-size: 20px; padding: 7px; margin-left: 0pt; -webkit-border-radius: 4px; border-radius: 4px; color: white; text-shadow: 3px 3px black; background-image: linear-gradient(45deg, #f3532c, #f3532c, #042744, #1373c3, #94dcf4, #1373c3, #042744);\">Comit\u00e9 Organizador<\/span><\/p>\n<h5>Presidentes del Comit\u00e9 Organizador<\/h5>\n\n<table id=\"tablepress-3\" class=\"tablepress tablepress-id-3\">\n<tbody class=\"row-hover\">\n<tr class=\"row-1 odd\">\n\t<td class=\"column-1\"><td style=\"text-align: left;\">Andr\u00e9s Sanoja<\/td><\/td><td class=\"column-2\"><td style=\"text-align: right;\">Universidad Central de Venezuela \u2013 Venezuela<\/td><\/td>\n<\/tr>\n<tr class=\"row-2 even\">\n\t<td class=\"column-1\"><td style=\"text-align: left;\">Robinson Rivas<\/td><\/td><td class=\"column-2\"><td style=\"text-align: right;\">Universidad Central de Venezuela \u2013 Venezuela<\/td><\/td>\n<\/tr>\n<tr class=\"row-3 odd\">\n\t<td class=\"column-1\"><td style=\"text-align: left;\">Soraya Carrasquel<\/td><\/td><td class=\"column-2\"><td style=\"text-align: right;\">Universidad S\u00edmon Bol\u00edvar \u2013 Venezuela<\/td><\/td>\n<\/tr>\n<\/tbody>\n<\/table>\n<!-- #tablepress-3 from cache -->\n<p>&nbsp;<\/p>\n<h5>Miembros del Comit\u00e9 Organizador<\/h5>\n\n<table id=\"tablepress-4\" class=\"tablepress tablepress-id-4\">\n<tbody class=\"row-hover\">\n<tr class=\"row-1 odd\">\n\t<td class=\"column-1\"><td style=\"text-align: left;\">David Coronado<\/td><\/td><td class=\"column-2\"><td style=\"text-align: right;\">Universidad Sim\u00f3n Bol\u00edvar \u2013 Venezuela<\/td><\/td>\n<\/tr>\n<tr class=\"row-2 even\">\n\t<td class=\"column-1\"><td style=\"text-align: left;\">Gabriel Espinel<\/td><\/td><td class=\"column-2\"><td style=\"text-align: right;\">Consultor Independiente \u2013 Chile<\/td><\/td>\n<\/tr>\n<tr class=\"row-3 odd\">\n\t<td class=\"column-1\"><td style=\"text-align: left;\">Eric Gamess<\/td><\/td><td class=\"column-2\"><td style=\"text-align: right;\">Universidad Central de Venezuela \u2013 Venezuela<\/td><\/td>\n<\/tr>\n<tr class=\"row-4 even\">\n\t<td class=\"column-1\"><td style=\"text-align: left;\">Yosly Hern\u00e1ndez<\/td><\/td><td class=\"column-2\"><td style=\"text-align: right;\">Universidad Central de Venezuela \u2013 Venezuela<\/td><\/td>\n<\/tr>\n<tr class=\"row-5 odd\">\n\t<td class=\"column-1\"><td style=\"text-align: left;\">Vanessa Leguizamo<\/td><\/td><td class=\"column-2\"><td style=\"text-align: right;\">Universidad Central de Venezuela \u2013 Venezuela<\/td><\/td>\n<\/tr>\n<tr class=\"row-6 even\">\n\t<td class=\"column-1\"><td style=\"text-align: left;\">Mildred Luces<\/td><\/td><td class=\"column-2\"><td style=\"text-align: right;\">Universidad Nacional Experimental de la Gran Caracas \u2013 Venezuela<\/td><\/td>\n<\/tr>\n<tr class=\"row-7 odd\">\n\t<td class=\"column-1\"><td style=\"text-align: left;\">Wilmer Pereira<\/td><\/td><td class=\"column-2\"><td style=\"text-align: right;\">Instituto Tecnol\u00f3gico Aut\u00f3nomo de M\u00e9xico \u2013 M\u00e9xico<\/td><\/td>\n<\/tr>\n<\/tbody>\n<\/table>\n<!-- #tablepress-4 from cache -->\n","protected":false},"excerpt":{"rendered":"<p>Comit\u00e9 Organizador Presidentes del Comit\u00e9 Organizador &nbsp; Miembros del Comit\u00e9 Organizador<\/p>\n","protected":false},"author":1,"featured_media":0,"parent":0,"menu_order":0,"comment_status":"closed","ping_status":"closed","template":"","meta":{"footnotes":""},"class_list":["post-25","page","type-page","status-publish","hentry"],"_links":{"self":[{"href":"https:\/\/concisa.net.ve\/2020\/wp-json\/wp\/v2\/pages\/25","targetHints":{"allow":["GET"]}}],"collection":[{"href":"https:\/\/concisa.net.ve\/2020\/wp-json\/wp\/v2\/pages"}],"about":[{"href":"https:\/\/concisa.net.ve\/2020\/wp-json\/wp\/v2\/types\/page"}],"author":[{"embeddable":true,"href":"https:\/\/concisa.net.ve\/2020\/wp-json\/wp\/v2\/users\/1"}],"replies":[{"embeddable":true,"href":"https:\/\/concisa.net.ve\/2020\/wp-json\/wp\/v2\/comments?post=25"}],"version-history":[{"count":16,"href":"https:\/\/concisa.net.ve\/2020\/wp-json\/wp\/v2\/pages\/25\/revisions"}],"predecessor-version":[{"id":354,"href":"https:\/\/concisa.net.ve\/2020\/wp-json\/wp\/v2\/pages\/25\/revisions\/354"}],"wp:attachment":[{"href":"https:\/\/concisa.net.ve\/2020\/wp-json\/wp\/v2\/media?parent=25"}],"curies":[{"name":"wp","href":"https:\/\/api.w.org\/{rel}","templated":true}]}}