{"id":228,"date":"2020-06-20T04:03:37","date_gmt":"2020-06-20T04:03:37","guid":{"rendered":"http:\/\/www.concisa.net.ve\/2020\/?page_id=228"},"modified":"2022-10-07T16:44:04","modified_gmt":"2022-10-07T16:44:04","slug":"teg-envio","status":"publish","type":"page","link":"https:\/\/concisa.net.ve\/2020\/teg-envio\/","title":{"rendered":"TEG 2020 &#8211; Env\u00edo de un TEG"},"content":{"rendered":"\r\n<p><span style=\"display: block; font-size: 20px; padding: 7px; margin-left: 0pt; -webkit-border-radius: 4px; border-radius: 4px; color: white; text-shadow: 3px 3px black; background-image: linear-gradient(45deg, #f3532c, #f3532c, #042744, #1373c3, #94dcf4, #1373c3, #042744);\">Env\u00edo de un TEG<\/span><\/p>\r\n\r\n<p>Los TEGs deben estar escritos en castellano y defendido en el per\u00edodo comprendido del 01\/08\/2018 al 31\/07\/2020 en los programas de las carreras de computaci\u00f3n, inform\u00e1tica y sistemas. Los trabajos enviados pueden ser individuales o grupales. Para enviar un TEG, se requiere un \u00fanico archivo PDF con tres partes:<\/p>\r\n<ol>\r\n<li>un resumen (versi\u00f3n corta del TEG). El resumen debe contener entre 10 y 15 p\u00e1ginas que describan el contexto del trabajo, justificaci\u00f3n e importancia, objetivos y logros alcanzados. El formato es libre, en tama\u00f1o carta (8.5\u2033 x 11\u2033), interlineado sencillo. La primera p\u00e1gina del resumen es para identificar el TEG, y debe constar del t\u00edtulo del TEG, el nombre y correo electr\u00f3nico del autor (o de los autores), la instituci\u00f3n de afiliaci\u00f3n, el nombre y correo electr\u00f3nico del tutor (o de los tutores), y la fecha de defensa.<\/li>\r\n<li>un documento probatorio de la defensa del TEG donde aparezca la fecha de esta (ej., acta o veredicto de defensa)<\/li>\r\n<li>el tomo completo de la memoria o libro TEG.<\/li>\r\n<\/ol>\r\n<br>\r\nEl archivo PDF debe ser enviado al siguiente email: <a href=\"mailto: teg.pst@svc.net.ve\">teg.pst@svc.net.ve<\/a>, a m\u00e1s tardar, el d\u00eda de la fecha de cierre de env\u00edos.\r\n<br>\r\n<br>\r\n\r\n<!-- Commented by Eric\r\n<p><span style=\"display: block; font-size: 20px; padding: 7px; margin-left: 0pt; -webkit-border-radius: 4px; border-radius: 4px; color: white; text-shadow: 3px 3px black; background-image: linear-gradient(45deg, #f3532c, #f3532c, #042744, #1373c3, #94dcf4, #1373c3, #042744);\">Llamado al Concurso Nacional de TEGs (Versi\u00f3n PDF)<\/span><\/p>\r\nEl llamado al concurso nacional de TEGs 2020 vence el domingo 16 de agosto de 2020. Pueden descargar la versi\u00f3n PDF del llamado al concurso nacional de TEGs en el siguiente <a href=\"https:\/\/www.concisa.net.ve\/2020\/wp-content\/uploads\/sites\/8\/2020\/06\/CFP-TEGs-2020-v0.5.pdf\" target=\"_blank\" rel=\"noopener noreferrer\">enlace<\/a>.\r\n    Commented by Eric -->\r\n\r\n<p><span style=\"display: block; font-size: 20px; padding: 7px; margin-left: 0pt; -webkit-border-radius: 4px; border-radius: 4px; color: white; text-shadow: 3px 3px black; background-image: linear-gradient(45deg, #f3532c, #f3532c, #042744, #1373c3, #94dcf4, #1373c3, #042744);\">Segundo llamado al Concurso Nacional de TEGs (Versi\u00f3n PDF)<\/span><\/p>\r\nEl llamado al concurso nacional de TEGs 2020 ha sido extendido hasta el domingo 20 de septiembre de 2020. Pueden descargar la versi\u00f3n PDF del llamado al concurso nacional de TEGs en el siguiente <a href=\"https:\/\/www.concisa.net.ve\/2020\/wp-content\/uploads\/sites\/8\/2020\/08\/segundo-CFP-TEGs-2020-v0.3.pdf\" target=\"_blank\" rel=\"noopener noreferrer\">enlace<\/a>.\r\n\r\n\r\n\r\n<p><\/p>\r\n","protected":false},"excerpt":{"rendered":"<p>Env\u00edo de un TEG Los TEGs deben estar escritos en castellano y defendido en el per\u00edodo comprendido del 01\/08\/2018 al 31\/07\/2020 en los programas de las carreras de computaci\u00f3n, inform\u00e1tica y sistemas. Los trabajos&#46;&#46;&#46;<\/p>\n","protected":false},"author":1,"featured_media":0,"parent":0,"menu_order":0,"comment_status":"closed","ping_status":"closed","template":"","meta":{"footnotes":""},"class_list":["post-228","page","type-page","status-publish","hentry"],"_links":{"self":[{"href":"https:\/\/concisa.net.ve\/2020\/wp-json\/wp\/v2\/pages\/228","targetHints":{"allow":["GET"]}}],"collection":[{"href":"https:\/\/concisa.net.ve\/2020\/wp-json\/wp\/v2\/pages"}],"about":[{"href":"https:\/\/concisa.net.ve\/2020\/wp-json\/wp\/v2\/types\/page"}],"author":[{"embeddable":true,"href":"https:\/\/concisa.net.ve\/2020\/wp-json\/wp\/v2\/users\/1"}],"replies":[{"embeddable":true,"href":"https:\/\/concisa.net.ve\/2020\/wp-json\/wp\/v2\/comments?post=228"}],"version-history":[{"count":20,"href":"https:\/\/concisa.net.ve\/2020\/wp-json\/wp\/v2\/pages\/228\/revisions"}],"predecessor-version":[{"id":426,"href":"https:\/\/concisa.net.ve\/2020\/wp-json\/wp\/v2\/pages\/228\/revisions\/426"}],"wp:attachment":[{"href":"https:\/\/concisa.net.ve\/2020\/wp-json\/wp\/v2\/media?parent=228"}],"curies":[{"name":"wp","href":"https:\/\/api.w.org\/{rel}","templated":true}]}}