{"id":208,"date":"2020-06-20T03:38:20","date_gmt":"2020-06-20T03:38:20","guid":{"rendered":"http:\/\/www.concisa.net.ve\/2020\/?page_id=208"},"modified":"2022-09-16T20:29:39","modified_gmt":"2022-09-16T20:29:39","slug":"teg-informacion","status":"publish","type":"page","link":"https:\/\/concisa.net.ve\/2020\/teg-informacion\/","title":{"rendered":"TEG 2020 &#8211; Informaci\u00f3n"},"content":{"rendered":"\r\n<p><span style=\"display: block; font-size: 20px; padding: 7px; margin-left: 0pt; -webkit-border-radius: 4px; border-radius: 4px; color: white; text-shadow: 3px 3px black; background-image: linear-gradient(45deg, #f3532c, #f3532c, #042744, #1373c3, #94dcf4, #1373c3, #042744);\">Informaci\u00f3n<\/span><\/p>\r\n\r\nEl VI Concurso Nacional de Trabajos Especiales de Grado de la <a href=\"http:\/\/www.svc.net.ve\/\" target=\"_blank\" rel=\"noopener noreferrer\">SVC<\/a> (TEG pregrado) es un evento que se realizar\u00e1 en el marco de EVI-CoNCISa 2020. El objetivo del concurso es promover y transmitir el trabajo final de grado de estudiantes que hayan terminado recientemente sus carreras en Computaci\u00f3n, Inform\u00e1tica y Sistemas.<\/p>\r\n<p>Podr\u00e1n participar estudiantes que hayan defendido un TEG en el per\u00edodo comprendido entre el 01\/08\/2018 y el 31\/07\/2020 en los programas de las carreras mencionadas. Los trabajos enviados pueden ser individuales o grupales. Este a\u00f1o, no hay l\u00edmite en el n\u00famero de postulaciones de TEGs por instituci\u00f3n. Las contribuciones ser\u00e1n revisadas por un Comit\u00e9 Evaluador, quien elegir\u00e1 los tres mejores trabajos. Debido a la pandemia de la COVID-19, la premiaci\u00f3n ser\u00e1 h\u00edbrida, dejando la decisi\u00f3n a los ganadores de participar en forma presencial o a trav\u00e9s de tecnolog\u00edas de videoconferencia.\r\n<br>\r\n<br>\r\n\r\nLos trabajos premiados ser\u00e1n presentados oralmente en una sesi\u00f3n especial que tendr\u00e1 lugar en el marco de EVI-CoNCISa 2020, que se realizar\u00e1 en la Universidad Central de Venezuela, Ciudad Universitaria de Caracas, del 09 al 13 de noviembre de 2020. Adicionalmente, se publicar\u00e1 un resumen de una p\u00e1gina en las memorias de CoNCISa 2020. Para recibir el premio es requisito presentar el trabajo, personalmente o usando tecnolog\u00edas de videoconferencia.\r\n<br>\r\n<br>\r\n\r\n<p><span style=\"display: block; font-size: 20px; padding: 7px; margin-left: 0pt; -webkit-border-radius: 4px; border-radius: 4px; color: white; text-shadow: 3px 3px black; background-image: linear-gradient(45deg, #f3532c, #f3532c, #042744, #1373c3, #94dcf4, #1373c3, #042744);\">Premio<\/span><\/p>\r\nAdem\u00e1s de las respectivas certificaciones, los ganadores tendr\u00e1n: placa acr\u00edlica conmemorativa, membres\u00eda gratuita a la <a href=\"http:\/\/www.svc.net.ve\/\" target=\"_blank\" rel=\"noopener noreferrer\">SVC<\/a> por los a\u00f1os 2021 y 2022, e inscripci\u00f3n asegurada en tres tutoriales de EVI 2020.\r\n\r\n\r\n\r\n<p><\/p>\r\n","protected":false},"excerpt":{"rendered":"<p>Informaci\u00f3n El VI Concurso Nacional de Trabajos Especiales de Grado de la SVC (TEG pregrado) es un evento que se realizar\u00e1 en el marco de EVI-CoNCISa 2020. El objetivo del concurso es promover y&#46;&#46;&#46;<\/p>\n","protected":false},"author":1,"featured_media":0,"parent":0,"menu_order":0,"comment_status":"closed","ping_status":"closed","template":"","meta":{"footnotes":""},"class_list":["post-208","page","type-page","status-publish","hentry"],"_links":{"self":[{"href":"https:\/\/concisa.net.ve\/2020\/wp-json\/wp\/v2\/pages\/208","targetHints":{"allow":["GET"]}}],"collection":[{"href":"https:\/\/concisa.net.ve\/2020\/wp-json\/wp\/v2\/pages"}],"about":[{"href":"https:\/\/concisa.net.ve\/2020\/wp-json\/wp\/v2\/types\/page"}],"author":[{"embeddable":true,"href":"https:\/\/concisa.net.ve\/2020\/wp-json\/wp\/v2\/users\/1"}],"replies":[{"embeddable":true,"href":"https:\/\/concisa.net.ve\/2020\/wp-json\/wp\/v2\/comments?post=208"}],"version-history":[{"count":23,"href":"https:\/\/concisa.net.ve\/2020\/wp-json\/wp\/v2\/pages\/208\/revisions"}],"predecessor-version":[{"id":359,"href":"https:\/\/concisa.net.ve\/2020\/wp-json\/wp\/v2\/pages\/208\/revisions\/359"}],"wp:attachment":[{"href":"https:\/\/concisa.net.ve\/2020\/wp-json\/wp\/v2\/media?parent=208"}],"curies":[{"name":"wp","href":"https:\/\/api.w.org\/{rel}","templated":true}]}}