{"id":142,"date":"2020-06-11T16:51:41","date_gmt":"2020-06-11T16:51:41","guid":{"rendered":"http:\/\/www.concisa.net.ve\/2020\/?page_id=142"},"modified":"2022-10-22T16:46:26","modified_gmt":"2022-10-22T16:46:26","slug":"concisa-llamado-articulos","status":"publish","type":"page","link":"https:\/\/concisa.net.ve\/2020\/concisa-llamado-articulos\/","title":{"rendered":"CoNCISa 2020 &#8211; Llamado a Art\u00edculos"},"content":{"rendered":"<p><span style=\"display: block; font-size: 20px; padding: 7px; margin-left: 0pt; -webkit-border-radius: 4px; border-radius: 4px; color: white; text-shadow: 3px 3px black; background-image: linear-gradient(45deg, #f3532c, #f3532c, #042744, #1373c3, #94dcf4, #1373c3, #042744);\">Sesiones de Trabajo<\/span><\/p>\n<p><strong>Sesi\u00f3n de investigaci\u00f3n:<\/strong> se considerar\u00e1n trabajos de investigaci\u00f3n originales en todas las \u00e1reas de computaci\u00f3n que no hayan sido publicados. Se aceptar\u00e1n dos modalidades de contribuci\u00f3n: art\u00edculos largos (de 6 a 12 p\u00e1ginas) destinados a reportar investigaciones cient\u00edficas y aplicadas culminadas; y art\u00edculos cortos (de 4 a 5 p\u00e1ginas) destinados a reportar avances de investigaci\u00f3n o a generar discusi\u00f3n sobre temas de inter\u00e9s cient\u00edfico. Los art\u00edculos recibidos ser\u00e1n sujetos a revisi\u00f3n rigurosa en base a criterios est\u00e1ndares de claridad, pertinencia, importancia y originalidad.<\/p>\n<p><strong>Sesi\u00f3n de tecnolog\u00edas y herramientas computacionales:<\/strong> se considerar\u00e1n trabajos desarrollados y probados a nivel nacional o internacional, que contribuyen en la soluci\u00f3n de problemas computacionales de cierta complejidad. Se aceptar\u00e1n dos modalidades de contribuci\u00f3n: art\u00edculos (de 6 a 12 p\u00e1ginas) destinados a describir el problema y las caracter\u00edsticas t\u00e9cnicas de la soluci\u00f3n; o demostraciones tecnol\u00f3gicas descritas de manera precisa a trav\u00e9s de un resumen (de 4 a 5 p\u00e1ginas). Los trabajos recibidos ser\u00e1n evaluados en base a claridad, pertinencia, importancia e innovaci\u00f3n.<\/p>\n<p><strong>Sesi\u00f3n de Gesti\u00f3n de Tecnolog\u00edas de Informaci\u00f3n:<\/strong> se considerar\u00e1n reportes (hasta 10 p\u00e1ginas) de experiencias en soluciones t\u00e9cnicas relacionadas con la gesti\u00f3n de tecnolog\u00edas. Se espera que estas soluciones hayan sido propuestas, adaptadas, probadas y\/o mejoradas, para resolver problemas reales en organizaciones venezolanas o internacionales. Los trabajos recibidos ser\u00e1n evaluados en base a claridad, pertinencia, importancia e innovaci\u00f3n.<br \/>\n&nbsp;<\/p>\n<p><span style=\"display: block; font-size: 20px; padding: 7px; margin-left: 0pt; -webkit-border-radius: 4px; border-radius: 4px; color: white; text-shadow: 3px 3px black; background-image: linear-gradient(45deg, #f3532c, #f3532c, #042744, #1373c3, #94dcf4, #1373c3, #042744);\">Informaci\u00f3n para el Env\u00edo de Trabajos<\/span><br \/>\nCoNCISa 2020 y el <a href=\"http:\/\/www.sctc.org.ve\/2020\" target=\"_blank\" rel=\"noopener noreferrer\">SCTC 2020<\/a> ser\u00e1n organizados conjuntamente. Al someter un trabajo en EasyChair, los autores no especificar\u00e1n ning\u00fan evento en particular. El comit\u00e9 de programa clasificar\u00e1 las contribuciones aceptadas, y enviar\u00e1 un correo electr\u00f3nico a los autores especificando la conferencia en la cu\u00e1l ser\u00e1 presentado y publicado el trabajo, bien sea el SCTC o CoNCISa, de acuerdo a las \u00e1reas asignadas a cada evento.<\/p>\n<p>Los trabajos aceptados ser\u00e1n publicados en las memorias de la conferencia y en el sitio web de CoNCISa. Para que la evaluaci\u00f3n de los trabajos sea m\u00e1s justa, esta se har\u00e1 a ciegas.<\/p>\n<p>Los trabajos deben ser escritos en castellano o ingl\u00e9s y deben ser enviados en PDF a trav\u00e9s de <a href=\"https:\/\/www.easychair.org\/conferences\/?conf=sctcconcisa2020\" target=\"_blank\" rel=\"noopener noreferrer\">EasyChair<\/a>. Si su trabajo est\u00e1 escrito en espa\u00f1ol, debe llenar en espa\u00f1ol los campos &#8220;Title&#8221;, &#8220;Abstract&#8221; y &#8220;Keywords&#8221; de EasyChair. Si su trabajo est\u00e1 escrito en ingl\u00e9s, debe llenar en ingl\u00e9s los campos &#8220;Title&#8221;, &#8220;Abstract&#8221; y &#8220;Keywords&#8221; de EasyChair. Los trabajos postulados deben respetar el formato establecido por SCTC\/CoNCISa (ver plantillas m\u00e1s abajo). Tambi\u00e9n, se debe tomar en cuenta lo siguiente:<\/p>\n<ul>\n<li>El n\u00famero de p\u00e1ginas de una contribuci\u00f3n debe estar dentro del rango permitido, como especificado arriba. El formato es carta (8.5&#8221; x 11&#8221;), en doble columna, sin numeraci\u00f3n de p\u00e1ginas.<\/li>\n<li>Si el trabajo est\u00e1 escrito en espa\u00f1ol, en la parte inicial debe constar de dos secciones en el siguiente orden: (1) Resumen y (2) Palabras Clave. Si el trabajo est\u00e1 escrito en ingl\u00e9s, en la parte inicial debe constar de dos secciones en el siguiente orden: (1) Abstract y (2) Keywords.<\/li>\n<li>El resumen no debe contener caracteres especiales, f\u00f3rmulas, figuras, tablas, listas de balas, listas numeradas, citaciones a referencias, etc. Debe ser un texto plano, que consista en un parr\u00e1fo o varios parr\u00e1fos.<\/li>\n<li>Las referencias bibliogr\u00e1ficas deber\u00edan estar citadas expl\u00edcitamente en el trabajo. Cada cita es un n\u00famero entre corchetes ([1], [2], [3], etc.), apareciendo de forma ascendente, secuencialmente en el texto, y que remita a la correspondiente referencia. Para mayores detalles sobre el formato y el tipo de referencias, consultar las plantillas.<\/li>\n<li>Como el proceso de evaluaci\u00f3n de los trabajos se hace a ciegas, los trabajos (archivos PDF) subidos en <a href=\"https:\/\/www.easychair.org\/conferences\/?conf=sctcconcisa2020\" target=\"_blank\" rel=\"noopener noreferrer\">EasyChair<\/a> no deben tener datos que permitan identificar a los autores. Por ende, los autores deben eliminar de las contribuciones a ser evaluadas informaci\u00f3n como: nombres, apellidos, emails, afiliaciones, enlaces a p\u00e1ginas web donde aparecen los datos de los autores, agradecimientos que pudieran llevar a inferir los autores, etc. Eso es, el trabajo enviado a evaluaci\u00f3n debe iniciar por el t\u00edtulo de la contribuci\u00f3n, el resumen, y la lista de palabras clave. En caso que el trabajo sea aceptado para ser publicado en las memorias y el sitio web de CoNCISa, la publicaci\u00f3n final (<i>camera ready<\/i>) s\u00ed tendr\u00e1 estos datos.<\/li>\n<li>Los t\u00edtulos de las figuras deben ser centrados por debajo de \u00e9stas. La numeraci\u00f3n de las figuras se hace con n\u00fameros ar\u00e1bicos (Figura 1, Figura 2, Figura 3, etc.). En las citaciones de las figuras y en los t\u00edtulos de las figuras, la &#8220;F&#8221; de &#8220;Figura&#8221; se debe escribir en may\u00fasculas. Utilizar la palabra \u201cFigura\u201d (o \u201cFigure\u201d para las contribuciones en ingl\u00e9s), no utilizar \u201cGr\u00e1fica\u201d u otra palabra. No finalice el t\u00edtulo de una figura por un punto.<\/li>\n<li>Los t\u00edtulos de las tablas deben ser centrados por encima de \u00e9stas. La numeraci\u00f3n de las tablas se hace con n\u00fameros romanos (Tabla I, Tabla II, Tabla III, etc.). En las citaciones de las tablas y en los t\u00edtulos de las tablas, la &#8220;T&#8221; de &#8220;Tabla&#8221; se debe escribir en may\u00fasculas. Utilizar la palabra \u201cTabla\u201d (o \u201cTable\u201d para las contribuciones en ingl\u00e9s), no utilizar \u201cCuadro\u201d, \u201cRecuadro\u201d, u otra palabra. No finalice el t\u00edtulo de una tabla por un punto.<\/li>\n<li>Las figuras de los trabajos deben ser de alta calidad, de tal forma que no se vean pixeladas. El texto dentro de las figuras debe ser suficientemente grande para que se pueda leer f\u00e1cilmente. No se debe encerrar las figuras en un recuadro. Al producir el PDF de su contribuci\u00f3n, es importante configurar las opciones de su software para que las figuras sean generadas con una resoluci\u00f3n de al menos 600 DPI.<\/li>\n<li>Los t\u00edtulos de las figuras y de las tablas deben ser cortos. Es decir que no se debe hacer la descripci\u00f3n de las figuras y de las tablas dentro de los t\u00edtulos de \u00e9stas. Para eso est\u00e1 el texto de la contribuci\u00f3n. En el caso que la figura o la tabla no sea propia, la citaci\u00f3n de la fuente de \u00e9sta se debe hacer en el texto del trabajo, no en su t\u00edtulo.<\/li>\n<li>En caso que un trabajo incluya material con <i>copyright<\/i>, es necesario que los autores obtengan la autorizaci\u00f3n por escrito de los due\u00f1os antes de someter la contribuci\u00f3n a evaluaci\u00f3n a SCTC\/CoNCISa.<\/li>\n<\/ul>\n<p>Aquellos autores que hagan m\u00faltiples env\u00edos deben asegurarse que cada trabajo tenga suficiente contenido original. Las contribuciones enviadas a SCTC\/CoNCISa 2020 ser\u00e1n evaluadas por especialistas de reconocida trayectoria cient\u00edfica y profesional. Los trabajos que no tengan el n\u00famero m\u00ednimo de p\u00e1ginas o que sobrepasen el n\u00famero m\u00e1ximo de p\u00e1ginas ser\u00e1n rechazados sin revisar.<\/p>\n<p>Los mejores trabajos de investigaci\u00f3n largos ser\u00e1n invitados a participar en una edici\u00f3n especial de <a href=\"http:\/\/www.svc.net.ve\/revecom-informacion\" target=\"_blank\" rel=\"noopener noreferrer\">ReVeCom<\/a>, la revista de la <a href=\"http:\/\/www.svc.net.ve\" target=\"_blank\" rel=\"noopener noreferrer\">SVC<\/a> (Sociedad Venezolana de Computaci\u00f3n).<\/p>\n<p>El programa final, las memorias y el sitio web de CoNCISa s\u00f3lo incluir\u00e1n los trabajos con al menos un autor inscrito en la categor\u00eda AUTOR en la conferencia, antes de la fecha l\u00edmite para el env\u00edo de la versi\u00f3n final. Debido a la COVID-19, los autores de trabajos aceptados podr\u00e1n presentarlo en forma presencial o a trav\u00e9s de videoconferencia.<\/p>\n<p>En caso que a\u00fan no tenga cuenta en EasyChair, la puede crear a trav\u00e9s de este <a href=\"https:\/\/easychair.org\/account\/signup\" target=\"_blank\" rel=\"noopener noreferrer\">enlace<\/a>.<\/p>\n<p><strong>Nota<\/strong>: Si usted tiene problemas para cargar sus trabajos en EasyChair, por favor contactar a <a href=\"mailto: sctcconcisa2020@easychair.org\">sctcconcisa2020@easychair.org<\/a>.<br \/>\n&nbsp;<\/p>\n<p><a name=\"plantillas\"><\/a><br \/>\n<span style=\"display: block; font-size: 20px; padding: 7px; margin-left: 0pt; -webkit-border-radius: 4px; border-radius: 4px; color: white; text-shadow: 3px 3px black; background-image: linear-gradient(45deg, #f3532c, #f3532c, #042744, #1373c3, #94dcf4, #1373c3, #042744);\">CoNCISa &#8211; Plantillas<\/span><br \/>\n\n<table id=\"tablepress-5\" class=\"tablepress tablepress-id-5\">\n<tbody class=\"row-hover\">\n<tr class=\"row-1 odd\">\n\t<td class=\"column-1\"><td style=\"text-align: left;\">Microsoft Word<\/td><\/td><td class=\"column-2\"><td style=\"text-align: right;\"><a href=\"http:\/\/www.sctc.org.ve\/2020\/wp-content\/uploads\/sites\/3\/2020\/06\/template-SCTC-CoNCISa-v2.3-word.docx\" target=\"_blank\" rel=\"noopener noreferrer\">Archivo .DOCX<\/a><\/td><\/td>\n<\/tr>\n<tr class=\"row-2 even\">\n\t<td class=\"column-1\"><td style=\"text-align: left;\">Microsoft Word<\/td><\/td><td class=\"column-2\"><td style=\"text-align: right;\"><a href=\"http:\/\/www.sctc.org.ve\/2020\/wp-content\/uploads\/sites\/3\/2020\/06\/template-SCTC-CoNCISa-v2.3-word.pdf\" target=\"_blank\" rel=\"noopener noreferrer\">Archivo .PDF<\/a><\/td><\/td>\n<\/tr>\n<tr class=\"row-3 odd\">\n\t<td class=\"column-1\"><td style=\"text-align: left;\">LaTeX<\/td><\/td><td class=\"column-2\"><td style=\"text-align: right;\"><a href=\"http:\/\/www.sctc.org.ve\/2020\/wp-content\/uploads\/sites\/3\/2020\/06\/template-SCTC-CoNCISa-v2.3-LaTeX.zip\" target=\"_blank\" rel=\"noopener noreferrer\">Archivo .ZIP<\/a><\/td><\/td>\n<\/tr>\n<tr class=\"row-4 even\">\n\t<td class=\"column-1\"><td style=\"text-align: left;\">LaTeX<\/td><\/td><td class=\"column-2\"><td style=\"text-align: right;\"><a href=\"http:\/\/www.sctc.org.ve\/2020\/wp-content\/uploads\/sites\/3\/2020\/06\/template-SCTC-CoNCISa-v2.3-LaTeX.pdf\" target=\"_blank\" rel=\"noopener noreferrer\">Archivo .PDF<\/a><\/td><\/td>\n<\/tr>\n<\/tbody>\n<\/table>\n<!-- #tablepress-5 from cache --><br \/>\n&nbsp;<\/p>\n<p><!-- Commented by Eric\n<span style=\"display: block; font-size: 20px; padding: 7px; margin-left: 0pt; -webkit-border-radius: 4px; border-radius: 4px; color: white; text-shadow: 3px 3px black; background-image: linear-gradient(45deg, #f3532c, #f3532c, #042744, #1373c3, #94dcf4, #1373c3, #042744);\">Primer Llamado a Art\u00edculos (Versi\u00f3n PDF)<\/span>\nEl llamado a art\u00edculos vence el domingo 26 de julio de 2020. Pueden descargar la versi\u00f3n PDF del primer llamado a art\u00edculos en el siguiente <a href=\"https:\/\/www.concisa.net.ve\/2020\/wp-content\/uploads\/sites\/8\/2020\/06\/CFP-SCTC-EVI-CoNCISa-2020-v0.3.pdf\" target=\"_blank\" rel=\"noopener noreferrer\">enlace<\/a>.\n&nbsp;\n    Commented by Eric --><\/p>\n<p><!-- Commented by Eric\n<span style=\"display: block; font-size: 20px; padding: 7px; margin-left: 0pt; -webkit-border-radius: 4px; border-radius: 4px; color: white; text-shadow: 3px 3px black; background-image: linear-gradient(45deg, #f3532c, #f3532c, #042744, #1373c3, #94dcf4, #1373c3, #042744);\">Segundo Llamado a Art\u00edculos (Versi\u00f3n PDF)<\/span>\nEl llamado a art\u00edculos ha sido extendido hasta el domingo 16 de agosto de 2020. Pueden descargar la versi\u00f3n PDF del segundo llamado a art\u00edculos en el siguiente <a href=\"https:\/\/www.concisa.net.ve\/2020\/wp-content\/uploads\/sites\/8\/2020\/07\/segundo-CFP-SCTC-EVI-CoNCISa-2020-v0.5.pdf\" target=\"_blank\" rel=\"noopener noreferrer\">enlace<\/a>.\n&nbsp;\n    Commented by Eric --><\/p>\n<p><span style=\"display: block; font-size: 20px; padding: 7px; margin-left: 0pt; -webkit-border-radius: 4px; border-radius: 4px; color: white; text-shadow: 3px 3px black; background-image: linear-gradient(45deg, #f3532c, #f3532c, #042744, #1373c3, #94dcf4, #1373c3, #042744);\">Tercer y \u00daltimo Llamado a Art\u00edculos (Versi\u00f3n PDF)<\/span><br \/>\nEl llamado a art\u00edculos ha sido extendido hasta el domingo 13 de septiembre de 2020. Pueden descargar la versi\u00f3n PDF del tercer llamado a art\u00edculo en el siguiente <a href=\"https:\/\/www.concisa.net.ve\/2020\/wp-content\/uploads\/sites\/8\/2020\/08\/tercer-CFP-SCTC-EVI-CoNCISa-2020-v0.7.pdf\" target=\"_blank\" rel=\"noopener noreferrer\">enlace<\/a>.<\/p>\n","protected":false},"excerpt":{"rendered":"<p>Sesiones de Trabajo Sesi\u00f3n de investigaci\u00f3n: se considerar\u00e1n trabajos de investigaci\u00f3n originales en todas las \u00e1reas de computaci\u00f3n que no hayan sido publicados. Se aceptar\u00e1n dos modalidades de contribuci\u00f3n: art\u00edculos largos (de 6 a&#46;&#46;&#46;<\/p>\n","protected":false},"author":1,"featured_media":0,"parent":0,"menu_order":0,"comment_status":"closed","ping_status":"closed","template":"","meta":{"footnotes":""},"class_list":["post-142","page","type-page","status-publish","hentry"],"_links":{"self":[{"href":"https:\/\/concisa.net.ve\/2020\/wp-json\/wp\/v2\/pages\/142","targetHints":{"allow":["GET"]}}],"collection":[{"href":"https:\/\/concisa.net.ve\/2020\/wp-json\/wp\/v2\/pages"}],"about":[{"href":"https:\/\/concisa.net.ve\/2020\/wp-json\/wp\/v2\/types\/page"}],"author":[{"embeddable":true,"href":"https:\/\/concisa.net.ve\/2020\/wp-json\/wp\/v2\/users\/1"}],"replies":[{"embeddable":true,"href":"https:\/\/concisa.net.ve\/2020\/wp-json\/wp\/v2\/comments?post=142"}],"version-history":[{"count":39,"href":"https:\/\/concisa.net.ve\/2020\/wp-json\/wp\/v2\/pages\/142\/revisions"}],"predecessor-version":[{"id":584,"href":"https:\/\/concisa.net.ve\/2020\/wp-json\/wp\/v2\/pages\/142\/revisions\/584"}],"wp:attachment":[{"href":"https:\/\/concisa.net.ve\/2020\/wp-json\/wp\/v2\/media?parent=142"}],"curies":[{"name":"wp","href":"https:\/\/api.w.org\/{rel}","templated":true}]}}