{"id":13,"date":"2020-06-10T17:21:55","date_gmt":"2020-06-10T17:21:55","guid":{"rendered":"http:\/\/www.concisa.net.ve\/2020\/?page_id=13"},"modified":"2020-06-10T23:42:39","modified_gmt":"2020-06-10T23:42:39","slug":"concisa-comite-programa","status":"publish","type":"page","link":"https:\/\/concisa.net.ve\/2020\/concisa-comite-programa\/","title":{"rendered":"CoNCISa 2020 &#8211; Comit\u00e9 de Programa"},"content":{"rendered":"<p><span style=\"display: block; font-size: 20px; padding: 7px; margin-left: 0pt; -webkit-border-radius: 4px; border-radius: 4px; color: white; text-shadow: 3px 3px black; background-image: linear-gradient(45deg, #f3532c, #f3532c, #042744, #1373c3, #94dcf4, #1373c3, #042744);\">Comit\u00e9 de Programa<\/span><\/p>\n<h5>Chairs del Comit\u00e9 de Programa<\/h5>\n<p>\n<table id=\"tablepress-1\" class=\"tablepress tablepress-id-1\">\n<tbody class=\"row-hover\">\n<tr class=\"row-1 odd\">\n\t<td class=\"column-1\"><td style=\"text-align: left;\">Eric Gamess<\/td><\/td><td class=\"column-2\"><td style=\"text-align: right;\">Universidad Central de Venezuela \u2013 Venezuela<\/td><\/td>\n<\/tr>\n<tr class=\"row-2 even\">\n\t<td class=\"column-1\"><td style=\"text-align: left;\">Yusneyi Carballo<\/td><\/td><td class=\"column-2\"><td style=\"text-align: right;\">Universidad Central de Venezuela \u2013 Venezuela<\/td><\/td>\n<\/tr>\n<tr class=\"row-3 odd\">\n\t<td class=\"column-1\"><td style=\"text-align: left;\">Antonio Silva<\/td><\/td><td class=\"column-2\"><td style=\"text-align: right;\">Universidad Central de Venezuela \u2013 Venezuela<\/td><\/td>\n<\/tr>\n<\/tbody>\n<\/table>\n<!-- #tablepress-1 from cache --><br \/>\n&nbsp;<\/p>\n<h5>Miembros del Comit\u00e9 de Programa<\/h5>\n\n<table id=\"tablepress-2\" class=\"tablepress tablepress-id-2\">\n<tbody class=\"row-hover\">\n<tr class=\"row-1 odd\">\n\t<td class=\"column-1\"><td style=\"text-align: left;\">Aleidys Arraiz<\/td><\/td><td class=\"column-2\"><td style=\"text-align: right;\">Universidad Polit\u00e9cnica Territorial del Estado Aragua \u2013 Venezuela<\/td><\/td>\n<\/tr>\n<tr class=\"row-2 even\">\n\t<td class=\"column-1\"><td style=\"text-align: left;\">Noureddine Bekhouche<\/td><\/td><td class=\"column-2\"><td style=\"text-align: right;\">Jacksonville State University \u2013 USA<\/td><\/td>\n<\/tr>\n<tr class=\"row-3 odd\">\n\t<td class=\"column-1\"><td style=\"text-align: left;\">Sandra Cano<\/td><\/td><td class=\"column-2\"><td style=\"text-align: right;\">Universidad San Buenaventura \u2013 Colombia<\/td><\/td>\n<\/tr>\n<tr class=\"row-4 even\">\n\t<td class=\"column-1\"><td style=\"text-align: left;\">Zenaida Castillo<\/td><\/td><td class=\"column-2\"><td style=\"text-align: right;\">Universidad Central de Venezuela \u2013 Venezuela<\/td><\/td>\n<\/tr>\n<tr class=\"row-5 odd\">\n\t<td class=\"column-1\"><td style=\"text-align: left;\">Edgar Chac\u00f3n<\/td><br \/>\n<\/td><td class=\"column-2\"><td style=\"text-align: right;\">Universidad de Los Andes \u2013 Venezuela<\/td><\/td>\n<\/tr>\n<tr class=\"row-6 even\">\n\t<td class=\"column-1\"><td style=\"text-align: left;\">Eliezer Colina<\/td><\/td><td class=\"column-2\"><td style=\"text-align: right;\">University of Illinois at Urbana-Champaign  \u2013 USA<\/td><\/td>\n<\/tr>\n<tr class=\"row-7 odd\">\n\t<td class=\"column-1\"><td style=\"text-align: left;\">Maria del Pilar Cuenca<\/td><\/td><td class=\"column-2\"><td style=\"text-align: right;\">Universidad Metropolitana \u2013 Venezuela<\/td><\/td>\n<\/tr>\n<tr class=\"row-8 even\">\n\t<td class=\"column-1\"><td style=\"text-align: left;\">Marlene Goncalves<\/td><\/td><td class=\"column-2\"><td style=\"text-align: right;\">Universidad Sim\u00f3n Bol\u00edvar \u2013 Venezuela<\/td><\/td>\n<\/tr>\n<tr class=\"row-9 odd\">\n\t<td class=\"column-1\"><td style=\"text-align: left;\">Yosly Hern\u00e1ndez<\/td><\/td><td class=\"column-2\"><td style=\"text-align: right;\">Universidad Central de Venezuela \u2013 Venezuela<\/td><\/td>\n<\/tr>\n<tr class=\"row-10 even\">\n\t<td class=\"column-1\"><td style=\"text-align: left;\">Carlos Moreno<\/td><\/td><td class=\"column-2\"><td style=\"text-align: right;\">Universidad Central de Venezuela \u2013 Venezuela<\/td><\/td>\n<\/tr>\n<tr class=\"row-11 odd\">\n\t<td class=\"column-1\"><td style=\"text-align: left;\">Regina Motz<\/td><\/td><td class=\"column-2\"><td style=\"text-align: right;\">Universidad de la Rep\u00fablica \u2013 Uruguay<\/td><\/td>\n<\/tr>\n<tr class=\"row-12 even\">\n\t<td class=\"column-1\"><td style=\"text-align: left;\">Wilmer Pereira<\/td><\/td><td class=\"column-2\"><td style=\"text-align: right;\">Instituto Tecnol\u00f3gico Aut\u00f3nomo de M\u00e9xico \u2013 M\u00e9xico<\/td><\/td>\n<\/tr>\n<tr class=\"row-13 odd\">\n\t<td class=\"column-1\"><td style=\"text-align: left;\">Addison Rios<\/td><\/td><td class=\"column-2\"><td style=\"text-align: right;\">Universidad de Los Andes \u2013 Venezuela<\/td><\/td>\n<\/tr>\n<tr class=\"row-14 even\">\n\t<td class=\"column-1\"><td style=\"text-align: left;\">Pedro Rivera<\/td><\/td><td class=\"column-2\"><td style=\"text-align: right;\">Universidad de Puerto Rico \u2013 USA<\/td><\/td>\n<\/tr>\n<tr class=\"row-15 odd\">\n\t<td class=\"column-1\"><td style=\"text-align: left;\">Andr\u00e9s Sanoja<\/td><\/td><td class=\"column-2\"><td style=\"text-align: right;\">Universidad Central de Venezuela \u2013 Venezuela<\/td><\/td>\n<\/tr>\n<tr class=\"row-16 even\">\n\t<td class=\"column-1\"><td style=\"text-align: left;\">Eugenio Scalise<\/td><\/td><td class=\"column-2\"><td style=\"text-align: right;\">Universidad Central de Venezuela \u2013 Venezuela<\/td><\/td>\n<\/tr>\n<tr class=\"row-17 odd\">\n\t<td class=\"column-1\"><td style=\"text-align: left;\">Dario Soto<\/td><\/td><td class=\"column-2\"><td style=\"text-align: right;\">Tecnol\u00f3gico de Antioquia \u2013 Colombia<\/td><\/td>\n<\/tr>\n<tr class=\"row-18 even\">\n\t<td class=\"column-1\"><td style=\"text-align: left;\">Leonid Tineo<\/td><\/td><td class=\"column-2\"><td style=\"text-align: right;\">Universidad Sim\u00f3n Bol\u00edvar \u2013 Venezuela<\/td><\/td>\n<\/tr>\n<tr class=\"row-19 odd\">\n\t<td class=\"column-1\"><td style=\"text-align: left;\">Diego Torres<\/td><\/td><td class=\"column-2\"><td style=\"text-align: right;\">Universidad Nacional de la Plata \u2013 Argentina<\/td><\/td>\n<\/tr>\n<tr class=\"row-20 even\">\n\t<td class=\"column-1\"><td style=\"text-align: left;\">Beatriz Toscano<\/td><\/td><td class=\"column-2\"><td style=\"text-align: right;\">Universidad Aut\u00f3noma de Nayarit \u2013 M\u00e9xico<\/td><\/td>\n<\/tr>\n<tr class=\"row-21 odd\">\n\t<td class=\"column-1\"><td style=\"text-align: left;\">Klinge Villalba<\/td><\/td><td class=\"column-2\"><td style=\"text-align: right;\">Universidad Cat\u00f3lica de Santa Mar\u00eda \u2013 Per\u00fa<\/td><\/td>\n<\/tr>\n<\/tbody>\n<\/table>\n<!-- #tablepress-2 from cache -->\n","protected":false},"excerpt":{"rendered":"<p>Comit\u00e9 de Programa Chairs del Comit\u00e9 de Programa &nbsp; Miembros del Comit\u00e9 de Programa<\/p>\n","protected":false},"author":1,"featured_media":0,"parent":0,"menu_order":0,"comment_status":"closed","ping_status":"closed","template":"","meta":{"footnotes":""},"class_list":["post-13","page","type-page","status-publish","hentry"],"_links":{"self":[{"href":"https:\/\/concisa.net.ve\/2020\/wp-json\/wp\/v2\/pages\/13","targetHints":{"allow":["GET"]}}],"collection":[{"href":"https:\/\/concisa.net.ve\/2020\/wp-json\/wp\/v2\/pages"}],"about":[{"href":"https:\/\/concisa.net.ve\/2020\/wp-json\/wp\/v2\/types\/page"}],"author":[{"embeddable":true,"href":"https:\/\/concisa.net.ve\/2020\/wp-json\/wp\/v2\/users\/1"}],"replies":[{"embeddable":true,"href":"https:\/\/concisa.net.ve\/2020\/wp-json\/wp\/v2\/comments?post=13"}],"version-history":[{"count":8,"href":"https:\/\/concisa.net.ve\/2020\/wp-json\/wp\/v2\/pages\/13\/revisions"}],"predecessor-version":[{"id":89,"href":"https:\/\/concisa.net.ve\/2020\/wp-json\/wp\/v2\/pages\/13\/revisions\/89"}],"wp:attachment":[{"href":"https:\/\/concisa.net.ve\/2020\/wp-json\/wp\/v2\/media?parent=13"}],"curies":[{"name":"wp","href":"https:\/\/api.w.org\/{rel}","templated":true}]}}