{"id":129,"date":"2020-06-11T16:14:00","date_gmt":"2020-06-11T16:14:00","guid":{"rendered":"http:\/\/www.concisa.net.ve\/2020\/?page_id=129"},"modified":"2020-11-08T19:38:23","modified_gmt":"2020-11-08T19:38:23","slug":"inicio","status":"publish","type":"page","link":"https:\/\/concisa.net.ve\/2020\/","title":{"rendered":"Inicio"},"content":{"rendered":"<p><span style=\"display: block; font-size: 20px; padding: 7px; margin-left: 0pt; -webkit-border-radius: 4px; border-radius: 4px; color: white; text-shadow: 3px 3px black; background-image: linear-gradient(45deg, #f3532c, #f3532c, #042744, #1373c3, #94dcf4, #1373c3, #042744);\">CoNCISa 2020<br \/>\n11 al 13 de noviembre de 2020<\/span><\/p>\n<p><font color=\"WHITE\"><marquee direction=\"left\" size=\"10\" face=\"Trebuchet MS\" style=\"background:#E62020\"><strong>Debido a la pandemia del COVID-19, SCTC\/EVI\/CoNCISa 2020 ser\u00e1n eventos totalmente virtuales<\/strong><\/marquee><\/font><\/p>\n<p>CoNCISa 2020 es la octava Conferencia Nacional de Computaci\u00f3n, Inform\u00e1tica y Sistemas. Es uno de los principales eventos anuales de la <a href=\"http:\/\/www.svc.net.ve\" target=\"_blank\" rel=\"noopener noreferrer\">SVC<\/a> (Sociedad Venezolana de Computaci\u00f3n). Adicionalmente cuenta con el respaldo acad\u00e9mico del <a href=\"http:\/\/www.clei.org\" target=\"_blank\" rel=\"noopener noreferrer\">CLEI<\/a> (Centro Latinoamericano de Estudios en Inform\u00e1tica). El objetivo principal de CoNCISa 2020 es consolidar el intercambio sobre experiencias de investigaci\u00f3n, acad\u00e9micas y tecnol\u00f3gicas, para impulsar el desarrollo del \u00e1rea y crear lazos estrechos de cooperaci\u00f3n a nivel nacional.<\/p>\n<p><del>CoNCISa 2020 se realizar\u00e1 en la <a href=\"http:\/\/www.ciens.ucv.ve\" target=\"_blank\" rel=\"noopener noreferrer\">Facultad de Ciencias<\/a> de la <a href=\"http:\/\/www.ucv.ve\" target=\"_blank\" rel=\"noopener noreferrer\">UCV<\/a> (Universidad Central de Venezuela) del 11 al 13 de noviembre de 2020, conjuntamente con el <a href=\"http:\/\/www.sctc.org.ve\/2020\" target=\"_blank\" rel=\"noopener noreferrer\">SCTC 2020<\/a> (Simposio Cient\u00edfico y Tecnol\u00f3gico en Computaci\u00f3n), y <a href=\"http:\/\/www.concisa.net.ve\/2020\/evi-informacion\">EVI 2020<\/a> (Escuela Venezolana de Inform\u00e1tica).<\/del><\/p>\n<p>Debido a la pandemia del COVID-19, CoNCISa 2020 se realizar\u00e1 en forma virtual del 11 al 13 de noviembre de 2020, conjuntamente con <a href=\"http:\/\/www.concisa.net.ve\/2020\/evi-informacion\">EVI 2020<\/a> (Escuela Venezolana de Inform\u00e1tica). CoNCISa 2020 es un evento totalmente libre de costo, pero requiere que usted se registre. Haga su registro a trav\u00e9s de <a href=\"http:\/\/69.31.134.207:8080\" target=\"_blank\" rel=\"noopener noreferrer\">ConfVen<\/a>.<br \/>\n&nbsp;<\/p>\n<p><span style=\"display: block; font-size: 20px; padding: 7px; margin-left: 0pt; -webkit-border-radius: 4px; border-radius: 4px; color: white; text-shadow: 3px 3px black; background-image: linear-gradient(45deg, #f3532c, #f3532c, #042744, #1373c3, #94dcf4, #1373c3, #042744);\">EVI 2020<br \/>\n9 al 11 de noviembre de 2020<\/span><\/p>\n<p>EVI 2020 es la octava edici\u00f3n de la Escuela Venezolana de Inform\u00e1tica. Es uno de los principales eventos anuales de la <a href=\"http:\/\/www.svc.net.ve\" target=\"_blank\" rel=\"noopener noreferrer\">SVC<\/a> (Sociedad Venezolana de Computaci\u00f3n). Adicionalmente cuenta con el respaldo acad\u00e9mico del <a href=\"http:\/\/www.clei.org\" target=\"_blank\" rel=\"noopener noreferrer\">CLEI<\/a> (Centro Latinoamericano de Estudios en Inform\u00e1tica).<\/p>\n<p>En este evento se dictar\u00e1n cursos avanzados en diferentes dominios de las ciencias computacionales, por expertos nacionales e internacionales. Son cursos que cubren temas de inter\u00e9s para la disciplina Inform\u00e1tica, y que son complementarios a los temas que figuran en los curr\u00edculos de las carreras de Inform\u00e1tica en el pa\u00eds. Se estructura en cursos tutoriales de medio d\u00eda (4 horas) o de d\u00eda completo (8 horas). Los tutoriales ofertados se pueden consultar haciendo clic <a href=\"http:\/\/www.concisa.net.ve\/2020\/evi-tutoriales-ofertados\" rel=\"noopener noreferrer\">aqu\u00ed<\/a>.<\/p>\n<p><del>EVI 2020 se realizar\u00e1 en la <a href=\"http:\/\/www.ucv.ve\" target=\"_blank\" rel=\"noopener noreferrer\">UCV<\/a> (Universidad Central de Venezuela) del 9 al 11 de noviembre de 2020, conjuntamente con el <a href=\"http:\/\/www.sctc.org.ve\/2020\" target=\"_blank\" rel=\"noopener noreferrer\">SCTC 2020<\/a> (Simposio Cient\u00edfico y Tecnol\u00f3gico en Computaci\u00f3n), y <a href=\"http:\/\/www.concisa.net.ve\/2020\/concisa-informacion\">CoNCISa 2020<\/a> (Conferencia Nacional de Computaci\u00f3n, Inform\u00e1tica y Sistemas).<\/del><\/p>\n<p>Debido a la pandemia del COVID-19, EVI 2020 se realizar\u00e1 en forma virtual del 9 al 11 de noviembre de 2020, conjuntamente con <a href=\"http:\/\/www.concisa.net.ve\/2020\/concisa-informacion\">CoNCISa 2020<\/a> (Conferencia Nacional de Computaci\u00f3n, Inform\u00e1tica y Sistemas).<br \/>\n&nbsp;<\/p>\n","protected":false},"excerpt":{"rendered":"<p>CoNCISa 2020 11 al 13 de noviembre de 2020 Debido a la pandemia del COVID-19, SCTC\/EVI\/CoNCISa 2020 ser\u00e1n eventos totalmente virtuales CoNCISa 2020 es la octava Conferencia Nacional de Computaci\u00f3n, Inform\u00e1tica y Sistemas. Es&#46;&#46;&#46;<\/p>\n","protected":false},"author":1,"featured_media":0,"parent":0,"menu_order":0,"comment_status":"closed","ping_status":"closed","template":"","meta":{"footnotes":""},"class_list":["post-129","page","type-page","status-publish","hentry"],"_links":{"self":[{"href":"https:\/\/concisa.net.ve\/2020\/wp-json\/wp\/v2\/pages\/129","targetHints":{"allow":["GET"]}}],"collection":[{"href":"https:\/\/concisa.net.ve\/2020\/wp-json\/wp\/v2\/pages"}],"about":[{"href":"https:\/\/concisa.net.ve\/2020\/wp-json\/wp\/v2\/types\/page"}],"author":[{"embeddable":true,"href":"https:\/\/concisa.net.ve\/2020\/wp-json\/wp\/v2\/users\/1"}],"replies":[{"embeddable":true,"href":"https:\/\/concisa.net.ve\/2020\/wp-json\/wp\/v2\/comments?post=129"}],"version-history":[{"count":29,"href":"https:\/\/concisa.net.ve\/2020\/wp-json\/wp\/v2\/pages\/129\/revisions"}],"predecessor-version":[{"id":780,"href":"https:\/\/concisa.net.ve\/2020\/wp-json\/wp\/v2\/pages\/129\/revisions\/780"}],"wp:attachment":[{"href":"https:\/\/concisa.net.ve\/2020\/wp-json\/wp\/v2\/media?parent=129"}],"curies":[{"name":"wp","href":"https:\/\/api.w.org\/{rel}","templated":true}]}}