{"id":104,"date":"2020-06-11T01:32:25","date_gmt":"2020-06-11T01:32:25","guid":{"rendered":"http:\/\/www.concisa.net.ve\/2020\/?page_id=104"},"modified":"2022-10-07T16:43:14","modified_gmt":"2022-10-07T16:43:14","slug":"evi-propuesta-tutoriales","status":"publish","type":"page","link":"https:\/\/concisa.net.ve\/2020\/evi-propuesta-tutoriales\/","title":{"rendered":"EVI 2020 &#8211; Propuesta de Tutoriales"},"content":{"rendered":"<p><span style=\"display: block; font-size: 20px; padding: 7px; margin-left: 0pt; -webkit-border-radius: 4px; border-radius: 4px; color: white; text-shadow: 3px 3px black; background-image: linear-gradient(45deg, #f3532c, #f3532c, #042744, #1373c3, #94dcf4, #1373c3, #042744);\">Llamado a Talleres y Tutoriales<\/span><\/p>\n<p>Se invita a expertos de reconocida trayectoria, a proponer talleres y tutoriales, de medio d\u00eda (4 horas) o d\u00eda completo (8 horas), que presenten resultados de investigaci\u00f3n, el estado del arte de un tema determinado o la introducci\u00f3n a un tema de inter\u00e9s industrial o acad\u00e9mico. La propuesta de tutorial debe ser enviada en un PDF que incluya:<\/p>\n<ul>\n<li style=\"margin-top: -10px;\">T\u00edtulo<\/li>\n<li>Resumen<\/li>\n<li>Contenido<\/li>\n<li>Duraci\u00f3n (4 horas o 8 horas)<\/li>\n<li>P\u00fablico objetivo<\/li>\n<li>Equipos requeridos<\/li>\n<li>Breve resumen curricular de los presentadores.<\/li>\n<\/ul>\n<p>&nbsp;<br \/>\nPuede utilizar la siguiente <a href=\"https:\/\/www.concisa.net.ve\/2020\/wp-content\/uploads\/sites\/8\/2020\/06\/plantilla-tutorial-EVI2020-v1.1.doc\" rel=\"noopener noreferrer\">plantilla<\/a> para elaborar su propuesta.<br \/>\n&nbsp;<\/p>\n<p><span style=\"display: block; font-size: 20px; padding: 7px; margin-left: 0pt; -webkit-border-radius: 4px; border-radius: 4px; color: white; text-shadow: 3px 3px black; background-image: linear-gradient(45deg, #f3532c, #f3532c, #042744, #1373c3, #94dcf4, #1373c3, #042744);\">Env\u00edo de Propuestas de Talleres y Tutoriales<\/span><\/p>\n<p>Las propuestas deben ser enviadas a trav\u00e9s de EasyChair haciendo clic <a href=\"https:\/\/easychair.org\/conferences\/?conf=sctcevi2020\" target=\"_blank\" rel=\"noopener noreferrer\">aqu\u00ed<\/a>.<\/p>\n","protected":false},"excerpt":{"rendered":"<p>Llamado a Talleres y Tutoriales Se invita a expertos de reconocida trayectoria, a proponer talleres y tutoriales, de medio d\u00eda (4 horas) o d\u00eda completo (8 horas), que presenten resultados de investigaci\u00f3n, el estado&#46;&#46;&#46;<\/p>\n","protected":false},"author":1,"featured_media":0,"parent":0,"menu_order":0,"comment_status":"closed","ping_status":"closed","template":"","meta":{"footnotes":""},"class_list":["post-104","page","type-page","status-publish","hentry"],"_links":{"self":[{"href":"https:\/\/concisa.net.ve\/2020\/wp-json\/wp\/v2\/pages\/104","targetHints":{"allow":["GET"]}}],"collection":[{"href":"https:\/\/concisa.net.ve\/2020\/wp-json\/wp\/v2\/pages"}],"about":[{"href":"https:\/\/concisa.net.ve\/2020\/wp-json\/wp\/v2\/types\/page"}],"author":[{"embeddable":true,"href":"https:\/\/concisa.net.ve\/2020\/wp-json\/wp\/v2\/users\/1"}],"replies":[{"embeddable":true,"href":"https:\/\/concisa.net.ve\/2020\/wp-json\/wp\/v2\/comments?post=104"}],"version-history":[{"count":17,"href":"https:\/\/concisa.net.ve\/2020\/wp-json\/wp\/v2\/pages\/104\/revisions"}],"predecessor-version":[{"id":367,"href":"https:\/\/concisa.net.ve\/2020\/wp-json\/wp\/v2\/pages\/104\/revisions\/367"}],"wp:attachment":[{"href":"https:\/\/concisa.net.ve\/2020\/wp-json\/wp\/v2\/media?parent=104"}],"curies":[{"name":"wp","href":"https:\/\/api.w.org\/{rel}","templated":true}]}}