{"id":5,"date":"2018-05-04T03:42:56","date_gmt":"2018-05-04T03:42:56","guid":{"rendered":"http:\/\/www.concisa.net.ve\/2018\/?page_id=5"},"modified":"2020-03-27T19:37:03","modified_gmt":"2020-03-27T19:37:03","slug":"inicio","status":"publish","type":"page","link":"https:\/\/concisa.net.ve\/2018\/","title":{"rendered":"Inicio"},"content":{"rendered":"\n\t\t<!-- MasterSlider -->\n\t\t<div id=\"P_MS69d977e7883cb\" class=\"master-slider-parent ms-parent-id-1\" style=\"\" >\n\n\t\t\t\n\t\t\t<!-- MasterSlider Main -->\n\t\t\t<div id=\"MS69d977e7883cb\" class=\"master-slider ms-skin-light-6\" >\n\t\t\t\t \t\t\t\t \n\n\t\t\t<div  class=\"ms-slide\" data-delay=\"14.7\" data-fill-mode=\"fill\"   >\n\t\t\t\t\t<img decoding=\"async\" src=\"https:\/\/concisa.net.ve\/2018\/wp-content\/plugins\/masterslider\/public\/assets\/css\/blank.gif\" alt=\"\" title=\"merida01\" data-src=\"https:\/\/concisa.net.ve\/2018\/wp-content\/uploads\/sites\/7\/2018\/05\/merida01-1180x485.jpg\" \/>\n\n\n\t\t\t\t<\/div>\n\t\t\t<div  class=\"ms-slide\" data-delay=\"15\" data-fill-mode=\"fill\"   >\n\t\t\t\t\t<img decoding=\"async\" src=\"https:\/\/concisa.net.ve\/2018\/wp-content\/plugins\/masterslider\/public\/assets\/css\/blank.gif\" alt=\"\" title=\"merida02\" data-src=\"https:\/\/concisa.net.ve\/2018\/wp-content\/uploads\/sites\/7\/2018\/05\/merida02-1180x485.jpg\" \/>\n\n\n\t\t\t\t<\/div>\n\t\t\t<div  class=\"ms-slide\" data-delay=\"15\" data-fill-mode=\"fill\"   >\n\t\t\t\t\t<img decoding=\"async\" src=\"https:\/\/concisa.net.ve\/2018\/wp-content\/plugins\/masterslider\/public\/assets\/css\/blank.gif\" alt=\"\" title=\"merida03\" data-src=\"https:\/\/concisa.net.ve\/2018\/wp-content\/uploads\/sites\/7\/2018\/05\/merida03-1180x485.jpg\" \/>\n\n\n\t\t\t\t<\/div>\n\n\t\t\t<\/div>\n\t\t\t<!-- END MasterSlider Main -->\n\n\t\t\t \n\t\t<\/div>\n\t\t<!-- END MasterSlider -->\n\n\t\t<script>\n\t\t( window.MSReady = window.MSReady || [] ).push( function( $ ) {\n\n\t\t\t\"use strict\";\n\t\t\tvar masterslider_83cb = new MasterSlider();\n\n\t\t\t\/\/ slider controls\n\t\t\tmasterslider_83cb.control('arrows'     ,{ autohide:true, overVideo:true  });\n\t\t\tmasterslider_83cb.control('bullets'    ,{ autohide:true, overVideo:true, dir:'h', align:'bottom', space:5 , margin:10  });\n\t\t\t\/\/ slider setup\n\t\t\tmasterslider_83cb.setup(\"MS69d977e7883cb\", {\n\t\t\t\twidth           : 1180,\n\t\t\t\theight          : 485,\n\t\t\t\tminHeight       : 0,\n\t\t\t\tspace           : 0,\n\t\t\t\tstart           : 1,\n\t\t\t\tgrabCursor      : true,\n\t\t\t\tswipe           : true,\n\t\t\t\tmouse           : false,\n\t\t\t\tkeyboard        : false,\n\t\t\t\tlayout          : \"fullwidth\",\n\t\t\t\twheel           : false,\n\t\t\t\tautoplay        : true,\n                instantStartLayers:false,\n\t\t\t\tmobileBGVideo:false,\n\t\t\t\tloop            : true,\n\t\t\t\tshuffle         : false,\n\t\t\t\tpreload         : 0,\n\t\t\t\theightLimit     : true,\n\t\t\t\tautoHeight      : false,\n\t\t\t\tsmoothHeight    : true,\n\t\t\t\tendPause        : false,\n\t\t\t\toverPause       : true,\n\t\t\t\tfillMode        : \"fill\",\n\t\t\t\tcenterControls  : true,\n\t\t\t\tstartOnAppear   : false,\n\t\t\t\tlayersMode      : \"center\",\n\t\t\t\tautofillTarget  : \"\",\n\t\t\t\thideLayers      : false,\n\t\t\t\tfullscreenMargin: 0,\n\t\t\t\tspeed           : 5,\n\t\t\t\tdir             : \"h\",\n\t\t\t\tresponsive      : true,\n\t\t\t\ttabletWidth     : 768,\n\t\t\t\ttabletHeight    : null,\n\t\t\t\tphoneWidth      : 480,\n\t\t\t\tphoneHeight    : null,\n\t\t\t\tsizingReference : window,\n\t\t\t\tparallaxMode    : 'swipe',\n\t\t\t\tview            : \"fade\"\n\t\t\t});\n\n\t\t\t\n\t\t\twindow.masterslider_instances = window.masterslider_instances || [];\n\t\t\twindow.masterslider_instances.push( masterslider_83cb );\n\t\t});\n\t\t<\/script>\n\n\n<h2>CoNCISa 2018<br \/>\n28\u00a0al 30\u00a0de noviembre\u00a02018<\/h2>\n<p>CoNCISa 2018 es la sexta Conferencia Nacional de Computaci\u00f3n, Inform\u00e1tica y Sistemas. Es uno de los principales eventos anuales de la <a href=\"http:\/\/www.svc.net.ve\" target=\"_blank\" rel=\"noopener noreferrer\">SVC<\/a> (Sociedad Venezolana de Computaci\u00f3n). Adicionalmente cuenta con el respaldo acad\u00e9mico del <a href=\"http:\/\/www.clei.org\" target=\"_blank\" rel=\"noopener noreferrer\">CLEI<\/a> (Centro Latinoamericano de Estudios en Inform\u00e1tica).<\/p>\n<p>El objetivo principal de CoNCISa 2018 es consolidar el intercambio sobre experiencias de investigaci\u00f3n, acad\u00e9micas y tecnol\u00f3gicas, para impulsar el desarrollo del \u00e1rea y crear lazos estrechos de cooperaci\u00f3n a nivel nacional.<\/p>\n<p>CoNCISa 2018 se realizar\u00e1 en la <a href=\"http:\/\/www.ula.ve\" target=\"_blank\" rel=\"noopener noreferrer\">ULA<\/a> (Universidad de Los Andes, M\u00e9rida) del 28\u00a0al 30\u00a0de noviembre\u00a0de 2018, conjuntamente con <a href=\"http:\/\/www.concisa.net.ve\/2018\/evi-informacion\">EVI 2018<\/a> (Escuela Venezolana de Inform\u00e1tica).<\/p>\n<h2>EVI 2018<br \/>\n26\u00a0al 28\u00a0de noviembre\u00a02018<\/h2>\n<p>EVI 2018 es la sexta edici\u00f3n de la Escuela Venezolana de Inform\u00e1tica. Es uno de los principales eventos anuales de la <a href=\"http:\/\/www.svc.net.ve\" target=\"_blank\" rel=\"noopener noreferrer\">SVC<\/a> (Sociedad Venezolana de Computaci\u00f3n). Adicionalmente cuenta con el respaldo acad\u00e9mico del <a href=\"http:\/\/www.clei.org\" target=\"_blank\" rel=\"noopener noreferrer\">CLEI<\/a> (Centro Latinoamericano de Estudios en Inform\u00e1tica).<\/p>\n<p>En este evento se dictar\u00e1n cursos avanzados en diferentes dominios de las ciencias computacionales, por expertos nacionales e internacionales. Son cursos que cubren temas de inter\u00e9s para la disciplina Inform\u00e1tica, y que son complementarios a los temas que figuran en los curr\u00edculos de las carreras de Inform\u00e1tica en el pa\u00eds. Se estructura en cursos tutoriales de medio d\u00eda (4 horas) o de d\u00eda completo (8 horas).<\/p>\n<p>EVI 2018 se realizar\u00e1 en la <a href=\"http:\/\/www.ula.ve\" target=\"_blank\" rel=\"noopener noreferrer\">ULA<\/a> (Universitad de Los Andes) del 26\u00a0al 28\u00a0de noviembre\u00a0de 2018, conjuntamente con <a href=\"http:\/\/www.concisa.net.ve\/2018\/concisa-informacion\">CoNCISa 2018<\/a> (Conferencia Nacional de Computaci\u00f3n, Inform\u00e1tica y Sistemas 2018).<\/p>\n<h2>Patrocinadores<\/h2>\n<p>La \u201cSociedad Venezolana de Computaci\u00f3n\u201d agradece los siguientes patrocinadores por su generoso aporte para la realizaci\u00f3n de la VI Conferencia Nacional de Computaci\u00f3n, Inform\u00e1tica y Sistemas (CoNCISa 2018) y la VI Escuela Venezolana de Inform\u00e1tica (EVI 2018).<\/p>\n<p><img decoding=\"async\" style=\"border: none; background-color: #ffffff; display: block; margin-left: auto; margin-right: auto;\" src=\"http:\/\/www.concisa.net.ve\/2018\/wp-content\/uploads\/sites\/7\/2018\/11\/patrocinadores02.png\" alt=\"\" width=\"650\" \/><\/p>\n","protected":false},"excerpt":{"rendered":"<p> ( window.MSReady = window.MSReady || [] ).push( function( $ ) { &#8220;use strict&#8221;; var masterslider_8c91 = new MasterSlider(); \/\/ slider controls masterslider_8c91.control(&#8216;arrows&#8217; ,{ autohide:true, overVideo:true }); masterslider_8c91.control(&#8216;bullets&#8217; ,{ autohide:true, overVideo:true, dir:&#8217;h&#8217;, align:&#8217;bottom&#8217;, space:5 , margin:10 }); \/\/ slider setup masterslider_8c91.setup(&#8220;MS69d977e788c91&#8221;, { width : 1180, height : 485, minHeight : 0, space : 0, start [&#8230;]<\/p>\n","protected":false},"author":1,"featured_media":0,"parent":0,"menu_order":0,"comment_status":"closed","ping_status":"closed","template":"","meta":{"footnotes":""},"class_list":["post-5","page","type-page","status-publish","hentry","odd"],"_links":{"self":[{"href":"https:\/\/concisa.net.ve\/2018\/wp-json\/wp\/v2\/pages\/5","targetHints":{"allow":["GET"]}}],"collection":[{"href":"https:\/\/concisa.net.ve\/2018\/wp-json\/wp\/v2\/pages"}],"about":[{"href":"https:\/\/concisa.net.ve\/2018\/wp-json\/wp\/v2\/types\/page"}],"author":[{"embeddable":true,"href":"https:\/\/concisa.net.ve\/2018\/wp-json\/wp\/v2\/users\/1"}],"replies":[{"embeddable":true,"href":"https:\/\/concisa.net.ve\/2018\/wp-json\/wp\/v2\/comments?post=5"}],"version-history":[{"count":0,"href":"https:\/\/concisa.net.ve\/2018\/wp-json\/wp\/v2\/pages\/5\/revisions"}],"wp:attachment":[{"href":"https:\/\/concisa.net.ve\/2018\/wp-json\/wp\/v2\/media?parent=5"}],"curies":[{"name":"wp","href":"https:\/\/api.w.org\/{rel}","templated":true}]}}