{"id":47,"date":"2018-06-14T10:44:58","date_gmt":"2018-06-14T10:44:58","guid":{"rendered":"http:\/\/www.concisa.net.ve\/2018\/?page_id=47"},"modified":"2018-11-04T16:57:02","modified_gmt":"2018-11-04T16:57:02","slug":"teg-envio","status":"publish","type":"page","link":"https:\/\/concisa.net.ve\/2018\/teg-envio\/","title":{"rendered":"TEG 2018 &#8211; Env\u00edo de un TEG"},"content":{"rendered":"\n\t\t<!-- MasterSlider -->\n\t\t<div id=\"P_MS69d98dc7b9eb0\" class=\"master-slider-parent ms-parent-id-20\" style=\"\" >\n\n\t\t\t\n\t\t\t<!-- MasterSlider Main -->\n\t\t\t<div id=\"MS69d98dc7b9eb0\" class=\"master-slider ms-skin-default\" >\n\t\t\t\t \t\t\t\t \n\n\t\t\t<div  class=\"ms-slide\" data-delay=\"3\" data-fill-mode=\"fill\"   >\n\t\t\t\t\t<img decoding=\"async\" src=\"https:\/\/concisa.net.ve\/2018\/wp-content\/plugins\/masterslider\/public\/assets\/css\/blank.gif\" alt=\"\" title=\"\" data-src=\"https:\/\/concisa.net.ve\/2018\/wp-content\/uploads\/sites\/7\/2018\/11\/bg-concisa10-1000x150.jpg\" \/>\n\n\t\t\t\t\t<div  class=\"ms-layer\" style=\"\"      data-ease=\"easeOutQuint\"                data-offset-x=\"0\" data-offset-y=\"0\" data-origin=\"mc\"   >\n<h1 style=\"text-align: center; color: #ffffff; font-family: Comic sans MS;\"><strong>TEG 2018 - Env\u00edo de un TEG<\/strong><\/h1><\/div>\n\n\n\t\t\t\t<\/div>\n\n\t\t\t<\/div>\n\t\t\t<!-- END MasterSlider Main -->\n\n\t\t\t \n\t\t<\/div>\n\t\t<!-- END MasterSlider -->\n\n\t\t<script>\n\t\t( window.MSReady = window.MSReady || [] ).push( function( $ ) {\n\n\t\t\t\"use strict\";\n\t\t\tvar masterslider_9eb0 = new MasterSlider();\n\n\t\t\t\/\/ slider controls\n\t\t\t\/\/ slider setup\n\t\t\tmasterslider_9eb0.setup(\"MS69d98dc7b9eb0\", {\n\t\t\t\twidth           : 1000,\n\t\t\t\theight          : 150,\n\t\t\t\tminHeight       : 0,\n\t\t\t\tspace           : 0,\n\t\t\t\tstart           : 1,\n\t\t\t\tgrabCursor      : false,\n\t\t\t\tswipe           : false,\n\t\t\t\tmouse           : false,\n\t\t\t\tkeyboard        : false,\n\t\t\t\tlayout          : \"fullwidth\",\n\t\t\t\twheel           : false,\n\t\t\t\tautoplay        : false,\n                instantStartLayers:false,\n\t\t\t\tmobileBGVideo:false,\n\t\t\t\tloop            : false,\n\t\t\t\tshuffle         : false,\n\t\t\t\tpreload         : 0,\n\t\t\t\theightLimit     : true,\n\t\t\t\tautoHeight      : false,\n\t\t\t\tsmoothHeight    : true,\n\t\t\t\tendPause        : false,\n\t\t\t\toverPause       : false,\n\t\t\t\tfillMode        : \"fill\",\n\t\t\t\tcenterControls  : true,\n\t\t\t\tstartOnAppear   : false,\n\t\t\t\tlayersMode      : \"center\",\n\t\t\t\tautofillTarget  : \"\",\n\t\t\t\thideLayers      : false,\n\t\t\t\tfullscreenMargin: 0,\n\t\t\t\tspeed           : 20,\n\t\t\t\tdir             : \"h\",\n\t\t\t\tresponsive      : true,\n\t\t\t\ttabletWidth     : 768,\n\t\t\t\ttabletHeight    : null,\n\t\t\t\tphoneWidth      : 480,\n\t\t\t\tphoneHeight    : null,\n\t\t\t\tsizingReference : window,\n\t\t\t\tparallaxMode    : 'swipe',\n\t\t\t\tview            : \"basic\"\n\t\t\t});\n\n\t\t\t\n\t\t\twindow.masterslider_instances = window.masterslider_instances || [];\n\t\t\twindow.masterslider_instances.push( masterslider_9eb0 );\n\t\t});\n\t\t<\/script>\n\n\n<h2>Env\u00edo de un TEG<\/h2>\n<p>Los TEGs deben estar escritos en castellano y defendido en el per\u00edodo comprendido del 01\/07\/2017 al 31\/07\/2018 en los programas de las carreras de computaci\u00f3n, inform\u00e1tica y sistemas. Los trabajos enviados pueden ser individuales o grupales. Para enviar un TEG, se requiere un \u00fanico archivo PDF con tres partes:<\/p>\n<ol>\n<li>un resumen (versi\u00f3n corta del TEG). El resumen debe contener entre 10 y 15 p\u00e1ginas que describan el contexto del trabajo, justificaci\u00f3n e importancia, objetivos y logros alcanzados. El formato es libre, en tama\u00f1o carta (8.5\u2033 x 11\u2033), interlineado sencillo. La primera p\u00e1gina del resumen es para identificar el TEG, y debe constar del t\u00edtulo del TEG, el nombre y correo electr\u00f3nico del autor (o de los autores), la instituci\u00f3n de afiliaci\u00f3n, el nombre y correo electr\u00f3nico del tutor (o de los tutores), y la fecha de defensa.<\/li>\n<li>un documento probatorio de la defensa del TEG donde aparezca la fecha de esta (ej., acta o veredicto de defensa)<\/li>\n<li>el tomo completo de la memoria o libro TEG.<\/li>\n<\/ol>\n<p>El archivo PDF debe ser sometido a trav\u00e9s de <a href=\"https:\/\/easychair.org\/conferences\/?conf=evi2018\" target=\"_blank\" rel=\"noopener noreferrer\">EasyChair<\/a>. Es importante recordar que debe ser un \u00fanico archivo PDF, con las tres partes mencionadas anteriormente, y en el orden especificado (resumen, documento probatorio, y tomo completo de la memoria del TEG).<\/p>\n<p>En caso que a\u00fan no tenga cuenta en EasyChair, la puede crear a trav\u00e9s de este <a href=\"https:\/\/www.easychair.org\/account\/signup.cgi\" target=\"_blank\" rel=\"noopener noreferrer\">enlace<\/a>.<\/p>\n<h2>Llamado al Concurso Nacional de TEGs (Versi\u00f3n PDF)<\/h2>\n<p>El llamado al concurso nacional de TEGs 2018 vence el viernes 26\u00a0de octubre\u00a0de 2018. Pueden descargar la versi\u00f3n PDF del llamado al concurso nacional de TEGs en el siguiente enlace.<\/p>\n","protected":false},"excerpt":{"rendered":"<p> TEG 2018 &#8211; Env\u00edo de un TEG ( window.MSReady = window.MSReady || [] ).push( function( $ ) { &#8220;use strict&#8221;; var masterslider_a7d0 = new MasterSlider(); \/\/ slider controls \/\/ slider setup masterslider_a7d0.setup(&#8220;MS69d98dc7ba7d0&#8221;, { width : 1000, height : 150, minHeight : 0, space : 0, start : 1, grabCursor : false, swipe : false, [&#8230;]<\/p>\n","protected":false},"author":3,"featured_media":0,"parent":0,"menu_order":0,"comment_status":"closed","ping_status":"closed","template":"","meta":{"footnotes":""},"class_list":["post-47","page","type-page","status-publish","hentry","odd"],"_links":{"self":[{"href":"https:\/\/concisa.net.ve\/2018\/wp-json\/wp\/v2\/pages\/47","targetHints":{"allow":["GET"]}}],"collection":[{"href":"https:\/\/concisa.net.ve\/2018\/wp-json\/wp\/v2\/pages"}],"about":[{"href":"https:\/\/concisa.net.ve\/2018\/wp-json\/wp\/v2\/types\/page"}],"author":[{"embeddable":true,"href":"https:\/\/concisa.net.ve\/2018\/wp-json\/wp\/v2\/users\/3"}],"replies":[{"embeddable":true,"href":"https:\/\/concisa.net.ve\/2018\/wp-json\/wp\/v2\/comments?post=47"}],"version-history":[{"count":1,"href":"https:\/\/concisa.net.ve\/2018\/wp-json\/wp\/v2\/pages\/47\/revisions"}],"predecessor-version":[{"id":193,"href":"https:\/\/concisa.net.ve\/2018\/wp-json\/wp\/v2\/pages\/47\/revisions\/193"}],"wp:attachment":[{"href":"https:\/\/concisa.net.ve\/2018\/wp-json\/wp\/v2\/media?parent=47"}],"curies":[{"name":"wp","href":"https:\/\/api.w.org\/{rel}","templated":true}]}}