{"id":42,"date":"2018-06-13T09:23:39","date_gmt":"2018-06-13T09:23:39","guid":{"rendered":"http:\/\/www.concisa.net.ve\/2018\/?page_id=42"},"modified":"2018-11-22T06:31:24","modified_gmt":"2018-11-22T06:31:24","slug":"doctoral-informacion","status":"publish","type":"page","link":"https:\/\/concisa.net.ve\/2018\/doctoral-informacion\/","title":{"rendered":"CoNCISa 2018 &#8211; Consorcio Doctoral"},"content":{"rendered":"<h2>I Consorcio Doctoral en Ciencias Aplicadas<\/h2>\n<p>El Consorcio Doctoral en Ciencias Aplicadas tiene como objetivo proporcionar a los estudiantes de doctorado un espacio para presentar su propuesta de investigaci\u00f3n, discutirla, y recopilar un conjunto de opiniones y sugerencias de expertos, que podr\u00e1n aportar nuevas ideas, m\u00e9todos y aplicaciones al tema de investigaci\u00f3n. El Consorcio Doctoral en Ciencias Aplicadas es una excelente oportunidad para los doctorandos, de exponer sus propuestas de investigaci\u00f3n y beneficiarse de una discusi\u00f3n en formato de Workshop. Cada proyecto doctoral ser\u00e1 expuesto a un tribunal compuesto por, al menos, tres expertos en el \u00e1rea de las Ciencias Aplicadas.<\/p>\n<p>Algunas tem\u00e1ticas en las cuales podr\u00e1n enmarcar su investigaci\u00f3n son:<\/p>\n<ul>\n<li>Ingenier\u00eda de Software<\/li>\n<li>Inteligencia Artificial<\/li>\n<li>Modelado y Simulaci\u00f3n de Sistemas<\/li>\n<li>Tecnolog\u00edas Educativas Emergentes<\/li>\n<li>Dise\u00f1o de Juegos<\/li>\n<li>Sistemas Inteligentes<\/li>\n<li>Sistemas Complejos<\/li>\n<li>Neurociencia<\/li>\n<li>Arquitectura y Sistemas de Informaci\u00f3n y Empresariales<\/li>\n<li>Computaci\u00f3n de Alto Rendimiento y Computaci\u00f3n en la Nube<\/li>\n<li>Biotecnolog\u00eda<\/li>\n<li>Nanotecnolog\u00eda<\/li>\n<li>Bioinform\u00e1tica<\/li>\n<\/ul>\n<h2>Env\u00edo de Contribuciones<\/h2>\n<p>El Consorcio Doctoral est\u00e1 abierto a estudiantes de doctorado en las \u00e1reas de \u00a0CoNCISa 2018 o \u00a0 en los t\u00f3picos mencionados. Las propuestas doctorales deben ser res\u00famenes de 4 a 6 p\u00e1ginas, siguiendo la gu\u00eda de estilo de CoNCISa 2018, que contengan la descripci\u00f3n de:<\/p>\n<ul>\n<li>El problema<\/li>\n<li>Los objetivos<\/li>\n<li>Estado del Arte y Marco Te\u00f3rico<\/li>\n<li>Metodolog\u00eda<\/li>\n<li>Resultados esperados<\/li>\n<\/ul>\n<p>Adicionalmente deben indicar el \u00e1rea (de acuerdo a un tema de la conferencia o\u00a0 los t\u00f3picos arriba enunciados), escuela (departamento) del doctorando y tiempo de desarrollo del trabajo.<\/p>\n<p>La duraci\u00f3n de las presentaciones ser\u00e1: 18 minutos para la exposici\u00f3n\u00a0y 7 minutos para las preguntas.<\/p>\n<p>Las propuestas \u00a0seleccionadas ser\u00e1n\u00a0publicadas en un apartado de las memorias del evento CoNCISa-2018.<\/p>\n<h2>Fechas Importantes<\/h2>\n<p>Cierre de recepci\u00f3n propuestas doctorales: 15\u00a0de octubre\u00a02018 <span style=\"color: #ff0000\">\u00a1Nueva fecha!<\/span><\/p>\n<p>Notificaci\u00f3n de aceptaci\u00f3n autores: 29\u00a0de octubre\u00a02018\u00a0<span style=\"color: #ff0000\">\u00a1Nueva fecha!<\/span><\/p>\n<p>Versi\u00f3n final de documento: 5\u00a0de noviembre\u00a02018\u00a0<span style=\"color: #ff0000\">\u00a1Nueva fecha!<\/span><\/p>\n<p>Ver especificaci\u00f3n de llamado: http:\/\/www.concisa.net.ve\/2018\/concisa-llamado-articulos<\/p>\n<h2>Comit\u00e9 Organizador<\/h2>\n<p>Dr. Junior Altamiranda (ULA)<br \/>\nDr. Jose Aguilar (ULA)<br \/>\nDra. Yudith Cardinale (USB)<br \/>\nDr. Eduard Puerto (UFPS)<br \/>\nDr. Angel Gil (UNET)<\/p>\n<h2>Partners Cient\u00edficos<\/h2>\n<p>Sociedades Cient\u00edficas Internacionales (IEEE, ACM)<\/p>\n<p>Cient\u00edficos de la Red <a href=\"http:\/\/tepuy.ubitica.com\/\" target=\"_blank\" rel=\"noopener noreferrer\">TEPUY<\/a><\/p>\n","protected":false},"excerpt":{"rendered":"<p>I Consorcio Doctoral en Ciencias Aplicadas <\/p>\n<p>El Consorcio Doctoral en Ciencias Aplicadas tiene como objetivo proporcionar a los estudiantes de doctorado un espacio para presentar su propuesta de investigaci\u00f3n, discutirla, y recopilar un conjunto de opiniones y sugerencias de expertos, que podr\u00e1n aportar nuevas ideas, m\u00e9todos y aplicaciones al tema de investigaci\u00f3n. El Consorcio Doctoral [&#8230;]<\/p>\n","protected":false},"author":3,"featured_media":0,"parent":0,"menu_order":0,"comment_status":"closed","ping_status":"closed","template":"","meta":{"footnotes":""},"class_list":["post-42","page","type-page","status-publish","hentry","odd"],"_links":{"self":[{"href":"https:\/\/concisa.net.ve\/2018\/wp-json\/wp\/v2\/pages\/42","targetHints":{"allow":["GET"]}}],"collection":[{"href":"https:\/\/concisa.net.ve\/2018\/wp-json\/wp\/v2\/pages"}],"about":[{"href":"https:\/\/concisa.net.ve\/2018\/wp-json\/wp\/v2\/types\/page"}],"author":[{"embeddable":true,"href":"https:\/\/concisa.net.ve\/2018\/wp-json\/wp\/v2\/users\/3"}],"replies":[{"embeddable":true,"href":"https:\/\/concisa.net.ve\/2018\/wp-json\/wp\/v2\/comments?post=42"}],"version-history":[{"count":2,"href":"https:\/\/concisa.net.ve\/2018\/wp-json\/wp\/v2\/pages\/42\/revisions"}],"predecessor-version":[{"id":177,"href":"https:\/\/concisa.net.ve\/2018\/wp-json\/wp\/v2\/pages\/42\/revisions\/177"}],"wp:attachment":[{"href":"https:\/\/concisa.net.ve\/2018\/wp-json\/wp\/v2\/media?parent=42"}],"curies":[{"name":"wp","href":"https:\/\/api.w.org\/{rel}","templated":true}]}}