{"id":39,"date":"2018-06-12T09:27:16","date_gmt":"2018-06-12T09:27:16","guid":{"rendered":"http:\/\/www.concisa.net.ve\/2018\/?page_id=39"},"modified":"2018-11-04T16:30:41","modified_gmt":"2018-11-04T16:30:41","slug":"evi-propuesta-tutoriales","status":"publish","type":"page","link":"https:\/\/concisa.net.ve\/2018\/evi-propuesta-tutoriales\/","title":{"rendered":"EVI 2018 &#8211; Propuesta tutoriales"},"content":{"rendered":"\n\t\t<!-- MasterSlider -->\n\t\t<div id=\"P_MS69d98ee7dfe03\" class=\"master-slider-parent ms-parent-id-15\" style=\"\" >\n\n\t\t\t\n\t\t\t<!-- MasterSlider Main -->\n\t\t\t<div id=\"MS69d98ee7dfe03\" class=\"master-slider ms-skin-default\" >\n\t\t\t\t \t\t\t\t \n\n\t\t\t<div  class=\"ms-slide\" data-delay=\"3\" data-fill-mode=\"fill\"   >\n\t\t\t\t\t<img decoding=\"async\" src=\"https:\/\/concisa.net.ve\/2018\/wp-content\/plugins\/masterslider\/public\/assets\/css\/blank.gif\" alt=\"\" title=\"\" data-src=\"https:\/\/concisa.net.ve\/2018\/wp-content\/uploads\/sites\/7\/2018\/11\/bg-concisa14-1000x150.jpg\" \/>\n\n\t\t\t\t\t<div  class=\"ms-layer\" style=\"\"      data-ease=\"easeOutQuint\"                data-offset-x=\"0\" data-offset-y=\"0\" data-origin=\"mc\"   >\n<h1 style=\"text-align: center; color: #ffffff; font-family: Comic sans MS;\"><strong>EVI 2018 - Propuesta de Tutoriales<\/strong><\/h1><\/div>\n\n\n\t\t\t\t<\/div>\n\n\t\t\t<\/div>\n\t\t\t<!-- END MasterSlider Main -->\n\n\t\t\t \n\t\t<\/div>\n\t\t<!-- END MasterSlider -->\n\n\t\t<script>\n\t\t( window.MSReady = window.MSReady || [] ).push( function( $ ) {\n\n\t\t\t\"use strict\";\n\t\t\tvar masterslider_fe03 = new MasterSlider();\n\n\t\t\t\/\/ slider controls\n\t\t\t\/\/ slider setup\n\t\t\tmasterslider_fe03.setup(\"MS69d98ee7dfe03\", {\n\t\t\t\twidth           : 1000,\n\t\t\t\theight          : 150,\n\t\t\t\tminHeight       : 0,\n\t\t\t\tspace           : 0,\n\t\t\t\tstart           : 1,\n\t\t\t\tgrabCursor      : false,\n\t\t\t\tswipe           : false,\n\t\t\t\tmouse           : false,\n\t\t\t\tkeyboard        : false,\n\t\t\t\tlayout          : \"fullwidth\",\n\t\t\t\twheel           : false,\n\t\t\t\tautoplay        : false,\n                instantStartLayers:false,\n\t\t\t\tmobileBGVideo:false,\n\t\t\t\tloop            : false,\n\t\t\t\tshuffle         : false,\n\t\t\t\tpreload         : 0,\n\t\t\t\theightLimit     : true,\n\t\t\t\tautoHeight      : false,\n\t\t\t\tsmoothHeight    : true,\n\t\t\t\tendPause        : false,\n\t\t\t\toverPause       : false,\n\t\t\t\tfillMode        : \"fill\",\n\t\t\t\tcenterControls  : true,\n\t\t\t\tstartOnAppear   : false,\n\t\t\t\tlayersMode      : \"center\",\n\t\t\t\tautofillTarget  : \"\",\n\t\t\t\thideLayers      : false,\n\t\t\t\tfullscreenMargin: 0,\n\t\t\t\tspeed           : 20,\n\t\t\t\tdir             : \"h\",\n\t\t\t\tresponsive      : true,\n\t\t\t\ttabletWidth     : 768,\n\t\t\t\ttabletHeight    : null,\n\t\t\t\tphoneWidth      : 480,\n\t\t\t\tphoneHeight    : null,\n\t\t\t\tsizingReference : window,\n\t\t\t\tparallaxMode    : 'swipe',\n\t\t\t\tview            : \"basic\"\n\t\t\t});\n\n\t\t\t\n\t\t\twindow.masterslider_instances = window.masterslider_instances || [];\n\t\t\twindow.masterslider_instances.push( masterslider_fe03 );\n\t\t});\n\t\t<\/script>\n\n\n<h2><strong>Propuesta de Tutoriales<\/strong><\/h2>\n<p>Se invita a expertos de reconocida trayectoria, a proponer tutoriales para EVI (medio d\u00eda o d\u00eda completo) que presenten resultados de investigaci\u00f3n, el estado del arte de un tema determinado o la introducci\u00f3n a un tema de inter\u00e9s industrial o acad\u00e9mico. La propuesta de tutorial debe ser enviada en un PDF que incluya: <strong>T\u00edtulo, Resumen, Contenido, Duraci\u00f3n, P\u00fablico Objetivo, Equipos Requeridos y Breve CV de los presentadores<\/strong>. Se debe someter las propuestas de tutoriales a trav\u00e9s de\u00a0<a href=\"https:\/\/easychair.org\/conferences\/?conf=evi2018\"><strong>EasyChair<\/strong><\/a>. Es importante recordar que debe ser un \u00fanico archivo PDF, con toda la informaci\u00f3n mencionada anteriormente.<\/p>\n<p>En caso que a\u00fan no tenga cuenta en EasyChair, la puede crear a trav\u00e9s de este\u00a0<a href=\"https:\/\/www.easychair.org\/account\/signup.cgi\"><strong>enlace<\/strong><\/a>.<\/p>\n<h2><strong>Llamado a Tutoriales (Versi\u00f3n PDF)<\/strong><\/h2>\n<p>El llamado a tutoriales de EVI 2018 vence el viernes 27 de julio de 2018. Pueden descargar la versi\u00f3n PDF del llamado a tutoriales en el siguiente\u00a0<a href=\"http:\/\/www.concisa.net.ve\/2018\/wp-content\/uploads\/sites\/7\/2018\/06\/Segundo-llamado-a-tutoriales-EVI-2018.pdf\" target=\"_blank\" rel=\"noopener noreferrer\"><strong>enlace<\/strong><\/a>.<\/p>\n<p>&nbsp;<\/p>\n<p>Fecha del evento (EVI 2018): \u00a0 \u00a0 \u00a0 \u00a0 \u00a0 \u00a0 \u00a0 \u00a0 \u00a0 \u00a0 \u00a0 \u00a0 \u00a0 \u00a0 \u00a0 \u00a0 \u00a0 \u00a0 \u00a0 \u00a0 \u00a0 \u00a0 \u00a0 \u00a0 \u00a0 \u00a0 \u00a0 \u00a026 al 28 de noviembre de\u00a02018<\/p>\n<p>Fecha l\u00edmite para env\u00edo de propuestas de tutoriales: \u00a0 \u00a0 \u00a0 \u00a0 \u00a0 \u00a0 \u00a0 \u00a0 \u00a0 \u00a0 \u00a0\u00a0<span style=\"color: #ff0000\"><del>27 de julio de 2018<\/del><\/span><\/p>\n<p>Nueva Fecha l\u00edmite para env\u00edo de propuestas de tutoriales: \u00a0 \u00a0 \u00a0 \u00a0 \u00a0 \u00a0 <span style=\"color: #000000\">24\u00a0de septiembre\u00a0de 2018<\/span><\/p>\n<p>Notificaci\u00f3n de decisi\u00f3n: \u00a0 \u00a0 \u00a0 \u00a0 \u00a0 \u00a0 \u00a0 \u00a0 \u00a0 \u00a0 \u00a0 \u00a0 \u00a0 \u00a0 \u00a0 \u00a0 \u00a0 \u00a0 \u00a0 \u00a0 \u00a0 \u00a0 \u00a0 \u00a0 \u00a0 \u00a0 \u00a0 \u00a0 \u00a0 \u00a0 \u00a0\u00a0<span style=\"color: #ff0000\"><del>17 de agosto de 2018<\/del><\/span><\/p>\n<p>Nueva Notificaci\u00f3n de decisi\u00f3n: \u00a0 \u00a0 \u00a0 \u00a0 \u00a0 \u00a0 \u00a0 \u00a0 \u00a0 \u00a0 \u00a0 \u00a0 \u00a0 \u00a0 \u00a0 \u00a0 \u00a0 \u00a0 \u00a0 \u00a0 \u00a0 \u00a0 \u00a0 \u00a0 \u00a0 \u00a0 <span style=\"color: #000000\">15\u00a0de octubre\u00a0de 2018<\/span><\/p>\n<p>Fecha l\u00edmite para versi\u00f3n final del material del tutorial: \u00a0 \u00a0 \u00a0 \u00a0 \u00a0 \u00a0 \u00a0 \u00a0 \u00a0\u00a0<span style=\"color: #ff0000\"><del>28 de septiembre de 2108<\/del><\/span><\/p>\n<p>Nueva Fecha l\u00edmite para versi\u00f3n final del material del tutorial: \u00a0 \u00a0 \u00a0 \u00a0 <span style=\"color: #000000\">2\u00a0de noviembre\u00a0de 2108<\/span><\/p>\n","protected":false},"excerpt":{"rendered":"<p> EVI 2018 &#8211; Propuesta de Tutoriales ( window.MSReady = window.MSReady || [] ).push( function( $ ) { &#8220;use strict&#8221;; var masterslider_0439 = new MasterSlider(); \/\/ slider controls \/\/ slider setup masterslider_0439.setup(&#8220;MS69d98ee7e0439&#8221;, { width : 1000, height : 150, minHeight : 0, space : 0, start : 1, grabCursor : false, swipe : false, mouse [&#8230;]<\/p>\n","protected":false},"author":3,"featured_media":0,"parent":0,"menu_order":0,"comment_status":"closed","ping_status":"closed","template":"","meta":{"footnotes":""},"class_list":["post-39","page","type-page","status-publish","hentry","odd"],"_links":{"self":[{"href":"https:\/\/concisa.net.ve\/2018\/wp-json\/wp\/v2\/pages\/39","targetHints":{"allow":["GET"]}}],"collection":[{"href":"https:\/\/concisa.net.ve\/2018\/wp-json\/wp\/v2\/pages"}],"about":[{"href":"https:\/\/concisa.net.ve\/2018\/wp-json\/wp\/v2\/types\/page"}],"author":[{"embeddable":true,"href":"https:\/\/concisa.net.ve\/2018\/wp-json\/wp\/v2\/users\/3"}],"replies":[{"embeddable":true,"href":"https:\/\/concisa.net.ve\/2018\/wp-json\/wp\/v2\/comments?post=39"}],"version-history":[{"count":0,"href":"https:\/\/concisa.net.ve\/2018\/wp-json\/wp\/v2\/pages\/39\/revisions"}],"wp:attachment":[{"href":"https:\/\/concisa.net.ve\/2018\/wp-json\/wp\/v2\/media?parent=39"}],"curies":[{"name":"wp","href":"https:\/\/api.w.org\/{rel}","templated":true}]}}