{"id":20,"date":"2018-05-08T21:09:47","date_gmt":"2018-05-08T21:09:47","guid":{"rendered":"http:\/\/www.concisa.net.ve\/2018\/?page_id=20"},"modified":"2018-11-22T05:07:56","modified_gmt":"2018-11-22T05:07:56","slug":"concisa-comite-programa","status":"publish","type":"page","link":"https:\/\/concisa.net.ve\/2018\/concisa-comite-programa\/","title":{"rendered":"CoNCISa 2018 &#8211; Comit\u00e9 de Programa"},"content":{"rendered":"\n\t\t<!-- MasterSlider -->\n\t\t<div id=\"P_MS69d98dc75efc7\" class=\"master-slider-parent ms-parent-id-6\" style=\"\" >\n\n\t\t\t\n\t\t\t<!-- MasterSlider Main -->\n\t\t\t<div id=\"MS69d98dc75efc7\" class=\"master-slider ms-skin-default\" >\n\t\t\t\t \t\t\t\t \n\n\t\t\t<div  class=\"ms-slide\" data-delay=\"3\" data-fill-mode=\"fill\"   >\n\t\t\t\t\t<img decoding=\"async\" src=\"https:\/\/concisa.net.ve\/2018\/wp-content\/plugins\/masterslider\/public\/assets\/css\/blank.gif\" alt=\"\" title=\"\" data-src=\"https:\/\/concisa.net.ve\/2018\/wp-content\/uploads\/sites\/7\/2018\/11\/bg-concisa12-1000x150.jpg\" \/>\n\n\t\t\t\t\t<div  class=\"ms-layer\" style=\"\"      data-ease=\"easeOutQuint\"                data-offset-x=\"0\" data-offset-y=\"0\" data-origin=\"mc\"   >\n<h1 style=\"text-align: center; color: #ffffff; font-family: Comic sans MS;\"><strong>CoNCISa 2018 - Comit\u00e9 de Programa<\/strong><\/h1><\/div>\n\n\n\t\t\t\t<\/div>\n\n\t\t\t<\/div>\n\t\t\t<!-- END MasterSlider Main -->\n\n\t\t\t \n\t\t<\/div>\n\t\t<!-- END MasterSlider -->\n\n\t\t<script>\n\t\t( window.MSReady = window.MSReady || [] ).push( function( $ ) {\n\n\t\t\t\"use strict\";\n\t\t\tvar masterslider_efc7 = new MasterSlider();\n\n\t\t\t\/\/ slider controls\n\t\t\t\/\/ slider setup\n\t\t\tmasterslider_efc7.setup(\"MS69d98dc75efc7\", {\n\t\t\t\twidth           : 1000,\n\t\t\t\theight          : 150,\n\t\t\t\tminHeight       : 0,\n\t\t\t\tspace           : 0,\n\t\t\t\tstart           : 1,\n\t\t\t\tgrabCursor      : false,\n\t\t\t\tswipe           : false,\n\t\t\t\tmouse           : false,\n\t\t\t\tkeyboard        : false,\n\t\t\t\tlayout          : \"fullwidth\",\n\t\t\t\twheel           : false,\n\t\t\t\tautoplay        : false,\n                instantStartLayers:false,\n\t\t\t\tmobileBGVideo:false,\n\t\t\t\tloop            : false,\n\t\t\t\tshuffle         : false,\n\t\t\t\tpreload         : 0,\n\t\t\t\theightLimit     : true,\n\t\t\t\tautoHeight      : false,\n\t\t\t\tsmoothHeight    : true,\n\t\t\t\tendPause        : false,\n\t\t\t\toverPause       : false,\n\t\t\t\tfillMode        : \"fill\",\n\t\t\t\tcenterControls  : true,\n\t\t\t\tstartOnAppear   : false,\n\t\t\t\tlayersMode      : \"center\",\n\t\t\t\tautofillTarget  : \"\",\n\t\t\t\thideLayers      : false,\n\t\t\t\tfullscreenMargin: 0,\n\t\t\t\tspeed           : 20,\n\t\t\t\tdir             : \"h\",\n\t\t\t\tresponsive      : true,\n\t\t\t\ttabletWidth     : 768,\n\t\t\t\ttabletHeight    : null,\n\t\t\t\tphoneWidth      : 480,\n\t\t\t\tphoneHeight    : null,\n\t\t\t\tsizingReference : window,\n\t\t\t\tparallaxMode    : 'swipe',\n\t\t\t\tview            : \"basic\"\n\t\t\t});\n\n\t\t\t\n\t\t\twindow.masterslider_instances = window.masterslider_instances || [];\n\t\t\twindow.masterslider_instances.push( masterslider_efc7 );\n\t\t});\n\t\t<\/script>\n\n\n<h2>Chairs del Comit\u00e9 de Programa<\/h2>\n<table style=\"margin: 0px auto; width: 100%; height: 104px;\" border=\"0\">\n<tbody>\n<tr>\n<td><strong>Judith Barrios<\/strong><\/td>\n<td style=\"text-align: right;\">Universidad de Los Andes &#8211; Venezuela<\/td>\n<\/tr>\n<tr>\n<td><strong>Niriaska Perozo<\/strong><\/td>\n<td style=\"text-align: right;\">Universidad Centroccidental Lisandro Alvarado &#8211; Venezuela<\/td>\n<\/tr>\n<tr>\n<td><strong>Jhon Amaya<\/strong><\/td>\n<td style=\"text-align: right;\">Universidad Nacional Experimental del T\u00e1chira &#8211; Venezuela<\/td>\n<\/tr>\n<tr>\n<\/tr>\n<\/tbody>\n<\/table>\n<p>&nbsp;<\/p>\n<h2>Miembros del Comit\u00e9 de Programa<\/h2>\n<table style=\"margin: 0px auto; width: 100%; height: 104px;\" border=\"0\">\n<tbody>\n<tr>\n<td><strong>Magdiel Ablan<\/strong><\/td>\n<td style=\"text-align: right;\">Universidad de Los Andes &#8211; Venezuela<\/td>\n<\/tr>\n<tr>\n<td><strong>Jose Aguilar<\/strong><\/td>\n<td style=\"text-align: right;\">Universidad de Los Andes &#8211; Venezuela<\/td>\n<\/tr>\n<tr>\n<td><strong>Mary Bernal<\/strong><\/td>\n<td style=\"text-align: right;\">Universidad Nacional Experimental del T\u00e1chira &#8211; Venezuela<\/td>\n<\/tr>\n<tr>\n<td><strong>Livia Borjas<\/strong><\/td>\n<td style=\"text-align: right;\">IUT Federico Rivero Palacio &#8211; Venezuela<\/td>\n<\/tr>\n<tr>\n<td><strong>Yudith Cardinale<\/strong><\/td>\n<td style=\"text-align: right;\">Universidad Sim\u00f3n Bol\u00edvar &#8211; Venezuela<\/td>\n<\/tr>\n<tr>\n<td><strong>Rhadam\u00e9s Carmona<\/strong><\/td>\n<td style=\"text-align: right;\">Universidad Central de Venezuela &#8211; Venezuela<\/td>\n<\/tr>\n<tr>\n<td><strong>Edgar Chacon<\/strong><\/td>\n<td style=\"text-align: right;\">Universidad de Los Andes &#8211; Venezuela<\/td>\n<\/tr>\n<tr>\n<td><strong>Xiomara Contreras<\/strong><\/td>\n<td style=\"text-align: right;\">Universidad Sim\u00f3n Bol\u00edvar &#8211; Venezuela<\/td>\n<\/tr>\n<tr>\n<td><strong>Ernesto Coto<\/strong><\/td>\n<td style=\"text-align: right;\">University of Sheffield &#8211; United Kingdom<\/td>\n<\/tr>\n<tr>\n<td><strong>Eric Gamess<\/strong><\/td>\n<td style=\"text-align: right;\">Jacksonville State University &#8211; USA<\/td>\n<\/tr>\n<tr>\n<td><strong>Angel Gil<\/strong><\/td>\n<td style=\"text-align: right;\">Universidad Nacional Experimental del T\u00e1chira &#8211; Venezuela<\/td>\n<\/tr>\n<tr>\n<td><strong>Jean-Bernard Hayet<\/strong><\/td>\n<td style=\"text-align: right;\">Centro de Investigaci\u00f3n en Matem\u00e1ticas &#8211; M\u00e9xico<\/td>\n<\/tr>\n<tr>\n<td><strong>Javier Maldonado<\/strong><\/td>\n<td style=\"text-align: right;\">Universidad Nacional Experimental del T\u00e1chira &#8211; Venezuela<\/td>\n<\/tr>\n<tr>\n<td><strong>Luis Mora<\/strong><\/td>\n<td style=\"text-align: right;\">Universidad Nacional Experimental del T\u00e1chira &#8211; Venezuela<\/td>\n<\/tr>\n<tr>\n<td><strong>Ana Morales<\/strong><\/td>\n<td style=\"text-align: right;\">Universidad Central de Venezuela &#8211; Venezuela<\/td>\n<\/tr>\n<tr>\n<td><strong>Masun Nabhan<\/strong><\/td>\n<td style=\"text-align: right;\">Universidad Sim\u00f3n Bol\u00edvar &#8211; Venezuela<\/td>\n<\/tr>\n<tr>\n<td><strong>Dahyana Nimo<\/strong><\/td>\n<td style=\"text-align: right;\">Universidad Nacional Experimental del T\u00e1chira &#8211; Venezuela<\/td>\n<\/tr>\n<tr>\n<td><strong>Arturo Olvera-Lopez<\/strong><\/td>\n<td style=\"text-align: right;\">Universidad Aut\u00f3noma de Puebla &#8211; M\u00e9xico<\/td>\n<\/tr>\n<tr>\n<td><strong>Eber Orozco<\/strong><\/td>\n<td style=\"text-align: right;\">Universidad Polit\u00e9cnica de Sinaloa &#8211; M\u00e9xico<\/td>\n<\/tr>\n<tr>\n<td><strong>Dinarle Ortega<\/strong><\/td>\n<td style=\"text-align: right;\">Universidad de Carabobo &#8211; Venezuela<\/td>\n<\/tr>\n<tr>\n<td><strong>David Padua<\/strong><\/td>\n<td style=\"text-align: right;\">University of Illinois at Urbana-Champaign &#8211; USA<\/td>\n<\/tr>\n<tr>\n<td><strong>Wilmer Pereira<\/strong><\/td>\n<td style=\"text-align: right;\">Universidad Cat\u00f3lica Andr\u00e9s Bello &#8211; Venezuela<\/td>\n<\/tr>\n<tr>\n<td><strong>Jorge P\u00e9rez<\/strong><\/td>\n<td style=\"text-align: right;\">Universit\u00e9 catholique de Louvain &#8211; B\u00e9lgica<\/td>\n<\/tr>\n<tr>\n<td><strong>Carlos Primera<\/strong><\/td>\n<td style=\"text-align: right;\">Universidad Centroccidental Lisandro Alvarado &#8211; Venezuela<\/td>\n<\/tr>\n<tr>\n<td><strong>Esmitt Ram\u00edrez<\/strong><\/td>\n<td style=\"text-align: right;\">Universidad Central de Venezuela &#8211; Venezuela<\/td>\n<\/tr>\n<tr>\n<td><strong>Dulce Rivero<\/strong><\/td>\n<td style=\"text-align: right;\">Universidad de Los Andes &#8211; Venezuela<\/td>\n<\/tr>\n<tr>\n<td><strong>Rosseline Rodr\u00edguez<\/strong><\/td>\n<td style=\"text-align: right;\">Universidad Sim\u00f3n Bol\u00edvar &#8211; Venezuela<\/td>\n<\/tr>\n<tr>\n<td><strong>Eugenio Scalise<\/strong><\/td>\n<td style=\"text-align: right;\">Universidad Central de Venezuela &#8211; Venezuela<\/td>\n<\/tr>\n<tr>\n<td><strong>Antonio Silva<\/strong><\/td>\n<td style=\"text-align: right;\">Universidad Central de Venezuela &#8211; Venezuela<\/td>\n<\/tr>\n<tr>\n<td><strong>Mar\u00eda Villapol<\/strong><\/td>\n<td style=\"text-align: right;\">Auckland University of Technology &#8211; New Zeland<\/td>\n<\/tr>\n<\/tbody>\n<\/table>\n","protected":false},"excerpt":{"rendered":"<p> CoNCISa 2018 &#8211; Comit\u00e9 de Programa ( window.MSReady = window.MSReady || [] ).push( function( $ ) { &#8220;use strict&#8221;; var masterslider_f9b9 = new MasterSlider(); \/\/ slider controls \/\/ slider setup masterslider_f9b9.setup(&#8220;MS69d98dc75f9b9&#8221;, { width : 1000, height : 150, minHeight : 0, space : 0, start : 1, grabCursor : false, swipe : false, mouse [&#8230;]<\/p>\n","protected":false},"author":1,"featured_media":0,"parent":0,"menu_order":0,"comment_status":"closed","ping_status":"closed","template":"","meta":{"footnotes":""},"class_list":["post-20","page","type-page","status-publish","hentry","odd"],"_links":{"self":[{"href":"https:\/\/concisa.net.ve\/2018\/wp-json\/wp\/v2\/pages\/20","targetHints":{"allow":["GET"]}}],"collection":[{"href":"https:\/\/concisa.net.ve\/2018\/wp-json\/wp\/v2\/pages"}],"about":[{"href":"https:\/\/concisa.net.ve\/2018\/wp-json\/wp\/v2\/types\/page"}],"author":[{"embeddable":true,"href":"https:\/\/concisa.net.ve\/2018\/wp-json\/wp\/v2\/users\/1"}],"replies":[{"embeddable":true,"href":"https:\/\/concisa.net.ve\/2018\/wp-json\/wp\/v2\/comments?post=20"}],"version-history":[{"count":0,"href":"https:\/\/concisa.net.ve\/2018\/wp-json\/wp\/v2\/pages\/20\/revisions"}],"wp:attachment":[{"href":"https:\/\/concisa.net.ve\/2018\/wp-json\/wp\/v2\/media?parent=20"}],"curies":[{"name":"wp","href":"https:\/\/api.w.org\/{rel}","templated":true}]}}