{"id":175,"date":"2018-11-22T04:20:11","date_gmt":"2018-11-22T04:20:11","guid":{"rendered":"http:\/\/www.concisa.net.ve\/2018\/?page_id=175"},"modified":"2020-10-21T16:36:28","modified_gmt":"2020-10-21T16:36:28","slug":"concisa-memorias","status":"publish","type":"page","link":"https:\/\/concisa.net.ve\/2018\/concisa-memorias\/","title":{"rendered":"CoNCISa 2018 &#8211; Memorias"},"content":{"rendered":"\n\t\t<!-- MasterSlider -->\n\t\t<div id=\"P_MS69d98ee88358d\" class=\"master-slider-parent ms-parent-id-29\" style=\"\" >\n\n\t\t\t\n\t\t\t<!-- MasterSlider Main -->\n\t\t\t<div id=\"MS69d98ee88358d\" class=\"master-slider ms-skin-default\" >\n\t\t\t\t \t\t\t\t \n\n\t\t\t<div  class=\"ms-slide\" data-delay=\"3\" data-fill-mode=\"fill\"   >\n\t\t\t\t\t<img decoding=\"async\" src=\"https:\/\/concisa.net.ve\/2018\/wp-content\/plugins\/masterslider\/public\/assets\/css\/blank.gif\" alt=\"\" title=\"\" data-src=\"https:\/\/concisa.net.ve\/2018\/wp-content\/uploads\/sites\/7\/2018\/11\/bg-concisa12-1000x150.jpg\" \/>\n\n\t\t\t\t\t<div  class=\"ms-layer\" style=\"\"      data-ease=\"easeOutQuint\"                data-offset-x=\"0\" data-offset-y=\"0\" data-origin=\"mc\"   >\n<h1 style=\"text-align: center; color: #ffffff; font-family: Comic sans MS;\"><strong>CoNCISa 2018 - Memorias<\/strong><\/h1><\/div>\n\n\n\t\t\t\t<\/div>\n\n\t\t\t<\/div>\n\t\t\t<!-- END MasterSlider Main -->\n\n\t\t\t \n\t\t<\/div>\n\t\t<!-- END MasterSlider -->\n\n\t\t<script>\n\t\t( window.MSReady = window.MSReady || [] ).push( function( $ ) {\n\n\t\t\t\"use strict\";\n\t\t\tvar masterslider_358d = new MasterSlider();\n\n\t\t\t\/\/ slider controls\n\t\t\t\/\/ slider setup\n\t\t\tmasterslider_358d.setup(\"MS69d98ee88358d\", {\n\t\t\t\twidth           : 1000,\n\t\t\t\theight          : 150,\n\t\t\t\tminHeight       : 0,\n\t\t\t\tspace           : 0,\n\t\t\t\tstart           : 1,\n\t\t\t\tgrabCursor      : false,\n\t\t\t\tswipe           : false,\n\t\t\t\tmouse           : false,\n\t\t\t\tkeyboard        : false,\n\t\t\t\tlayout          : \"fullwidth\",\n\t\t\t\twheel           : false,\n\t\t\t\tautoplay        : false,\n                instantStartLayers:false,\n\t\t\t\tmobileBGVideo:false,\n\t\t\t\tloop            : false,\n\t\t\t\tshuffle         : false,\n\t\t\t\tpreload         : 0,\n\t\t\t\theightLimit     : true,\n\t\t\t\tautoHeight      : false,\n\t\t\t\tsmoothHeight    : true,\n\t\t\t\tendPause        : false,\n\t\t\t\toverPause       : true,\n\t\t\t\tfillMode        : \"fill\",\n\t\t\t\tcenterControls  : true,\n\t\t\t\tstartOnAppear   : false,\n\t\t\t\tlayersMode      : \"center\",\n\t\t\t\tautofillTarget  : \"\",\n\t\t\t\thideLayers      : false,\n\t\t\t\tfullscreenMargin: 0,\n\t\t\t\tspeed           : 20,\n\t\t\t\tdir             : \"h\",\n\t\t\t\tresponsive      : true,\n\t\t\t\ttabletWidth     : 768,\n\t\t\t\ttabletHeight    : null,\n\t\t\t\tphoneWidth      : 480,\n\t\t\t\tphoneHeight    : null,\n\t\t\t\tsizingReference : window,\n\t\t\t\tparallaxMode    : 'swipe',\n\t\t\t\tview            : \"basic\"\n\t\t\t});\n\n\t\t\t\n\t\t\twindow.masterslider_instances = window.masterslider_instances || [];\n\t\t\twindow.masterslider_instances.push( masterslider_358d );\n\t\t});\n\t\t<\/script>\n\n\n<h2>Memorias de CoNCISa 2018<\/h2>\n<p>En esta p\u00e1gina, se encuentran las memorias de CoNCISa 2018.<\/p>\n<h4>Contribuci\u00f3n por Separada (Sesi\u00f3n de Investigaci\u00f3n &#8211; Art\u00edculos Largos)<\/h4>\n<table style=\"margin: 0px auto; width: 100%;\" border=\"0\">\n<tbody>\n<tr style=\"height: 30px;\">\n<td style=\"text-align: center; width: 10%;\"><strong>N\u00famero<\/strong><\/td>\n<td style=\"text-align: center; width: 75%;\"><strong>Contribuci\u00f3n<\/strong><\/td>\n<td style=\"text-align: center; width: 15%;\"><strong>P\u00e1ginas<\/strong><\/td>\n<\/tr>\n<tr style=\"height: 30px;\">\n<td style=\"text-align: center;\">1.1<\/td>\n<td style=\"text-align: left;\"><strong>NANO-Communication Management System for Smart Environments<\/strong><br \/>\nAlberto L\u00f3pez, Jose Aguilar<\/td>\n<td style=\"text-align: center;\"><a href=\"http:\/\/concisa.net.ve\/memorias\/CoNCISa2018\/CoNCISa2018-p002-011.pdf\" target=\"_blank\" rel=\"noopener noreferrer\">2-11<\/a><\/td>\n<\/tr>\n<tr style=\"height: 30px;\">\n<td style=\"text-align: center;\">1.2<\/td>\n<td style=\"text-align: left;\"><strong>Reconocimiento de Estados Emocionales de Personas Mediante la Voz Utilizando Algoritmos de Aprendizaje de M\u00e1quina<\/strong><br \/>\nNerio Mor\u00e1n, Jes\u00fas P\u00e9rez, Wladimir Rodriguez<\/td>\n<td style=\"text-align: center;\"><a href=\"http:\/\/concisa.net.ve\/memorias\/CoNCISa2018\/CoNCISa2018-p012-023.pdf\" target=\"_blank\" rel=\"noopener noreferrer\">12-23<\/a><\/td>\n<\/tr>\n<tr style=\"height: 30px;\">\n<td style=\"text-align: center;\">1.3<\/td>\n<td style=\"text-align: left;\"><strong>Middleware para el Descubrimiento, Composici\u00f3n y Ejecuci\u00f3n Autom\u00e1tica de Servicios Web Sem\u00e1nticos Especificados con el Framework FODAS-WS<\/strong><br \/>\nJose Aguilar, Omar Portilla<\/td>\n<td style=\"text-align: center;\"><a href=\"http:\/\/concisa.net.ve\/memorias\/CoNCISa2018\/CoNCISa2018-p024-034.pdf\" target=\"_blank\" rel=\"noopener noreferrer\">24-34<\/a><\/td>\n<\/tr>\n<tr style=\"height: 30px;\">\n<td style=\"text-align: center;\">1.4<\/td>\n<td style=\"text-align: left;\"><strong>Extensi\u00f3n UML para Clustering Difuso en Data Warehouse<\/strong><br \/>\nLivia Borjas, Rosseline Rodr\u00edguez, Betzaida Romero<\/td>\n<td style=\"text-align: center;\"><a href=\"http:\/\/concisa.net.ve\/memorias\/CoNCISa2018\/CoNCISa2018-p035-044.pdf\" target=\"_blank\" rel=\"noopener noreferrer\">35-44<\/a><\/td>\n<\/tr>\n<tr style=\"height: 30px;\">\n<td style=\"text-align: center;\">1.5<\/td>\n<td style=\"text-align: left;\"><strong>Ciclo Auton\u00f3mico de An\u00e1lisis de Datos para el Dise\u00f1o de Descriptores para Algoritmos de Aprendizaje Autom\u00e1tico<\/strong><br \/>\nRicardo Vargas, Jose Aguilar, Eduard Puerto<\/td>\n<td style=\"text-align: center;\"><a href=\"http:\/\/concisa.net.ve\/memorias\/CoNCISa2018\/CoNCISa2018-p045-055.pdf\" target=\"_blank\" rel=\"noopener noreferrer\">45-55<\/a><\/td>\n<\/tr>\n<tr style=\"height: 30px;\">\n<td style=\"text-align: center;\">1.6<\/td>\n<td style=\"text-align: left;\"><strong>Dise\u00f1o e Implementaci\u00f3n de una Aplicaci\u00f3n Web para la Administraci\u00f3n de Conferencias Acad\u00e9micas para Venezuela<\/strong><br \/>\nAntonio Alarcon, Gabriel Espinel, Eric Gamess<\/td>\n<td style=\"text-align: center;\"><a href=\"http:\/\/concisa.net.ve\/memorias\/CoNCISa2018\/CoNCISa2018-p056-063.pdf\" target=\"_blank\" rel=\"noopener noreferrer\">56-63<\/a><\/td>\n<\/tr>\n<tr style=\"height: 30px;\">\n<td style=\"text-align: center;\">1.7<\/td>\n<td style=\"text-align: left;\"><strong>Esquemas Cl\u00e1sicos y Avanzados para el Control Multivariable en Pozos Productores de Petr\u00f3leo con Sistemas de Levantamiento Artificial por Bombeo Electro-sumergible<\/strong><br \/>\nEgner Aceros, Edgar Camargo, Jos\u00e9 Canelon<\/td>\n<td style=\"text-align: center;\"><a href=\"http:\/\/concisa.net.ve\/memorias\/CoNCISa2018\/CoNCISa2018-p064-075.pdf\" target=\"_blank\" rel=\"noopener noreferrer\">64-75<\/a><\/td>\n<\/tr>\n<\/tbody>\n<\/table>\n<p>&nbsp;<\/p>\n<h4>Contribuci\u00f3n por Separada (Sesi\u00f3n de Investigaci\u00f3n &#8211; Art\u00edculos Cortos)<\/h4>\n<table style=\"margin: 0px auto; width: 100%;\" border=\"0\">\n<tbody>\n<tr style=\"height: 30px;\">\n<td style=\"text-align: center; width: 10%;\"><strong>N\u00famero<\/strong><\/td>\n<td style=\"text-align: center; width: 75%;\"><strong>Contribuci\u00f3n<\/strong><\/td>\n<td style=\"text-align: center; width: 15%;\"><strong>P\u00e1ginas<\/strong><\/td>\n<\/tr>\n<tr style=\"height: 30px;\">\n<td style=\"text-align: center;\">2.1<\/td>\n<td style=\"text-align: left;\"><strong>Aplicaci\u00f3n de una Red Neuronal Convolucional para el Reconocimiento de Personas a Trav\u00e9s de la Voz<\/strong><br \/>\nAlvaro Araujo, Jes\u00fas P\u00e9rez, Wladimir Rodriguez<\/td>\n<td style=\"text-align: center;\"><a href=\"http:\/\/concisa.net.ve\/memorias\/CoNCISa2018\/CoNCISa2018-p077-081.pdf\" target=\"_blank\" rel=\"noopener noreferrer\">77-81<\/a><\/td>\n<\/tr>\n<tr style=\"height: 30px;\">\n<td style=\"text-align: center;\">2.2<\/td>\n<td style=\"text-align: left;\"><strong>Avances en Sistemas de Detecci\u00f3n de Intrusos con Auto-aprendizaje \u2013 Revisi\u00f3n Sistem\u00e1tica de la Literatura<\/strong><br \/>\nJavier Maldonado<\/td>\n<td style=\"text-align: center;\"><a href=\"http:\/\/concisa.net.ve\/memorias\/CoNCISa2018\/CoNCISa2018-p082-087.pdf\" target=\"_blank\" rel=\"noopener noreferrer\">82-87<\/a><\/td>\n<\/tr>\n<tr style=\"height: 30px;\">\n<td style=\"text-align: center;\">2.3<\/td>\n<td style=\"text-align: left;\"><strong>Proposals for a Smart Contracts Platform for Cryptocurrencies Based on the Mini-Blockchain Scheme<\/strong><br \/>\nCarlos Sangu\u00f1a, Sebasti\u00e1n Suarez, Antonio Russoniello, Miguel Astor, Wilmer Pereira<\/td>\n<td style=\"text-align: center;\"><a href=\"http:\/\/concisa.net.ve\/memorias\/CoNCISa2018\/CoNCISa2018-p088-092.pdf\" target=\"_blank\" rel=\"noopener noreferrer\">88-92<\/a><\/td>\n<\/tr>\n<tr style=\"height: 30px;\">\n<td style=\"text-align: center;\">2.4<\/td>\n<td style=\"text-align: left;\"><strong>Evoluci\u00f3n de la Preferencia Estudiantil en la Licenciatura en Computaci\u00f3n de la UCV: de Estudios Presenciales hacia Educaci\u00f3n a Distancia<\/strong><br \/>\nYusneyi Carballo<\/td>\n<td style=\"text-align: center;\"><a href=\"http:\/\/concisa.net.ve\/memorias\/CoNCISa2018\/CoNCISa2018-p093-097.pdf\" target=\"_blank\" rel=\"noopener noreferrer\">93-97<\/a><\/td>\n<\/tr>\n<tr><\/tr>\n<\/tbody>\n<\/table>\n<p>&nbsp;<\/p>\n<h4>Contribuci\u00f3n por Separada (Sesi\u00f3n de Gesti\u00f3n de Tecnolog\u00edas de Informaci\u00f3n)<\/h4>\n<table style=\"margin: 0px auto; width: 100%;\" border=\"0\">\n<tbody>\n<tr style=\"height: 30px;\">\n<td style=\"text-align: center; width: 10%;\"><strong>N\u00famero<\/strong><\/td>\n<td style=\"text-align: center; width: 75%;\"><strong>Contribuci\u00f3n<\/strong><\/td>\n<td style=\"text-align: center; width: 15%;\"><strong>P\u00e1ginas<\/strong><\/td>\n<\/tr>\n<tr style=\"height: 30px;\">\n<td style=\"text-align: center;\">3.1<\/td>\n<td style=\"text-align: left;\"><strong>Modelo de Estimaci\u00f3n de Oferta y Demanda de Productos usando Series de Tiempo y Algoritmo de Clasificaci\u00f3n de K-Vecino m\u00e1s Cercano<\/strong><br \/>\nAlfredo Naime<\/td>\n<td style=\"text-align: center;\"><a href=\"http:\/\/concisa.net.ve\/memorias\/CoNCISa2018\/CoNCISa2018-p099-104.pdf\" target=\"_blank\" rel=\"noopener noreferrer\">99-104<\/a><\/td>\n<\/tr>\n<tr style=\"height: 30px;\">\n<td style=\"text-align: center;\">3.2<\/td>\n<td style=\"text-align: left;\"><strong>La Formaci\u00f3n en L\u00ednea como Herramienta de Apropiaci\u00f3n y Gesti\u00f3n Tecnol\u00f3gica<\/strong><br \/>\nAlejandro Ochoa, Luz Chourio, Maricela Montilla, Santiago Roca, Johanna \u00c1lvarez, Carlos Gonz\u00e1lez<\/td>\n<td style=\"text-align: center;\"><a href=\"http:\/\/concisa.net.ve\/memorias\/CoNCISa2018\/CoNCISa2018-p105-113.pdf\" target=\"_blank\" rel=\"noopener noreferrer\">105-113<\/a><\/td>\n<\/tr>\n<tr><\/tr>\n<\/tbody>\n<\/table>\n<p>&nbsp;<\/p>\n<h4>Archivos Adicionales<\/h4>\n<table style=\"margin: 0px auto; width: 100%;\" border=\"0\">\n<tbody>\n<tr style=\"height: 30px;\">\n<td style=\"text-align: left; width: 85%;\"><strong>Informaci\u00f3n<\/strong><\/td>\n<td style=\"text-align: center; width: 15%;\"><strong>Archivo<\/strong><\/td>\n<\/tr>\n<tr style=\"height: 30px;\">\n<td style=\"text-align: left;\">Volumen Completo<\/td>\n<td style=\"text-align: center;\"><a href=\"http:\/\/concisa.net.ve\/memorias\/CoNCISa2018\/CoNCISa2018-full-proceedings.pdf\" target=\"_blank\" rel=\"noopener noreferrer\">enlace<\/a><\/td>\n<\/tr>\n<tr style=\"height: 30px;\">\n<td style=\"text-align: left;\">Cubierta<\/td>\n<td style=\"text-align: center;\"><a href=\"http:\/\/concisa.net.ve\/memorias\/CoNCISa2018\/CoNCISa2018-front-cover.pdf\" target=\"_blank\" rel=\"noopener noreferrer\">enlace<\/a><\/td>\n<\/tr>\n<tr style=\"height: 30px;\">\n<td style=\"text-align: left;\">Primera P\u00e1gina<\/td>\n<td style=\"text-align: center;\"><a href=\"http:\/\/concisa.net.ve\/memorias\/CoNCISa2018\/CoNCISa2018-first-page.pdf\" target=\"_blank\" rel=\"noopener noreferrer\">enlace<\/a><\/td>\n<\/tr>\n<tr style=\"height: 30px;\">\n<td style=\"text-align: left;\">Comit\u00e9 de Programa<\/td>\n<td style=\"text-align: center;\"><a href=\"http:\/\/concisa.net.ve\/memorias\/CoNCISa2018\/CoNCISa2018-program-committee.pdf\" target=\"_blank\" rel=\"noopener noreferrer\">enlace<\/a><\/td>\n<\/tr>\n<tr style=\"height: 30px;\">\n<td style=\"text-align: left;\">Comit\u00e9 Organizador<\/td>\n<td style=\"text-align: center;\"><a href=\"http:\/\/concisa.net.ve\/memorias\/CoNCISa2018\/CoNCISa2018-organizing-committee.pdf\" target=\"_blank\" rel=\"noopener noreferrer\">enlace<\/a><\/td>\n<\/tr>\n<tr style=\"height: 30px;\">\n<td style=\"text-align: left;\">Tabla de Contenido<\/td>\n<td style=\"text-align: center;\"><a href=\"http:\/\/concisa.net.ve\/memorias\/CoNCISa2018\/CoNCISa2018-ToC.pdf\" target=\"_blank\" rel=\"noopener noreferrer\">enlace<\/a><\/td>\n<\/tr>\n<tr style=\"height: 30px;\">\n<td style=\"text-align: left;\">\u00cdndice de Autores<\/td>\n<td style=\"text-align: center;\"><a href=\"http:\/\/concisa.net.ve\/memorias\/CoNCISa2018\/CoNCISa2018-authors.pdf\" target=\"_blank\" rel=\"noopener noreferrer\">enlace<\/a><\/td>\n<\/tr>\n<\/tbody>\n<\/table>\n","protected":false},"excerpt":{"rendered":"<p> CoNCISa 2018 &#8211; Memorias ( window.MSReady = window.MSReady || [] ).push( function( $ ) { &#8220;use strict&#8221;; var masterslider_3ef6 = new MasterSlider(); \/\/ slider controls \/\/ slider setup masterslider_3ef6.setup(&#8220;MS69d98ee883ef6&#8221;, { width : 1000, height : 150, minHeight : 0, space : 0, start : 1, grabCursor : false, swipe : false, mouse : false, [&#8230;]<\/p>\n","protected":false},"author":1,"featured_media":0,"parent":0,"menu_order":0,"comment_status":"closed","ping_status":"closed","template":"","meta":{"footnotes":""},"class_list":["post-175","page","type-page","status-publish","hentry","odd"],"_links":{"self":[{"href":"https:\/\/concisa.net.ve\/2018\/wp-json\/wp\/v2\/pages\/175","targetHints":{"allow":["GET"]}}],"collection":[{"href":"https:\/\/concisa.net.ve\/2018\/wp-json\/wp\/v2\/pages"}],"about":[{"href":"https:\/\/concisa.net.ve\/2018\/wp-json\/wp\/v2\/types\/page"}],"author":[{"embeddable":true,"href":"https:\/\/concisa.net.ve\/2018\/wp-json\/wp\/v2\/users\/1"}],"replies":[{"embeddable":true,"href":"https:\/\/concisa.net.ve\/2018\/wp-json\/wp\/v2\/comments?post=175"}],"version-history":[{"count":1,"href":"https:\/\/concisa.net.ve\/2018\/wp-json\/wp\/v2\/pages\/175\/revisions"}],"predecessor-version":[{"id":195,"href":"https:\/\/concisa.net.ve\/2018\/wp-json\/wp\/v2\/pages\/175\/revisions\/195"}],"wp:attachment":[{"href":"https:\/\/concisa.net.ve\/2018\/wp-json\/wp\/v2\/media?parent=175"}],"curies":[{"name":"wp","href":"https:\/\/api.w.org\/{rel}","templated":true}]}}