{"id":170,"date":"2018-11-15T17:14:21","date_gmt":"2018-11-15T17:14:21","guid":{"rendered":"http:\/\/www.concisa.net.ve\/2018\/?page_id=170"},"modified":"2018-11-24T21:08:24","modified_gmt":"2018-11-24T21:08:24","slug":"concisa-programa-general","status":"publish","type":"page","link":"https:\/\/concisa.net.ve\/2018\/concisa-programa-general\/","title":{"rendered":"CoNCISa 2018 &#8211; Programa General"},"content":{"rendered":"\n\t\t<!-- MasterSlider -->\n\t\t<div id=\"P_MS69d98c0846a0a\" class=\"master-slider-parent ms-parent-id-27\" style=\"\" >\n\n\t\t\t\n\t\t\t<!-- MasterSlider Main -->\n\t\t\t<div id=\"MS69d98c0846a0a\" class=\"master-slider ms-skin-default\" >\n\t\t\t\t \t\t\t\t \n\n\t\t\t<div  class=\"ms-slide\" data-delay=\"3\" data-fill-mode=\"fill\"   >\n\t\t\t\t\t<img decoding=\"async\" src=\"https:\/\/concisa.net.ve\/2018\/wp-content\/plugins\/masterslider\/public\/assets\/css\/blank.gif\" alt=\"\" title=\"\" data-src=\"https:\/\/concisa.net.ve\/2018\/wp-content\/uploads\/sites\/7\/2018\/11\/bg-concisa12-1000x150.jpg\" \/>\n\n\t\t\t\t\t<div  class=\"ms-layer\" style=\"\"      data-ease=\"easeOutQuint\"                data-offset-x=\"0\" data-offset-y=\"0\" data-origin=\"mc\"   >\n<h1 style=\"text-align: center; color: #ffffff; font-family: Comic sans MS;\"><strong>CoNCISa 2018 - Programa General<\/strong><\/h1><\/div>\n\n\n\t\t\t\t<\/div>\n\n\t\t\t<\/div>\n\t\t\t<!-- END MasterSlider Main -->\n\n\t\t\t \n\t\t<\/div>\n\t\t<!-- END MasterSlider -->\n\n\t\t<script>\n\t\t( window.MSReady = window.MSReady || [] ).push( function( $ ) {\n\n\t\t\t\"use strict\";\n\t\t\tvar masterslider_6a0a = new MasterSlider();\n\n\t\t\t\/\/ slider controls\n\t\t\t\/\/ slider setup\n\t\t\tmasterslider_6a0a.setup(\"MS69d98c0846a0a\", {\n\t\t\t\twidth           : 1000,\n\t\t\t\theight          : 150,\n\t\t\t\tminHeight       : 0,\n\t\t\t\tspace           : 0,\n\t\t\t\tstart           : 1,\n\t\t\t\tgrabCursor      : false,\n\t\t\t\tswipe           : false,\n\t\t\t\tmouse           : false,\n\t\t\t\tkeyboard        : false,\n\t\t\t\tlayout          : \"fullwidth\",\n\t\t\t\twheel           : false,\n\t\t\t\tautoplay        : false,\n                instantStartLayers:false,\n\t\t\t\tmobileBGVideo:false,\n\t\t\t\tloop            : false,\n\t\t\t\tshuffle         : false,\n\t\t\t\tpreload         : 0,\n\t\t\t\theightLimit     : true,\n\t\t\t\tautoHeight      : false,\n\t\t\t\tsmoothHeight    : true,\n\t\t\t\tendPause        : false,\n\t\t\t\toverPause       : true,\n\t\t\t\tfillMode        : \"fill\",\n\t\t\t\tcenterControls  : true,\n\t\t\t\tstartOnAppear   : false,\n\t\t\t\tlayersMode      : \"center\",\n\t\t\t\tautofillTarget  : \"\",\n\t\t\t\thideLayers      : false,\n\t\t\t\tfullscreenMargin: 0,\n\t\t\t\tspeed           : 20,\n\t\t\t\tdir             : \"h\",\n\t\t\t\tresponsive      : true,\n\t\t\t\ttabletWidth     : 768,\n\t\t\t\ttabletHeight    : null,\n\t\t\t\tphoneWidth      : 480,\n\t\t\t\tphoneHeight    : null,\n\t\t\t\tsizingReference : window,\n\t\t\t\tparallaxMode    : 'swipe',\n\t\t\t\tview            : \"basic\"\n\t\t\t});\n\n\t\t\t\n\t\t\twindow.masterslider_instances = window.masterslider_instances || [];\n\t\t\twindow.masterslider_instances.push( masterslider_6a0a );\n\t\t});\n\t\t<\/script>\n\n\n<h2>Programa General CoNCISa 2018<\/h2>\n<p>&nbsp;<\/p>\n<p>Este es el programa general de CoNCISa 2018. Este programa est\u00e1 sujeto a cambios. Facultad de Ingenier\u00eda. N\u00facleo La Hechicera. Auditorio \u201cDr. William Lobo\u201d.<\/p>\n<p style=\"text-align: center;\"><a href=\"http:\/\/www.concisa.net.ve\/2018\/wp-content\/uploads\/sites\/7\/2018\/11\/programa-general03.png\"><img decoding=\"async\" class=\"aligncenter size-full wp-image-447\" style=\"border: none; background-color: #ffffff;\" src=\"http:\/\/www.concisa.net.ve\/2018\/wp-content\/uploads\/sites\/7\/2018\/11\/programa-general03.png\"\/><\/a><\/p>\n<p>&nbsp;<\/p>\n","protected":false},"excerpt":{"rendered":"<p> CoNCISa 2018 &#8211; Programa General ( window.MSReady = window.MSReady || [] ).push( function( $ ) { &#8220;use strict&#8221;; var masterslider_7267 = new MasterSlider(); \/\/ slider controls \/\/ slider setup masterslider_7267.setup(&#8220;MS69d98c0847267&#8221;, { width : 1000, height : 150, minHeight : 0, space : 0, start : 1, grabCursor : false, swipe : false, mouse : false,<br \/>\n\t\t\t\tkeyboard        : false,<br \/>\n\t\t\t\tlayout          : &#8220;fullwidth&#8221;,<br \/>\n\t\t\t\twheel           : false,<br \/>\n\t\t\t\tautoplay        : false,<br \/>\n                instantStartLayers:false,<br \/>\n\t\t\t\tmobileBGVideo:false,<br \/>\n\t\t\t\tloop            : false,<br \/>\n\t\t\t\tshuffle         : false,<br \/>\n\t\t\t\tpreload         : 0,<br \/>\n\t\t\t\theightLimit     : true,<br \/>\n\t\t\t\tautoHeight      : false,<br \/>\n\t\t\t\tsmoothHeight    : true,<br \/>\n\t\t\t\tendPause        : false,<br \/>\n\t\t\t\toverPause       : true,<br \/>\n\t\t\t\tfillMode        : &#8220;fill&#8221;,<br \/>\n\t\t\t\tcenterControls  : true,<br \/>\n\t\t\t\tstartOnAppear   : false,<br \/>\n\t\t\t\tlayersMode      : &#8220;center&#8221;,<br \/>\n\t\t\t\tautofillTarget  : &#8220;&#8221;,<br \/>\n\t\t\t\thideLayers      : false,<br \/>\n\t\t\t\tfullscreenMargin: 0,<br \/>\n\t\t\t\tspeed           : 20,<br \/>\n\t\t\t\tdir             : &#8220;h&#8221;,<br \/>\n\t\t\t\tresponsive      : true,<br \/>\n\t\t\t\ttabletWidth     : 768,<br \/>\n\t\t\t\ttabletHeight    : null,<br \/>\n\t\t\t\tphoneWidth      : 480,<br \/>\n\t\t\t\tphoneHeight    : null,<br \/>\n\t\t\t\tsizingReference : window,<br \/>\n\t\t\t\tparallaxMode    : &#8216;swipe&#8217;,<br \/>\n\t\t\t\tview            : &#8220;basic&#8221;<br \/>\n\t\t\t});<\/p>\n<p>\t\t\twindow.masterslider_instances = window.masterslider_instances || [];<br \/>\n\t\t\twindow.masterslider_instances.push( masterslider_7267 );<br \/>\n\t\t});<\/p>\n<p>Programa General CoNCISa 2018<\/p>\n<p>&nbsp;<\/p>\n<p>Este es el programa general de CoNCISa 2018. Este programa est\u00e1 sujeto a cambios. Facultad de Ingenier\u00eda. N\u00facleo La Hechicera. Auditorio \u201cDr. William Lobo\u201d.<\/p>\n<p style=\"text-align: center;\">\n<p>&nbsp;<\/p>\n","protected":false},"author":1,"featured_media":0,"parent":0,"menu_order":0,"comment_status":"closed","ping_status":"closed","template":"","meta":{"footnotes":""},"class_list":["post-170","page","type-page","status-publish","hentry","odd"],"_links":{"self":[{"href":"https:\/\/concisa.net.ve\/2018\/wp-json\/wp\/v2\/pages\/170","targetHints":{"allow":["GET"]}}],"collection":[{"href":"https:\/\/concisa.net.ve\/2018\/wp-json\/wp\/v2\/pages"}],"about":[{"href":"https:\/\/concisa.net.ve\/2018\/wp-json\/wp\/v2\/types\/page"}],"author":[{"embeddable":true,"href":"https:\/\/concisa.net.ve\/2018\/wp-json\/wp\/v2\/users\/1"}],"replies":[{"embeddable":true,"href":"https:\/\/concisa.net.ve\/2018\/wp-json\/wp\/v2\/comments?post=170"}],"version-history":[{"count":0,"href":"https:\/\/concisa.net.ve\/2018\/wp-json\/wp\/v2\/pages\/170\/revisions"}],"wp:attachment":[{"href":"https:\/\/concisa.net.ve\/2018\/wp-json\/wp\/v2\/media?parent=170"}],"curies":[{"name":"wp","href":"https:\/\/api.w.org\/{rel}","templated":true}]}}