{"id":166,"date":"2018-11-15T15:06:27","date_gmt":"2018-11-15T15:06:27","guid":{"rendered":"http:\/\/www.concisa.net.ve\/2018\/?page_id=166"},"modified":"2018-11-22T05:07:00","modified_gmt":"2018-11-22T05:07:00","slug":"concisa-ponencias","status":"publish","type":"page","link":"https:\/\/concisa.net.ve\/2018\/concisa-ponencias\/","title":{"rendered":"CoNCISa 2018 &#8211; Ponencias"},"content":{"rendered":"\n\t\t<!-- MasterSlider -->\n\t\t<div id=\"P_MS69d9a1bc8bea9\" class=\"master-slider-parent ms-parent-id-28\" style=\"\" >\n\n\t\t\t\n\t\t\t<!-- MasterSlider Main -->\n\t\t\t<div id=\"MS69d9a1bc8bea9\" class=\"master-slider ms-skin-default\" >\n\t\t\t\t \t\t\t\t \n\n\t\t\t<div  class=\"ms-slide\" data-delay=\"3\" data-fill-mode=\"fill\"   >\n\t\t\t\t\t<img decoding=\"async\" src=\"https:\/\/concisa.net.ve\/2018\/wp-content\/plugins\/masterslider\/public\/assets\/css\/blank.gif\" alt=\"\" title=\"\" data-src=\"https:\/\/concisa.net.ve\/2018\/wp-content\/uploads\/sites\/7\/2018\/11\/bg-concisa12-1000x150.jpg\" \/>\n\n\t\t\t\t\t<div  class=\"ms-layer\" style=\"\"      data-ease=\"easeOutQuint\"                data-offset-x=\"0\" data-offset-y=\"0\" data-origin=\"mc\"   >\n<h1 style=\"text-align: center; color: #ffffff; font-family: Comic sans MS;\"><strong>CoNCISa 2018 - Ponencias<\/strong><\/h1><\/div>\n\n\n\t\t\t\t<\/div>\n\n\t\t\t<\/div>\n\t\t\t<!-- END MasterSlider Main -->\n\n\t\t\t \n\t\t<\/div>\n\t\t<!-- END MasterSlider -->\n\n\t\t<script>\n\t\t( window.MSReady = window.MSReady || [] ).push( function( $ ) {\n\n\t\t\t\"use strict\";\n\t\t\tvar masterslider_bea9 = new MasterSlider();\n\n\t\t\t\/\/ slider controls\n\t\t\t\/\/ slider setup\n\t\t\tmasterslider_bea9.setup(\"MS69d9a1bc8bea9\", {\n\t\t\t\twidth           : 1000,\n\t\t\t\theight          : 150,\n\t\t\t\tminHeight       : 0,\n\t\t\t\tspace           : 0,\n\t\t\t\tstart           : 1,\n\t\t\t\tgrabCursor      : false,\n\t\t\t\tswipe           : false,\n\t\t\t\tmouse           : false,\n\t\t\t\tkeyboard        : false,\n\t\t\t\tlayout          : \"fullwidth\",\n\t\t\t\twheel           : false,\n\t\t\t\tautoplay        : false,\n                instantStartLayers:false,\n\t\t\t\tmobileBGVideo:false,\n\t\t\t\tloop            : false,\n\t\t\t\tshuffle         : false,\n\t\t\t\tpreload         : 0,\n\t\t\t\theightLimit     : true,\n\t\t\t\tautoHeight      : false,\n\t\t\t\tsmoothHeight    : true,\n\t\t\t\tendPause        : false,\n\t\t\t\toverPause       : true,\n\t\t\t\tfillMode        : \"fill\",\n\t\t\t\tcenterControls  : true,\n\t\t\t\tstartOnAppear   : false,\n\t\t\t\tlayersMode      : \"center\",\n\t\t\t\tautofillTarget  : \"\",\n\t\t\t\thideLayers      : false,\n\t\t\t\tfullscreenMargin: 0,\n\t\t\t\tspeed           : 20,\n\t\t\t\tdir             : \"h\",\n\t\t\t\tresponsive      : true,\n\t\t\t\ttabletWidth     : 768,\n\t\t\t\ttabletHeight    : null,\n\t\t\t\tphoneWidth      : 480,\n\t\t\t\tphoneHeight    : null,\n\t\t\t\tsizingReference : window,\n\t\t\t\tparallaxMode    : 'swipe',\n\t\t\t\tview            : \"basic\"\n\t\t\t});\n\n\t\t\t\n\t\t\twindow.masterslider_instances = window.masterslider_instances || [];\n\t\t\twindow.masterslider_instances.push( masterslider_bea9 );\n\t\t});\n\t\t<\/script>\n\n\n<p>Para CoNCISa 2018, todas las presentaciones son de 15 minutos m\u00e1s 5 minutos de preguntas (20 minutos en total).<\/p>\n<h4>Mi\u00e9rcoles 28 de noviembre de 2018 de 11:30 AM a 12:30 PM (Sesi\u00f3n 01: Inteligencia Artificial &#8211; Algoritmos, Ambientes inteligentes)<\/h4>\n<table style=\"margin: 0px auto; width: 100%;\" border=\"0\">\n<tbody>\n<tr style=\"height: 30px;\">\n<td style=\"text-align: center; width: 10%;\"><strong>Identificador Contribuci\u00f3n<\/strong><\/td>\n<td style=\"text-align: center; width: 65%;\"><strong>T\u00edtulo de la Contribuci\u00f3n<\/strong><\/td>\n<td style=\"text-align: center; width: 15%;\"><strong>Tipo Contribuci\u00f3n<\/strong><\/td>\n<td style=\"text-align: center; width: 10%;\"><strong>Horario<\/strong><\/td>\n<\/tr>\n<tr style=\"height: 30px;\">\n<td style=\"text-align: center;\">09<\/td>\n<td><strong>NANO-Communication Management System for Smart Environments<\/strong><br \/>\nAlberto L\u00f3pez, Jose Aguilar<\/td>\n<td style=\"text-align: center;\">Investigaci\u00f3n (Art\u00edculo Largo)<\/td>\n<td style=\"text-align: center;\">11:30-11:50<\/td>\n<\/tr>\n<tr style=\"height: 30px;\">\n<td style=\"text-align: center;\">13<\/td>\n<td><strong>Reconocimiento de Estados Emocionales de Personas Mediante la Voz Utilizando Algoritmos de Aprendizaje de M\u00e1quina<\/strong><br \/>\nNerio Mor\u00e1n, Jes\u00fas P\u00e9rez, Wladimir Rodriguez<\/td>\n<td style=\"text-align: center;\">Investigaci\u00f3n (Art\u00edculo Largo)<\/td>\n<td style=\"text-align: center;\">11:50-12:10<\/td>\n<\/tr>\n<tr style=\"height: 30px;\">\n<td style=\"text-align: center;\">14<\/td>\n<td><strong>Aplicaci\u00f3n de una Red Neuronal Convolucional para el Reconocimiento de Personas a Trav\u00e9s de la Voz<\/strong><br \/>\nAlvaro Araujo, Jes\u00fas P\u00e9rez, Wladimir Rodriguez<\/td>\n<td style=\"text-align: center;\">Investigaci\u00f3n (Art\u00edculo Corto)<\/td>\n<td style=\"text-align: center;\">12:10-12:30<\/td>\n<\/tr>\n<\/tbody>\n<\/table>\n<p>&nbsp;<\/p>\n<h4>Mi\u00e9rcoles 28 de noviembre de 2018 de 12:30 PM a 13:30 PM (Sesi\u00f3n 02: Ciencias de la Computaci\u00f3n &#8211; Modelos, Algoritmos, Lenguajes, Datos)<\/h4>\n<table style=\"margin: 0px auto; width: 100%;\" border=\"0\">\n<tbody>\n<tr style=\"height: 30px;\">\n<td style=\"text-align: center; width: 10%;\"><strong>Identificador Contribuci\u00f3n<\/strong><\/td>\n<td style=\"text-align: center; width: 65%;\"><strong>T\u00edtulo de la Contribuci\u00f3n<\/strong><\/td>\n<td style=\"text-align: center; width: 15%;\"><strong>Tipo Contribuci\u00f3n<\/strong><\/td>\n<td style=\"text-align: center; width: 10%;\"><strong>Horario<\/strong><\/td>\n<\/tr>\n<tr style=\"height: 30px;\">\n<td style=\"text-align: center;\">29<\/td>\n<td><strong>Middleware para el Descubrimiento, Composici\u00f3n y Ejecuci\u00f3n Autom\u00e1tica de Servicios Web Sem\u00e1nticos Especificados con el Framework FODAS-WS<\/strong><br \/>\nJose Aguilar, Omar Portilla<\/td>\n<td style=\"text-align: center;\">Investigaci\u00f3n (Art\u00edculo Largo)<\/td>\n<td style=\"text-align: center;\">12:30-12:50<\/td>\n<\/tr>\n<tr style=\"height: 30px;\">\n<td style=\"text-align: center;\">02<\/td>\n<td><strong>Modelo de Estimaci\u00f3n de Oferta y Demanda de Productos Usando Series de Tiempo y Algoritmo de Clasificaci\u00f3n de K-Vecino m\u00e1s Cercano<\/strong><br \/>\nAlfredo Naime<\/td>\n<td style=\"text-align: center;\">Sesi\u00f3n de Gesti\u00f3n de Tecnolog\u00edas de Informaci\u00f3n<\/td>\n<td style=\"text-align: center;\">12:50-13:10<\/td>\n<\/tr>\n<tr style=\"height: 30px;\">\n<td style=\"text-align: center;\">24<\/td>\n<td><strong>Extensi\u00f3n UML para Clustering Difuso en Data Warehouse<\/strong><br \/>\nLivia Borjas, Rosseline Rodr\u00edguez, Betzaida Romero<\/td>\n<td style=\"text-align: center;\">Investigaci\u00f3n (Art\u00edculo Largo)<\/td>\n<td style=\"text-align: center;\">13:10-13:30<\/td>\n<\/tr>\n<\/tbody>\n<\/table>\n<p>&nbsp;<\/p>\n<h4>Jueves 29 de noviembre de 2018 de 09:00 AM a 10:00 AM (Sesi\u00f3n 03: Inteligencia Artificial &#8211; Modelos, Algoritmos)<\/h4>\n<table style=\"margin: 0px auto; width: 100%;\" border=\"0\">\n<tbody>\n<tr style=\"height: 30px;\">\n<td style=\"text-align: center; width: 10%;\"><strong>Identificador Contribuci\u00f3n<\/strong><\/td>\n<td style=\"text-align: center; width: 65%;\"><strong>T\u00edtulo de la Contribuci\u00f3n<\/strong><\/td>\n<td style=\"text-align: center; width: 15%;\"><strong>Tipo Contribuci\u00f3n<\/strong><\/td>\n<td style=\"text-align: center; width: 10%;\"><strong>Horario<\/strong><\/td>\n<\/tr>\n<tr style=\"height: 30px;\">\n<td style=\"text-align: center;\">19<\/td>\n<td><strong>Avances en Sistemas de Detecci\u00f3n de Intrusos con Auto-aprendizaje &#8211; Revisi\u00f3n Sistem\u00e1tica de la Literatura<\/strong><br \/>\nJavier Maldonado<\/td>\n<td style=\"text-align: center;\">Investigaci\u00f3n (Art\u00edculo Corto)<\/td>\n<td style=\"text-align: center;\">09:00-09:20<\/td>\n<\/tr>\n<tr style=\"height: 30px;\">\n<td style=\"text-align: center;\">21<\/td>\n<td><strong>Proposals for a Smart Contracts Platform for Cryptocurrencies Based on the Mini-Blockchain Scheme<\/strong><br \/>\nCarlos Sangu\u00f1a, Sebasti\u00e1n Suarez, Antonio Russoniello, Miguel Astor, Wilmer Pereira<\/td>\n<td style=\"text-align: center;\">Investigaci\u00f3n (Art\u00edculo Corto)<\/td>\n<td style=\"text-align: center;\">09:20-09:40<\/td>\n<\/tr>\n<tr style=\"height: 30px;\">\n<td style=\"text-align: center;\">10<\/td>\n<td><strong>Ciclo Auton\u00f3mico de An\u00e1lisis de Datos para el Dise\u00f1o de Descriptores para Algoritmos de Aprendizaje Autom\u00e1tico<\/strong><br \/>\nRicardo Vargas, Jose Aguilar, Eduard Puerto<\/td>\n<td style=\"text-align: center;\">Investigaci\u00f3n (Art\u00edculo Largo)<\/td>\n<td style=\"text-align: center;\">09:40-10:00<\/td>\n<\/tr>\n<\/tbody>\n<\/table>\n<p>&nbsp;<\/p>\n<h4>Viernes 30 de noviembre de 2018 de 09:00 AM a 09:40 AM (Sesi\u00f3n 04: Sistemas Computacionales &#8211; Aplicaciones)<\/h4>\n<table style=\"margin: 0px auto; width: 100%;\" border=\"0\">\n<tbody>\n<tr style=\"height: 30px;\">\n<td style=\"text-align: center; width: 10%;\"><strong>Identificador Contribuci\u00f3n<\/strong><\/td>\n<td style=\"text-align: center; width: 65%;\"><strong>T\u00edtulo de la Contribuci\u00f3n<\/strong><\/td>\n<td style=\"text-align: center; width: 15%;\"><strong>Tipo Contribuci\u00f3n<\/strong><\/td>\n<td style=\"text-align: center; width: 10%;\"><strong>Horario<\/strong><\/td>\n<\/tr>\n<tr style=\"height: 30px;\">\n<td style=\"text-align: center;\">23<\/td>\n<td><strong>Esquemas Cl\u00e1sicos y Avanzados para el Control Multivariable en Pozos Productores de Petr\u00f3leo con Sistemas de Levantamiento Artificial por Bombeo Electro-sumergible<\/strong><br \/>\nEgner Aceros, Edgar Camargo, Jos\u00e9 Canelon<\/td>\n<td style=\"text-align: center;\">Investigaci\u00f3n (Art\u00edculo Largo)<\/td>\n<td style=\"text-align: center;\">09:00-09:20<\/td>\n<\/tr>\n<tr style=\"height: 30px;\">\n<td style=\"text-align: center;\">17<\/td>\n<td><strong>Dise\u00f1o e Implementaci\u00f3n de una Aplicaci\u00f3n Web para la Administraci\u00f3n de Conferencias Acad\u00e9micas para Venezuela<\/strong><br \/>\nAntonio Alarcon, Gabriel Espinel, Eric Gamess<\/td>\n<td style=\"text-align: center;\">Investigaci\u00f3n (Art\u00edculo Largo)<\/td>\n<td style=\"text-align: center;\">09:20-09:40<\/td>\n<\/tr>\n<tr>\n<\/tr>\n<\/tbody>\n<\/table>\n<p>&nbsp;<\/p>\n<h4>Viernes 30 de noviembre de 2018 de 09:40 AM a 10:20 AM (Sesi\u00f3n 05: Gesti\u00f3n de Tecnolog\u00edas de Informaci\u00f3n &#8211; Educaci\u00f3n)<\/h4>\n<table style=\"margin: 0px auto; width: 100%;\" border=\"0\">\n<tbody>\n<tr style=\"height: 30px;\">\n<td style=\"text-align: center; width: 10%;\"><strong>Identificador Contribuci\u00f3n<\/strong><\/td>\n<td style=\"text-align: center; width: 65%;\"><strong>T\u00edtulo de la Contribuci\u00f3n<\/strong><\/td>\n<td style=\"text-align: center; width: 15%;\"><strong>Tipo Contribuci\u00f3n<\/strong><\/td>\n<td style=\"text-align: center; width: 10%;\"><strong>Horario<\/strong><\/td>\n<\/tr>\n<tr style=\"height: 30px;\">\n<td style=\"text-align: center;\">25<\/td>\n<td><strong>La Formaci\u00f3n en L\u00ednea como Herramienta de Apropiaci\u00f3n y Gesti\u00f3n Tecnol\u00f3gica<\/strong><br \/>\nAlejandro Ochoa, Luz Chourio, Maricela Montilla, Santiago Roca, Johanna \u00c1lvarez, Carlos Gonz\u00e1lez<\/td>\n<td style=\"text-align: center;\">Sesi\u00f3n de Gesti\u00f3n de Tecnolog\u00edas de Informaci\u00f3n<\/td>\n<td style=\"text-align: center;\">09:40-10:00<\/td>\n<\/tr>\n<tr style=\"height: 30px;\">\n<td style=\"text-align: center;\">22<\/td>\n<td><strong>Evoluci\u00f3n de la Preferencia Estudiantil en la Licenciatura en Computaci\u00f3n de la UCV: de Estudios Presenciales hacia Educaci\u00f3n a Distancia<\/strong><br \/>\nYusneyi Carballo<\/td>\n<td style=\"text-align: center;\">Investigaci\u00f3n (Art\u00edculo Corto)<\/td>\n<td style=\"text-align: center;\">10:00-10:20<\/td>\n<\/tr>\n<\/tbody>\n<\/table>\n","protected":false},"excerpt":{"rendered":"<p> CoNCISa 2018 &#8211; Ponencias ( window.MSReady = window.MSReady || [] ).push( function( $ ) { &#8220;use strict&#8221;; var masterslider_c7a2 = new MasterSlider(); \/\/ slider controls \/\/ slider setup masterslider_c7a2.setup(&#8220;MS69d9a1bc8c7a2&#8221;, { width : 1000, height : 150, minHeight : 0, space : 0, start : 1, grabCursor : false, swipe : false, mouse : false, [&#8230;]<\/p>\n","protected":false},"author":1,"featured_media":0,"parent":0,"menu_order":0,"comment_status":"closed","ping_status":"closed","template":"","meta":{"footnotes":""},"class_list":["post-166","page","type-page","status-publish","hentry","odd"],"_links":{"self":[{"href":"https:\/\/concisa.net.ve\/2018\/wp-json\/wp\/v2\/pages\/166","targetHints":{"allow":["GET"]}}],"collection":[{"href":"https:\/\/concisa.net.ve\/2018\/wp-json\/wp\/v2\/pages"}],"about":[{"href":"https:\/\/concisa.net.ve\/2018\/wp-json\/wp\/v2\/types\/page"}],"author":[{"embeddable":true,"href":"https:\/\/concisa.net.ve\/2018\/wp-json\/wp\/v2\/users\/1"}],"replies":[{"embeddable":true,"href":"https:\/\/concisa.net.ve\/2018\/wp-json\/wp\/v2\/comments?post=166"}],"version-history":[{"count":1,"href":"https:\/\/concisa.net.ve\/2018\/wp-json\/wp\/v2\/pages\/166\/revisions"}],"predecessor-version":[{"id":167,"href":"https:\/\/concisa.net.ve\/2018\/wp-json\/wp\/v2\/pages\/166\/revisions\/167"}],"wp:attachment":[{"href":"https:\/\/concisa.net.ve\/2018\/wp-json\/wp\/v2\/media?parent=166"}],"curies":[{"name":"wp","href":"https:\/\/api.w.org\/{rel}","templated":true}]}}