{"id":139,"date":"2018-10-30T15:32:23","date_gmt":"2018-10-30T15:32:23","guid":{"rendered":"http:\/\/www.concisa.net.ve\/2018\/?page_id=139"},"modified":"2018-11-12T14:19:33","modified_gmt":"2018-11-12T14:19:33","slug":"concisa-registro-autor","status":"publish","type":"page","link":"https:\/\/concisa.net.ve\/2018\/concisa-registro-autor\/","title":{"rendered":"CoNCISa 2018 &#8211; Registro como Autor"},"content":{"rendered":"\n\t\t<!-- MasterSlider -->\n\t\t<div id=\"P_MS69d98fb601c8a\" class=\"master-slider-parent ms-parent-id-25\" style=\"\" >\n\n\t\t\t\n\t\t\t<!-- MasterSlider Main -->\n\t\t\t<div id=\"MS69d98fb601c8a\" class=\"master-slider ms-skin-default\" >\n\t\t\t\t \t\t\t\t \n\n\t\t\t<div  class=\"ms-slide\" data-delay=\"3\" data-fill-mode=\"fill\"   >\n\t\t\t\t\t<img decoding=\"async\" src=\"https:\/\/concisa.net.ve\/2018\/wp-content\/plugins\/masterslider\/public\/assets\/css\/blank.gif\" alt=\"\" title=\"\" data-src=\"https:\/\/concisa.net.ve\/2018\/wp-content\/uploads\/sites\/7\/2018\/11\/bg-concisa12-1000x150.jpg\" \/>\n\n\t\t\t\t\t<div  class=\"ms-layer\" style=\"\"      data-ease=\"easeOutQuint\"                data-offset-x=\"0\" data-offset-y=\"0\" data-origin=\"mc\"   >\n<h1 style=\"text-align: center; color: #ffffff; font-family: Comic sans MS;\"><strong>CoNCISa 2018 - Registro como Autor<\/strong><\/h1><\/div>\n\n\n\t\t\t\t<\/div>\n\n\t\t\t<\/div>\n\t\t\t<!-- END MasterSlider Main -->\n\n\t\t\t \n\t\t<\/div>\n\t\t<!-- END MasterSlider -->\n\n\t\t<script>\n\t\t( window.MSReady = window.MSReady || [] ).push( function( $ ) {\n\n\t\t\t\"use strict\";\n\t\t\tvar masterslider_1c8a = new MasterSlider();\n\n\t\t\t\/\/ slider controls\n\t\t\t\/\/ slider setup\n\t\t\tmasterslider_1c8a.setup(\"MS69d98fb601c8a\", {\n\t\t\t\twidth           : 1000,\n\t\t\t\theight          : 150,\n\t\t\t\tminHeight       : 0,\n\t\t\t\tspace           : 0,\n\t\t\t\tstart           : 1,\n\t\t\t\tgrabCursor      : false,\n\t\t\t\tswipe           : false,\n\t\t\t\tmouse           : false,\n\t\t\t\tkeyboard        : false,\n\t\t\t\tlayout          : \"fullwidth\",\n\t\t\t\twheel           : false,\n\t\t\t\tautoplay        : false,\n                instantStartLayers:false,\n\t\t\t\tmobileBGVideo:false,\n\t\t\t\tloop            : false,\n\t\t\t\tshuffle         : false,\n\t\t\t\tpreload         : 0,\n\t\t\t\theightLimit     : true,\n\t\t\t\tautoHeight      : false,\n\t\t\t\tsmoothHeight    : true,\n\t\t\t\tendPause        : false,\n\t\t\t\toverPause       : false,\n\t\t\t\tfillMode        : \"fill\",\n\t\t\t\tcenterControls  : true,\n\t\t\t\tstartOnAppear   : false,\n\t\t\t\tlayersMode      : \"center\",\n\t\t\t\tautofillTarget  : \"\",\n\t\t\t\thideLayers      : false,\n\t\t\t\tfullscreenMargin: 0,\n\t\t\t\tspeed           : 20,\n\t\t\t\tdir             : \"h\",\n\t\t\t\tresponsive      : true,\n\t\t\t\ttabletWidth     : 768,\n\t\t\t\ttabletHeight    : null,\n\t\t\t\tphoneWidth      : 480,\n\t\t\t\tphoneHeight    : null,\n\t\t\t\tsizingReference : window,\n\t\t\t\tparallaxMode    : 'swipe',\n\t\t\t\tview            : \"basic\"\n\t\t\t});\n\n\t\t\t\n\t\t\twindow.masterslider_instances = window.masterslider_instances || [];\n\t\t\twindow.masterslider_instances.push( masterslider_1c8a );\n\t\t});\n\t\t<\/script>\n\n\n<h2>Registro como Autor<\/h2>\n<p>Para el registro como autor a CoNCISa 2018 y\/o a tutoriales de EVI 2018, usted debe seguir los pasos a continuaci\u00f3n. En caso de experimentar alg\u00fan problema con el registro, por favor escriba a <a href=\"mailto: registro@svc.net.ve\">registro@svc.net.ve<\/a>.<\/p>\n<p style=\"padding-left: 30px;\"><a href=\"http:\/\/www.concisa.net.ve\/2018\/concisa-registro-autor#paso1\"><strong>Paso 1<\/strong>: Calcular el monto a pagar<\/a><br \/>\n<a href=\"http:\/\/www.concisa.net.ve\/2018\/concisa-registro-autor#paso2\"><strong>Paso 2<\/strong>: Hacer una reservaci\u00f3n en el sistema de registro<\/a><br \/>\n<a href=\"http:\/\/www.concisa.net.ve\/2018\/concisa-registro-autor#paso3\"><strong>Paso 3<\/strong>: Realizar el pago correspondiente<\/a><br \/>\n<a href=\"http:\/\/www.concisa.net.ve\/2018\/concisa-registro-autor#paso4\"><strong>Paso 4<\/strong>: Someter los datos del pago en el sistema de registro<\/a><\/p>\n<hr \/>\n<p><a name=\"paso1\"><\/a><strong>Paso 1<\/strong> &#8211; Calcular el monto a pagar<\/p>\n<p>La verdad es que no es necesario que usted calcule el monto a pagar, ya que el sistema de registro lo har\u00e1 autom\u00e1ticamente para usted. Sin embargo, si lo quiere hacer para tener idea de cuanto tendr\u00eda que pagar, aqu\u00ed van algunas recomendaciones.<\/p>\n<p>Usted debe calcular el <strong>monto total<\/strong> a pagar de acuerdo a las <a href=\"http:\/\/www.concisa.net.ve\/2018\/concisa-tarifas-autores\">tarifas de autor a CoNCISa 2018<\/a> y a las <a href=\"http:\/\/www.concisa.net.ve\/2018\/evi-tarifas\"> tarifas por concepto de tutoriales<\/a>. El valor del pago como autor depender\u00e1 de la fecha en que realice el mismo (<b>Inscripci\u00f3n Temprana<\/b> o <b>Inscripci\u00f3n Tard\u00eda<\/b>) y del tipo de descuento (<strong>General<\/strong>, <strong>CLEI<\/strong> o <strong>SVC<\/strong>). En el caso de los tutoriales de EVI 2018, tambi\u00e9n se toma en cuenta su categor\u00eda (<strong>profesor<\/strong>, <strong>estudiante<\/strong> o <strong>particular<\/strong>). Es necesario aclarar que las personas que est\u00e1n adscritas a una instituci\u00f3n miembro de la SVC se beneficiar\u00e1n del mismo descuento que los adscritos a instituciones miembros del CLEI. Para eso, deber\u00e1n hacer su registro como si fuesen adscritos a una instituci\u00f3n miembro del CLEI. Por otra parte, las personas que est\u00e1n adscritas a una instituci\u00f3n de educaci\u00f3n superior del estado de M\u00e9rida se beneficiar\u00e1n del mismo descuento que los miembros ordinarios de la SVC. Para eso, deber\u00e1n hacer su registro como si fuesen miembros de la SVC y poner <strong>MRD<\/strong> como n\u00famero de afiliado a la SVC.<\/p>\n<p>Si desea una factura por concepto de inscripci\u00f3n, debe agregar a su pago el valor de Bs. 50,00 y el IVA (16%). Los Bs. 50,00 corresponden a gastos de facturaci\u00f3n.<\/p>\n<p>A continuaci\u00f3n, se muestra un ejemplo de c\u00e1lculo para un profesor que va a presentar un art\u00edculo en CoNCISa 2018 y desea asistir a dos tutoriales de EVI 2018. Este profesor no es miembro de la SVC pero trabaja en una universidad que es miembro del CLEI. El profesor requiere una factura y se inscribe con anticipaci\u00f3n, as\u00ed que beneficia de la tarifa temprana.<\/p>\n<table style=\"margin: 0px auto; width: 65%;\" border=\"0\">\n<tbody>\n<tr>\n<td><strong>Concepto<\/strong><\/td>\n<td style=\"text-align: center;\"><strong>Tarifa<\/strong><\/td>\n<td style=\"text-align: center;\"><strong>Descuento<\/strong><\/td>\n<td style=\"text-align: right;\"><strong>Valor en Bs.<\/strong><\/td>\n<\/tr>\n<tr>\n<td>Pago Primer Art\u00edculo<\/td>\n<td style=\"text-align: center;\">Temprana<\/td>\n<td style=\"text-align: center;\">Miembro CLEI<\/td>\n<td style=\"text-align: right;\">2.400,00<\/td>\n<\/tr>\n<tr>\n<td>Tutorial EVI 01 (6 horas)<\/td>\n<td style=\"text-align: center;\">Temprana<\/td>\n<td style=\"text-align: center;\">Miembro CLEI<\/td>\n<td style=\"text-align: right;\">1.350,00<\/td>\n<\/tr>\n<tr>\n<td>Tutorial EVI 06 (4 horas)<\/td>\n<td style=\"text-align: center;\">Temprana<\/td>\n<td style=\"text-align: center;\">Miembro CLEI<\/td>\n<td style=\"text-align: right;\">900,00<\/td>\n<\/tr>\n<tr>\n<td>Gastos de Facturaci\u00f3n<\/td>\n<td style=\"text-align: center;\"><\/td>\n<td style=\"text-align: center;\"><\/td>\n<td style=\"text-align: right;\">50,00<\/td>\n<\/tr>\n<tr>\n<td>Total sin IVA<\/td>\n<td style=\"text-align: center;\"><\/td>\n<td style=\"text-align: center;\"><\/td>\n<td style=\"text-align: right;\">4.700,00<\/td>\n<\/tr>\n<tr>\n<td>IVA (16%)<\/td>\n<td style=\"text-align: center;\"><\/td>\n<td style=\"text-align: center;\"><\/td>\n<td style=\"text-align: right;\">752,00<\/td>\n<\/tr>\n<tr>\n<td>Total con IVA<\/td>\n<td style=\"text-align: center;\"><\/td>\n<td style=\"text-align: center;\"><\/td>\n<td style=\"text-align: right;\">5.452,00<\/td>\n<\/tr>\n<\/tbody>\n<\/table>\n<p>&nbsp;<\/p>\n<p>A continuaci\u00f3n, se muestra otro ejemplo de c\u00e1lculo para un estudiante que va a presentar dos art\u00edculos en CoNCISa 2018 y desea asistir a dos tutoriales de EVI 2018. Este estudiante es miembro ordinario de la SVC y se va a beneficiar del descuento correspondiente. El estudiante no requiere factura (solamente recibo de pago) y se inscribe justo antes del evento, con tarifa tard\u00eda. Note que el estudiante no pagar\u00e1 IVA, ya que solamente requiere recibo de pago. Su recibo de pago le ser\u00e1 enviado por email por el sistema de registro.<\/p>\n<table style=\"margin: 0px auto; width: 65%;\" border=\"0\">\n<tbody>\n<tr>\n<td><strong>Concepto<\/strong><\/td>\n<td style=\"text-align: center;\"><strong>Tarifa<\/strong><\/td>\n<td style=\"text-align: center;\"><strong>Descuento<\/strong><\/td>\n<td style=\"text-align: right;\"><strong>Valor en Bs.<\/strong><\/td>\n<\/tr>\n<tr>\n<td>Pago Primer Art\u00edculo<\/td>\n<td style=\"text-align: center;\">Tard\u00eda<\/td>\n<td style=\"text-align: center;\">Miembro ordinario SVC<\/td>\n<td style=\"text-align: right;\">2.400,00<\/td>\n<\/tr>\n<tr>\n<td>Pago Art\u00edculo Adicional<\/td>\n<td style=\"text-align: center;\">Tard\u00eda<\/td>\n<td style=\"text-align: center;\">Miembro ordinario SVC<\/td>\n<td style=\"text-align: right;\">1.200,00<\/td>\n<\/tr>\n<tr>\n<td>Tutorial EVI 01 (6 horas)<\/td>\n<td style=\"text-align: center;\">Tard\u00eda<\/td>\n<td style=\"text-align: center;\">Miembro ordinario SVC<\/td>\n<td style=\"text-align: right;\">900,00<\/td>\n<\/tr>\n<tr>\n<td>Tutorial EVI 05 (4 horas)<\/td>\n<td style=\"text-align: center;\">Tard\u00eda<\/td>\n<td style=\"text-align: center;\">Miembro ordinario SVC<\/td>\n<td style=\"text-align: right;\">600,00<\/td>\n<\/tr>\n<tr>\n<td>Total a Pagar<\/td>\n<td style=\"text-align: center;\"><\/td>\n<td style=\"text-align: center;\"><\/td>\n<td style=\"text-align: right;\">5.100,00<\/td>\n<\/tr>\n<\/tbody>\n<\/table>\n<p>&nbsp;<\/p>\n<hr \/>\n<p><a name=\"paso2\"><\/a><strong>Paso 2<\/strong> &#8211; Hacer una reservaci\u00f3n en el sistema de registro<\/p>\n<p>Si usted a\u00fan no tiene cuenta en el sistema de administraci\u00f3n de conferencias (ConfVen), deber\u00e1 crear su cuenta antes de proceder. Luego, podr\u00e1 reservar los productos que desee. El sistema es bastante amigable, y le enviar\u00e1 un email luego de cada paso que usted realizar\u00e1 en este. Si no le llegan los emails, por favor revise en su carpeta de <strong>spam<\/strong>. <\/p>\n<p>Tambi\u00e9n, all\u00ed someter\u00e1 los datos para la elaboraci\u00f3n de su recibo de pago o su factura. Los recibos de pago no tienen costo adicional y ser\u00e1n enviados por email. De requerir un sello h\u00famedo sobre su recibo de pago, lo deber\u00e1 imprimir y traer a la mesa de registro durante el evento para que sea sellado. Las facturas ser\u00e1n entregadas en mano durante el evento. <\/p>\n<p>Usted puede acceder al sistema ConfVen haciendo clic <a href=\"http:\/\/69.31.134.207:8080\" target=\"_blank\" rel=\"noopener noreferrer\">aqu\u00ed<\/a>. El sistema calcular\u00e1 autom\u00e1ticamente el monto que usted tendr\u00e1 que pagar.<\/p>\n<p>De nuevo, las personas que est\u00e1n adscritas a una instituci\u00f3n miembro de la SVC se beneficiar\u00e1n del mismo descuento que los adscritos a instituciones miembros del CLEI, por lo que deben registrase como miembro CLEI. Las personas que est\u00e1n adscritas a una instituci\u00f3n de educaci\u00f3n superior del estado de M\u00e9rida se beneficiar\u00e1n del mismo descuento que los miembros ordinarios de la SVC. Para eso, deber\u00e1n hacer su registro como si fuesen miembro ordinario de la SVC y poner <strong>MRD<\/strong> como n\u00famero de afiliado a la SVC.<\/p>\n<hr \/>\n<p><a name=\"paso3\"><\/a><strong>Paso 3<\/strong> &#8211; Realizar el pago correspondiente<\/p>\n<p>Una vez hecha la reservaci\u00f3n de los productos, usted puede realizar una transferencia o un dep\u00f3sito bancario a la cuenta que se detalla a continuaci\u00f3n. Tome nota del n\u00famero de transferencia o dep\u00f3sito ya que lo necesitar\u00e1 en el sistema de registro.<\/p>\n<p style=\"padding-left: 30px;\">Nombre de la Cuenta: <strong>Fundaci\u00f3n CLEI Venezuela<\/strong><br \/>\nRIF: <strong>J-40156380-5<\/strong><br \/>\nBanco: <strong>Banco Mercantil<\/strong><br \/>\nN\u00famero de Cuenta: <strong>0105-0039-73-8039029821<\/strong><br \/>\nEmail: <strong>registro@svc.net.ve<\/strong><\/p>\n<p>&nbsp;<\/p>\n<hr \/>\n<p><a name=\"paso4\"><\/a><strong>Paso 4<\/strong> &#8211; Someter los datos del pago en el sistema de registro<\/p>\n<p>Una vez realizado el pago, usted deber\u00e1 regresar al sistema de administraci\u00f3n de conferencias (<a href=\"http:\/\/69.31.134.207:8080\" target=\"_blank\">ConfVen<\/a>) para suministrar sus datos de pago. Una vez que usted someta sus datos de pago en el sistema, deber\u00e1 esperar que un representante de CoNCISa los verifique, y entonces recibir\u00e1 un email de confirmaci\u00f3n de pago.<\/p>\n<p><strong>Nota importante:<\/strong> En el caso de inscribir tutoriales de EVI 2018 como estudiante, profesor, o adscritos a una instituci\u00f3n de educaci\u00f3n superior deel estado M\u00e9rida, deber\u00e1 presentar una credencial que lo identifique como tal al momento de retirar el material en la mesa de registro. En ausencia de este requisito, deber\u00e1 pagar la diferencia de los tutoriales seg\u00fan la tarifa vigente.<\/p>\n","protected":false},"excerpt":{"rendered":"<p> CoNCISa 2018 &#8211; Registro como Autor ( window.MSReady = window.MSReady || [] ).push( function( $ ) { &#8220;use strict&#8221;; var masterslider_25f7 = new MasterSlider(); \/\/ slider controls \/\/ slider setup masterslider_25f7.setup(&#8220;MS69d98fb6025f7&#8221;, { width : 1000, height : 150, minHeight : 0, space : 0, start : 1, grabCursor : false, swipe : false, mouse [&#8230;]<\/p>\n","protected":false},"author":1,"featured_media":0,"parent":0,"menu_order":0,"comment_status":"closed","ping_status":"closed","template":"","meta":{"footnotes":""},"class_list":["post-139","page","type-page","status-publish","hentry","odd"],"_links":{"self":[{"href":"https:\/\/concisa.net.ve\/2018\/wp-json\/wp\/v2\/pages\/139","targetHints":{"allow":["GET"]}}],"collection":[{"href":"https:\/\/concisa.net.ve\/2018\/wp-json\/wp\/v2\/pages"}],"about":[{"href":"https:\/\/concisa.net.ve\/2018\/wp-json\/wp\/v2\/types\/page"}],"author":[{"embeddable":true,"href":"https:\/\/concisa.net.ve\/2018\/wp-json\/wp\/v2\/users\/1"}],"replies":[{"embeddable":true,"href":"https:\/\/concisa.net.ve\/2018\/wp-json\/wp\/v2\/comments?post=139"}],"version-history":[{"count":1,"href":"https:\/\/concisa.net.ve\/2018\/wp-json\/wp\/v2\/pages\/139\/revisions"}],"predecessor-version":[{"id":140,"href":"https:\/\/concisa.net.ve\/2018\/wp-json\/wp\/v2\/pages\/139\/revisions\/140"}],"wp:attachment":[{"href":"https:\/\/concisa.net.ve\/2018\/wp-json\/wp\/v2\/media?parent=139"}],"curies":[{"name":"wp","href":"https:\/\/api.w.org\/{rel}","templated":true}]}}