{"id":133,"date":"2018-10-30T13:57:33","date_gmt":"2018-10-30T13:57:33","guid":{"rendered":"http:\/\/www.concisa.net.ve\/2018\/?page_id=133"},"modified":"2018-11-13T01:05:38","modified_gmt":"2018-11-13T01:05:38","slug":"concisa-tarifas-autores","status":"publish","type":"page","link":"https:\/\/concisa.net.ve\/2018\/concisa-tarifas-autores\/","title":{"rendered":"CoNCISa 2018 &#8211; Tarifas Autores"},"content":{"rendered":"\n\t\t<!-- MasterSlider -->\n\t\t<div id=\"P_MS69d9a5cf213f1\" class=\"master-slider-parent ms-parent-id-24\" style=\"\" >\n\n\t\t\t\n\t\t\t<!-- MasterSlider Main -->\n\t\t\t<div id=\"MS69d9a5cf213f1\" class=\"master-slider ms-skin-default\" >\n\t\t\t\t \t\t\t\t \n\n\t\t\t<div  class=\"ms-slide\" data-delay=\"3\" data-fill-mode=\"fill\"   >\n\t\t\t\t\t<img decoding=\"async\" src=\"https:\/\/concisa.net.ve\/2018\/wp-content\/plugins\/masterslider\/public\/assets\/css\/blank.gif\" alt=\"\" title=\"\" data-src=\"https:\/\/concisa.net.ve\/2018\/wp-content\/uploads\/sites\/7\/2018\/11\/bg-concisa12-1000x150.jpg\" \/>\n\n\t\t\t\t\t<div  class=\"ms-layer\" style=\"\"      data-ease=\"easeOutQuint\"                data-offset-x=\"0\" data-offset-y=\"0\" data-origin=\"mc\"   >\n<h1 style=\"text-align: center; color: #ffffff; font-family: Comic sans MS;\"><strong>CoNCISa 2018 - Tarifas Autores<\/strong><\/h1><\/div>\n\n\n\t\t\t\t<\/div>\n\n\t\t\t<\/div>\n\t\t\t<!-- END MasterSlider Main -->\n\n\t\t\t \n\t\t<\/div>\n\t\t<!-- END MasterSlider -->\n\n\t\t<script>\n\t\t( window.MSReady = window.MSReady || [] ).push( function( $ ) {\n\n\t\t\t\"use strict\";\n\t\t\tvar masterslider_13f1 = new MasterSlider();\n\n\t\t\t\/\/ slider controls\n\t\t\t\/\/ slider setup\n\t\t\tmasterslider_13f1.setup(\"MS69d9a5cf213f1\", {\n\t\t\t\twidth           : 1000,\n\t\t\t\theight          : 150,\n\t\t\t\tminHeight       : 0,\n\t\t\t\tspace           : 0,\n\t\t\t\tstart           : 1,\n\t\t\t\tgrabCursor      : false,\n\t\t\t\tswipe           : false,\n\t\t\t\tmouse           : false,\n\t\t\t\tkeyboard        : false,\n\t\t\t\tlayout          : \"fullwidth\",\n\t\t\t\twheel           : false,\n\t\t\t\tautoplay        : false,\n                instantStartLayers:false,\n\t\t\t\tmobileBGVideo:false,\n\t\t\t\tloop            : false,\n\t\t\t\tshuffle         : false,\n\t\t\t\tpreload         : 0,\n\t\t\t\theightLimit     : true,\n\t\t\t\tautoHeight      : false,\n\t\t\t\tsmoothHeight    : true,\n\t\t\t\tendPause        : false,\n\t\t\t\toverPause       : false,\n\t\t\t\tfillMode        : \"fill\",\n\t\t\t\tcenterControls  : true,\n\t\t\t\tstartOnAppear   : false,\n\t\t\t\tlayersMode      : \"center\",\n\t\t\t\tautofillTarget  : \"\",\n\t\t\t\thideLayers      : false,\n\t\t\t\tfullscreenMargin: 0,\n\t\t\t\tspeed           : 20,\n\t\t\t\tdir             : \"h\",\n\t\t\t\tresponsive      : true,\n\t\t\t\ttabletWidth     : 768,\n\t\t\t\ttabletHeight    : null,\n\t\t\t\tphoneWidth      : 480,\n\t\t\t\tphoneHeight    : null,\n\t\t\t\tsizingReference : window,\n\t\t\t\tparallaxMode    : 'swipe',\n\t\t\t\tview            : \"basic\"\n\t\t\t});\n\n\t\t\t\n\t\t\twindow.masterslider_instances = window.masterslider_instances || [];\n\t\t\twindow.masterslider_instances.push( masterslider_13f1 );\n\t\t});\n\t\t<\/script>\n\n\n<h2>Informaci\u00f3n General sobre las Tarifas para Autores en CoNCISa 2018<\/h2>\n<p>Las personas que se registren en CoNCISa como autor recibir\u00e1n un descuento si est\u00e1n adscritas a una instituci\u00f3n miembro del <a href=\"http:\/\/www.clei.org\" target=\"_blank\">CLEI<\/a>, o si est\u00e1n adscritas a una instituci\u00f3n miembro de la <a href=\"http:\/\/www.svc.net.ve\" target=\"_blank\">SVC<\/a>, o si son miembros ordinarios de la <a href=\"http:\/\/www.svc.net.ve\" target=\"_blank\">SVC<\/a>, o si est\u00e1n adscritas a una instituci\u00f3n de educaci\u00f3n superior del estado de M\u00e9rida. El valor del descuento depender\u00e1 de la fecha en la cual se realice el registro (inscripci\u00f3n temprana o inscripci\u00f3n tard\u00eda). <strong>Los descuentos no son acumulativos.<\/strong><\/p>\n<p>La inscripci\u00f3n en CoNCISa no incluye la asistencia a los tutoriales de <a href=\"http:\/\/www.concisa.net.ve\/2018\/evi-tutoriales\">EVI<\/a>. Para informaci\u00f3n sobre las tarifas de los tutoriales de EVI, haga clic <a href=\"http:\/\/www.concisa.net.ve\/2018\/evi-tarifas\">aqu\u00ed<\/a>.<br \/>\n&nbsp;<br \/>\n&nbsp;<\/p>\n<h2>Tarifa como Autor (Inscripci\u00f3n Temprana)<\/h2>\n<p>La inscripci\u00f3n temprana como autor se puede realizar hasta el 18 de noviembre de 2018. En la tabla, <strong>CLEI\/SVCi<\/strong> significa que el autor est\u00e1 adscrito a una instituci\u00f3n que es miembro del <a href=\"http:\/\/www.clei.org\" target=\"_blank\">CLEI<\/a> o a una instituci\u00f3n miembro de la <a href=\"http:\/\/www.svc.net.ve\" target=\"_blank\">SVC<\/a>. <strong>SVCo\/MRD<\/strong> significa que el autor es miembro ordinario de la <a href=\"http:\/\/www.svc.net.ve\" target=\"_blank\">SVC<\/a> o est\u00e1 adscrito a una instituci\u00f3n de educaci\u00f3n superior del estado de M\u00e9rida.<\/p>\n<table style=\"margin: 0px auto; width: 100%;\" border=\"0\">\n<tbody>\n<tr style=\"height: 30px;\">\n<td style=\"text-align: center;\"><strong>Tipo Autor<\/strong><\/td>\n<td style=\"text-align: center;\"><strong>Descuento<\/strong><\/td>\n<td style=\"text-align: center;\"><strong>Primer Art\u00edculo<\/strong><\/td>\n<td style=\"text-align: center;\"><strong>Art\u00edculo Adicional<\/strong><\/td>\n<\/tr>\n<tr style=\"height: 30px;\">\n<td style=\"text-align: center;\">General<\/td>\n<td style=\"text-align: center;\">25%<\/td>\n<td style=\"text-align: center;\">Bs. 3.600,00<\/td>\n<td style=\"text-align: center;\">Bs. 1.800,00<\/td>\n<\/tr>\n<tr style=\"height: 30px;\">\n<td style=\"text-align: center;\">CLEI \/ SVCi<\/td>\n<td style=\"text-align: center;\">50%<\/td>\n<td style=\"text-align: center;\">Bs. 2.400,00<\/td>\n<td style=\"text-align: center;\">Bs. 1.200,00<\/td>\n<\/tr>\n<tr style=\"height: 30px;\">\n<td style=\"text-align: center;\">SVCo \/ MRD<\/td>\n<td style=\"text-align: center;\">75%<\/td>\n<td style=\"text-align: center;\">Bs. 1.200,00<\/td>\n<td style=\"text-align: center;\">Bs. 600,00<\/td>\n<\/tr>\n<\/tbody>\n<\/table>\n<p>&nbsp;<br \/>\n&nbsp;<\/p>\n<h2>Tarifa como Autor (Inscripci\u00f3n Tard\u00eda)<\/h2>\n<p>A partir del 19 de noviembre de 2018, se aplicar\u00e1 la inscripci\u00f3n tard\u00eda a los autores. En la tabla, <strong>CLEI\/SVCi<\/strong> significa que el autor est\u00e1 adscrito a una instituci\u00f3n que es miembro del <a href=\"http:\/\/www.clei.org\" target=\"_blank\">CLEI<\/a> o a una instituci\u00f3n miembro de la <a href=\"http:\/\/www.svc.net.ve\" target=\"_blank\">SVC<\/a>. <strong>SVCo\/MRD<\/strong> significa que el autor es miembro ordinario de la <a href=\"http:\/\/www.svc.net.ve\" target=\"_blank\">SVC<\/a> o est\u00e1 adscrito a una instituci\u00f3n de educaci\u00f3n superior del estado de M\u00e9rida.<\/p>\n<table style=\"margin: 0px auto; width: 100%;\" border=\"0\">\n<tbody>\n<tr style=\"height: 30px;\">\n<td style=\"text-align: center;\"><strong>Tipo Autor<\/strong><\/td>\n<td style=\"text-align: center;\"><strong>Descuento<\/strong><\/td>\n<td style=\"text-align: center;\"><strong>Primer Art\u00edculo<\/strong><\/td>\n<td style=\"text-align: center;\"><strong>Art\u00edculo Adicional<\/strong><\/td>\n<\/tr>\n<tr style=\"height: 30px;\">\n<td style=\"text-align: center;\">General<\/td>\n<td style=\"text-align: center;\">0%<\/td>\n<td style=\"text-align: center;\">Bs. 4.800,00<\/td>\n<td style=\"text-align: center;\">Bs. 2.400,00<\/td>\n<\/tr>\n<tr style=\"height: 30px;\">\n<td style=\"text-align: center;\">CLEI \/ SVCi<\/td>\n<td style=\"text-align: center;\">25%<\/td>\n<td style=\"text-align: center;\">Bs. 3.600,00<\/td>\n<td style=\"text-align: center;\">Bs. 1.800,00<\/td>\n<\/tr>\n<tr style=\"height: 30px;\">\n<td style=\"text-align: center;\">SVCo \/ MRD<\/td>\n<td style=\"text-align: center;\">50%<\/td>\n<td style=\"text-align: center;\">Bs. 2.400,00<\/td>\n<td style=\"text-align: center;\">Bs. 1.200,00<\/td>\n<\/tr>\n<\/tbody>\n<\/table>\n","protected":false},"excerpt":{"rendered":"<p> CoNCISa 2018 &#8211; Tarifas Autores ( window.MSReady = window.MSReady || [] ).push( function( $ ) { &#8220;use strict&#8221;; var masterslider_1ef7 = new MasterSlider(); \/\/ slider controls \/\/ slider setup masterslider_1ef7.setup(&#8220;MS69d9a5cf21ef7&#8221;, { width : 1000, height : 150, minHeight : 0, space : 0, start : 1, grabCursor : false, swipe : false, mouse : [&#8230;]<\/p>\n","protected":false},"author":1,"featured_media":0,"parent":0,"menu_order":0,"comment_status":"closed","ping_status":"closed","template":"","meta":{"footnotes":""},"class_list":["post-133","page","type-page","status-publish","hentry","odd"],"_links":{"self":[{"href":"https:\/\/concisa.net.ve\/2018\/wp-json\/wp\/v2\/pages\/133","targetHints":{"allow":["GET"]}}],"collection":[{"href":"https:\/\/concisa.net.ve\/2018\/wp-json\/wp\/v2\/pages"}],"about":[{"href":"https:\/\/concisa.net.ve\/2018\/wp-json\/wp\/v2\/types\/page"}],"author":[{"embeddable":true,"href":"https:\/\/concisa.net.ve\/2018\/wp-json\/wp\/v2\/users\/1"}],"replies":[{"embeddable":true,"href":"https:\/\/concisa.net.ve\/2018\/wp-json\/wp\/v2\/comments?post=133"}],"version-history":[{"count":1,"href":"https:\/\/concisa.net.ve\/2018\/wp-json\/wp\/v2\/pages\/133\/revisions"}],"predecessor-version":[{"id":134,"href":"https:\/\/concisa.net.ve\/2018\/wp-json\/wp\/v2\/pages\/133\/revisions\/134"}],"wp:attachment":[{"href":"https:\/\/concisa.net.ve\/2018\/wp-json\/wp\/v2\/media?parent=133"}],"curies":[{"name":"wp","href":"https:\/\/api.w.org\/{rel}","templated":true}]}}