{"id":127,"date":"2018-10-30T01:40:17","date_gmt":"2018-10-30T01:40:17","guid":{"rendered":"http:\/\/www.concisa.net.ve\/2018\/?page_id=127"},"modified":"2018-11-17T12:20:36","modified_gmt":"2018-11-17T12:20:36","slug":"evi-tutoriales-ofertados","status":"publish","type":"page","link":"https:\/\/concisa.net.ve\/2018\/evi-tutoriales-ofertados\/","title":{"rendered":"Tutoriales ofertados"},"content":{"rendered":"\n\t\t<!-- MasterSlider -->\n\t\t<div id=\"P_MS69f29ac71aece\" class=\"master-slider-parent ms-parent-id-16\" style=\"\" >\n\n\t\t\t\n\t\t\t<!-- MasterSlider Main -->\n\t\t\t<div id=\"MS69f29ac71aece\" class=\"master-slider ms-skin-default\" >\n\t\t\t\t \t\t\t\t \n\n\t\t\t<div  class=\"ms-slide\" data-delay=\"3\" data-fill-mode=\"fill\"   >\n\t\t\t\t\t<img decoding=\"async\" src=\"https:\/\/concisa.net.ve\/2018\/wp-content\/plugins\/masterslider\/public\/assets\/css\/blank.gif\" alt=\"\" title=\"\" data-src=\"https:\/\/concisa.net.ve\/2018\/wp-content\/uploads\/sites\/7\/2018\/11\/bg-concisa14-1000x150.jpg\" \/>\n\n\t\t\t\t\t<div  class=\"ms-layer\" style=\"\"      data-ease=\"easeOutQuint\"                data-offset-x=\"0\" data-offset-y=\"0\" data-origin=\"mc\"   >\n<h1 style=\"text-align: center; color: #ffffff; font-family: Comic sans MS;\"><strong>EVI 2018 - Tutoriales Ofertados<\/strong><\/h1><\/div>\n\n\n\t\t\t\t<\/div>\n\n\t\t\t<\/div>\n\t\t\t<!-- END MasterSlider Main -->\n\n\t\t\t \n\t\t<\/div>\n\t\t<!-- END MasterSlider -->\n\n\t\t<script>\n\t\t( window.MSReady = window.MSReady || [] ).push( function( $ ) {\n\n\t\t\t\"use strict\";\n\t\t\tvar masterslider_aece = new MasterSlider();\n\n\t\t\t\/\/ slider controls\n\t\t\t\/\/ slider setup\n\t\t\tmasterslider_aece.setup(\"MS69f29ac71aece\", {\n\t\t\t\twidth           : 1000,\n\t\t\t\theight          : 150,\n\t\t\t\tminHeight       : 0,\n\t\t\t\tspace           : 0,\n\t\t\t\tstart           : 1,\n\t\t\t\tgrabCursor      : false,\n\t\t\t\tswipe           : false,\n\t\t\t\tmouse           : false,\n\t\t\t\tkeyboard        : false,\n\t\t\t\tlayout          : \"fullwidth\",\n\t\t\t\twheel           : false,\n\t\t\t\tautoplay        : false,\n                instantStartLayers:false,\n\t\t\t\tmobileBGVideo:false,\n\t\t\t\tloop            : false,\n\t\t\t\tshuffle         : false,\n\t\t\t\tpreload         : 0,\n\t\t\t\theightLimit     : true,\n\t\t\t\tautoHeight      : false,\n\t\t\t\tsmoothHeight    : true,\n\t\t\t\tendPause        : false,\n\t\t\t\toverPause       : false,\n\t\t\t\tfillMode        : \"fill\",\n\t\t\t\tcenterControls  : true,\n\t\t\t\tstartOnAppear   : false,\n\t\t\t\tlayersMode      : \"center\",\n\t\t\t\tautofillTarget  : \"\",\n\t\t\t\thideLayers      : false,\n\t\t\t\tfullscreenMargin: 0,\n\t\t\t\tspeed           : 20,\n\t\t\t\tdir             : \"h\",\n\t\t\t\tresponsive      : true,\n\t\t\t\ttabletWidth     : 768,\n\t\t\t\ttabletHeight    : null,\n\t\t\t\tphoneWidth      : 480,\n\t\t\t\tphoneHeight    : null,\n\t\t\t\tsizingReference : window,\n\t\t\t\tparallaxMode    : 'swipe',\n\t\t\t\tview            : \"basic\"\n\t\t\t});\n\n\t\t\t\n\t\t\twindow.masterslider_instances = window.masterslider_instances || [];\n\t\t\twindow.masterslider_instances.push( masterslider_aece );\n\t\t});\n\t\t<\/script>\n\n\n<h2>Tutoriales Ofertados<\/h2>\n<p>Durante EVI 2018, habr\u00e1 tutoriales de 4 horas y otros de 6 horas.<\/p>\n<ul>\n<li>Conoce las <a href=\"http:\/\/www.concisa.net.ve\/2018\/evi-tarifas-tutoriales\/\">TARIFAS<\/a><\/li>\n<li>Formaliza tu <a href=\"http:\/\/www.concisa.net.ve\/2018\/evi-registro-tutoriales\/\">REGISTRO<\/a><\/li>\n<\/ul>\n<p>La programaci\u00f3n de los tutoriales es la siguiente:<\/p>\n<h2>LUNES 26 de noviembre de\u00a02018:<\/h2>\n<ul>\n<li>EVI01: Introducci\u00f3n a la Ciencia de los Datos (8 am &#8211; 2 pm)<\/li>\n<li>EVI02: Creaci\u00f3n, Uso y Monitoreo de Clusters Ad Hoc de Alto Desempe\u00f1o con la Distribuci\u00f3n de GNU\/Linux Pelican HPC (8 am &#8211; 12 m)<\/li>\n<li>EVI03: Tutorial invitado: La Industria Digital: El Enfoque de la Industria 4.0 (8 am &#8211; 2 pm)<\/li>\n<\/ul>\n<h2>MARTES 27 de noviembre de\u00a02018:<\/h2>\n<ul>\n<li>EVI04: Introducci\u00f3n a la Programaci\u00f3n con el Lenguaje Phyton 3 y su Aplicaci\u00f3n B\u00e1sica en el An\u00e1lisis de Datos (8 am &#8211; 2 pm)<\/li>\n<li>EVI05: Alineaci\u00f3n TI\/Negocio\u00a0(8 am &#8211; 12 m)<\/li>\n<li>EVI06: Seguridad Inform\u00e1tica (8 am &#8211; 12 m)<\/li>\n<\/ul>\n<h3>EVI01: Introducci\u00f3n a la Ciencia de los Datos<\/h3>\n<p><strong>Tutora:<\/strong><br \/>\n\u2022 Prof. Livia Carolina Borjas Medina (I.U.T. Federico Rivero Palacio)<br \/>\n<strong>Resumen:<\/strong><br \/>\nLa Ciencia de los Datos es un campo de investigaci\u00f3n interdisciplinario de mucho inter\u00e9s en la\u00a0actualidad, cuyos avances, t\u00e9cnicas y tecnolog\u00edas son susceptibles de interesantes aplicaciones en\u00a0muchas disciplinas, en especial en aquellas situaciones donde se requiere gestionar (recolecci\u00f3n,\u00a0preparaci\u00f3n, an\u00e1lisis, visualizaci\u00f3n, administraci\u00f3n y conservaci\u00f3n) grandes colecciones de\u00a0informaci\u00f3n, posiblemente disponibles en diversos formatos, con el prop\u00f3sito de descubrir y extraer\u00a0conocimiento clave para tomar decisiones asertivas en la resoluci\u00f3n de diversos problemas. La\u00a0presente propuesta de tutorial incluye un breve resumen de esta \u00e1rea de gran inter\u00e9s, con una\u00a0orientaci\u00f3n te\u00f3rico-pr\u00e1ctica.<br \/>\n<strong>Contenidos:<\/strong><br \/>\n1. Introducci\u00f3n<br \/>\n2. Conceptos generales: Datos, Patrones, KDD, Miner\u00eda de datos, Big Dat3. Metodolog\u00edas<br \/>\n3. T\u00e9cnicas<br \/>\n4. Aplicaciones<br \/>\n5. Tendencias actuales<br \/>\n6. Tecnolog\u00edas<br \/>\n7. An\u00e1lisis de ejemplos y casos de estudios.<br \/>\n8. Peque\u00f1as pr\u00e1cticas con Software WEKA, R y R Studio<br \/>\n9. El Cient\u00edfico de los Datos, perspectivas actuales<br \/>\n<strong>Duraci\u00f3n<\/strong>: 6 horas<\/p>\n<h3>EVI02: Creaci\u00f3n, Uso y Monitoreo de Clusters Ad Hoc de Alto Desempe\u00f1o con la Distribuci\u00f3n de GNU\/Linux Pelican HPC<\/h3>\n<p><strong>Tutor:<\/strong><br \/>\n\u2022 Prof. Miguel \u00c1ngel Astor (Universidad Central de Venezuela)<br \/>\n<strong>Resumen:<\/strong><br \/>\nEn este tutorial se presentar\u00e1 el uso de la distribuci\u00f3n de GNU\/Linux llamada PelicanHPC. Esta distribuci\u00f3n permite la creaci\u00f3n de clusters ad hoc de alto desempe\u00f1o al estilo Beowulf. La principal caracter\u00edstica de los clusters creados con esta distribuci\u00f3n es el hecho de que pueden ser utilizados completamente en modo live CD, de manera que el software instalado en las computadoras utilizadas para el ensamblado del cluster no tengan que ser modi\ufb01cado durante la ejecuci\u00f3n del mismo. El tutorial es de enfoque demostrativo y pr\u00e1ctico. Durante el mismo, los participantes podr\u00e1n presenciar y practicar el uso de esta distribuci\u00f3n, usando las herramientas provistas por la misma para la ejecuci\u00f3n y monitoreo de programas escritos con la biblioteca MPI en m\u00faltiples lenguajes de programaci\u00f3n.<br \/>\n<strong>Contenidos:<\/strong><br \/>\n1) III-A. Con\ufb01guraci\u00f3n y Arranque de PelicanHPC<br \/>\n\u2022 Arranque de PelicanHPC. Conexi\u00f3n de los nodos de c\u00f3mputo. El sistema de archivos NFS. Instalaci\u00f3n de paquetes en el frontend y en los nodos de c\u00f3mputo.<br \/>\n2) III-B. Ejecuci\u00f3n y Monitoreo de Programas Paralelos<br \/>\n\u2022 Ejecuci\u00f3n de programas paralelos basados en MPI: casos C++, Fortran, Python y GNU Octave. Herramientas de monitoreo del cluster.<br \/>\n3) III-C. T\u00f3picos Adicionales de PelicanHPC<br \/>\n\u2022 Almacenamiento persistente. Remasterizaci\u00f3n de la distribuci\u00f3n.<br \/>\n<strong>Duraci\u00f3n:<\/strong> 4 horas<\/p>\n<h3>EVI03: Tutorial invitado: La Industria Digital: El Enfoque de la Industria 4.0<\/h3>\n<p><strong>Tutores:<\/strong><br \/>\nDr. Edgar Chac\u00f3n R. (Universidad de Los Andes)<br \/>\nDr. Juan Cardillo (Universidad de Los Andes)<br \/>\n<strong>Resumen y contenidos:<\/strong><br \/>\nLa cuarta revoluci\u00f3n industrial, conocida como Industria 4.0, y que se entiende como la aplicaci\u00f3n de conceptos gen\u00e9rico de \u201cSistemas Ciberf\u00edsicos\u201d (CPS) a sistemas de producci\u00f3n industrial (Sistemas de Producci\u00f3n Ciberf\u00edsicos) y tambi\u00e9n definida como Internet Industrial. I 4.0 es un concepto bastante reciente y que est\u00e1 en proceso de maduraci\u00f3n, concepto \u00fanico para agrupar un conjunto de t\u00e9cnicas y tecnolog\u00edas digitales en la empresa.<br \/>\nEl objetivo es el de presentar la evoluci\u00f3n de los paradigmas de integraci\u00f3n vertical y horizontal y una estrategia para el desarrollo de una industria conectada digitalmente. Esto implica el conocer los conceptos b\u00e1sicos de interacci\u00f3n y evoluci\u00f3n conjunta de los procesos que se tienen en la industria:<br \/>\n\u2022 Procesos del Negocio<br \/>\n\u2022 Procesos de generaci\u00f3n del conocimiento<br \/>\n\u2022 Procesos de Producci\u00f3n<br \/>\nLa integraci\u00f3n en I 4.0 conlleva: \u201cInterfaces\u201d con el mundo f\u00edsico, \u201cInterconexi\u00f3n\u201d entre los elementos que almacenan y procesan el conocimiento, \u201cInteracci\u00f3n\u201d entre los procesos, \u201cInteroperabilidad\u201d entre aplicaciones para finalmente alcanzar la \u201cIntegraci\u00f3n\u201d de sistemas.<br \/>\nEl elemento m\u00e1s dif\u00edcil es el de modelar las interacciones, pues conlleva el conocimiento de establecer c\u00f3mo interact\u00faan los distintos procesos f\u00edsicos y l\u00f3gicos que ocurren en la organizaci\u00f3n, que tienen comportamientos continuos y discretos. Representados de manera formal, estos permiten validar el comportamiento, establecer mecanismos de toma de decisiones, supervisar la ejecuci\u00f3n para finalmente evaluar la evoluci\u00f3n.<br \/>\nLa construcci\u00f3n de las aplicaciones, vistas de esta manera, implican el uso de Ingenier\u00eda Dirigida por Modelos, una arquitectura orientada por las funciones que se encuentran en la organizaci\u00f3n, y un dominio de las t\u00e9cnicas de modelado de sistemas h\u00edbridos.<br \/>\nEn este tutorial se plantear\u00e1n estos aspectos, y se mostrar\u00e1n algunos resultados de implantaci\u00f3n en empresas.<br \/>\n<strong>Duraci\u00f3n:<\/strong> 6 horas<\/p>\n<h3>EVI04: Introducci\u00f3n a la Programaci\u00f3n con el Lenguaje Phyton 3 y su Aplicaci\u00f3n B\u00e1sica en el An\u00e1lisis de Datos<\/h3>\n<p><strong>Tutores:<\/strong><br \/>\n\u2022 Prof. Adelis Carlina Nieves (Universidad Central de Venezuela)<br \/>\n\u2022 Prof. Miguel Angel Astor (Universidad Central de Venezuela)<br \/>\n<strong>Resumen:<\/strong><br \/>\nPython es un lenguaje de programaci\u00f3n interpretado que absorbe y utiliza ideas de m\u00faltiples paradigmas de programaci\u00f3n como lo son la programaci\u00f3n estructurada, la programaci\u00f3n orientada a objetos y la programaci\u00f3n funcional. Este lenguaje se caracteriza por su expresividad, su sintaxis clara y legible, y por el amplio uso que hace de las tabulaciones para separar bloques l\u00f3gicos de c\u00f3digo. Este taller se presentar\u00e1 en dos partes: la primera, propone introducir a los participantes en los fundamentos b\u00e1sicos e intermedios del uso de Python en su versi\u00f3n 3 como herramienta de programaci\u00f3n para la resoluci\u00f3n de problemas, haciendo especial \u00e9nfasis en las t\u00e9cnicas de programaci\u00f3n a lo grande del lenguaje, tales como el uso de clases, objetos, funciones de orden superior, comprensiones de listas y la extensa Biblioteca Est\u00e1ndar de Python. La segunda parte de este taller, guiar\u00e1 a los participantes en el conocimiento del ecosistema cient\u00edfico de Python a trav\u00e9s del uso de librer\u00edas esenciales como: Numpy, Pandas, Matplotlib, SciPy y Jupyter Notebook en la exploraci\u00f3n y visualizaci\u00f3n de un conjunto peque\u00f1o de datos, que permita motivar al participante en un estudio m\u00e1s completo acerca del \u00e1rea de An\u00e1lisis de Datos.<br \/>\n<strong>Contenidos:<\/strong><br \/>\n1) Fundamentos de Python<br \/>\n2) Programaci\u00f3n Funcional y otras Herramientas<br \/>\n3) T\u00f3picos de la Biblioteca Est\u00e1ndar de Python<br \/>\n4) Librer\u00edas esenciales de Python<br \/>\n5) Tareas esenciales para el tratamiento de los datos<br \/>\n<strong>Duraci\u00f3n:<\/strong> 6 horas<\/p>\n<h3>EVI05: Alineaci\u00f3n TI\/Negocio<\/h3>\n<p><strong>Tutora<\/strong>:<br \/>\n\u2022 Dra. Judith Barrios Albornoz (Universidad de Los Andes)<br \/>\n<strong>Resumen<\/strong>:<br \/>\nHoy d\u00eda, las organizaciones de negocios se desenvuelven dentro de un ambiente altamente\u00a0competitivo y cambiante, generador de factores externos que la obligan a la redefinici\u00f3n de sus\u00a0estrategias y objetivos, a la introducci\u00f3n de nuevas y m\u00e1s vers\u00e1tiles tecnolog\u00edas de apoyo, a mejorar\u00a0la manera c\u00f3mo \u00e9sta lleva a cabo sus procesos y actividades e incluso, a cambiar el modo como la\u00a0empresa interact\u00faa con otras empresas y con sus propios clientes, entre los cambios m\u00e1s\u00a0resaltantes. Es por ello, que las empresas de hoy requieren conocer y manejar con precisi\u00f3n las\u00a0capacidades, limitaciones y potencialidades tanto del negocio mismo como de la plataforma de TI\u00a0que lo sostienen y apoyan en el logro de sus objetivos y, en la implementaci\u00f3n de nuevas estrategias;\u00a0es decir, estas empresas requieren mantener alineadas las tecnolog\u00edas de informaci\u00f3n con los\u00a0objetivos y estrategias que la gobiernan permiti\u00e9ndole optimizar los procesos de toma de\u00a0decisiones.<br \/>\nAlinear las TI con las estrategias y objetivos de la organizaci\u00f3n implica establecer de manera expl\u00edcita\u00a0el enlace entre el negocio (objetivos, estrategias y procesos) y las TI instaladas y requeridas\u00a0(plataformas de hardware, software y de comunicaciones). Hacer expl\u00edcito este enlace es saber qu\u00e9\u00a0TI apoyan qu\u00e9 procesos del negocio, visto desde la perspectiva de abajo hacia arriba y, qu\u00e9 objetivos\u00a0y estrategias son apoyadas por cu\u00e1les TI es la perspectiva en sentido opuesto, es decir, de arriba\u00a0hacia abajo. Pero conocer este enlace TI\/negocio no es suficiente, es necesario, adem\u00e1s, saber cu\u00e1l\u00a0es el nivel o porcentaje de apoyo brindado por las TI a los procesos del negocio y,\u00a0consecuentemente, cu\u00e1l es su contribuci\u00f3n al logro de los objetivos organizacionales; as\u00ed mismo, se\u00a0requiere saber cu\u00e1les son las capacidades actuales y potenciales de las TI instaladas de manera que\u00a0se conozca si \u00e9stas pueden ajustarse a los cambios que exige el ambiente competitivo dentro del\u00a0cual se desenvuelve la organizaci\u00f3n en cuesti\u00f3n o si se requiere actualizar la plataforma TI actual.\u00a0Los especialistas de la organizaci\u00f3n u empresa, encargados de realizar y mantener esta alineaci\u00f3n,\u00a0requieren de modelos, mecanismos y enfoques especializados que les permitan representar,\u00a0controlar, simular y analizar el grado de alineaci\u00f3n TI\/procesos\/objetivos actuales para determinar\u00a0el impacto potencial que tiene la realizaci\u00f3n de un cambio tanto a nivel de los objetivos y estrategias\u00a0organizacionales como a nivel de la plataforma TI que la apoya.\u00a0Este es un tutorial te\u00f3rico que ofrece una breve introducci\u00f3n a los elementos organizacionales y\u00a0t\u00e9cnicos, incluyendo modelos y est\u00e1ndares implicados en procesos y proyectos de alineaci\u00f3n\u00a0TI\/negocio. Estas nociones permitir\u00e1n a los profesionales inform\u00e1ticos comprender c\u00f3mo y a trav\u00e9s\u00a0de qu\u00e9 las tecnolog\u00edas de informaci\u00f3n pueden ser mejor gestionadas y aprovechadas en pro de la\u00a0consecuci\u00f3n de los objetivos y estrategias de una organizaci\u00f3n.<br \/>\n<strong>Contenidos:<\/strong><br \/>\n1. Tema 1: \u00bfQu\u00e9 es la alineaci\u00f3n de tecnolog\u00edas de informaci\u00f3n?<br \/>\n2. Tema 2: Conceptos, enfoques y modelos relacionados con la gesti\u00f3n de la alineaci\u00f3n de TI\/negocio.<br \/>\n3. Tema 3: Perfil del especialista en alineaci\u00f3n de tecnolog\u00edas de informaci\u00f3n.<br \/>\n<strong>Duraci\u00f3n:<\/strong> 4 horas<\/p>\n<h3>EVI06:\u00a0Introducci\u00f3n a la Seguridad Inform\u00e1tica<\/h3>\n<p><strong>Tutor:<\/strong><br \/>\n\u2022 Prof. V\u00edctor Bravo B. (Universidad de Los Andes)<br \/>\n<strong>Contenidos:<\/strong><br \/>\n1. Conceptos fundamentales:<br \/>\n\u2022 Seguridad Inform\u00e1tica<br \/>\n\u2022 Activo, Riesgo, Vulnerabilidad, Amenaza, Autorizaci\u00f3n, Autenticaci\u00f3n, etc.<br \/>\n\u2022 Criptograf\u00eda<br \/>\n\u2022 Ataques (Tipos y Defensas)<br \/>\n\u2022 Herramientas<br \/>\n2. Pol\u00edticas de Seguridad :<br \/>\n\u2022 Procesos: Prevenci\u00f3n, Actuaci\u00f3n, Mitigaci\u00f3n, Recuperaci\u00f3n<br \/>\n\u2022 Entornos<br \/>\n\u2022 Est\u00e1ndares: ISO 17799\/27002 ISO 27001, ISO 2700X, otros est\u00e1ndares<br \/>\n3. Seguridad para Datos: \u00bfQu\u00e9, c\u00f3mo, para qu\u00e9?<br \/>\n4. Seguridad para aplicaciones: \u00bfQu\u00e9, C\u00f3mo, para qu\u00e9?<br \/>\n5. Seguridad para Plataformas y Hardware: \u00bfQu\u00e9, c\u00f3mo, para qu\u00e9?<br \/>\n<strong>Duraci\u00f3n:<\/strong>\u00a04 horas<\/p>\n","protected":false},"excerpt":{"rendered":"<p> EVI 2018 &#8211; Tutoriales Ofertados ( window.MSReady = window.MSReady || [] ).push( function( $ ) { &#8220;use strict&#8221;; var masterslider_bf0c = new MasterSlider(); \/\/ slider controls \/\/ slider setup masterslider_bf0c.setup(&#8220;MS69f29ac71bf0c&#8221;, { width : 1000, height : 150, minHeight : 0, space : 0, start : 1, grabCursor : false, swipe : false, mouse : [&#8230;]<\/p>\n","protected":false},"author":3,"featured_media":0,"parent":0,"menu_order":0,"comment_status":"closed","ping_status":"closed","template":"","meta":{"footnotes":""},"class_list":["post-127","page","type-page","status-publish","hentry","odd"],"_links":{"self":[{"href":"https:\/\/concisa.net.ve\/2018\/wp-json\/wp\/v2\/pages\/127","targetHints":{"allow":["GET"]}}],"collection":[{"href":"https:\/\/concisa.net.ve\/2018\/wp-json\/wp\/v2\/pages"}],"about":[{"href":"https:\/\/concisa.net.ve\/2018\/wp-json\/wp\/v2\/types\/page"}],"author":[{"embeddable":true,"href":"https:\/\/concisa.net.ve\/2018\/wp-json\/wp\/v2\/users\/3"}],"replies":[{"embeddable":true,"href":"https:\/\/concisa.net.ve\/2018\/wp-json\/wp\/v2\/comments?post=127"}],"version-history":[{"count":0,"href":"https:\/\/concisa.net.ve\/2018\/wp-json\/wp\/v2\/pages\/127\/revisions"}],"wp:attachment":[{"href":"https:\/\/concisa.net.ve\/2018\/wp-json\/wp\/v2\/media?parent=127"}],"curies":[{"name":"wp","href":"https:\/\/api.w.org\/{rel}","templated":true}]}}